{"id":3528,"date":"2021-02-05T13:18:22","date_gmt":"2021-02-05T13:18:22","guid":{"rendered":"https:\/\/longchangchemical.com\/?post_type=product&#038;p=3528"},"modified":"2025-12-23T07:01:51","modified_gmt":"2025-12-23T07:01:51","slug":"cyclopentanone-cas-120-92-3","status":"publish","type":"product","link":"https:\/\/longchangchemical.com\/de\/product\/cyclopentanone-cas-120-92-3\/","title":{"rendered":"Cyclopentanon CAS 120-92-3"},"content":{"rendered":"<h1><strong>Cyclopentanon CAS 120-92-3<\/strong><\/h1>\n<h4>Dichte: 0,951 g\/cm<\/h4>\n<h4>Schmelzpunkt: - 51 C<\/h4>\n<h4>Siedepunkt: 130-131 C<\/h4>\n<h4>Brechungsindex: 1.436-1.438<\/h4>\n<h4>Flammpunkt: 31 C<\/h4>\n<h4>Wasserl\u00f6slichkeit: unl\u00f6slich in Wasser.<\/h4>\n<p>&nbsp;<\/p>\n<h2><strong>COA von Cyclopentanon<\/strong><\/h2>\n<table class=\"table-1\" cellspacing=\"0\">\n<tbody>\n<tr>\n<td>\n<h4>Artikel<\/h4>\n<\/td>\n<td>\n<h4>Standard<\/h4>\n<\/td>\n<\/tr>\n<tr>\n<td>\n<h4>Erscheinungsbild<\/h4>\n<\/td>\n<td>\n<h4>Transparente Fl\u00fcssigkeit<\/h4>\n<\/td>\n<\/tr>\n<tr>\n<td>\n<h4>Farbe (Hazen-Nr.)<\/h4>\n<\/td>\n<td>\n<h4>\u226610<\/h4>\n<\/td>\n<\/tr>\n<tr>\n<td>\n<h4>Reinheit (GC )<\/h4>\n<\/td>\n<td>\n<h4>\u226799.5%<\/h4>\n<\/td>\n<\/tr>\n<tr>\n<td>\n<h4>S\u00e4urewert (mgKOH\/g)<\/h4>\n<\/td>\n<td>\n<h4>\u22660.5%<\/h4>\n<\/td>\n<\/tr>\n<tr>\n<td>\n<h4>Verunreinigungen insgesamt<\/h4>\n<\/td>\n<td>\n<h4>\u22660.5%<\/h4>\n<\/td>\n<\/tr>\n<tr>\n<td>\n<h4>Wassergehalt<\/h4>\n<\/td>\n<td>\n<h4>\u22660.5%<\/h4>\n<\/td>\n<\/tr>\n<\/tbody>\n<\/table>\n<h2><strong>Cyclopentanon Verwendung<\/strong><\/h2>\n<h4>1. Unter Verwendung von Cyclopentanon und n-Valeraldehyd als Rohstoffe wird zun\u00e4chst eine Aldolkondensation und dann eine Dehydratisierung durchgef\u00fchrt, um Pentylcyclopentanon zu erzeugen, gefolgt von einer selektiven katalytischen Hydrierung, um Pentylcyclopentanon zu erzeugen, das stark ist. Es hat einen blumigen und fruchtigen Duft und riecht nach Jasmin. Es kann in t\u00e4glichen chemischen Duftformulierungen verwendet werden. Die Dosierung kann weniger als 20% betragen. Die IFRA hat keine Einschr\u00e4nkungen.<\/h4>\n<h4>2. Unter Verwendung von n-Hexanal und Cyclopentanon als Rohstoffe werden sie zun\u00e4chst kondensiert und dann selektiv hydriert, um Hexylcyclopentanon zu erhalten. Hexylcyclopentanon hat einen starken Jasminduft und einen fruchtigen Duft, der in Parf\u00fcmd\u00fcften verwendet werden kann. Und in verschiedenen anderen t\u00e4glichen chemischen Geschmacksformeln liegt die Dosierung innerhalb von 5%. Die IFRA hat keine Einschr\u00e4nkungen.<\/h4>\n<h4>3. Das durch Pyrolyse von Paraffin oder Dehydratisierung des entsprechenden Alkohols gewonnene 1-Penten oder 1-Hepten wird als Ausgangsmaterial verwendet und in Gegenwart von Di-tert-butylperoxid als Initiator einer radikalischen Additionsreaktion mit Cyclopentanon unterzogen, um 2-Pentylcyclopentanon (oder 2-Heptylcyclopentanon) zu bilden, das nach der Ringerweiterung durch Oxidation zu \u03b4-Decanolacton (oder \u03b4-Laurolacton) wird.<\/h4>\n<h4>4. Der Syntheseweg mit Cyclopentanon als Ausgangsstoff hat den gr\u00f6\u00dften industriellen Produktionswert. Cyclopentanon wird zun\u00e4chst einer Aldolkondensation mit n-Valeraldehyd unterzogen, das Kondensationsprodukt wird nach Dehydratisierung und selektiver Hydrierung zu 2-Pentylcyclopentanon und schlie\u00dflich nach oxidativer Ringerweiterung zu \u03b4-Decanolacton.<\/h4>\n<h4>5. Delta-Decanolacton wird haupts\u00e4chlich in essbaren Geschmacksformulierungen verwendet. Es soll den charakteristischen Geschmack von nat\u00fcrlicher Sahne haben. Zuvor waren die Parf\u00fcmeure lange Zeit darauf beschr\u00e4nkt, monomere Duftstoffe wie Diacetyl und Vanillin als Hauptrohstoff f\u00fcr die Formulierung von Sahnearomen zu verwenden. Die Menschen haben jedoch im Allgemeinen das Gef\u00fchl, dass das zubereitete Sahnearoma den nat\u00fcrlichen Produkten in Bezug auf Geschmack und Aroma weit unterlegen ist. Nur wenn \u03b4-Decanolacton verwendet wird, kann es einen lebendigen Sahnegeschmack haben, besonders wenn \u03b4-Decanolacton und \u03b4-Laurolacton zusammen als Hauptduftrohstoffe verwendet werden, werden der Geschmack und die Wirkung des formulierten Sahnegeschmacks besser sein.<\/h4>\n<h4>6. Nehmen Sie Cyclopentanon und Valeraldehyd als Rohstoffe, kondensieren Sie, um 2-(1-Hydroxy)pentylcyclopentanon zu erzeugen, reagieren Sie mit Dimethylmalonat, und dann hydrolysieren, decarboxylieren und verestern Sie bei 160\uff5e180\u2103 , Man erh\u00e4lt Dihydrojasmonatmethylester. Dihydrojasmonatmethylester ist ein Lebensmittelgew\u00fcrz, das nach GB2760-1996 in meinem Land vor\u00fcbergehend verwendet werden darf. Sein Aroma ist besser als das von nat\u00fcrlichem Methyljasmonat und seine Eigenschaften sind relativ stabil.<\/h4>\n<h4><\/h4>\n<h2><strong>Cyclopentanon Verpackung und Versand<\/strong><\/h2>\n<h4>Verpackung: 200kg\/Fass<\/h4>\n<h4>Lieferung:Lieferung innerhalb von 3-5 Arbeitstagen<\/h4>\n<p>&nbsp;<\/p>\n<h2><strong>Lagerung von Cyclopentanon<\/strong><\/h2>\n<h4>Vermeiden von Licht und Trocknung.<\/h4>\n<p>&nbsp;<\/p>\n<h2><strong><b>Kontaktieren Sie uns jetzt!<\/b><\/strong><\/h2>\n<h4><strong><b>Wenn Sie COA, MSDS oder TDS ben\u00f6tigen, geben Sie bitte Ihre Kontaktinformationen in das untenstehende Formular ein. Wir werden uns in der Regel innerhalb von 24 Stunden mit Ihnen in Verbindung setzen. Sie k\u00f6nnen mir auch eine E-Mail schicken <span style=\"color: #0000ff;\"><a style=\"color: #0000ff;\" href=\"mailto:info@longchangchemical.com\">info@longchangchemical.com<\/a><\/span> w\u00e4hrend der Gesch\u00e4ftszeiten ( 8:30 bis 18:00 Uhr UTC+8 Mo.~Sa. ) oder nutzen Sie den Live-Chat auf der Website, um eine schnelle Antwort zu erhalten.<\/b><\/strong><\/h4>","protected":false},"excerpt":{"rendered":"<h4>Chemische Bezeichnung: Cyclopentanon<\/h4>\n<h4>CAS-Nr.:120-92-3<\/h4>\n<h4>Molekulare Formel: C5H8O<\/h4>\n<h4>Molekulargewicht: 84,12<\/h4>\n<h4>\u00c4u\u00dferes Erscheinungsbild: Transparente Fl\u00fcssigkeit<\/h4>\n<h4>Assay: 99.5%<\/h4>\n<h4>Molekulare Struktur:<img decoding=\"async\" title=\"bild.png\" src=\"https:\/\/www.longchangchemical.com\/wp-content\/uploads\/product-details\/20200611251570.png\" alt=\"bild.png\" \/><\/h4>","protected":false},"featured_media":4330,"comment_status":"open","ping_status":"closed","template":"","meta":[],"product_brand":[],"product_cat":[69],"product_tag":[],"class_list":{"0":"post-3528","1":"product","2":"type-product","3":"status-publish","4":"has-post-thumbnail","6":"product_cat-catalysts-chemical-auxiliary-agents","8":"first","9":"instock","10":"shipping-taxable","11":"product-type-simple"},"yoast_head":"<!-- This site is optimized with the Yoast SEO plugin v25.3.1 - https:\/\/yoast.com\/wordpress\/plugins\/seo\/ -->\n<title>China Cyclopentanone Manufacturer \uff06 CAS 120-92-3 Supplier - Longchang chemical Co., Ltd.<\/title>\n<meta name=\"description\" content=\"Longchang Chemical is a leading manufacturer and supplier of Cyclopentanone in China. Buy Cyclopentanone in china. We can provide the best Cyclopentanone price.\" \/>\n<meta name=\"robots\" content=\"index, follow, max-snippet:-1, max-image-preview:large, max-video-preview:-1\" \/>\n<link rel=\"canonical\" href=\"https:\/\/longchangchemical.com\/de\/product\/cyclopentanone-cas-120-92-3\/\" \/>\n<meta property=\"og:locale\" content=\"de_DE\" \/>\n<meta property=\"og:type\" content=\"article\" \/>\n<meta property=\"og:title\" content=\"China Cyclopentanone Manufacturer \uff06 CAS 120-92-3 Supplier - Longchang chemical Co., Ltd.\" \/>\n<meta property=\"og:description\" content=\"Longchang Chemical is a leading manufacturer and supplier of Cyclopentanone in China. Buy Cyclopentanone in china. We can provide the best Cyclopentanone price.\" \/>\n<meta property=\"og:url\" content=\"https:\/\/longchangchemical.com\/de\/product\/cyclopentanone-cas-120-92-3\/\" \/>\n<meta property=\"og:site_name\" content=\"Longchang Chemical\" \/>\n<meta property=\"article:modified_time\" content=\"2025-12-23T07:01:51+00:00\" \/>\n<meta property=\"og:image\" content=\"https:\/\/longchangchemical.com\/wp-content\/uploads\/2021\/01\/Cyclopentanone-Appearance.jpg\" \/>\n\t<meta property=\"og:image:width\" content=\"600\" \/>\n\t<meta property=\"og:image:height\" content=\"800\" \/>\n\t<meta property=\"og:image:type\" content=\"image\/jpeg\" \/>\n<meta name=\"twitter:card\" content=\"summary_large_image\" \/>\n<script type=\"application\/ld+json\" class=\"yoast-schema-graph\">{\"@context\":\"https:\/\/schema.org\",\"@graph\":[{\"@type\":\"WebPage\",\"@id\":\"https:\/\/longchangchemical.com\/product\/cyclopentanone-cas-120-92-3\/\",\"url\":\"https:\/\/longchangchemical.com\/product\/cyclopentanone-cas-120-92-3\/\",\"name\":\"China Cyclopentanone Manufacturer \uff06 CAS 120-92-3 Supplier - Longchang chemical Co., Ltd.\",\"isPartOf\":{\"@id\":\"https:\/\/longchangchemical.com\/#website\"},\"primaryImageOfPage\":{\"@id\":\"https:\/\/longchangchemical.com\/product\/cyclopentanone-cas-120-92-3\/#primaryimage\"},\"image\":{\"@id\":\"https:\/\/longchangchemical.com\/product\/cyclopentanone-cas-120-92-3\/#primaryimage\"},\"thumbnailUrl\":\"https:\/\/longchangchemical.com\/wp-content\/uploads\/2021\/01\/Cyclopentanone-Appearance.jpg\",\"datePublished\":\"2021-02-05T13:18:22+00:00\",\"dateModified\":\"2025-12-23T07:01:51+00:00\",\"description\":\"Longchang Chemical is a leading manufacturer and supplier of Cyclopentanone in China. Buy Cyclopentanone in china. We can provide the best Cyclopentanone price.\",\"breadcrumb\":{\"@id\":\"https:\/\/longchangchemical.com\/product\/cyclopentanone-cas-120-92-3\/#breadcrumb\"},\"inLanguage\":\"de\",\"potentialAction\":[{\"@type\":\"ReadAction\",\"target\":[\"https:\/\/longchangchemical.com\/product\/cyclopentanone-cas-120-92-3\/\"]}]},{\"@type\":\"ImageObject\",\"inLanguage\":\"de\",\"@id\":\"https:\/\/longchangchemical.com\/product\/cyclopentanone-cas-120-92-3\/#primaryimage\",\"url\":\"https:\/\/longchangchemical.com\/wp-content\/uploads\/2021\/01\/Cyclopentanone-Appearance.jpg\",\"contentUrl\":\"https:\/\/longchangchemical.com\/wp-content\/uploads\/2021\/01\/Cyclopentanone-Appearance.jpg\",\"width\":600,\"height\":800,\"caption\":\"Cyclopentanone Appearance\"},{\"@type\":\"BreadcrumbList\",\"@id\":\"https:\/\/longchangchemical.com\/product\/cyclopentanone-cas-120-92-3\/#breadcrumb\",\"itemListElement\":[{\"@type\":\"ListItem\",\"position\":1,\"name\":\"Home\",\"item\":\"https:\/\/longchangchemical.com\/\"},{\"@type\":\"ListItem\",\"position\":2,\"name\":\"Products Longchang\",\"item\":\"https:\/\/longchangchemical.com\/product\/\"},{\"@type\":\"ListItem\",\"position\":3,\"name\":\"Cyclopentanone CAS 120-92-3\"}]},{\"@type\":\"WebSite\",\"@id\":\"https:\/\/longchangchemical.com\/#website\",\"url\":\"https:\/\/longchangchemical.com\/\",\"name\":\"Longchang Chemical\",\"description\":\"China chemical manufacturer \uff06 supplier\",\"publisher\":{\"@id\":\"https:\/\/longchangchemical.com\/#organization\"},\"potentialAction\":[{\"@type\":\"SearchAction\",\"target\":{\"@type\":\"EntryPoint\",\"urlTemplate\":\"https:\/\/longchangchemical.com\/?s={search_term_string}\"},\"query-input\":{\"@type\":\"PropertyValueSpecification\",\"valueRequired\":true,\"valueName\":\"search_term_string\"}}],\"inLanguage\":\"de\"},{\"@type\":\"Organization\",\"@id\":\"https:\/\/longchangchemical.com\/#organization\",\"name\":\"Longchang Chemical\",\"url\":\"https:\/\/longchangchemical.com\/\",\"logo\":{\"@type\":\"ImageObject\",\"inLanguage\":\"de\",\"@id\":\"https:\/\/longchangchemical.com\/#\/schema\/logo\/image\/\",\"url\":\"https:\/\/longchangchemical.com\/wp-content\/uploads\/2020\/08\/cropped-longchang-logo.png\",\"contentUrl\":\"https:\/\/longchangchemical.com\/wp-content\/uploads\/2020\/08\/cropped-longchang-logo.png\",\"width\":512,\"height\":512,\"caption\":\"Longchang Chemical\"},\"image\":{\"@id\":\"https:\/\/longchangchemical.com\/#\/schema\/logo\/image\/\"}}]}<\/script>\n<!-- \/ Yoast SEO plugin. -->","yoast_head_json":{"title":"China Cyclopentanon Hersteller \uff06 CAS 120-92-3 Lieferant - Longchang chemical Co., Ltd.","description":"Longchang Chemical ist ein f\u00fchrender Hersteller und Lieferant von Cyclopentanon in China. Kaufen Sie Cyclopentanon in China. Wir k\u00f6nnen die besten Cyclopentanon Preis bieten.","robots":{"index":"index","follow":"follow","max-snippet":"max-snippet:-1","max-image-preview":"max-image-preview:large","max-video-preview":"max-video-preview:-1"},"canonical":"https:\/\/longchangchemical.com\/de\/product\/cyclopentanone-cas-120-92-3\/","og_locale":"de_DE","og_type":"article","og_title":"China Cyclopentanone Manufacturer \uff06 CAS 120-92-3 Supplier - Longchang chemical Co., Ltd.","og_description":"Longchang Chemical is a leading manufacturer and supplier of Cyclopentanone in China. Buy Cyclopentanone in china. We can provide the best Cyclopentanone price.","og_url":"https:\/\/longchangchemical.com\/de\/product\/cyclopentanone-cas-120-92-3\/","og_site_name":"Longchang Chemical","article_modified_time":"2025-12-23T07:01:51+00:00","og_image":[{"width":600,"height":800,"url":"https:\/\/longchangchemical.com\/wp-content\/uploads\/2021\/01\/Cyclopentanone-Appearance.jpg","type":"image\/jpeg"}],"twitter_card":"summary_large_image","schema":{"@context":"https:\/\/schema.org","@graph":[{"@type":"WebPage","@id":"https:\/\/longchangchemical.com\/product\/cyclopentanone-cas-120-92-3\/","url":"https:\/\/longchangchemical.com\/product\/cyclopentanone-cas-120-92-3\/","name":"China Cyclopentanon Hersteller \uff06 CAS 120-92-3 Lieferant - Longchang chemical Co., Ltd.","isPartOf":{"@id":"https:\/\/longchangchemical.com\/#website"},"primaryImageOfPage":{"@id":"https:\/\/longchangchemical.com\/product\/cyclopentanone-cas-120-92-3\/#primaryimage"},"image":{"@id":"https:\/\/longchangchemical.com\/product\/cyclopentanone-cas-120-92-3\/#primaryimage"},"thumbnailUrl":"https:\/\/longchangchemical.com\/wp-content\/uploads\/2021\/01\/Cyclopentanone-Appearance.jpg","datePublished":"2021-02-05T13:18:22+00:00","dateModified":"2025-12-23T07:01:51+00:00","description":"Longchang Chemical ist ein f\u00fchrender Hersteller und Lieferant von Cyclopentanon in China. Kaufen Sie Cyclopentanon in China. Wir k\u00f6nnen die besten Cyclopentanon Preis bieten.","breadcrumb":{"@id":"https:\/\/longchangchemical.com\/product\/cyclopentanone-cas-120-92-3\/#breadcrumb"},"inLanguage":"de","potentialAction":[{"@type":"ReadAction","target":["https:\/\/longchangchemical.com\/product\/cyclopentanone-cas-120-92-3\/"]}]},{"@type":"ImageObject","inLanguage":"de","@id":"https:\/\/longchangchemical.com\/product\/cyclopentanone-cas-120-92-3\/#primaryimage","url":"https:\/\/longchangchemical.com\/wp-content\/uploads\/2021\/01\/Cyclopentanone-Appearance.jpg","contentUrl":"https:\/\/longchangchemical.com\/wp-content\/uploads\/2021\/01\/Cyclopentanone-Appearance.jpg","width":600,"height":800,"caption":"Cyclopentanone Appearance"},{"@type":"BreadcrumbList","@id":"https:\/\/longchangchemical.com\/product\/cyclopentanone-cas-120-92-3\/#breadcrumb","itemListElement":[{"@type":"ListItem","position":1,"name":"Home","item":"https:\/\/longchangchemical.com\/"},{"@type":"ListItem","position":2,"name":"Products Longchang","item":"https:\/\/longchangchemical.com\/product\/"},{"@type":"ListItem","position":3,"name":"Cyclopentanone CAS 120-92-3"}]},{"@type":"WebSite","@id":"https:\/\/longchangchemical.com\/#website","url":"https:\/\/longchangchemical.com\/","name":"Longchang Chemical","description":"China Hersteller von Chemikalien \uff06 Lieferant","publisher":{"@id":"https:\/\/longchangchemical.com\/#organization"},"potentialAction":[{"@type":"SearchAction","target":{"@type":"EntryPoint","urlTemplate":"https:\/\/longchangchemical.com\/?s={search_term_string}"},"query-input":{"@type":"PropertyValueSpecification","valueRequired":true,"valueName":"search_term_string"}}],"inLanguage":"de"},{"@type":"Organization","@id":"https:\/\/longchangchemical.com\/#organization","name":"Longchang Chemical","url":"https:\/\/longchangchemical.com\/","logo":{"@type":"ImageObject","inLanguage":"de","@id":"https:\/\/longchangchemical.com\/#\/schema\/logo\/image\/","url":"https:\/\/longchangchemical.com\/wp-content\/uploads\/2020\/08\/cropped-longchang-logo.png","contentUrl":"https:\/\/longchangchemical.com\/wp-content\/uploads\/2020\/08\/cropped-longchang-logo.png","width":512,"height":512,"caption":"Longchang Chemical"},"image":{"@id":"https:\/\/longchangchemical.com\/#\/schema\/logo\/image\/"}}]}},"_links":{"self":[{"href":"https:\/\/longchangchemical.com\/de\/wp-json\/wp\/v2\/product\/3528","targetHints":{"allow":["GET"]}}],"collection":[{"href":"https:\/\/longchangchemical.com\/de\/wp-json\/wp\/v2\/product"}],"about":[{"href":"https:\/\/longchangchemical.com\/de\/wp-json\/wp\/v2\/types\/product"}],"replies":[{"embeddable":true,"href":"https:\/\/longchangchemical.com\/de\/wp-json\/wp\/v2\/comments?post=3528"}],"wp:featuredmedia":[{"embeddable":true,"href":"https:\/\/longchangchemical.com\/de\/wp-json\/wp\/v2\/media\/4330"}],"wp:attachment":[{"href":"https:\/\/longchangchemical.com\/de\/wp-json\/wp\/v2\/media?parent=3528"}],"wp:term":[{"taxonomy":"product_brand","embeddable":true,"href":"https:\/\/longchangchemical.com\/de\/wp-json\/wp\/v2\/product_brand?post=3528"},{"taxonomy":"product_cat","embeddable":true,"href":"https:\/\/longchangchemical.com\/de\/wp-json\/wp\/v2\/product_cat?post=3528"},{"taxonomy":"product_tag","embeddable":true,"href":"https:\/\/longchangchemical.com\/de\/wp-json\/wp\/v2\/product_tag?post=3528"}],"curies":[{"name":"wp","href":"https:\/\/api.w.org\/{rel}","templated":true}]}}