{"id":3524,"date":"2021-01-23T03:18:09","date_gmt":"2021-01-23T03:18:09","guid":{"rendered":"https:\/\/longchangchemical.com\/?post_type=product&#038;p=3524"},"modified":"2025-12-23T06:52:10","modified_gmt":"2025-12-23T06:52:10","slug":"barium-titanate-cas-12047-27-7","status":"publish","type":"product","link":"https:\/\/longchangchemical.com\/de\/product\/barium-titanate-cas-12047-27-7\/","title":{"rendered":"Bariumtitanat CAS 12047-27-7"},"content":{"rendered":"<h1><strong>Bariumtitanat CAS 12047-27-7<\/strong><\/h1>\n<table class=\"table-1\">\n<tbody>\n<tr>\n<td>\n<h4>Eigentum (PureBT)<\/h4>\n<\/td>\n<td>\n<h4>Einheit<\/h4>\n<\/td>\n<td>\n<h4>Pr\u00fcfverfahren<\/h4>\n<\/td>\n<td colspan=\"2\">\n<h4>Spezifikation<\/h4>\n<\/td>\n<\/tr>\n<tr>\n<td><\/td>\n<td><\/td>\n<td><\/td>\n<td>\n<h4>Obere Grenze<\/h4>\n<\/td>\n<td>\n<h4>Untere Grenze<\/h4>\n<\/td>\n<\/tr>\n<tr>\n<td>\n<h4>Feuchtigkeitsgehalt<\/h4>\n<\/td>\n<td>\n<h4>%<\/h4>\n<\/td>\n<td>\n<h4>8min.bei 120\u2103(MJ33)<\/h4>\n<\/td>\n<td>\n<h4>0.25<\/h4>\n<\/td>\n<td>\n<h4>0.00<\/h4>\n<\/td>\n<\/tr>\n<tr>\n<td>\n<h4>LOI<\/h4>\n<\/td>\n<td>\n<h4>%<\/h4>\n<\/td>\n<td>\n<h4>2 Std. um 1200\u2103(LH30\/13)<\/h4>\n<\/td>\n<td>\n<h4>0.30<\/h4>\n<\/td>\n<td>\n<h4>0.00<\/h4>\n<\/td>\n<\/tr>\n<tr>\n<td>\n<h4>D90<\/h4>\n<\/td>\n<td>\n<h4>Um<\/h4>\n<\/td>\n<td rowspan=\"3\">\n<h4>PSD(Mastersizer 2000)IR:2.4<\/h4>\n<\/td>\n<td>\n<h4>2.00<\/h4>\n<\/td>\n<td>\n<h4>1.00<\/h4>\n<\/td>\n<\/tr>\n<tr>\n<td>\n<h4>D50<\/h4>\n<\/td>\n<td>\n<h4>Um<\/h4>\n<\/td>\n<td>\n<h4>1.00<\/h4>\n<\/td>\n<td>\n<h4>0.50<\/h4>\n<\/td>\n<\/tr>\n<tr>\n<td>\n<h4>D10<\/h4>\n<\/td>\n<td>\n<h4>Um<\/h4>\n<\/td>\n<td>\n<h4>0.60<\/h4>\n<\/td>\n<td>\n<h4>0.30<\/h4>\n<\/td>\n<\/tr>\n<tr>\n<td>\n<h4>Spezifische Oberfl\u00e4cheFl\u00e4che<\/h4>\n<\/td>\n<td>\n<h4>m^2\/g<\/h4>\n<\/td>\n<td>\n<h4>WETTEN(3H-BET2000-M)<\/h4>\n<\/td>\n<td>\n<h4>2.50<\/h4>\n<\/td>\n<td>\n<h4>1.80<\/h4>\n<\/td>\n<\/tr>\n<tr>\n<td>\n<h4>A\/B-Verh\u00e4ltnis (Ba\/Ti)<\/h4>\n<\/td>\n<td><\/td>\n<td>\n<h4>XRF(S8)<\/h4>\n<\/td>\n<td>\n<h4>1.0000<\/h4>\n<\/td>\n<td>\n<h4>0.9950<\/h4>\n<\/td>\n<\/tr>\n<\/tbody>\n<\/table>\n<h2><strong>Bariumtitanat Verwendung<\/strong><\/h2>\n<h4>1 Haupts\u00e4chlich f\u00fcr die Herstellung von Elektronikkeramik, PTC-Thermistoren, Kondensatoren und anderen elektronischen Bauteilen verwendet.<\/h4>\n<h4>2 Weit verbreitet in der Elektronikindustrie, kann verwendet werden, um nicht-lineare Element, ein Verst\u00e4rker-Medium, ein Computer-Speicherger\u00e4t, sondern auch ein geringeres Volumen ist klein, die Mini-Kondensatoren Kapazit\u00e4t ist gro\u00df. Materialien und andere Komponenten des Ultraschall-Generators wird auch verwendet, um zu machen.<\/h4>\n<p>&nbsp;<\/p>\n<h2><strong>Bariumtitanat Verpackung und Versand<\/strong><\/h2>\n<p>25 kg\/BAG<\/p>\n<p>&nbsp;<\/p>\n<h2><strong>Bariumtitanat Lagerung<\/strong><\/h2>\n<h4>Lagertemperatur: keine Einschr\u00e4nkungen.<\/h4>\n<p>&nbsp;<\/p>\n<h2><strong><b>Kontaktieren Sie uns jetzt!<\/b><\/strong><\/h2>\n<h4><strong><b>Wir bieten ma\u00dfgeschneiderte Dienstleistungen an und werden Sie in der Regel innerhalb von 24 Stunden kontaktieren. Sie k\u00f6nnen auch eine E-Mail an info@longchangchemical.com w\u00e4hrend der Arbeitszeiten (8:30 bis 18:00 Uhr UTC+8 Mo.~Sa.) senden oder den Live-Chat der Website nutzen, um eine schnelle Antwort zu erhalten.<\/b><\/strong><\/h4>","protected":false},"excerpt":{"rendered":"<h4>Chemische Bezeichnung: Bariumtitanat<\/h4>\n<h4>CAS-Nr.: 12047-27-7<\/h4>\n<h4>Molekulare Formel: BaO3Ti<\/h4>\n<h4>Chemische Struktur:<img decoding=\"async\" title=\"bild.png\" src=\"https:\/\/www.longchangchemical.com\/wp-content\/uploads\/product-details\/20200617142436.png\" alt=\"bild.png\" \/><\/h4>\n<h4>Molekulargewicht: 233,19<\/h4>\n<h4>Aussehen:Wei\u00dfes Kristallpulver<\/h4>\n<h4>Assay\uff1a99%min<\/h4>","protected":false},"featured_media":4314,"comment_status":"open","ping_status":"closed","template":"","meta":[],"product_brand":[],"product_cat":[69],"product_tag":[],"class_list":{"0":"post-3524","1":"product","2":"type-product","3":"status-publish","4":"has-post-thumbnail","6":"product_cat-catalysts-chemical-auxiliary-agents","8":"first","9":"instock","10":"shipping-taxable","11":"product-type-simple"},"yoast_head":"<!-- This site is optimized with the Yoast SEO plugin v25.3.1 - https:\/\/yoast.com\/wordpress\/plugins\/seo\/ -->\n<title>China Barium titanate Manufacturer \uff06 CAS 12047-27-7 Supplier - Longchang chemical Co., Ltd.<\/title>\n<meta name=\"description\" content=\"Longchang Chemical is a leading manufacturer and supplier of Barium titanate in China. Buy Barium titanate in china. We can provide the best Barium titanate price.\" \/>\n<meta name=\"robots\" content=\"index, follow, max-snippet:-1, max-image-preview:large, max-video-preview:-1\" \/>\n<link rel=\"canonical\" href=\"https:\/\/longchangchemical.com\/de\/product\/barium-titanate-cas-12047-27-7\/\" \/>\n<meta property=\"og:locale\" content=\"de_DE\" \/>\n<meta property=\"og:type\" content=\"article\" \/>\n<meta property=\"og:title\" content=\"China Barium titanate Manufacturer \uff06 CAS 12047-27-7 Supplier - Longchang chemical Co., Ltd.\" \/>\n<meta property=\"og:description\" content=\"Longchang Chemical is a leading manufacturer and supplier of Barium titanate in China. Buy Barium titanate in china. We can provide the best Barium titanate price.\" \/>\n<meta property=\"og:url\" content=\"https:\/\/longchangchemical.com\/de\/product\/barium-titanate-cas-12047-27-7\/\" \/>\n<meta property=\"og:site_name\" content=\"Longchang Chemical\" \/>\n<meta property=\"article:modified_time\" content=\"2025-12-23T06:52:10+00:00\" \/>\n<meta property=\"og:image\" content=\"https:\/\/longchangchemical.com\/wp-content\/uploads\/2021\/01\/Appearance-7.jpg\" \/>\n\t<meta property=\"og:image:width\" content=\"600\" \/>\n\t<meta property=\"og:image:height\" content=\"800\" \/>\n\t<meta property=\"og:image:type\" content=\"image\/jpeg\" \/>\n<meta name=\"twitter:card\" content=\"summary_large_image\" \/>\n<script type=\"application\/ld+json\" class=\"yoast-schema-graph\">{\"@context\":\"https:\/\/schema.org\",\"@graph\":[{\"@type\":\"WebPage\",\"@id\":\"https:\/\/longchangchemical.com\/product\/barium-titanate-cas-12047-27-7\/\",\"url\":\"https:\/\/longchangchemical.com\/product\/barium-titanate-cas-12047-27-7\/\",\"name\":\"China Barium titanate Manufacturer \uff06 CAS 12047-27-7 Supplier - Longchang chemical Co., Ltd.\",\"isPartOf\":{\"@id\":\"https:\/\/longchangchemical.com\/#website\"},\"primaryImageOfPage\":{\"@id\":\"https:\/\/longchangchemical.com\/product\/barium-titanate-cas-12047-27-7\/#primaryimage\"},\"image\":{\"@id\":\"https:\/\/longchangchemical.com\/product\/barium-titanate-cas-12047-27-7\/#primaryimage\"},\"thumbnailUrl\":\"https:\/\/longchangchemical.com\/wp-content\/uploads\/2021\/01\/Appearance-7.jpg\",\"datePublished\":\"2021-01-23T03:18:09+00:00\",\"dateModified\":\"2025-12-23T06:52:10+00:00\",\"description\":\"Longchang Chemical is a leading manufacturer and supplier of Barium titanate in China. Buy Barium titanate in china. We can provide the best Barium titanate price.\",\"breadcrumb\":{\"@id\":\"https:\/\/longchangchemical.com\/product\/barium-titanate-cas-12047-27-7\/#breadcrumb\"},\"inLanguage\":\"de\",\"potentialAction\":[{\"@type\":\"ReadAction\",\"target\":[\"https:\/\/longchangchemical.com\/product\/barium-titanate-cas-12047-27-7\/\"]}]},{\"@type\":\"ImageObject\",\"inLanguage\":\"de\",\"@id\":\"https:\/\/longchangchemical.com\/product\/barium-titanate-cas-12047-27-7\/#primaryimage\",\"url\":\"https:\/\/longchangchemical.com\/wp-content\/uploads\/2021\/01\/Appearance-7.jpg\",\"contentUrl\":\"https:\/\/longchangchemical.com\/wp-content\/uploads\/2021\/01\/Appearance-7.jpg\",\"width\":600,\"height\":800,\"caption\":\"Barium titanate Appearance\"},{\"@type\":\"BreadcrumbList\",\"@id\":\"https:\/\/longchangchemical.com\/product\/barium-titanate-cas-12047-27-7\/#breadcrumb\",\"itemListElement\":[{\"@type\":\"ListItem\",\"position\":1,\"name\":\"Home\",\"item\":\"https:\/\/longchangchemical.com\/\"},{\"@type\":\"ListItem\",\"position\":2,\"name\":\"Products Longchang\",\"item\":\"https:\/\/longchangchemical.com\/product\/\"},{\"@type\":\"ListItem\",\"position\":3,\"name\":\"Barium titanate CAS 12047-27-7\"}]},{\"@type\":\"WebSite\",\"@id\":\"https:\/\/longchangchemical.com\/#website\",\"url\":\"https:\/\/longchangchemical.com\/\",\"name\":\"Longchang Chemical\",\"description\":\"China chemical manufacturer \uff06 supplier\",\"publisher\":{\"@id\":\"https:\/\/longchangchemical.com\/#organization\"},\"potentialAction\":[{\"@type\":\"SearchAction\",\"target\":{\"@type\":\"EntryPoint\",\"urlTemplate\":\"https:\/\/longchangchemical.com\/?s={search_term_string}\"},\"query-input\":{\"@type\":\"PropertyValueSpecification\",\"valueRequired\":true,\"valueName\":\"search_term_string\"}}],\"inLanguage\":\"de\"},{\"@type\":\"Organization\",\"@id\":\"https:\/\/longchangchemical.com\/#organization\",\"name\":\"Longchang Chemical\",\"url\":\"https:\/\/longchangchemical.com\/\",\"logo\":{\"@type\":\"ImageObject\",\"inLanguage\":\"de\",\"@id\":\"https:\/\/longchangchemical.com\/#\/schema\/logo\/image\/\",\"url\":\"https:\/\/longchangchemical.com\/wp-content\/uploads\/2020\/08\/cropped-longchang-logo.png\",\"contentUrl\":\"https:\/\/longchangchemical.com\/wp-content\/uploads\/2020\/08\/cropped-longchang-logo.png\",\"width\":512,\"height\":512,\"caption\":\"Longchang Chemical\"},\"image\":{\"@id\":\"https:\/\/longchangchemical.com\/#\/schema\/logo\/image\/\"}}]}<\/script>\n<!-- \/ Yoast SEO plugin. -->","yoast_head_json":{"title":"China Bariumtitanat Hersteller \uff06 CAS 12047-27-7 Lieferant - Longchang chemical Co., Ltd.","description":"Longchang Chemical ist ein f\u00fchrender Hersteller und Lieferant von Bariumtitanat in China. Kaufen Sie Bariumtitanat in China. Wir k\u00f6nnen die besten Bariumtitanat Preis bieten.","robots":{"index":"index","follow":"follow","max-snippet":"max-snippet:-1","max-image-preview":"max-image-preview:large","max-video-preview":"max-video-preview:-1"},"canonical":"https:\/\/longchangchemical.com\/de\/product\/barium-titanate-cas-12047-27-7\/","og_locale":"de_DE","og_type":"article","og_title":"China Barium titanate Manufacturer \uff06 CAS 12047-27-7 Supplier - Longchang chemical Co., Ltd.","og_description":"Longchang Chemical is a leading manufacturer and supplier of Barium titanate in China. Buy Barium titanate in china. We can provide the best Barium titanate price.","og_url":"https:\/\/longchangchemical.com\/de\/product\/barium-titanate-cas-12047-27-7\/","og_site_name":"Longchang Chemical","article_modified_time":"2025-12-23T06:52:10+00:00","og_image":[{"width":600,"height":800,"url":"https:\/\/longchangchemical.com\/wp-content\/uploads\/2021\/01\/Appearance-7.jpg","type":"image\/jpeg"}],"twitter_card":"summary_large_image","schema":{"@context":"https:\/\/schema.org","@graph":[{"@type":"WebPage","@id":"https:\/\/longchangchemical.com\/product\/barium-titanate-cas-12047-27-7\/","url":"https:\/\/longchangchemical.com\/product\/barium-titanate-cas-12047-27-7\/","name":"China Bariumtitanat Hersteller \uff06 CAS 12047-27-7 Lieferant - Longchang chemical Co., Ltd.","isPartOf":{"@id":"https:\/\/longchangchemical.com\/#website"},"primaryImageOfPage":{"@id":"https:\/\/longchangchemical.com\/product\/barium-titanate-cas-12047-27-7\/#primaryimage"},"image":{"@id":"https:\/\/longchangchemical.com\/product\/barium-titanate-cas-12047-27-7\/#primaryimage"},"thumbnailUrl":"https:\/\/longchangchemical.com\/wp-content\/uploads\/2021\/01\/Appearance-7.jpg","datePublished":"2021-01-23T03:18:09+00:00","dateModified":"2025-12-23T06:52:10+00:00","description":"Longchang Chemical ist ein f\u00fchrender Hersteller und Lieferant von Bariumtitanat in China. Kaufen Sie Bariumtitanat in China. Wir k\u00f6nnen die besten Bariumtitanat Preis bieten.","breadcrumb":{"@id":"https:\/\/longchangchemical.com\/product\/barium-titanate-cas-12047-27-7\/#breadcrumb"},"inLanguage":"de","potentialAction":[{"@type":"ReadAction","target":["https:\/\/longchangchemical.com\/product\/barium-titanate-cas-12047-27-7\/"]}]},{"@type":"ImageObject","inLanguage":"de","@id":"https:\/\/longchangchemical.com\/product\/barium-titanate-cas-12047-27-7\/#primaryimage","url":"https:\/\/longchangchemical.com\/wp-content\/uploads\/2021\/01\/Appearance-7.jpg","contentUrl":"https:\/\/longchangchemical.com\/wp-content\/uploads\/2021\/01\/Appearance-7.jpg","width":600,"height":800,"caption":"Barium titanate Appearance"},{"@type":"BreadcrumbList","@id":"https:\/\/longchangchemical.com\/product\/barium-titanate-cas-12047-27-7\/#breadcrumb","itemListElement":[{"@type":"ListItem","position":1,"name":"Home","item":"https:\/\/longchangchemical.com\/"},{"@type":"ListItem","position":2,"name":"Products Longchang","item":"https:\/\/longchangchemical.com\/product\/"},{"@type":"ListItem","position":3,"name":"Barium titanate CAS 12047-27-7"}]},{"@type":"WebSite","@id":"https:\/\/longchangchemical.com\/#website","url":"https:\/\/longchangchemical.com\/","name":"Longchang Chemical","description":"China Hersteller von Chemikalien \uff06 Lieferant","publisher":{"@id":"https:\/\/longchangchemical.com\/#organization"},"potentialAction":[{"@type":"SearchAction","target":{"@type":"EntryPoint","urlTemplate":"https:\/\/longchangchemical.com\/?s={search_term_string}"},"query-input":{"@type":"PropertyValueSpecification","valueRequired":true,"valueName":"search_term_string"}}],"inLanguage":"de"},{"@type":"Organization","@id":"https:\/\/longchangchemical.com\/#organization","name":"Longchang Chemical","url":"https:\/\/longchangchemical.com\/","logo":{"@type":"ImageObject","inLanguage":"de","@id":"https:\/\/longchangchemical.com\/#\/schema\/logo\/image\/","url":"https:\/\/longchangchemical.com\/wp-content\/uploads\/2020\/08\/cropped-longchang-logo.png","contentUrl":"https:\/\/longchangchemical.com\/wp-content\/uploads\/2020\/08\/cropped-longchang-logo.png","width":512,"height":512,"caption":"Longchang Chemical"},"image":{"@id":"https:\/\/longchangchemical.com\/#\/schema\/logo\/image\/"}}]}},"_links":{"self":[{"href":"https:\/\/longchangchemical.com\/de\/wp-json\/wp\/v2\/product\/3524","targetHints":{"allow":["GET"]}}],"collection":[{"href":"https:\/\/longchangchemical.com\/de\/wp-json\/wp\/v2\/product"}],"about":[{"href":"https:\/\/longchangchemical.com\/de\/wp-json\/wp\/v2\/types\/product"}],"replies":[{"embeddable":true,"href":"https:\/\/longchangchemical.com\/de\/wp-json\/wp\/v2\/comments?post=3524"}],"wp:featuredmedia":[{"embeddable":true,"href":"https:\/\/longchangchemical.com\/de\/wp-json\/wp\/v2\/media\/4314"}],"wp:attachment":[{"href":"https:\/\/longchangchemical.com\/de\/wp-json\/wp\/v2\/media?parent=3524"}],"wp:term":[{"taxonomy":"product_brand","embeddable":true,"href":"https:\/\/longchangchemical.com\/de\/wp-json\/wp\/v2\/product_brand?post=3524"},{"taxonomy":"product_cat","embeddable":true,"href":"https:\/\/longchangchemical.com\/de\/wp-json\/wp\/v2\/product_cat?post=3524"},{"taxonomy":"product_tag","embeddable":true,"href":"https:\/\/longchangchemical.com\/de\/wp-json\/wp\/v2\/product_tag?post=3524"}],"curies":[{"name":"wp","href":"https:\/\/api.w.org\/{rel}","templated":true}]}}