{"id":3522,"date":"2021-01-27T12:45:42","date_gmt":"2021-01-27T12:45:42","guid":{"rendered":"https:\/\/longchangchemical.com\/?post_type=product&#038;p=3522"},"modified":"2025-12-23T06:44:35","modified_gmt":"2025-12-23T06:44:35","slug":"cas-617-84-5","status":"publish","type":"product","link":"https:\/\/longchangchemical.com\/de\/product\/cas-617-84-5\/","title":{"rendered":"N,N-Diethylformamid CAS 617-84-5"},"content":{"rendered":"<h1><strong>N,N-Diethylformamid CAS 617-84-5<\/strong><\/h1>\n<table class=\"table-1\" cellspacing=\"0\">\n<tbody>\n<tr>\n<td>\n<h4>Artikel<\/h4>\n<\/td>\n<td>\n<h4>Standard<\/h4>\n<\/td>\n<\/tr>\n<tr>\n<td>\n<h4>DEF, w%<\/h4>\n<\/td>\n<td>\n<h4>\u226599.7%<\/h4>\n<\/td>\n<\/tr>\n<tr>\n<td>\n<h4>Wasser, w%<\/h4>\n<\/td>\n<td>\n<h4>\u22640,05%<\/h4>\n<\/td>\n<\/tr>\n<tr>\n<td>\n<h4>Diethylamin, w%<\/h4>\n<\/td>\n<td>\n<h4>\u22640,015%<\/h4>\n<\/td>\n<\/tr>\n<tr>\n<td>\n<h4>N-Ethylformamid, w%<\/h4>\n<\/td>\n<td>\n<h4>\u22640,015%<\/h4>\n<\/td>\n<\/tr>\n<tr>\n<td>\n<h4>Ethanol, w%<\/h4>\n<\/td>\n<td>\n<h4>\u22640,015%<\/h4>\n<\/td>\n<\/tr>\n<tr>\n<td>\n<h4>Farbe (APHA)<\/h4>\n<\/td>\n<td>\n<h4>20<\/h4>\n<\/td>\n<\/tr>\n<\/tbody>\n<\/table>\n<h2><\/h2>\n<h2><strong>N,N-Diethylformamid Verwendung<\/strong><\/h2>\n<h4>1. N,N-Diethylformamid ist ein gutes L\u00f6sungsmittel f\u00fcr eine Vielzahl von Polymeren wie Polyethylen, Polyvinylchlorid, Polyacrylnitril, Polyamid usw. und kann f\u00fcr das Nassspinnen von synthetischen Fasern wie Polyacrylnitrilfasern und die Polyurethansynthese verwendet werden; es wird bei der Herstellung von Kunststofffolien verwendet; es wird auch als Farbentferner zum Entfernen von Farbe verwendet; es kann auch einige schwerl\u00f6sliche Pigmente aufl\u00f6sen und den Pigmenten die Eigenschaften von Farbstoffen verleihen. Dimethylformamid wird f\u00fcr die Aromatenextraktion und die Abtrennung und R\u00fcckgewinnung von Butadien aus der C4-Fraktion und Isopren aus der C5-Fraktion verwendet. Es kann auch als wirksames Reagenz zur Abtrennung von Nicht-Kohlenwasserstoffkomponenten aus Paraffin verwendet werden. .<\/h4>\n<h4>2. Es hat eine gute Selektivit\u00e4t f\u00fcr die L\u00f6slichkeit von Isophthals\u00e4ure und Terephthals\u00e4ure: die L\u00f6slichkeit von Isophthals\u00e4ure in N,N-Diethylformamid ist gr\u00f6\u00dfer als die von Terephthals\u00e4ure, und es wird f\u00fcr die L\u00f6sungsmittelextraktion in Dicarbons\u00e4ureformamid verwendet oder ein Teil der Kristallisation kann die beiden trennen. In der petrochemischen Industrie kann N,N-Diethylformamid als Gasabsorptionsmittel verwendet werden, um Gas zu trennen und zu veredeln.<\/h4>\n<h4>3. Bei organischen Reaktionen wird N,N-Diethylformamid nicht nur h\u00e4ufig als L\u00f6sungsmittel f\u00fcr die Reaktion verwendet, sondern ist auch ein wichtiges Zwischenprodukt in der organischen Synthese. Es kann zur Herstellung von Insektiziden in der Pestizidindustrie verwendet werden.<\/h4>\n<h4>4. Reagenzien f\u00fcr nicht-w\u00e4ssrige Titration, L\u00f6sungsmittel f\u00fcr Vinylharz und Acetylen, organische Synthese, photometrische Bestimmung, Gaschromatographie station\u00e4re Fl\u00fcssigkeit (maximale Einsatztemperatur 50\u2103, L\u00f6sungsmittel ist Methanol), Trennung und Analyse von C2-C5-Kohlenwasserstoffe, und kann normal und Isobutylen trennen Und cis, Buten. Analyse von Pestizidr\u00fcckst\u00e4nden. Organische Synthese. Synthese von Peptiden. F\u00fcr die fotografische Industrie.<\/h4>\n<h4>5. Ein ausgezeichnetes L\u00f6sungsmittel und ein chemischer Rohstoff mit einer breiten Palette von Verwendungsm\u00f6glichkeiten. Es ist ein ausgezeichnetes L\u00f6sungsmittel f\u00fcr viele Polymere wie Polyethylen, Polyvinylchlorid, Polyacrylnitril, Polyamid, usw. Es kann f\u00fcr das Nassspinnen von synthetischen Fasern wie Polyacrylnitrilfasern, die Synthese von Polyurethan, Farbentferner zum Entfernen von Farbe, die selektive Absorption von Acetylen und die Abtrennung und Raffination von Butadien, als L\u00f6sungsmittel bei der Herstellung von Kunstleder und f\u00fcr die Synthese von Insektiziden verwendet werden; in der pharmazeutischen Industrie kann es zur Synthese von Iodosamin, Doxycyclin, Cortison, Vitamin B6, Iodosid, Ququjing, Pyrantel, N-Formyllysin und Antitumors\u00e4ure, Methoxychlor, Chlorambucil, Nitrosoharnstoff, Furfurouracil, Tranexams\u00e4ure, Befenmethason, Megestrol, Cholyvitamin, Chlorpheniramin usw. verwendet werden<\/h4>\n<h4>6. Wird als L\u00f6sungsmittel und organisches Modifizierungsmittel in der Fl\u00fcssigkeitschromatographie, als Extraktionsmittel und Entwicklungsmittel f\u00fcr die D\u00fcnnschichtchromatographie, als L\u00f6sungsmittel f\u00fcr Vinylharz und Acetylen und als L\u00f6sungsmittel f\u00fcr die Titration nichtw\u00e4ssriger L\u00f6sungsmittel verwendet. Au\u00dferdem wird es in der organischen Synthese verwendet.<\/h4>\n<h4>7. Haupts\u00e4chlich verwendet als industrielles L\u00f6sungsmittel, in der pharmazeutischen Industrie f\u00fcr die Produktion, Hormone, und auch f\u00fcr die Herstellung von Insektiziden.<\/h4>\n<p>&nbsp;<\/p>\n<h2><strong>N,N-Diethylformamid Verpackung und Versand<\/strong><\/h2>\n<h4>Verpackung: 180kg\/Fass<\/h4>\n<p>&nbsp;<\/p>\n<h2><strong>N,N-Diethylformamid Lagerung<\/strong><\/h2>\n<h4>Versiegelte Lagerung, nicht die Waren zusammen setzen Chef Lebensmittel Chemikalien.<\/h4>\n<p>&nbsp;<\/p>\n<h2><strong><b>Kontaktieren Sie uns jetzt!<\/b><\/strong><\/h2>\n<h4><strong><b>Wir bieten ma\u00dfgeschneiderte Dienstleistungen an und werden Sie in der Regel innerhalb von 24 Stunden kontaktieren. Sie k\u00f6nnen auch eine E-Mail an info@longchangchemical.com w\u00e4hrend der Arbeitszeiten (8:30 bis 18:00 Uhr UTC+8 Mo.~Sa.) senden oder den Live-Chat der Website nutzen, um eine schnelle Antwort zu erhalten.<\/b><\/strong><\/h4>","protected":false},"excerpt":{"rendered":"<h4>Chemische Bezeichnung: N,N-Diethylformamid<\/h4>\n<h4>CAS-Nr.: 617-84-5<\/h4>\n<h4>Summenformel: C5H11NO<\/h4>\n<h4>Chemische Struktur:<img decoding=\"async\" title=\"bild.png\" src=\"https:\/\/www.longchangchemical.com\/wp-content\/uploads\/product-details\/20200616039522.png\" alt=\"bild.png\" \/><\/h4>\n<h4>Molekulargewicht: 101,15<\/h4>\n<h4>Aussehen:Gelbliche transparente Fl\u00fcssigkeit<\/h4>\n<h4>Assay: 99%min<\/h4>","protected":false},"featured_media":4322,"comment_status":"open","ping_status":"closed","template":"","meta":[],"product_brand":[],"product_cat":[69],"product_tag":[],"class_list":{"0":"post-3522","1":"product","2":"type-product","3":"status-publish","4":"has-post-thumbnail","6":"product_cat-catalysts-chemical-auxiliary-agents","8":"first","9":"instock","10":"shipping-taxable","11":"product-type-simple"},"yoast_head":"<!-- This site is optimized with the Yoast SEO plugin v25.3.1 - https:\/\/yoast.com\/wordpress\/plugins\/seo\/ -->\n<title>China N,N-Diethylformamide Manufacturer \uff06 CAS 617-84-5 Supplier - Longchang chemical Co., Ltd.<\/title>\n<meta name=\"description\" content=\"Longchang Chemical is a leading manufacturer and supplier of N,N-Diethylformamide in China. Buy N,N-Diethylformamide in china. We can provide the best N,N-Diethylformamide price.\" \/>\n<meta name=\"robots\" content=\"index, follow, max-snippet:-1, max-image-preview:large, max-video-preview:-1\" \/>\n<link rel=\"canonical\" href=\"https:\/\/longchangchemical.com\/de\/product\/cas-617-84-5\/\" \/>\n<meta property=\"og:locale\" content=\"de_DE\" \/>\n<meta property=\"og:type\" content=\"article\" \/>\n<meta property=\"og:title\" content=\"China N,N-Diethylformamide Manufacturer \uff06 CAS 617-84-5 Supplier - Longchang chemical Co., Ltd.\" \/>\n<meta property=\"og:description\" content=\"Longchang Chemical is a leading manufacturer and supplier of N,N-Diethylformamide in China. Buy N,N-Diethylformamide in china. We can provide the best N,N-Diethylformamide price.\" \/>\n<meta property=\"og:url\" content=\"https:\/\/longchangchemical.com\/de\/product\/cas-617-84-5\/\" \/>\n<meta property=\"og:site_name\" content=\"Longchang Chemical\" \/>\n<meta property=\"article:modified_time\" content=\"2025-12-23T06:44:35+00:00\" \/>\n<meta property=\"og:image\" content=\"https:\/\/longchangchemical.com\/wp-content\/uploads\/2021\/01\/Appearance-8.jpg\" \/>\n\t<meta property=\"og:image:width\" content=\"600\" \/>\n\t<meta property=\"og:image:height\" content=\"800\" \/>\n\t<meta property=\"og:image:type\" content=\"image\/jpeg\" \/>\n<meta name=\"twitter:card\" content=\"summary_large_image\" \/>\n<script type=\"application\/ld+json\" class=\"yoast-schema-graph\">{\"@context\":\"https:\/\/schema.org\",\"@graph\":[{\"@type\":\"WebPage\",\"@id\":\"https:\/\/longchangchemical.com\/product\/cas-617-84-5\/\",\"url\":\"https:\/\/longchangchemical.com\/product\/cas-617-84-5\/\",\"name\":\"China N,N-Diethylformamide Manufacturer \uff06 CAS 617-84-5 Supplier - Longchang chemical Co., Ltd.\",\"isPartOf\":{\"@id\":\"https:\/\/longchangchemical.com\/#website\"},\"primaryImageOfPage\":{\"@id\":\"https:\/\/longchangchemical.com\/product\/cas-617-84-5\/#primaryimage\"},\"image\":{\"@id\":\"https:\/\/longchangchemical.com\/product\/cas-617-84-5\/#primaryimage\"},\"thumbnailUrl\":\"https:\/\/longchangchemical.com\/wp-content\/uploads\/2021\/01\/Appearance-8.jpg\",\"datePublished\":\"2021-01-27T12:45:42+00:00\",\"dateModified\":\"2025-12-23T06:44:35+00:00\",\"description\":\"Longchang Chemical is a leading manufacturer and supplier of N,N-Diethylformamide in China. Buy N,N-Diethylformamide in china. We can provide the best N,N-Diethylformamide price.\",\"breadcrumb\":{\"@id\":\"https:\/\/longchangchemical.com\/product\/cas-617-84-5\/#breadcrumb\"},\"inLanguage\":\"de\",\"potentialAction\":[{\"@type\":\"ReadAction\",\"target\":[\"https:\/\/longchangchemical.com\/product\/cas-617-84-5\/\"]}]},{\"@type\":\"ImageObject\",\"inLanguage\":\"de\",\"@id\":\"https:\/\/longchangchemical.com\/product\/cas-617-84-5\/#primaryimage\",\"url\":\"https:\/\/longchangchemical.com\/wp-content\/uploads\/2021\/01\/Appearance-8.jpg\",\"contentUrl\":\"https:\/\/longchangchemical.com\/wp-content\/uploads\/2021\/01\/Appearance-8.jpg\",\"width\":600,\"height\":800,\"caption\":\"TMPTA Appearance\"},{\"@type\":\"BreadcrumbList\",\"@id\":\"https:\/\/longchangchemical.com\/product\/cas-617-84-5\/#breadcrumb\",\"itemListElement\":[{\"@type\":\"ListItem\",\"position\":1,\"name\":\"Home\",\"item\":\"https:\/\/longchangchemical.com\/\"},{\"@type\":\"ListItem\",\"position\":2,\"name\":\"Products Longchang\",\"item\":\"https:\/\/longchangchemical.com\/product\/\"},{\"@type\":\"ListItem\",\"position\":3,\"name\":\"N,N-diethylformamide CAS 617-84-5\"}]},{\"@type\":\"WebSite\",\"@id\":\"https:\/\/longchangchemical.com\/#website\",\"url\":\"https:\/\/longchangchemical.com\/\",\"name\":\"Longchang Chemical\",\"description\":\"China chemical manufacturer \uff06 supplier\",\"publisher\":{\"@id\":\"https:\/\/longchangchemical.com\/#organization\"},\"potentialAction\":[{\"@type\":\"SearchAction\",\"target\":{\"@type\":\"EntryPoint\",\"urlTemplate\":\"https:\/\/longchangchemical.com\/?s={search_term_string}\"},\"query-input\":{\"@type\":\"PropertyValueSpecification\",\"valueRequired\":true,\"valueName\":\"search_term_string\"}}],\"inLanguage\":\"de\"},{\"@type\":\"Organization\",\"@id\":\"https:\/\/longchangchemical.com\/#organization\",\"name\":\"Longchang Chemical\",\"url\":\"https:\/\/longchangchemical.com\/\",\"logo\":{\"@type\":\"ImageObject\",\"inLanguage\":\"de\",\"@id\":\"https:\/\/longchangchemical.com\/#\/schema\/logo\/image\/\",\"url\":\"https:\/\/longchangchemical.com\/wp-content\/uploads\/2020\/08\/cropped-longchang-logo.png\",\"contentUrl\":\"https:\/\/longchangchemical.com\/wp-content\/uploads\/2020\/08\/cropped-longchang-logo.png\",\"width\":512,\"height\":512,\"caption\":\"Longchang Chemical\"},\"image\":{\"@id\":\"https:\/\/longchangchemical.com\/#\/schema\/logo\/image\/\"}}]}<\/script>\n<!-- \/ Yoast SEO plugin. -->","yoast_head_json":{"title":"China N,N-Diethylformamid Hersteller \uff06 CAS 617-84-5 Lieferant - Longchang chemical Co., Ltd.","description":"Longchang Chemical ist ein f\u00fchrender Hersteller und Lieferant von N,N-Diethylformamid in China. Kaufen N,N-Diethylformamid in china. Wir k\u00f6nnen die besten N,N-Diethylformamid Preis bieten.","robots":{"index":"index","follow":"follow","max-snippet":"max-snippet:-1","max-image-preview":"max-image-preview:large","max-video-preview":"max-video-preview:-1"},"canonical":"https:\/\/longchangchemical.com\/de\/product\/cas-617-84-5\/","og_locale":"de_DE","og_type":"article","og_title":"China N,N-Diethylformamide Manufacturer \uff06 CAS 617-84-5 Supplier - Longchang chemical Co., Ltd.","og_description":"Longchang Chemical is a leading manufacturer and supplier of N,N-Diethylformamide in China. Buy N,N-Diethylformamide in china. We can provide the best N,N-Diethylformamide price.","og_url":"https:\/\/longchangchemical.com\/de\/product\/cas-617-84-5\/","og_site_name":"Longchang Chemical","article_modified_time":"2025-12-23T06:44:35+00:00","og_image":[{"width":600,"height":800,"url":"https:\/\/longchangchemical.com\/wp-content\/uploads\/2021\/01\/Appearance-8.jpg","type":"image\/jpeg"}],"twitter_card":"summary_large_image","schema":{"@context":"https:\/\/schema.org","@graph":[{"@type":"WebPage","@id":"https:\/\/longchangchemical.com\/product\/cas-617-84-5\/","url":"https:\/\/longchangchemical.com\/product\/cas-617-84-5\/","name":"China N,N-Diethylformamid Hersteller \uff06 CAS 617-84-5 Lieferant - Longchang chemical Co., Ltd.","isPartOf":{"@id":"https:\/\/longchangchemical.com\/#website"},"primaryImageOfPage":{"@id":"https:\/\/longchangchemical.com\/product\/cas-617-84-5\/#primaryimage"},"image":{"@id":"https:\/\/longchangchemical.com\/product\/cas-617-84-5\/#primaryimage"},"thumbnailUrl":"https:\/\/longchangchemical.com\/wp-content\/uploads\/2021\/01\/Appearance-8.jpg","datePublished":"2021-01-27T12:45:42+00:00","dateModified":"2025-12-23T06:44:35+00:00","description":"Longchang Chemical ist ein f\u00fchrender Hersteller und Lieferant von N,N-Diethylformamid in China. Kaufen N,N-Diethylformamid in china. Wir k\u00f6nnen die besten N,N-Diethylformamid Preis bieten.","breadcrumb":{"@id":"https:\/\/longchangchemical.com\/product\/cas-617-84-5\/#breadcrumb"},"inLanguage":"de","potentialAction":[{"@type":"ReadAction","target":["https:\/\/longchangchemical.com\/product\/cas-617-84-5\/"]}]},{"@type":"ImageObject","inLanguage":"de","@id":"https:\/\/longchangchemical.com\/product\/cas-617-84-5\/#primaryimage","url":"https:\/\/longchangchemical.com\/wp-content\/uploads\/2021\/01\/Appearance-8.jpg","contentUrl":"https:\/\/longchangchemical.com\/wp-content\/uploads\/2021\/01\/Appearance-8.jpg","width":600,"height":800,"caption":"TMPTA Appearance"},{"@type":"BreadcrumbList","@id":"https:\/\/longchangchemical.com\/product\/cas-617-84-5\/#breadcrumb","itemListElement":[{"@type":"ListItem","position":1,"name":"Home","item":"https:\/\/longchangchemical.com\/"},{"@type":"ListItem","position":2,"name":"Products Longchang","item":"https:\/\/longchangchemical.com\/product\/"},{"@type":"ListItem","position":3,"name":"N,N-diethylformamide CAS 617-84-5"}]},{"@type":"WebSite","@id":"https:\/\/longchangchemical.com\/#website","url":"https:\/\/longchangchemical.com\/","name":"Longchang Chemical","description":"China Hersteller von Chemikalien \uff06 Lieferant","publisher":{"@id":"https:\/\/longchangchemical.com\/#organization"},"potentialAction":[{"@type":"SearchAction","target":{"@type":"EntryPoint","urlTemplate":"https:\/\/longchangchemical.com\/?s={search_term_string}"},"query-input":{"@type":"PropertyValueSpecification","valueRequired":true,"valueName":"search_term_string"}}],"inLanguage":"de"},{"@type":"Organization","@id":"https:\/\/longchangchemical.com\/#organization","name":"Longchang Chemical","url":"https:\/\/longchangchemical.com\/","logo":{"@type":"ImageObject","inLanguage":"de","@id":"https:\/\/longchangchemical.com\/#\/schema\/logo\/image\/","url":"https:\/\/longchangchemical.com\/wp-content\/uploads\/2020\/08\/cropped-longchang-logo.png","contentUrl":"https:\/\/longchangchemical.com\/wp-content\/uploads\/2020\/08\/cropped-longchang-logo.png","width":512,"height":512,"caption":"Longchang Chemical"},"image":{"@id":"https:\/\/longchangchemical.com\/#\/schema\/logo\/image\/"}}]}},"_links":{"self":[{"href":"https:\/\/longchangchemical.com\/de\/wp-json\/wp\/v2\/product\/3522","targetHints":{"allow":["GET"]}}],"collection":[{"href":"https:\/\/longchangchemical.com\/de\/wp-json\/wp\/v2\/product"}],"about":[{"href":"https:\/\/longchangchemical.com\/de\/wp-json\/wp\/v2\/types\/product"}],"replies":[{"embeddable":true,"href":"https:\/\/longchangchemical.com\/de\/wp-json\/wp\/v2\/comments?post=3522"}],"wp:featuredmedia":[{"embeddable":true,"href":"https:\/\/longchangchemical.com\/de\/wp-json\/wp\/v2\/media\/4322"}],"wp:attachment":[{"href":"https:\/\/longchangchemical.com\/de\/wp-json\/wp\/v2\/media?parent=3522"}],"wp:term":[{"taxonomy":"product_brand","embeddable":true,"href":"https:\/\/longchangchemical.com\/de\/wp-json\/wp\/v2\/product_brand?post=3522"},{"taxonomy":"product_cat","embeddable":true,"href":"https:\/\/longchangchemical.com\/de\/wp-json\/wp\/v2\/product_cat?post=3522"},{"taxonomy":"product_tag","embeddable":true,"href":"https:\/\/longchangchemical.com\/de\/wp-json\/wp\/v2\/product_tag?post=3522"}],"curies":[{"name":"wp","href":"https:\/\/api.w.org\/{rel}","templated":true}]}}