{"id":3520,"date":"2021-01-29T14:06:10","date_gmt":"2021-01-29T14:06:10","guid":{"rendered":"https:\/\/longchangchemical.com\/?post_type=product&#038;p=3520"},"modified":"2025-12-23T06:37:36","modified_gmt":"2025-12-23T06:37:36","slug":"soda-lime-cas-8006-28-8","status":"publish","type":"product","link":"https:\/\/longchangchemical.com\/de\/product\/soda-lime-cas-8006-28-8\/","title":{"rendered":"Natronkalk CAS 8006-28-8"},"content":{"rendered":"<h1><strong>Natronkalk CAS 8006-28-8<\/strong><\/h1>\n<table class=\"table-1\">\n<tbody>\n<tr>\n<td>\n<h4>Artikel<\/h4>\n<\/td>\n<td>\n<h4>Spezifikationen<\/h4>\n<\/td>\n<\/tr>\n<tr>\n<td>\n<h4>Erscheinungsbild<\/h4>\n<\/td>\n<td>\n<h4>Wei\u00dfes Granulat<\/h4>\n<\/td>\n<\/tr>\n<tr>\n<td>\n<h4>CO2-Adsorptionsrate<\/h4>\n<\/td>\n<td>\n<h4>\uff1e25%<\/h4>\n<\/td>\n<\/tr>\n<tr>\n<td>\n<h4>Feuchtigkeitsaufnahme<\/h4>\n<\/td>\n<td>\n<h4>\uff1c7.5%<\/h4>\n<\/td>\n<\/tr>\n<tr>\n<td>\n<h4>Wasser<\/h4>\n<\/td>\n<td>\n<h4>\uff1e10%\uff1c15%<\/h4>\n<\/td>\n<\/tr>\n<tr>\n<td>\n<h4>Partikelh\u00e4rte<\/h4>\n<\/td>\n<td>\n<h4>\uff1e80%<\/h4>\n<\/td>\n<\/tr>\n<tr>\n<td rowspan=\"2\">\n<h4>Partikelgr\u00f6\u00dfe<\/h4>\n<\/td>\n<td>\n<h4>4-Maschen-Siebgewebe \uff1c1.0%<\/h4>\n<\/td>\n<\/tr>\n<tr>\n<td>\n<h4>Durch 40 Maschen \uff1c2%<\/h4>\n<\/td>\n<\/tr>\n<\/tbody>\n<\/table>\n<h2><strong>Was ist die Funktion von Kalknatron?<\/strong><\/h2>\n<h4>1. Dieses Produkt ist ein dermatologisches Medikament, das in der Fachmedizin als Bulkware verwendet wird.<\/h4>\n<h4>2. Natronkalk wird als Analysereagenz, Trockenmittel und Kohlendioxidabsorber verwendet.<\/h4>\n<h4>3. Natronkalk in medizinischer Qualit\u00e4t wird in professionellen An\u00e4sthesie- und Kreislaufsystemen sowie in Ger\u00e4ten f\u00fcr die Atemtherapie verwendet. Klares CO2. Er kann auch in Bereichen wie dem Tauchen und der Industrie verwendet werden.<\/h4>\n<h4>4. Natronkalk wird haupts\u00e4chlich als Trockenmittel verwendet (wobei Kalziumoxid als Trocknungsmittel wirkt), es kann zum Trocknen von neutralen Gasen wie Sauerstoff verwendet werden, und es kann auch zum Trocknen des alkalischen Gases Ammoniak verwendet werden. Es kann auch zur Absorption saurer Gase wie Kohlendioxid und Schwefeldioxid verwendet werden. Wenn nur Natriumhydroxid vorhanden ist, wird das Trockenmittel bei h\u00f6heren Temperaturen nicht verwendet, da Natriumhydroxid mit den im Labor am h\u00e4ufigsten verwendeten Glasger\u00e4ten (der Hauptbestandteil ist Siliziumdioxid) reagieren und das Ger\u00e4t korrodieren kann. Eine kleine Menge Methan aus dem Labor kann mit Natronkalk und Natriumacetat (Natriumacetat) miterhitzt werden, um Natriumcarbonat und Methan zu bilden.<\/h4>\n<h2><strong>Soda Kalk Verpackung und Versand<\/strong><\/h2>\n<h4>Trommel, 16kg<\/h4>\n<p>&nbsp;<\/p>\n<h2><strong>Soda-Kalk-Lagerung<\/strong><\/h2>\n<h4>Bel\u00fcftung, Trocknung bei niedriger Temperatur; mit S\u00e4ure, Ammoniaksalz getrennt gelagert.<\/h4>\n<p>&nbsp;<\/p>\n<h2><strong><b>Kontaktieren Sie uns jetzt!<\/b><\/strong><\/h2>\n<h4><strong><b>Wir bieten ma\u00dfgeschneiderte Dienstleistungen an und werden Sie in der Regel innerhalb von 24 Stunden kontaktieren. Sie k\u00f6nnen auch eine E-Mail an info@longchangchemical.com w\u00e4hrend der Arbeitszeiten (8:30 bis 18:00 Uhr UTC+8 Mo.~Sa.) senden oder den Live-Chat der Website nutzen, um eine schnelle Antwort zu erhalten.<\/b><\/strong><\/h4>\n<p>&nbsp;<\/p>","protected":false},"excerpt":{"rendered":"<h4>Chemische Bezeichnung: Natronkalk<\/h4>\n<h4>CAS-Nr.: 8006-28-8<\/h4>\n<h4>Molek\u00fclformel: CaHNaO2<\/h4>\n<h4>Chemische Struktur:<img decoding=\"async\" title=\"bild.png\" src=\"https:\/\/www.longchangchemical.com\/wp-content\/uploads\/product-details\/20200617099606.png\" alt=\"bild.png\" \/><\/h4>\n<h4>Molekulargewicht:96.07<\/h4>\n<h4>Aussehen:Wei\u00dfes Granulat<\/h4>\n<h4>Assay\uff1a\uff1e25%<\/h4>","protected":false},"featured_media":4324,"comment_status":"open","ping_status":"closed","template":"","meta":[],"product_brand":[],"product_cat":[69],"product_tag":[],"class_list":{"0":"post-3520","1":"product","2":"type-product","3":"status-publish","4":"has-post-thumbnail","6":"product_cat-catalysts-chemical-auxiliary-agents","8":"first","9":"instock","10":"shipping-taxable","11":"product-type-simple"},"yoast_head":"<!-- This site is optimized with the Yoast SEO plugin v25.3.1 - https:\/\/yoast.com\/wordpress\/plugins\/seo\/ -->\n<title>China Soda lime Manufacturer \uff06 CAS 8006-28-8 Supplier - Longchang chemical Co., Ltd.<\/title>\n<meta name=\"description\" content=\"Longchang Chemical is a leading manufacturer and supplier of Soda lime in China. Buy Soda lime in china. We can provide the best Soda lime price.\" \/>\n<meta name=\"robots\" content=\"index, follow, max-snippet:-1, max-image-preview:large, max-video-preview:-1\" \/>\n<link rel=\"canonical\" href=\"https:\/\/longchangchemical.com\/de\/product\/soda-lime-cas-8006-28-8\/\" \/>\n<meta property=\"og:locale\" content=\"de_DE\" \/>\n<meta property=\"og:type\" content=\"article\" \/>\n<meta property=\"og:title\" content=\"China Soda lime Manufacturer \uff06 CAS 8006-28-8 Supplier - Longchang chemical Co., Ltd.\" \/>\n<meta property=\"og:description\" content=\"Longchang Chemical is a leading manufacturer and supplier of Soda lime in China. Buy Soda lime in china. We can provide the best Soda lime price.\" \/>\n<meta property=\"og:url\" content=\"https:\/\/longchangchemical.com\/de\/product\/soda-lime-cas-8006-28-8\/\" \/>\n<meta property=\"og:site_name\" content=\"Longchang Chemical\" \/>\n<meta property=\"article:modified_time\" content=\"2025-12-23T06:37:36+00:00\" \/>\n<meta property=\"og:image\" content=\"https:\/\/longchangchemical.com\/wp-content\/uploads\/2021\/01\/soda-lime-Appearance.gif\" \/>\n\t<meta property=\"og:image:width\" content=\"600\" \/>\n\t<meta property=\"og:image:height\" content=\"800\" \/>\n\t<meta property=\"og:image:type\" content=\"image\/gif\" \/>\n<meta name=\"twitter:card\" content=\"summary_large_image\" \/>\n<script type=\"application\/ld+json\" class=\"yoast-schema-graph\">{\"@context\":\"https:\/\/schema.org\",\"@graph\":[{\"@type\":\"WebPage\",\"@id\":\"https:\/\/longchangchemical.com\/product\/soda-lime-cas-8006-28-8\/\",\"url\":\"https:\/\/longchangchemical.com\/product\/soda-lime-cas-8006-28-8\/\",\"name\":\"China Soda lime Manufacturer \uff06 CAS 8006-28-8 Supplier - Longchang chemical Co., Ltd.\",\"isPartOf\":{\"@id\":\"https:\/\/longchangchemical.com\/#website\"},\"primaryImageOfPage\":{\"@id\":\"https:\/\/longchangchemical.com\/product\/soda-lime-cas-8006-28-8\/#primaryimage\"},\"image\":{\"@id\":\"https:\/\/longchangchemical.com\/product\/soda-lime-cas-8006-28-8\/#primaryimage\"},\"thumbnailUrl\":\"https:\/\/longchangchemical.com\/wp-content\/uploads\/2021\/01\/soda-lime-Appearance.gif\",\"datePublished\":\"2021-01-29T14:06:10+00:00\",\"dateModified\":\"2025-12-23T06:37:36+00:00\",\"description\":\"Longchang Chemical is a leading manufacturer and supplier of Soda lime in China. Buy Soda lime in china. We can provide the best Soda lime price.\",\"breadcrumb\":{\"@id\":\"https:\/\/longchangchemical.com\/product\/soda-lime-cas-8006-28-8\/#breadcrumb\"},\"inLanguage\":\"de\",\"potentialAction\":[{\"@type\":\"ReadAction\",\"target\":[\"https:\/\/longchangchemical.com\/product\/soda-lime-cas-8006-28-8\/\"]}]},{\"@type\":\"ImageObject\",\"inLanguage\":\"de\",\"@id\":\"https:\/\/longchangchemical.com\/product\/soda-lime-cas-8006-28-8\/#primaryimage\",\"url\":\"https:\/\/longchangchemical.com\/wp-content\/uploads\/2021\/01\/soda-lime-Appearance.gif\",\"contentUrl\":\"https:\/\/longchangchemical.com\/wp-content\/uploads\/2021\/01\/soda-lime-Appearance.gif\",\"width\":600,\"height\":800,\"caption\":\"soda lime Appearance\"},{\"@type\":\"BreadcrumbList\",\"@id\":\"https:\/\/longchangchemical.com\/product\/soda-lime-cas-8006-28-8\/#breadcrumb\",\"itemListElement\":[{\"@type\":\"ListItem\",\"position\":1,\"name\":\"Home\",\"item\":\"https:\/\/longchangchemical.com\/\"},{\"@type\":\"ListItem\",\"position\":2,\"name\":\"Products Longchang\",\"item\":\"https:\/\/longchangchemical.com\/product\/\"},{\"@type\":\"ListItem\",\"position\":3,\"name\":\"Soda lime CAS 8006-28-8\"}]},{\"@type\":\"WebSite\",\"@id\":\"https:\/\/longchangchemical.com\/#website\",\"url\":\"https:\/\/longchangchemical.com\/\",\"name\":\"Longchang Chemical\",\"description\":\"China chemical manufacturer \uff06 supplier\",\"publisher\":{\"@id\":\"https:\/\/longchangchemical.com\/#organization\"},\"potentialAction\":[{\"@type\":\"SearchAction\",\"target\":{\"@type\":\"EntryPoint\",\"urlTemplate\":\"https:\/\/longchangchemical.com\/?s={search_term_string}\"},\"query-input\":{\"@type\":\"PropertyValueSpecification\",\"valueRequired\":true,\"valueName\":\"search_term_string\"}}],\"inLanguage\":\"de\"},{\"@type\":\"Organization\",\"@id\":\"https:\/\/longchangchemical.com\/#organization\",\"name\":\"Longchang Chemical\",\"url\":\"https:\/\/longchangchemical.com\/\",\"logo\":{\"@type\":\"ImageObject\",\"inLanguage\":\"de\",\"@id\":\"https:\/\/longchangchemical.com\/#\/schema\/logo\/image\/\",\"url\":\"https:\/\/longchangchemical.com\/wp-content\/uploads\/2020\/08\/cropped-longchang-logo.png\",\"contentUrl\":\"https:\/\/longchangchemical.com\/wp-content\/uploads\/2020\/08\/cropped-longchang-logo.png\",\"width\":512,\"height\":512,\"caption\":\"Longchang Chemical\"},\"image\":{\"@id\":\"https:\/\/longchangchemical.com\/#\/schema\/logo\/image\/\"}}]}<\/script>\n<!-- \/ Yoast SEO plugin. -->","yoast_head_json":{"title":"China Natronkalk Hersteller \uff06 CAS 8006-28-8 Lieferant - Longchang chemical Co., Ltd.","description":"Longchang Chemical ist ein f\u00fchrender Hersteller und Lieferant von Natronkalk in China. Kaufen Sie Natronkalk in China. Wir k\u00f6nnen die besten Kalknatron Preis bieten.","robots":{"index":"index","follow":"follow","max-snippet":"max-snippet:-1","max-image-preview":"max-image-preview:large","max-video-preview":"max-video-preview:-1"},"canonical":"https:\/\/longchangchemical.com\/de\/product\/soda-lime-cas-8006-28-8\/","og_locale":"de_DE","og_type":"article","og_title":"China Soda lime Manufacturer \uff06 CAS 8006-28-8 Supplier - Longchang chemical Co., Ltd.","og_description":"Longchang Chemical is a leading manufacturer and supplier of Soda lime in China. Buy Soda lime in china. We can provide the best Soda lime price.","og_url":"https:\/\/longchangchemical.com\/de\/product\/soda-lime-cas-8006-28-8\/","og_site_name":"Longchang Chemical","article_modified_time":"2025-12-23T06:37:36+00:00","og_image":[{"width":600,"height":800,"url":"https:\/\/longchangchemical.com\/wp-content\/uploads\/2021\/01\/soda-lime-Appearance.gif","type":"image\/gif"}],"twitter_card":"summary_large_image","schema":{"@context":"https:\/\/schema.org","@graph":[{"@type":"WebPage","@id":"https:\/\/longchangchemical.com\/product\/soda-lime-cas-8006-28-8\/","url":"https:\/\/longchangchemical.com\/product\/soda-lime-cas-8006-28-8\/","name":"China Natronkalk Hersteller \uff06 CAS 8006-28-8 Lieferant - Longchang chemical Co., Ltd.","isPartOf":{"@id":"https:\/\/longchangchemical.com\/#website"},"primaryImageOfPage":{"@id":"https:\/\/longchangchemical.com\/product\/soda-lime-cas-8006-28-8\/#primaryimage"},"image":{"@id":"https:\/\/longchangchemical.com\/product\/soda-lime-cas-8006-28-8\/#primaryimage"},"thumbnailUrl":"https:\/\/longchangchemical.com\/wp-content\/uploads\/2021\/01\/soda-lime-Appearance.gif","datePublished":"2021-01-29T14:06:10+00:00","dateModified":"2025-12-23T06:37:36+00:00","description":"Longchang Chemical ist ein f\u00fchrender Hersteller und Lieferant von Natronkalk in China. Kaufen Sie Natronkalk in China. Wir k\u00f6nnen die besten Kalknatron Preis bieten.","breadcrumb":{"@id":"https:\/\/longchangchemical.com\/product\/soda-lime-cas-8006-28-8\/#breadcrumb"},"inLanguage":"de","potentialAction":[{"@type":"ReadAction","target":["https:\/\/longchangchemical.com\/product\/soda-lime-cas-8006-28-8\/"]}]},{"@type":"ImageObject","inLanguage":"de","@id":"https:\/\/longchangchemical.com\/product\/soda-lime-cas-8006-28-8\/#primaryimage","url":"https:\/\/longchangchemical.com\/wp-content\/uploads\/2021\/01\/soda-lime-Appearance.gif","contentUrl":"https:\/\/longchangchemical.com\/wp-content\/uploads\/2021\/01\/soda-lime-Appearance.gif","width":600,"height":800,"caption":"soda lime Appearance"},{"@type":"BreadcrumbList","@id":"https:\/\/longchangchemical.com\/product\/soda-lime-cas-8006-28-8\/#breadcrumb","itemListElement":[{"@type":"ListItem","position":1,"name":"Home","item":"https:\/\/longchangchemical.com\/"},{"@type":"ListItem","position":2,"name":"Products Longchang","item":"https:\/\/longchangchemical.com\/product\/"},{"@type":"ListItem","position":3,"name":"Soda lime CAS 8006-28-8"}]},{"@type":"WebSite","@id":"https:\/\/longchangchemical.com\/#website","url":"https:\/\/longchangchemical.com\/","name":"Longchang Chemical","description":"China Hersteller von Chemikalien \uff06 Lieferant","publisher":{"@id":"https:\/\/longchangchemical.com\/#organization"},"potentialAction":[{"@type":"SearchAction","target":{"@type":"EntryPoint","urlTemplate":"https:\/\/longchangchemical.com\/?s={search_term_string}"},"query-input":{"@type":"PropertyValueSpecification","valueRequired":true,"valueName":"search_term_string"}}],"inLanguage":"de"},{"@type":"Organization","@id":"https:\/\/longchangchemical.com\/#organization","name":"Longchang Chemical","url":"https:\/\/longchangchemical.com\/","logo":{"@type":"ImageObject","inLanguage":"de","@id":"https:\/\/longchangchemical.com\/#\/schema\/logo\/image\/","url":"https:\/\/longchangchemical.com\/wp-content\/uploads\/2020\/08\/cropped-longchang-logo.png","contentUrl":"https:\/\/longchangchemical.com\/wp-content\/uploads\/2020\/08\/cropped-longchang-logo.png","width":512,"height":512,"caption":"Longchang Chemical"},"image":{"@id":"https:\/\/longchangchemical.com\/#\/schema\/logo\/image\/"}}]}},"_links":{"self":[{"href":"https:\/\/longchangchemical.com\/de\/wp-json\/wp\/v2\/product\/3520","targetHints":{"allow":["GET"]}}],"collection":[{"href":"https:\/\/longchangchemical.com\/de\/wp-json\/wp\/v2\/product"}],"about":[{"href":"https:\/\/longchangchemical.com\/de\/wp-json\/wp\/v2\/types\/product"}],"replies":[{"embeddable":true,"href":"https:\/\/longchangchemical.com\/de\/wp-json\/wp\/v2\/comments?post=3520"}],"wp:featuredmedia":[{"embeddable":true,"href":"https:\/\/longchangchemical.com\/de\/wp-json\/wp\/v2\/media\/4324"}],"wp:attachment":[{"href":"https:\/\/longchangchemical.com\/de\/wp-json\/wp\/v2\/media?parent=3520"}],"wp:term":[{"taxonomy":"product_brand","embeddable":true,"href":"https:\/\/longchangchemical.com\/de\/wp-json\/wp\/v2\/product_brand?post=3520"},{"taxonomy":"product_cat","embeddable":true,"href":"https:\/\/longchangchemical.com\/de\/wp-json\/wp\/v2\/product_cat?post=3520"},{"taxonomy":"product_tag","embeddable":true,"href":"https:\/\/longchangchemical.com\/de\/wp-json\/wp\/v2\/product_tag?post=3520"}],"curies":[{"name":"wp","href":"https:\/\/api.w.org\/{rel}","templated":true}]}}