{"id":3518,"date":"2021-01-26T10:28:45","date_gmt":"2021-01-26T10:28:45","guid":{"rendered":"https:\/\/longchangchemical.com\/?post_type=product&#038;p=3518"},"modified":"2025-12-23T06:28:41","modified_gmt":"2025-12-23T06:28:41","slug":"n-formylmorpholine-cas-4394-85-8","status":"publish","type":"product","link":"https:\/\/longchangchemical.com\/de\/product\/n-formylmorpholine-cas-4394-85-8\/","title":{"rendered":"Sasolate\u00ae NFM \/ N-Formylmorpholin CAS 4394-85-8"},"content":{"rendered":"<h1><strong>Sasolate\u00ae NFM \/ N-Formylmorpholin CAS 4394-85-8<\/strong><\/h1>\n<table>\n<tbody>\n<tr>\n<td width=\"180\">\n<h4>Artikel<\/h4>\n<\/td>\n<td width=\"267\">\n<h4>Spezifikationen<\/h4>\n<\/td>\n<td width=\"174\">\n<h4>Ergebnisse<\/h4>\n<\/td>\n<\/tr>\n<tr>\n<td width=\"180\">\n<h4>Erscheinungsbild<\/h4>\n<\/td>\n<td width=\"267\">\n<h4>Farblose oder hellgelbe Fl\u00fcssigkeit oder Feststoff<\/h4>\n<\/td>\n<td width=\"174\">\n<h4>\u00a0hellgelbe Fl\u00fcssigkeit<\/h4>\n<\/td>\n<\/tr>\n<tr>\n<td width=\"180\">\n<h4>Hauptinhalt: %<\/h4>\n<\/td>\n<td width=\"267\">\n<h4>\u226599.5<\/h4>\n<\/td>\n<td width=\"174\">\n<h4>99.8<\/h4>\n<\/td>\n<\/tr>\n<tr>\n<td width=\"180\">\n<h4>Morpholin-Gehalt\uff0c%<\/h4>\n<\/td>\n<td width=\"267\">\n<h4>\u22640.1<\/h4>\n<\/td>\n<td width=\"174\">\n<h4>0.01<\/h4>\n<\/td>\n<\/tr>\n<tr>\n<td width=\"180\">\n<h4>Wasser\uff0c%<\/h4>\n<\/td>\n<td width=\"267\">\n<h4>\u22640.2<\/h4>\n<\/td>\n<td width=\"174\">\n<h4>0.1<\/h4>\n<\/td>\n<\/tr>\n<tr>\n<td width=\"180\">\n<h4>Schlussfolgerung<\/h4>\n<\/td>\n<td colspan=\"2\" width=\"441\">\n<h4>Die Ergebnisse entsprechen den Unternehmensstandards<\/h4>\n<\/td>\n<\/tr>\n<\/tbody>\n<\/table>\n<h2><\/h2>\n<h2><strong>Was ist Sasolate\u00ae NFM?<\/strong><\/h2>\n<h4>Sasolate\u00ae NFM wird auch als N-Formylmorpholin bezeichnet. Es ist ein wichtiges organisches L\u00f6sungsmittel und ein feines chemisches Rohmaterial. Es ist eine farblose und transparente Fl\u00fcssigkeit bei Raumtemperatur. Es hat die chemischen Eigenschaften eines Amids. Seine w\u00e4ssrige L\u00f6sung wird in Gegenwart von S\u00e4ure oder Alkali leicht zu Morpholin und Ameisens\u00e4ure hydrolysiert, und die w\u00e4ssrige L\u00f6sung ist schwach alkalisch.<\/h4>\n<p>&nbsp;<\/p>\n<h2><strong>Sasolate\u00ae NFM Verwendung<\/strong><\/h2>\n<h4>1.N-Formylmorpholin wird f\u00fcr die Entschwefelung von Erdgas, Synthesegas, Rauchgas, Erdgaskondensat und Benzin verwendet.<br \/>\n2. N-Formylmorpholin ist das beste Extraktionsl\u00f6sungsmittel f\u00fcr Erd\u00f6l-Aromatenger\u00e4te. Es kann zur Gewinnung von Aromaten durch extraktive Destillation verwendet werden. Es hat eine gute Selektivit\u00e4t, gute thermische und chemische Stabilit\u00e4t, ungiftig und nicht korrosiv.<br \/>\n3. N-Formylmorpholin ist derzeit das am h\u00e4ufigsten verwendete L\u00f6sungsmittel f\u00fcr die R\u00fcckgewinnung von aromatischen Kohlenwasserstoffen.<br \/>\n4. N-Formylmorpholin ist ein ausgezeichnetes aprotisches L\u00f6sungsmittel mit hoher L\u00f6slichkeit und Selektivit\u00e4t f\u00fcr Aromaten. Seine Mischung wurde erfolgreich bei der Aromatenextraktion und der Butenkonzentration eingesetzt<\/h4>\n<p>&nbsp;<\/p>\n<h2><strong>Sasolate\u00ae NFM <\/strong><strong>Verpackung und Versand<\/strong><\/h2>\n<h4>200kg\/Fass; 1000kg\/Fass; 24,5MT\/ISO TANK<\/h4>\n<p>&nbsp;<\/p>\n<h2><strong>Produkte der gleichen Serie<\/strong><\/h2>\n<table style=\"border-collapse: collapse; width: 312.02pt;\" border=\"0\" width=\"416\" cellspacing=\"0\" cellpadding=\"0\">\n<tbody>\n<tr style=\"height: 54.00pt;\">\n<td class=\"et3\" style=\"height: 54.00pt; width: 201.75pt;\" width=\"269\" height=\"72\">\n<h4><a href=\"https:\/\/longchangchemical.com\/de\/product\/4-methylmorpholine-cas-109-02-4\/\"><span style=\"color: #0000ff;\"><strong>N-Methylmorpholin<\/strong><\/span><\/a><\/h4>\n<\/td>\n<td class=\"et3\" style=\"width: 110.25pt;\" width=\"147\">\n<h4><strong>109-02-4<\/strong><\/h4>\n<\/td>\n<\/tr>\n<tr style=\"height: 67.50pt;\">\n<td class=\"et3\" style=\"height: 67.50pt;\" height=\"90\">\n<h4><a href=\"https:\/\/longchangchemical.com\/de\/product\/cas-7529-22-8\/\"><span style=\"color: #0000ff;\"><strong>4-Methylmorpholin-N-oxid<\/strong><\/span><\/a><\/h4>\n<\/td>\n<td class=\"et3\">\n<h4><span style=\"color: #000000;\"><strong>7529-22-8<\/strong><\/span><\/h4>\n<\/td>\n<\/tr>\n<tr style=\"height: 54.00pt;\">\n<td class=\"et3\" style=\"height: 54.00pt;\" height=\"72\">\n<h4><a href=\"https:\/\/longchangchemical.com\/de\/product\/n-ethylmorpholine-cas-100-74-3\/\"><span style=\"color: #0000ff;\"><strong>N-Ethylmorpholin<\/strong><\/span><\/a><\/h4>\n<\/td>\n<td class=\"et3\">\n<h4><span style=\"color: #000000;\"><strong>100-74-3<\/strong><\/span><\/h4>\n<\/td>\n<\/tr>\n<tr style=\"height: 54.00pt;\">\n<td class=\"et4\" style=\"height: 54.00pt; width: 201.75pt;\" width=\"269\" height=\"72\">\n<h4>N-Formylmorpholin<\/h4>\n<\/td>\n<td class=\"et4\" style=\"width: 110.25pt;\" width=\"147\">\n<h4><span style=\"color: #000000;\"><strong>4394-85-8<\/strong><\/span><\/h4>\n<\/td>\n<\/tr>\n<\/tbody>\n<\/table>\n<p>&nbsp;<\/p>\n<h2><strong>Sasolate\u00ae NFM Lagerung<\/strong><\/h2>\n<h4>In einem k\u00fchlen, trockenen und gut verschlossenen Beh\u00e4lter fern von Licht und Feuer aufbewahren.<\/h4>\n<h2><strong><b>Kontaktieren Sie uns jetzt!<\/b><\/strong><\/h2>\n<h4><strong><b>Wir bieten ma\u00dfgeschneiderte Dienstleistungen an und werden Sie in der Regel innerhalb von 24 Stunden kontaktieren. Sie k\u00f6nnen auch eine E-Mail an info@longchangchemical.com w\u00e4hrend der Arbeitszeiten (8:30 bis 18:00 Uhr UTC+8 Mo.~Sa.) senden oder den Live-Chat der Website nutzen, um eine schnelle Antwort zu erhalten.<\/b><\/strong><\/h4>","protected":false},"excerpt":{"rendered":"<h4>Chemische Bezeichnung: Sasolate\u00ae NFM<\/h4>\n<h4>Andere Bezeichnung: N-Formylmorpholin; NFM<\/h4>\n<h4>CAS-Nr.: 4394-85-8<\/h4>\n<h4>Molekulare Formel: C5H9NO2<\/h4>\n<h4>Molekulargewicht: 115,13<\/h4>\n<h4>Molekulare Struktur:<img decoding=\"async\" title=\"bild.png\" src=\"https:\/\/www.longchangchemical.com\/wp-content\/uploads\/product-details\/20200617200959.png\" alt=\"bild.png\" \/><\/h4>\n<h4>\u00c4u\u00dferes Erscheinungsbild: Farblose oder hellgelbe Fl\u00fcssigkeit oder Feststoff<\/h4>\n<h4>Assay: 99,5%min<\/h4>","protected":false},"featured_media":4318,"comment_status":"open","ping_status":"closed","template":"","meta":[],"product_brand":[],"product_cat":[69],"product_tag":[],"class_list":{"0":"post-3518","1":"product","2":"type-product","3":"status-publish","4":"has-post-thumbnail","6":"product_cat-catalysts-chemical-auxiliary-agents","8":"first","9":"instock","10":"shipping-taxable","11":"product-type-simple"},"yoast_head":"<!-- This site is optimized with the Yoast SEO plugin v25.3.1 - https:\/\/yoast.com\/wordpress\/plugins\/seo\/ -->\n<title>China N-Formylmorpholine Manufacturer \uff06 CAS 4394-85-8 Supplier - Longchang chemical Co., Ltd.<\/title>\n<meta name=\"description\" content=\"Longchang Chemical is a leading manufacturer and supplier of N-Formylmorpholine in China. Buy N-Formylmorpholine in china. We can provide the best N-Formylmorpholine price.\" \/>\n<meta name=\"robots\" content=\"index, follow, max-snippet:-1, max-image-preview:large, max-video-preview:-1\" \/>\n<link rel=\"canonical\" href=\"https:\/\/longchangchemical.com\/de\/product\/n-formylmorpholine-cas-4394-85-8\/\" \/>\n<meta property=\"og:locale\" content=\"de_DE\" \/>\n<meta property=\"og:type\" content=\"article\" \/>\n<meta property=\"og:title\" content=\"China N-Formylmorpholine Manufacturer \uff06 CAS 4394-85-8 Supplier - Longchang chemical Co., Ltd.\" \/>\n<meta property=\"og:description\" content=\"Longchang Chemical is a leading manufacturer and supplier of N-Formylmorpholine in China. Buy N-Formylmorpholine in china. We can provide the best N-Formylmorpholine price.\" \/>\n<meta property=\"og:url\" content=\"https:\/\/longchangchemical.com\/de\/product\/n-formylmorpholine-cas-4394-85-8\/\" \/>\n<meta property=\"og:site_name\" content=\"Longchang Chemical\" \/>\n<meta property=\"article:modified_time\" content=\"2025-12-23T06:28:41+00:00\" \/>\n<meta property=\"og:image\" content=\"https:\/\/longchangchemical.com\/wp-content\/uploads\/2021\/01\/N-Formylmorpholine-Packaging.jpg\" \/>\n\t<meta property=\"og:image:width\" content=\"600\" \/>\n\t<meta property=\"og:image:height\" content=\"800\" \/>\n\t<meta property=\"og:image:type\" content=\"image\/jpeg\" \/>\n<meta name=\"twitter:card\" content=\"summary_large_image\" \/>\n<script type=\"application\/ld+json\" class=\"yoast-schema-graph\">{\"@context\":\"https:\/\/schema.org\",\"@graph\":[{\"@type\":\"WebPage\",\"@id\":\"https:\/\/longchangchemical.com\/product\/n-formylmorpholine-cas-4394-85-8\/\",\"url\":\"https:\/\/longchangchemical.com\/product\/n-formylmorpholine-cas-4394-85-8\/\",\"name\":\"China N-Formylmorpholine Manufacturer \uff06 CAS 4394-85-8 Supplier - Longchang chemical Co., Ltd.\",\"isPartOf\":{\"@id\":\"https:\/\/longchangchemical.com\/#website\"},\"primaryImageOfPage\":{\"@id\":\"https:\/\/longchangchemical.com\/product\/n-formylmorpholine-cas-4394-85-8\/#primaryimage\"},\"image\":{\"@id\":\"https:\/\/longchangchemical.com\/product\/n-formylmorpholine-cas-4394-85-8\/#primaryimage\"},\"thumbnailUrl\":\"https:\/\/longchangchemical.com\/wp-content\/uploads\/2021\/01\/N-Formylmorpholine-Packaging.jpg\",\"datePublished\":\"2021-01-26T10:28:45+00:00\",\"dateModified\":\"2025-12-23T06:28:41+00:00\",\"description\":\"Longchang Chemical is a leading manufacturer and supplier of N-Formylmorpholine in China. Buy N-Formylmorpholine in china. We can provide the best N-Formylmorpholine price.\",\"breadcrumb\":{\"@id\":\"https:\/\/longchangchemical.com\/product\/n-formylmorpholine-cas-4394-85-8\/#breadcrumb\"},\"inLanguage\":\"de\",\"potentialAction\":[{\"@type\":\"ReadAction\",\"target\":[\"https:\/\/longchangchemical.com\/product\/n-formylmorpholine-cas-4394-85-8\/\"]}]},{\"@type\":\"ImageObject\",\"inLanguage\":\"de\",\"@id\":\"https:\/\/longchangchemical.com\/product\/n-formylmorpholine-cas-4394-85-8\/#primaryimage\",\"url\":\"https:\/\/longchangchemical.com\/wp-content\/uploads\/2021\/01\/N-Formylmorpholine-Packaging.jpg\",\"contentUrl\":\"https:\/\/longchangchemical.com\/wp-content\/uploads\/2021\/01\/N-Formylmorpholine-Packaging.jpg\",\"width\":600,\"height\":800,\"caption\":\"N-Formylmorpholine Packaging\"},{\"@type\":\"BreadcrumbList\",\"@id\":\"https:\/\/longchangchemical.com\/product\/n-formylmorpholine-cas-4394-85-8\/#breadcrumb\",\"itemListElement\":[{\"@type\":\"ListItem\",\"position\":1,\"name\":\"Home\",\"item\":\"https:\/\/longchangchemical.com\/\"},{\"@type\":\"ListItem\",\"position\":2,\"name\":\"Products Longchang\",\"item\":\"https:\/\/longchangchemical.com\/product\/\"},{\"@type\":\"ListItem\",\"position\":3,\"name\":\"Sasolate\u00ae NFM \/ N-Formylmorpholine CAS 4394-85-8\"}]},{\"@type\":\"WebSite\",\"@id\":\"https:\/\/longchangchemical.com\/#website\",\"url\":\"https:\/\/longchangchemical.com\/\",\"name\":\"Longchang Chemical\",\"description\":\"China chemical manufacturer \uff06 supplier\",\"publisher\":{\"@id\":\"https:\/\/longchangchemical.com\/#organization\"},\"potentialAction\":[{\"@type\":\"SearchAction\",\"target\":{\"@type\":\"EntryPoint\",\"urlTemplate\":\"https:\/\/longchangchemical.com\/?s={search_term_string}\"},\"query-input\":{\"@type\":\"PropertyValueSpecification\",\"valueRequired\":true,\"valueName\":\"search_term_string\"}}],\"inLanguage\":\"de\"},{\"@type\":\"Organization\",\"@id\":\"https:\/\/longchangchemical.com\/#organization\",\"name\":\"Longchang Chemical\",\"url\":\"https:\/\/longchangchemical.com\/\",\"logo\":{\"@type\":\"ImageObject\",\"inLanguage\":\"de\",\"@id\":\"https:\/\/longchangchemical.com\/#\/schema\/logo\/image\/\",\"url\":\"https:\/\/longchangchemical.com\/wp-content\/uploads\/2020\/08\/cropped-longchang-logo.png\",\"contentUrl\":\"https:\/\/longchangchemical.com\/wp-content\/uploads\/2020\/08\/cropped-longchang-logo.png\",\"width\":512,\"height\":512,\"caption\":\"Longchang Chemical\"},\"image\":{\"@id\":\"https:\/\/longchangchemical.com\/#\/schema\/logo\/image\/\"}}]}<\/script>\n<!-- \/ Yoast SEO plugin. -->","yoast_head_json":{"title":"China N-Formylmorpholin Hersteller \uff06 CAS 4394-85-8 Lieferant - Longchang chemical Co., Ltd.","description":"Longchang Chemical ist ein f\u00fchrender Hersteller und Lieferant von N-Formylmorpholin in China. Kaufen N-Formylmorpholin in China. Wir k\u00f6nnen die besten N-Formylmorpholin Preis bieten.","robots":{"index":"index","follow":"follow","max-snippet":"max-snippet:-1","max-image-preview":"max-image-preview:large","max-video-preview":"max-video-preview:-1"},"canonical":"https:\/\/longchangchemical.com\/de\/product\/n-formylmorpholine-cas-4394-85-8\/","og_locale":"de_DE","og_type":"article","og_title":"China N-Formylmorpholine Manufacturer \uff06 CAS 4394-85-8 Supplier - Longchang chemical Co., Ltd.","og_description":"Longchang Chemical is a leading manufacturer and supplier of N-Formylmorpholine in China. Buy N-Formylmorpholine in china. We can provide the best N-Formylmorpholine price.","og_url":"https:\/\/longchangchemical.com\/de\/product\/n-formylmorpholine-cas-4394-85-8\/","og_site_name":"Longchang Chemical","article_modified_time":"2025-12-23T06:28:41+00:00","og_image":[{"width":600,"height":800,"url":"https:\/\/longchangchemical.com\/wp-content\/uploads\/2021\/01\/N-Formylmorpholine-Packaging.jpg","type":"image\/jpeg"}],"twitter_card":"summary_large_image","schema":{"@context":"https:\/\/schema.org","@graph":[{"@type":"WebPage","@id":"https:\/\/longchangchemical.com\/product\/n-formylmorpholine-cas-4394-85-8\/","url":"https:\/\/longchangchemical.com\/product\/n-formylmorpholine-cas-4394-85-8\/","name":"China N-Formylmorpholin Hersteller \uff06 CAS 4394-85-8 Lieferant - Longchang chemical Co., Ltd.","isPartOf":{"@id":"https:\/\/longchangchemical.com\/#website"},"primaryImageOfPage":{"@id":"https:\/\/longchangchemical.com\/product\/n-formylmorpholine-cas-4394-85-8\/#primaryimage"},"image":{"@id":"https:\/\/longchangchemical.com\/product\/n-formylmorpholine-cas-4394-85-8\/#primaryimage"},"thumbnailUrl":"https:\/\/longchangchemical.com\/wp-content\/uploads\/2021\/01\/N-Formylmorpholine-Packaging.jpg","datePublished":"2021-01-26T10:28:45+00:00","dateModified":"2025-12-23T06:28:41+00:00","description":"Longchang Chemical ist ein f\u00fchrender Hersteller und Lieferant von N-Formylmorpholin in China. Kaufen N-Formylmorpholin in China. Wir k\u00f6nnen die besten N-Formylmorpholin Preis bieten.","breadcrumb":{"@id":"https:\/\/longchangchemical.com\/product\/n-formylmorpholine-cas-4394-85-8\/#breadcrumb"},"inLanguage":"de","potentialAction":[{"@type":"ReadAction","target":["https:\/\/longchangchemical.com\/product\/n-formylmorpholine-cas-4394-85-8\/"]}]},{"@type":"ImageObject","inLanguage":"de","@id":"https:\/\/longchangchemical.com\/product\/n-formylmorpholine-cas-4394-85-8\/#primaryimage","url":"https:\/\/longchangchemical.com\/wp-content\/uploads\/2021\/01\/N-Formylmorpholine-Packaging.jpg","contentUrl":"https:\/\/longchangchemical.com\/wp-content\/uploads\/2021\/01\/N-Formylmorpholine-Packaging.jpg","width":600,"height":800,"caption":"N-Formylmorpholine Packaging"},{"@type":"BreadcrumbList","@id":"https:\/\/longchangchemical.com\/product\/n-formylmorpholine-cas-4394-85-8\/#breadcrumb","itemListElement":[{"@type":"ListItem","position":1,"name":"Home","item":"https:\/\/longchangchemical.com\/"},{"@type":"ListItem","position":2,"name":"Products Longchang","item":"https:\/\/longchangchemical.com\/product\/"},{"@type":"ListItem","position":3,"name":"Sasolate\u00ae NFM \/ N-Formylmorpholine CAS 4394-85-8"}]},{"@type":"WebSite","@id":"https:\/\/longchangchemical.com\/#website","url":"https:\/\/longchangchemical.com\/","name":"Longchang Chemical","description":"China Hersteller von Chemikalien \uff06 Lieferant","publisher":{"@id":"https:\/\/longchangchemical.com\/#organization"},"potentialAction":[{"@type":"SearchAction","target":{"@type":"EntryPoint","urlTemplate":"https:\/\/longchangchemical.com\/?s={search_term_string}"},"query-input":{"@type":"PropertyValueSpecification","valueRequired":true,"valueName":"search_term_string"}}],"inLanguage":"de"},{"@type":"Organization","@id":"https:\/\/longchangchemical.com\/#organization","name":"Longchang Chemical","url":"https:\/\/longchangchemical.com\/","logo":{"@type":"ImageObject","inLanguage":"de","@id":"https:\/\/longchangchemical.com\/#\/schema\/logo\/image\/","url":"https:\/\/longchangchemical.com\/wp-content\/uploads\/2020\/08\/cropped-longchang-logo.png","contentUrl":"https:\/\/longchangchemical.com\/wp-content\/uploads\/2020\/08\/cropped-longchang-logo.png","width":512,"height":512,"caption":"Longchang Chemical"},"image":{"@id":"https:\/\/longchangchemical.com\/#\/schema\/logo\/image\/"}}]}},"_links":{"self":[{"href":"https:\/\/longchangchemical.com\/de\/wp-json\/wp\/v2\/product\/3518","targetHints":{"allow":["GET"]}}],"collection":[{"href":"https:\/\/longchangchemical.com\/de\/wp-json\/wp\/v2\/product"}],"about":[{"href":"https:\/\/longchangchemical.com\/de\/wp-json\/wp\/v2\/types\/product"}],"replies":[{"embeddable":true,"href":"https:\/\/longchangchemical.com\/de\/wp-json\/wp\/v2\/comments?post=3518"}],"wp:featuredmedia":[{"embeddable":true,"href":"https:\/\/longchangchemical.com\/de\/wp-json\/wp\/v2\/media\/4318"}],"wp:attachment":[{"href":"https:\/\/longchangchemical.com\/de\/wp-json\/wp\/v2\/media?parent=3518"}],"wp:term":[{"taxonomy":"product_brand","embeddable":true,"href":"https:\/\/longchangchemical.com\/de\/wp-json\/wp\/v2\/product_brand?post=3518"},{"taxonomy":"product_cat","embeddable":true,"href":"https:\/\/longchangchemical.com\/de\/wp-json\/wp\/v2\/product_cat?post=3518"},{"taxonomy":"product_tag","embeddable":true,"href":"https:\/\/longchangchemical.com\/de\/wp-json\/wp\/v2\/product_tag?post=3518"}],"curies":[{"name":"wp","href":"https:\/\/api.w.org\/{rel}","templated":true}]}}