{"id":3516,"date":"2021-01-21T12:33:30","date_gmt":"2021-01-21T12:33:30","guid":{"rendered":"https:\/\/longchangchemical.com\/?post_type=product&#038;p=3516"},"modified":"2025-12-23T06:24:29","modified_gmt":"2025-12-23T06:24:29","slug":"tetrahydrofurfuryl-alcohol-cas-97-99-4","status":"publish","type":"product","link":"https:\/\/longchangchemical.com\/de\/product\/tetrahydrofurfuryl-alcohol-cas-97-99-4\/","title":{"rendered":"Tetrahydrofurfurylalkohol CAS 97-99-4"},"content":{"rendered":"<h1><strong>Tetrahydrofurfurylalkohol CAS 97-99-4<\/strong><\/h1>\n<table class=\"table-1\" cellspacing=\"0\" cellpadding=\"0\">\n<tbody>\n<tr align=\"left\">\n<td>\n<h4><span data-spm-anchor-id=\"a2700.details.pronpeci14.i1.64a8df29HuFdWa\">Assay<\/span><\/h4>\n<\/td>\n<td>\n<h4>99% min<\/h4>\n<\/td>\n<\/tr>\n<tr align=\"left\">\n<td>\n<h4>Wasser<\/h4>\n<\/td>\n<td>\n<h4>0,2% max<\/h4>\n<\/td>\n<\/tr>\n<tr align=\"left\">\n<td>\n<h4>Furfurylalkohol<\/h4>\n<\/td>\n<td>\n<h4>0,2% max<\/h4>\n<\/td>\n<\/tr>\n<tr align=\"left\">\n<td>\n<h4>Spezifische optische Drehung<\/h4>\n<\/td>\n<td>\n<h4>1.449-1.453<\/h4>\n<\/td>\n<\/tr>\n<tr align=\"left\">\n<td>\n<h4>Spezifische Dichte<\/h4>\n<\/td>\n<td>\n<h4>1.050-1.054<\/h4>\n<\/td>\n<\/tr>\n<tr align=\"left\">\n<td>\n<h4>Farbe (hazen)<\/h4>\n<\/td>\n<td>\n<h4>15 max<\/h4>\n<\/td>\n<\/tr>\n<\/tbody>\n<\/table>\n<p>&nbsp;<\/p>\n<h2><strong>Tetrahydrofurfurylalkohol Verwendung<\/strong><\/h2>\n<h4><span class=\"JLqJ4b ChMk0b\" data-language-for-alternatives=\"en\" data-language-to-translate-into=\"auto\" data-phrase-index=\"0\">1. der Tetrahydrofurfurylalkohol wird zur Herstellung von Bernsteins\u00e4ure, Pentandiol, Tetrahydrofuran, Pyran usw. verwendet<\/span><\/h4>\n<h4><span class=\"JLqJ4b ChMk0b\" data-language-for-alternatives=\"en\" data-language-to-translate-into=\"auto\" data-phrase-index=\"2\">2. Tetrahydrofurfurylalkohol wird auch als L\u00f6sungsmittel f\u00fcr Farben, Harze und Fette verwendet.<\/span><\/h4>\n<h4><span class=\"JLqJ4b ChMk0b\" data-language-for-alternatives=\"en\" data-language-to-translate-into=\"auto\" data-phrase-index=\"4\">3. In der Druck- und F\u00e4rbeindustrie wird Tetrahydrofurfurylalkohol als Schmiermittel, Dispergiermittel, Entf\u00e4rbungs- und Desodorierungsmittel f\u00fcr Medikamente und als Rohstoff f\u00fcr organische Synthesen wie Weichmacher, Herbizide und Pestizide verwendet.<\/span><\/h4>\n<h4><span class=\"JLqJ4b ChMk0b\" data-language-for-alternatives=\"en\" data-language-to-translate-into=\"auto\" data-phrase-index=\"6\">4. Tetrahydrofurfurylalkohol wird bromiert, um Tetrahydrofuranmethylbromid zu erhalten, das durch Natriumthiosulfat ersetzt wird, um Tetrahydrofuranmethyl-Natriumthiosulfat zu erhalten.<\/span> <span class=\"JLqJ4b ChMk0b\" data-language-for-alternatives=\"en\" data-language-to-translate-into=\"auto\" data-phrase-index=\"7\">Es ist der Ausgangsstoff f\u00fcr das lang wirkende Vitamin B1 (Furan-Thiamin).<\/span><\/h4>\n<p>&nbsp;<\/p>\n<h2><strong>Tetrahydrofurfurylalkohol<\/strong><strong>ohol-Verpackung<\/strong><\/h2>\n<h4>220kgnet perirondrum, 1FCL=17.6MT;1 X ISO TANK =20MT<\/h4>\n<p>&nbsp;<\/p>\n<h2><strong>Tetrahydrofurfurylalkohol Lagerung<\/strong><\/h2>\n<h4>An einem k\u00fchlen, trockenen Ort aufbewahren und vor Sonnenlicht sch\u00fctzen.<\/h4>\n<p>&nbsp;<\/p>\n<h2><strong><b>Kontaktieren Sie uns jetzt!<\/b><\/strong><\/h2>\n<h4><strong><b>Wir bieten ma\u00dfgeschneiderte Dienstleistungen an und werden Sie in der Regel innerhalb von 24 Stunden kontaktieren. Sie k\u00f6nnen auch eine E-Mail an info@longchangchemical.com w\u00e4hrend der Arbeitszeiten (8:30 bis 18:00 Uhr UTC+8 Mo.~Sa.) senden oder den Live-Chat der Website nutzen, um eine schnelle Antwort zu erhalten.<\/b><\/strong><\/h4>","protected":false},"excerpt":{"rendered":"<h4>Produktname: Tetrahydrofurfurylalkohol<\/h4>\n<h4>CAS: 97-99-4<\/h4>\n<h4>MF: C5H10O2<\/h4>\n<h4>MW: 102,13<\/h4>","protected":false},"featured_media":4306,"comment_status":"open","ping_status":"closed","template":"","meta":[],"product_brand":[],"product_cat":[69],"product_tag":[],"class_list":{"0":"post-3516","1":"product","2":"type-product","3":"status-publish","4":"has-post-thumbnail","6":"product_cat-catalysts-chemical-auxiliary-agents","8":"first","9":"instock","10":"shipping-taxable","11":"product-type-simple"},"yoast_head":"<!-- This site is optimized with the Yoast SEO plugin v25.3.1 - https:\/\/yoast.com\/wordpress\/plugins\/seo\/ -->\n<title>China Tetrahydrofurfuryl alcohol Manufacturer \uff06 Supplier - Longchang chemical Co., Ltd.<\/title>\n<meta name=\"description\" content=\"Longchang Chemical is a leading manufacturer and supplier of Tetrahydrofurfuryl alcohol in China. Buy Tetrahydrofurfuryl alcohol in china. We can provide the best Tetrahydrofurfuryl alcohol price.\" \/>\n<meta name=\"robots\" content=\"index, follow, max-snippet:-1, max-image-preview:large, max-video-preview:-1\" \/>\n<link rel=\"canonical\" href=\"https:\/\/longchangchemical.com\/de\/product\/tetrahydrofurfuryl-alcohol-cas-97-99-4\/\" \/>\n<meta property=\"og:locale\" content=\"de_DE\" \/>\n<meta property=\"og:type\" content=\"article\" \/>\n<meta property=\"og:title\" content=\"China Tetrahydrofurfuryl alcohol Manufacturer \uff06 Supplier - Longchang chemical Co., Ltd.\" \/>\n<meta property=\"og:description\" content=\"Longchang Chemical is a leading manufacturer and supplier of Tetrahydrofurfuryl alcohol in China. Buy Tetrahydrofurfuryl alcohol in china. We can provide the best Tetrahydrofurfuryl alcohol price.\" \/>\n<meta property=\"og:url\" content=\"https:\/\/longchangchemical.com\/de\/product\/tetrahydrofurfuryl-alcohol-cas-97-99-4\/\" \/>\n<meta property=\"og:site_name\" content=\"Longchang Chemical\" \/>\n<meta property=\"article:modified_time\" content=\"2025-12-23T06:24:29+00:00\" \/>\n<meta property=\"og:image\" content=\"https:\/\/longchangchemical.com\/wp-content\/uploads\/2021\/01\/Tetrahydrofurfuryl-alcohol-Appearance.jpg\" \/>\n\t<meta property=\"og:image:width\" content=\"600\" \/>\n\t<meta property=\"og:image:height\" content=\"800\" \/>\n\t<meta property=\"og:image:type\" content=\"image\/jpeg\" \/>\n<meta name=\"twitter:card\" content=\"summary_large_image\" \/>\n<script type=\"application\/ld+json\" class=\"yoast-schema-graph\">{\"@context\":\"https:\/\/schema.org\",\"@graph\":[{\"@type\":\"WebPage\",\"@id\":\"https:\/\/longchangchemical.com\/product\/tetrahydrofurfuryl-alcohol-cas-97-99-4\/\",\"url\":\"https:\/\/longchangchemical.com\/product\/tetrahydrofurfuryl-alcohol-cas-97-99-4\/\",\"name\":\"China Tetrahydrofurfuryl alcohol Manufacturer \uff06 Supplier - Longchang chemical Co., Ltd.\",\"isPartOf\":{\"@id\":\"https:\/\/longchangchemical.com\/#website\"},\"primaryImageOfPage\":{\"@id\":\"https:\/\/longchangchemical.com\/product\/tetrahydrofurfuryl-alcohol-cas-97-99-4\/#primaryimage\"},\"image\":{\"@id\":\"https:\/\/longchangchemical.com\/product\/tetrahydrofurfuryl-alcohol-cas-97-99-4\/#primaryimage\"},\"thumbnailUrl\":\"https:\/\/longchangchemical.com\/wp-content\/uploads\/2021\/01\/Tetrahydrofurfuryl-alcohol-Appearance.jpg\",\"datePublished\":\"2021-01-21T12:33:30+00:00\",\"dateModified\":\"2025-12-23T06:24:29+00:00\",\"description\":\"Longchang Chemical is a leading manufacturer and supplier of Tetrahydrofurfuryl alcohol in China. Buy Tetrahydrofurfuryl alcohol in china. We can provide the best Tetrahydrofurfuryl alcohol price.\",\"breadcrumb\":{\"@id\":\"https:\/\/longchangchemical.com\/product\/tetrahydrofurfuryl-alcohol-cas-97-99-4\/#breadcrumb\"},\"inLanguage\":\"de\",\"potentialAction\":[{\"@type\":\"ReadAction\",\"target\":[\"https:\/\/longchangchemical.com\/product\/tetrahydrofurfuryl-alcohol-cas-97-99-4\/\"]}]},{\"@type\":\"ImageObject\",\"inLanguage\":\"de\",\"@id\":\"https:\/\/longchangchemical.com\/product\/tetrahydrofurfuryl-alcohol-cas-97-99-4\/#primaryimage\",\"url\":\"https:\/\/longchangchemical.com\/wp-content\/uploads\/2021\/01\/Tetrahydrofurfuryl-alcohol-Appearance.jpg\",\"contentUrl\":\"https:\/\/longchangchemical.com\/wp-content\/uploads\/2021\/01\/Tetrahydrofurfuryl-alcohol-Appearance.jpg\",\"width\":600,\"height\":800,\"caption\":\"Tetrahydrofurfuryl alcohol Appearance\"},{\"@type\":\"BreadcrumbList\",\"@id\":\"https:\/\/longchangchemical.com\/product\/tetrahydrofurfuryl-alcohol-cas-97-99-4\/#breadcrumb\",\"itemListElement\":[{\"@type\":\"ListItem\",\"position\":1,\"name\":\"Home\",\"item\":\"https:\/\/longchangchemical.com\/\"},{\"@type\":\"ListItem\",\"position\":2,\"name\":\"Products Longchang\",\"item\":\"https:\/\/longchangchemical.com\/product\/\"},{\"@type\":\"ListItem\",\"position\":3,\"name\":\"Tetrahydrofurfuryl alcohol CAS 97-99-4\"}]},{\"@type\":\"WebSite\",\"@id\":\"https:\/\/longchangchemical.com\/#website\",\"url\":\"https:\/\/longchangchemical.com\/\",\"name\":\"Longchang Chemical\",\"description\":\"China chemical manufacturer \uff06 supplier\",\"publisher\":{\"@id\":\"https:\/\/longchangchemical.com\/#organization\"},\"potentialAction\":[{\"@type\":\"SearchAction\",\"target\":{\"@type\":\"EntryPoint\",\"urlTemplate\":\"https:\/\/longchangchemical.com\/?s={search_term_string}\"},\"query-input\":{\"@type\":\"PropertyValueSpecification\",\"valueRequired\":true,\"valueName\":\"search_term_string\"}}],\"inLanguage\":\"de\"},{\"@type\":\"Organization\",\"@id\":\"https:\/\/longchangchemical.com\/#organization\",\"name\":\"Longchang Chemical\",\"url\":\"https:\/\/longchangchemical.com\/\",\"logo\":{\"@type\":\"ImageObject\",\"inLanguage\":\"de\",\"@id\":\"https:\/\/longchangchemical.com\/#\/schema\/logo\/image\/\",\"url\":\"https:\/\/longchangchemical.com\/wp-content\/uploads\/2020\/08\/cropped-longchang-logo.png\",\"contentUrl\":\"https:\/\/longchangchemical.com\/wp-content\/uploads\/2020\/08\/cropped-longchang-logo.png\",\"width\":512,\"height\":512,\"caption\":\"Longchang Chemical\"},\"image\":{\"@id\":\"https:\/\/longchangchemical.com\/#\/schema\/logo\/image\/\"}}]}<\/script>\n<!-- \/ Yoast SEO plugin. -->","yoast_head_json":{"title":"China Tetrahydrofurfurylalkohol Hersteller \uff06 Lieferant - Longchang chemical Co., Ltd.","description":"Longchang Chemical ist ein f\u00fchrender Hersteller und Lieferant von Tetrahydrofurfurylalkohol in China. Kaufen Sie Tetrahydrofurfurylalkohol in China. Wir k\u00f6nnen die besten Tetrahydrofurfurylalkohol Preis bieten.","robots":{"index":"index","follow":"follow","max-snippet":"max-snippet:-1","max-image-preview":"max-image-preview:large","max-video-preview":"max-video-preview:-1"},"canonical":"https:\/\/longchangchemical.com\/de\/product\/tetrahydrofurfuryl-alcohol-cas-97-99-4\/","og_locale":"de_DE","og_type":"article","og_title":"China Tetrahydrofurfuryl alcohol Manufacturer \uff06 Supplier - Longchang chemical Co., Ltd.","og_description":"Longchang Chemical is a leading manufacturer and supplier of Tetrahydrofurfuryl alcohol in China. Buy Tetrahydrofurfuryl alcohol in china. We can provide the best Tetrahydrofurfuryl alcohol price.","og_url":"https:\/\/longchangchemical.com\/de\/product\/tetrahydrofurfuryl-alcohol-cas-97-99-4\/","og_site_name":"Longchang Chemical","article_modified_time":"2025-12-23T06:24:29+00:00","og_image":[{"width":600,"height":800,"url":"https:\/\/longchangchemical.com\/wp-content\/uploads\/2021\/01\/Tetrahydrofurfuryl-alcohol-Appearance.jpg","type":"image\/jpeg"}],"twitter_card":"summary_large_image","schema":{"@context":"https:\/\/schema.org","@graph":[{"@type":"WebPage","@id":"https:\/\/longchangchemical.com\/product\/tetrahydrofurfuryl-alcohol-cas-97-99-4\/","url":"https:\/\/longchangchemical.com\/product\/tetrahydrofurfuryl-alcohol-cas-97-99-4\/","name":"China Tetrahydrofurfurylalkohol Hersteller \uff06 Lieferant - Longchang chemical Co., Ltd.","isPartOf":{"@id":"https:\/\/longchangchemical.com\/#website"},"primaryImageOfPage":{"@id":"https:\/\/longchangchemical.com\/product\/tetrahydrofurfuryl-alcohol-cas-97-99-4\/#primaryimage"},"image":{"@id":"https:\/\/longchangchemical.com\/product\/tetrahydrofurfuryl-alcohol-cas-97-99-4\/#primaryimage"},"thumbnailUrl":"https:\/\/longchangchemical.com\/wp-content\/uploads\/2021\/01\/Tetrahydrofurfuryl-alcohol-Appearance.jpg","datePublished":"2021-01-21T12:33:30+00:00","dateModified":"2025-12-23T06:24:29+00:00","description":"Longchang Chemical ist ein f\u00fchrender Hersteller und Lieferant von Tetrahydrofurfurylalkohol in China. Kaufen Sie Tetrahydrofurfurylalkohol in China. Wir k\u00f6nnen die besten Tetrahydrofurfurylalkohol Preis bieten.","breadcrumb":{"@id":"https:\/\/longchangchemical.com\/product\/tetrahydrofurfuryl-alcohol-cas-97-99-4\/#breadcrumb"},"inLanguage":"de","potentialAction":[{"@type":"ReadAction","target":["https:\/\/longchangchemical.com\/product\/tetrahydrofurfuryl-alcohol-cas-97-99-4\/"]}]},{"@type":"ImageObject","inLanguage":"de","@id":"https:\/\/longchangchemical.com\/product\/tetrahydrofurfuryl-alcohol-cas-97-99-4\/#primaryimage","url":"https:\/\/longchangchemical.com\/wp-content\/uploads\/2021\/01\/Tetrahydrofurfuryl-alcohol-Appearance.jpg","contentUrl":"https:\/\/longchangchemical.com\/wp-content\/uploads\/2021\/01\/Tetrahydrofurfuryl-alcohol-Appearance.jpg","width":600,"height":800,"caption":"Tetrahydrofurfuryl alcohol Appearance"},{"@type":"BreadcrumbList","@id":"https:\/\/longchangchemical.com\/product\/tetrahydrofurfuryl-alcohol-cas-97-99-4\/#breadcrumb","itemListElement":[{"@type":"ListItem","position":1,"name":"Home","item":"https:\/\/longchangchemical.com\/"},{"@type":"ListItem","position":2,"name":"Products Longchang","item":"https:\/\/longchangchemical.com\/product\/"},{"@type":"ListItem","position":3,"name":"Tetrahydrofurfuryl alcohol CAS 97-99-4"}]},{"@type":"WebSite","@id":"https:\/\/longchangchemical.com\/#website","url":"https:\/\/longchangchemical.com\/","name":"Longchang Chemical","description":"China Hersteller von Chemikalien \uff06 Lieferant","publisher":{"@id":"https:\/\/longchangchemical.com\/#organization"},"potentialAction":[{"@type":"SearchAction","target":{"@type":"EntryPoint","urlTemplate":"https:\/\/longchangchemical.com\/?s={search_term_string}"},"query-input":{"@type":"PropertyValueSpecification","valueRequired":true,"valueName":"search_term_string"}}],"inLanguage":"de"},{"@type":"Organization","@id":"https:\/\/longchangchemical.com\/#organization","name":"Longchang Chemical","url":"https:\/\/longchangchemical.com\/","logo":{"@type":"ImageObject","inLanguage":"de","@id":"https:\/\/longchangchemical.com\/#\/schema\/logo\/image\/","url":"https:\/\/longchangchemical.com\/wp-content\/uploads\/2020\/08\/cropped-longchang-logo.png","contentUrl":"https:\/\/longchangchemical.com\/wp-content\/uploads\/2020\/08\/cropped-longchang-logo.png","width":512,"height":512,"caption":"Longchang Chemical"},"image":{"@id":"https:\/\/longchangchemical.com\/#\/schema\/logo\/image\/"}}]}},"_links":{"self":[{"href":"https:\/\/longchangchemical.com\/de\/wp-json\/wp\/v2\/product\/3516","targetHints":{"allow":["GET"]}}],"collection":[{"href":"https:\/\/longchangchemical.com\/de\/wp-json\/wp\/v2\/product"}],"about":[{"href":"https:\/\/longchangchemical.com\/de\/wp-json\/wp\/v2\/types\/product"}],"replies":[{"embeddable":true,"href":"https:\/\/longchangchemical.com\/de\/wp-json\/wp\/v2\/comments?post=3516"}],"wp:featuredmedia":[{"embeddable":true,"href":"https:\/\/longchangchemical.com\/de\/wp-json\/wp\/v2\/media\/4306"}],"wp:attachment":[{"href":"https:\/\/longchangchemical.com\/de\/wp-json\/wp\/v2\/media?parent=3516"}],"wp:term":[{"taxonomy":"product_brand","embeddable":true,"href":"https:\/\/longchangchemical.com\/de\/wp-json\/wp\/v2\/product_brand?post=3516"},{"taxonomy":"product_cat","embeddable":true,"href":"https:\/\/longchangchemical.com\/de\/wp-json\/wp\/v2\/product_cat?post=3516"},{"taxonomy":"product_tag","embeddable":true,"href":"https:\/\/longchangchemical.com\/de\/wp-json\/wp\/v2\/product_tag?post=3516"}],"curies":[{"name":"wp","href":"https:\/\/api.w.org\/{rel}","templated":true}]}}