{"id":3515,"date":"2021-01-21T12:29:25","date_gmt":"2021-01-21T12:29:25","guid":{"rendered":"https:\/\/longchangchemical.com\/?post_type=product&#038;p=3515"},"modified":"2026-05-08T02:59:29","modified_gmt":"2026-05-08T02:59:29","slug":"d-panthenol-cas-81-13-0","status":"publish","type":"product","link":"https:\/\/longchangchemical.com\/de\/product\/d-panthenol-cas-81-13-0\/","title":{"rendered":"D-Panthenol CAS 81-13-0"},"content":{"rendered":"<h2><strong>D-Panthenol CAS 81-13-0<\/strong><\/h2>\n<p>&nbsp;<\/p>\n<table class=\"table-1\" cellspacing=\"0\">\n<tbody>\n<tr>\n<td>\n<h4>Schmelzpunkt<\/h4>\n<\/td>\n<td>\n<h4>64\uff5e69\u2103<\/h4>\n<\/td>\n<\/tr>\n<tr>\n<td>\n<h4>Dichte<\/h4>\n<\/td>\n<td>\n<h4>1,20 g\/ml bei 20 \u00b0C(lit.)<\/h4>\n<\/td>\n<\/tr>\n<tr>\n<td>\n<h4>Siedepunkt<\/h4>\n<\/td>\n<td>\n<h4>118-120 \u00b0C (2,7 mmHg)<\/h4>\n<\/td>\n<\/tr>\n<tr>\n<td>\n<h4>Farbe<\/h4>\n<\/td>\n<td>\n<h4>Klar farblos bis leicht gelb<\/h4>\n<\/td>\n<\/tr>\n<tr>\n<td>\n<h4>Brechungsindex<\/h4>\n<\/td>\n<td>\n<h4>1.495-1.502<\/h4>\n<\/td>\n<\/tr>\n<tr>\n<td>\n<h4>L\u00f6slichkeit<\/h4>\n<\/td>\n<td>\n<h4>l\u00f6slich<\/h4>\n<\/td>\n<\/tr>\n<\/tbody>\n<\/table>\n<p>&nbsp;<\/p>\n<h2><strong>D-PANTHENOL Verwendung<\/strong><\/h2>\n<h4>1. D-Panthenol ist das \u00c4quivalent von D-Panthenol und die Vorstufe des Coenzyms A. Es ist ein wichtiges Vitaminpr\u00e4parat. Es kann im menschlichen K\u00f6rper in Panthenol umgewandelt und dann in Coenzym A synthetisiert werden, um den Stoffwechsel von menschlichem Protein, Fett und Kohlenhydraten zu f\u00f6rdern. Es sch\u00fctzt die Schleimh\u00e4ute und den Glanz der Hautoberfl\u00e4che, um das Auftreten von Krankheiten zu verhindern.<\/h4>\n<h4>2. Als Nahrungserg\u00e4nzungsmittel findet D-Panthenol breite Anwendung in der Medizin, der Lebensmittel- und der Kosmetikindustrie. Zu den spezifischen Zubereitungen geh\u00f6ren orale Fl\u00fcssigkeit, Augentropfen, Multivitamin-Injektionen, Shampoo, Mousse, Feuchtigkeitscreme usw.<\/h4>\n<p>&nbsp;<\/p>\n<h2><strong>D-PANTHENOL Verpackung und Versand<\/strong><\/h2>\n<h4>Verpackung: 25kg\/Sack<\/h4>\n<p>&nbsp;<\/p>\n<h2><strong>D-PANTHENOL Lagerung<\/strong><\/h2>\n<h4>In einem k\u00fchlen, trockenen und bel\u00fcfteten Lagerhaus lagern, fern von Feuer, Hitze und direkter Sonneneinstrahlung.<\/h4>\n<p>&nbsp;<\/p>\n<h2><strong><b>Kontaktieren Sie uns jetzt!<\/b><\/strong><\/h2>\n<h4><strong><b>Wir bieten ma\u00dfgeschneiderte Dienstleistungen an und werden Sie in der Regel innerhalb von 24 Stunden kontaktieren. Sie k\u00f6nnen auch eine E-Mail an info@longchangchemical.com w\u00e4hrend der Arbeitszeiten (8:30 bis 18:00 Uhr UTC+8 Mo.~Sa.) senden oder den Live-Chat der Website nutzen, um eine schnelle Antwort zu erhalten.<\/b><\/strong><\/h4>","protected":false},"excerpt":{"rendered":"<h4>Chemische Bezeichnung: D-PANTHENOL<\/h4>\n<h4>CAS-Nr.: 81-13-0<\/h4>\n<h4>Molekulare Formel: C9H19NO4<\/h4>\n<h4>Molekulargewicht: 205,25<\/h4>\n<h4>MolekulareStruktur:<img decoding=\"async\" title=\"D-PANTHENOL Struktur\" src=\"https:\/\/www.longchangchemical.com\/wp-content\/uploads\/product-details\/20200610165102.png\" alt=\"D-PANTHENOL Struktur\" width=\"185\" height=\"65\" border=\"0\" vspace=\"0\" \/><\/h4>\n<h4>Aussehen:Farblose oder schwach gelbe, teigige Fl\u00fcssigkeit<\/h4>","protected":false},"featured_media":4304,"comment_status":"open","ping_status":"closed","template":"","meta":[],"product_brand":[],"product_cat":[113],"product_tag":[],"class_list":{"0":"post-3515","1":"product","2":"type-product","3":"status-publish","4":"has-post-thumbnail","6":"product_cat-organic-intermediate","8":"first","9":"instock","10":"shipping-taxable","11":"product-type-simple"},"yoast_head":"<!-- This site is optimized with the Yoast SEO plugin v25.3.1 - https:\/\/yoast.com\/wordpress\/plugins\/seo\/ -->\n<title>China D-PANTHENOL Manufacturer \uff06 Supplier - Longchang chemical Co., Ltd.<\/title>\n<meta name=\"description\" content=\"Longchang Chemical is a leading manufacturer and supplier of D-PANTHENOL in China. Buy D-PANTHENOL in china. We can provide the best D-PANTHENOL price.\" \/>\n<meta name=\"robots\" content=\"index, follow, max-snippet:-1, max-image-preview:large, max-video-preview:-1\" \/>\n<link rel=\"canonical\" href=\"https:\/\/longchangchemical.com\/de\/product\/d-panthenol-cas-81-13-0\/\" \/>\n<meta property=\"og:locale\" content=\"de_DE\" \/>\n<meta property=\"og:type\" content=\"article\" \/>\n<meta property=\"og:title\" content=\"China D-PANTHENOL Manufacturer \uff06 Supplier - Longchang chemical Co., Ltd.\" \/>\n<meta property=\"og:description\" content=\"Longchang Chemical is a leading manufacturer and supplier of D-PANTHENOL in China. Buy D-PANTHENOL in china. We can provide the best D-PANTHENOL price.\" \/>\n<meta property=\"og:url\" content=\"https:\/\/longchangchemical.com\/de\/product\/d-panthenol-cas-81-13-0\/\" \/>\n<meta property=\"og:site_name\" content=\"Longchang Chemical\" \/>\n<meta property=\"article:modified_time\" content=\"2026-05-08T02:59:29+00:00\" \/>\n<meta property=\"og:image\" content=\"https:\/\/longchangchemical.com\/wp-content\/uploads\/2021\/01\/Appearance-6.jpg\" \/>\n\t<meta property=\"og:image:width\" content=\"600\" \/>\n\t<meta property=\"og:image:height\" content=\"800\" \/>\n\t<meta property=\"og:image:type\" content=\"image\/jpeg\" \/>\n<meta name=\"twitter:card\" content=\"summary_large_image\" \/>\n<script type=\"application\/ld+json\" class=\"yoast-schema-graph\">{\"@context\":\"https:\/\/schema.org\",\"@graph\":[{\"@type\":\"WebPage\",\"@id\":\"https:\/\/longchangchemical.com\/product\/d-panthenol-cas-81-13-0\/\",\"url\":\"https:\/\/longchangchemical.com\/product\/d-panthenol-cas-81-13-0\/\",\"name\":\"China D-PANTHENOL Manufacturer \uff06 Supplier - Longchang chemical Co., Ltd.\",\"isPartOf\":{\"@id\":\"https:\/\/longchangchemical.com\/#website\"},\"primaryImageOfPage\":{\"@id\":\"https:\/\/longchangchemical.com\/product\/d-panthenol-cas-81-13-0\/#primaryimage\"},\"image\":{\"@id\":\"https:\/\/longchangchemical.com\/product\/d-panthenol-cas-81-13-0\/#primaryimage\"},\"thumbnailUrl\":\"https:\/\/longchangchemical.com\/wp-content\/uploads\/2021\/01\/Appearance-6.jpg\",\"datePublished\":\"2021-01-21T12:29:25+00:00\",\"dateModified\":\"2026-05-08T02:59:29+00:00\",\"description\":\"Longchang Chemical is a leading manufacturer and supplier of D-PANTHENOL in China. Buy D-PANTHENOL in china. We can provide the best D-PANTHENOL price.\",\"breadcrumb\":{\"@id\":\"https:\/\/longchangchemical.com\/product\/d-panthenol-cas-81-13-0\/#breadcrumb\"},\"inLanguage\":\"de\",\"potentialAction\":[{\"@type\":\"ReadAction\",\"target\":[\"https:\/\/longchangchemical.com\/product\/d-panthenol-cas-81-13-0\/\"]}]},{\"@type\":\"ImageObject\",\"inLanguage\":\"de\",\"@id\":\"https:\/\/longchangchemical.com\/product\/d-panthenol-cas-81-13-0\/#primaryimage\",\"url\":\"https:\/\/longchangchemical.com\/wp-content\/uploads\/2021\/01\/Appearance-6.jpg\",\"contentUrl\":\"https:\/\/longchangchemical.com\/wp-content\/uploads\/2021\/01\/Appearance-6.jpg\",\"width\":600,\"height\":800,\"caption\":\"D-PANTHENOL Appearance\"},{\"@type\":\"BreadcrumbList\",\"@id\":\"https:\/\/longchangchemical.com\/product\/d-panthenol-cas-81-13-0\/#breadcrumb\",\"itemListElement\":[{\"@type\":\"ListItem\",\"position\":1,\"name\":\"Home\",\"item\":\"https:\/\/longchangchemical.com\/\"},{\"@type\":\"ListItem\",\"position\":2,\"name\":\"Products Longchang\",\"item\":\"https:\/\/longchangchemical.com\/product\/\"},{\"@type\":\"ListItem\",\"position\":3,\"name\":\"D-panthenol CAS 81-13-0\"}]},{\"@type\":\"WebSite\",\"@id\":\"https:\/\/longchangchemical.com\/#website\",\"url\":\"https:\/\/longchangchemical.com\/\",\"name\":\"Longchang Chemical\",\"description\":\"China chemical manufacturer \uff06 supplier\",\"publisher\":{\"@id\":\"https:\/\/longchangchemical.com\/#organization\"},\"potentialAction\":[{\"@type\":\"SearchAction\",\"target\":{\"@type\":\"EntryPoint\",\"urlTemplate\":\"https:\/\/longchangchemical.com\/?s={search_term_string}\"},\"query-input\":{\"@type\":\"PropertyValueSpecification\",\"valueRequired\":true,\"valueName\":\"search_term_string\"}}],\"inLanguage\":\"de\"},{\"@type\":\"Organization\",\"@id\":\"https:\/\/longchangchemical.com\/#organization\",\"name\":\"Longchang Chemical\",\"url\":\"https:\/\/longchangchemical.com\/\",\"logo\":{\"@type\":\"ImageObject\",\"inLanguage\":\"de\",\"@id\":\"https:\/\/longchangchemical.com\/#\/schema\/logo\/image\/\",\"url\":\"https:\/\/longchangchemical.com\/wp-content\/uploads\/2020\/08\/cropped-longchang-logo.png\",\"contentUrl\":\"https:\/\/longchangchemical.com\/wp-content\/uploads\/2020\/08\/cropped-longchang-logo.png\",\"width\":512,\"height\":512,\"caption\":\"Longchang Chemical\"},\"image\":{\"@id\":\"https:\/\/longchangchemical.com\/#\/schema\/logo\/image\/\"}}]}<\/script>\n<!-- \/ Yoast SEO plugin. -->","yoast_head_json":{"title":"China D-PANTHENOL Hersteller \uff06 Lieferant - Longchang chemical Co., Ltd.","description":"Longchang Chemical ist ein f\u00fchrender Hersteller und Lieferant von D-PANTHENOL in China. Kaufen Sie D-PANTHENOL in China. Wir k\u00f6nnen die besten D-PANTHENOL Preis bieten.","robots":{"index":"index","follow":"follow","max-snippet":"max-snippet:-1","max-image-preview":"max-image-preview:large","max-video-preview":"max-video-preview:-1"},"canonical":"https:\/\/longchangchemical.com\/de\/product\/d-panthenol-cas-81-13-0\/","og_locale":"de_DE","og_type":"article","og_title":"China D-PANTHENOL Manufacturer \uff06 Supplier - Longchang chemical Co., Ltd.","og_description":"Longchang Chemical is a leading manufacturer and supplier of D-PANTHENOL in China. Buy D-PANTHENOL in china. We can provide the best D-PANTHENOL price.","og_url":"https:\/\/longchangchemical.com\/de\/product\/d-panthenol-cas-81-13-0\/","og_site_name":"Longchang Chemical","article_modified_time":"2026-05-08T02:59:29+00:00","og_image":[{"width":600,"height":800,"url":"https:\/\/longchangchemical.com\/wp-content\/uploads\/2021\/01\/Appearance-6.jpg","type":"image\/jpeg"}],"twitter_card":"summary_large_image","schema":{"@context":"https:\/\/schema.org","@graph":[{"@type":"WebPage","@id":"https:\/\/longchangchemical.com\/product\/d-panthenol-cas-81-13-0\/","url":"https:\/\/longchangchemical.com\/product\/d-panthenol-cas-81-13-0\/","name":"China D-PANTHENOL Hersteller \uff06 Lieferant - Longchang chemical Co., Ltd.","isPartOf":{"@id":"https:\/\/longchangchemical.com\/#website"},"primaryImageOfPage":{"@id":"https:\/\/longchangchemical.com\/product\/d-panthenol-cas-81-13-0\/#primaryimage"},"image":{"@id":"https:\/\/longchangchemical.com\/product\/d-panthenol-cas-81-13-0\/#primaryimage"},"thumbnailUrl":"https:\/\/longchangchemical.com\/wp-content\/uploads\/2021\/01\/Appearance-6.jpg","datePublished":"2021-01-21T12:29:25+00:00","dateModified":"2026-05-08T02:59:29+00:00","description":"Longchang Chemical ist ein f\u00fchrender Hersteller und Lieferant von D-PANTHENOL in China. Kaufen Sie D-PANTHENOL in China. Wir k\u00f6nnen die besten D-PANTHENOL Preis bieten.","breadcrumb":{"@id":"https:\/\/longchangchemical.com\/product\/d-panthenol-cas-81-13-0\/#breadcrumb"},"inLanguage":"de","potentialAction":[{"@type":"ReadAction","target":["https:\/\/longchangchemical.com\/product\/d-panthenol-cas-81-13-0\/"]}]},{"@type":"ImageObject","inLanguage":"de","@id":"https:\/\/longchangchemical.com\/product\/d-panthenol-cas-81-13-0\/#primaryimage","url":"https:\/\/longchangchemical.com\/wp-content\/uploads\/2021\/01\/Appearance-6.jpg","contentUrl":"https:\/\/longchangchemical.com\/wp-content\/uploads\/2021\/01\/Appearance-6.jpg","width":600,"height":800,"caption":"D-PANTHENOL Appearance"},{"@type":"BreadcrumbList","@id":"https:\/\/longchangchemical.com\/product\/d-panthenol-cas-81-13-0\/#breadcrumb","itemListElement":[{"@type":"ListItem","position":1,"name":"Home","item":"https:\/\/longchangchemical.com\/"},{"@type":"ListItem","position":2,"name":"Products Longchang","item":"https:\/\/longchangchemical.com\/product\/"},{"@type":"ListItem","position":3,"name":"D-panthenol CAS 81-13-0"}]},{"@type":"WebSite","@id":"https:\/\/longchangchemical.com\/#website","url":"https:\/\/longchangchemical.com\/","name":"Longchang Chemical","description":"China Hersteller von Chemikalien \uff06 Lieferant","publisher":{"@id":"https:\/\/longchangchemical.com\/#organization"},"potentialAction":[{"@type":"SearchAction","target":{"@type":"EntryPoint","urlTemplate":"https:\/\/longchangchemical.com\/?s={search_term_string}"},"query-input":{"@type":"PropertyValueSpecification","valueRequired":true,"valueName":"search_term_string"}}],"inLanguage":"de"},{"@type":"Organization","@id":"https:\/\/longchangchemical.com\/#organization","name":"Longchang Chemical","url":"https:\/\/longchangchemical.com\/","logo":{"@type":"ImageObject","inLanguage":"de","@id":"https:\/\/longchangchemical.com\/#\/schema\/logo\/image\/","url":"https:\/\/longchangchemical.com\/wp-content\/uploads\/2020\/08\/cropped-longchang-logo.png","contentUrl":"https:\/\/longchangchemical.com\/wp-content\/uploads\/2020\/08\/cropped-longchang-logo.png","width":512,"height":512,"caption":"Longchang Chemical"},"image":{"@id":"https:\/\/longchangchemical.com\/#\/schema\/logo\/image\/"}}]}},"_links":{"self":[{"href":"https:\/\/longchangchemical.com\/de\/wp-json\/wp\/v2\/product\/3515","targetHints":{"allow":["GET"]}}],"collection":[{"href":"https:\/\/longchangchemical.com\/de\/wp-json\/wp\/v2\/product"}],"about":[{"href":"https:\/\/longchangchemical.com\/de\/wp-json\/wp\/v2\/types\/product"}],"replies":[{"embeddable":true,"href":"https:\/\/longchangchemical.com\/de\/wp-json\/wp\/v2\/comments?post=3515"}],"wp:featuredmedia":[{"embeddable":true,"href":"https:\/\/longchangchemical.com\/de\/wp-json\/wp\/v2\/media\/4304"}],"wp:attachment":[{"href":"https:\/\/longchangchemical.com\/de\/wp-json\/wp\/v2\/media?parent=3515"}],"wp:term":[{"taxonomy":"product_brand","embeddable":true,"href":"https:\/\/longchangchemical.com\/de\/wp-json\/wp\/v2\/product_brand?post=3515"},{"taxonomy":"product_cat","embeddable":true,"href":"https:\/\/longchangchemical.com\/de\/wp-json\/wp\/v2\/product_cat?post=3515"},{"taxonomy":"product_tag","embeddable":true,"href":"https:\/\/longchangchemical.com\/de\/wp-json\/wp\/v2\/product_tag?post=3515"}],"curies":[{"name":"wp","href":"https:\/\/api.w.org\/{rel}","templated":true}]}}