{"id":3514,"date":"2021-01-21T12:22:49","date_gmt":"2021-01-21T12:22:49","guid":{"rendered":"https:\/\/longchangchemical.com\/?post_type=product&#038;p=3514"},"modified":"2025-12-23T06:19:56","modified_gmt":"2025-12-23T06:19:56","slug":"cysteamine-hydrochloride-cas-156-57-0","status":"publish","type":"product","link":"https:\/\/longchangchemical.com\/de\/product\/cysteamine-hydrochloride-cas-156-57-0\/","title":{"rendered":"Cysteaminhydrochlorid CAS 156-57-0"},"content":{"rendered":"<h1><strong>Cysteaminhydrochlorid CAS 156-57-0<\/strong><\/h1>\n<p>&nbsp;<\/p>\n<table class=\"table-1\">\n<tbody>\n<tr>\n<td colspan=\"3\" rowspan=\"3\">\n<h4>Artikel<\/h4>\n<\/td>\n<td colspan=\"2\">\n<h4>Wert<\/h4>\n<\/td>\n<\/tr>\n<tr>\n<td colspan=\"2\"><\/td>\n<\/tr>\n<tr>\n<td>\n<h4>Festes Pulver<\/h4>\n<\/td>\n<td>\n<h4>75% L\u00f6sung<\/h4>\n<\/td>\n<\/tr>\n<tr>\n<td colspan=\"3\">\n<h4>Erscheinungsbild<\/h4>\n<\/td>\n<td>\n<h4>wei\u00dfes kristallines Pulver<\/h4>\n<\/td>\n<td>\n<h4>farblose klare Fl\u00fcssigkeit<\/h4>\n<\/td>\n<\/tr>\n<tr>\n<td colspan=\"3\">\n<h4>Identifizierung<\/h4>\n<\/td>\n<td>\n<h4>positive Reaktion<\/h4>\n<\/td>\n<td>\n<h4>positive Reaktion<\/h4>\n<\/td>\n<\/tr>\n<tr>\n<td rowspan=\"7\">\n<h4>Reinheit<\/h4>\n<\/td>\n<td>\n<h4>Schmelzpunkt<\/h4>\n<\/td>\n<td colspan=\"2\">\n<h4>65.0-70.0\u00b0C<\/h4>\n<\/td>\n<td>\n<h4>K.A.<\/h4>\n<\/td>\n<\/tr>\n<tr>\n<td>\n<h4>PH<\/h4>\n<\/td>\n<td colspan=\"2\">\n<h4>3.3-5.0<\/h4>\n<\/td>\n<td>\n<h4>4.0-5.0<\/h4>\n<\/td>\n<\/tr>\n<tr>\n<td>\n<h4>Verlust bei Trockenheit<\/h4>\n<\/td>\n<td colspan=\"2\">\n<h4>nicht mehr als 0,5% betr\u00e4gt<\/h4>\n<\/td>\n<td>\n<h4>K.A.<\/h4>\n<\/td>\n<\/tr>\n<tr>\n<td>\n<h4>Schweres Fleisch<\/h4>\n<\/td>\n<td colspan=\"2\">\n<h4>nicht mehr als 0,002% betr\u00e4gt<\/h4>\n<\/td>\n<td>\n<h4>nicht mehr als 0,002% betr\u00e4gt<\/h4>\n<\/td>\n<\/tr>\n<tr>\n<td>\n<h4>Eisensalz<\/h4>\n<\/td>\n<td colspan=\"2\">\n<h4>nicht mehr als 1ppm betr\u00e4gt<\/h4>\n<\/td>\n<td>\n<h4>nicht mehr als 1ppm betr\u00e4gt<\/h4>\n<\/td>\n<\/tr>\n<tr>\n<td>\n<h4>Sulfat<\/h4>\n<\/td>\n<td colspan=\"2\">\n<h4>nicht mehr als 0,01% betr\u00e4gt<\/h4>\n<\/td>\n<td>\n<h4>nicht mehr als 0,01% betr\u00e4gt<\/h4>\n<\/td>\n<\/tr>\n<tr>\n<td>\n<h4>R\u00fcckst\u00e4nde beim Anz\u00fcnden<\/h4>\n<\/td>\n<td colspan=\"2\">\n<h4>nicht mehr als 0,1% betr\u00e4gt<\/h4>\n<\/td>\n<td>\n<h4>K.A.<\/h4>\n<\/td>\n<\/tr>\n<tr>\n<td colspan=\"3\">\n<h4>Assay<\/h4>\n<\/td>\n<td>\n<h4>den Test von C2H7NS-HCl<\/h4>\n<h4>sollte nicht weniger als 99,0% betragen<\/h4>\n<\/td>\n<td>\n<h4>den Test von C2H7NS-HCl<\/h4>\n<h4>sollte nicht weniger als 75,0% betragen<\/h4>\n<\/td>\n<\/tr>\n<\/tbody>\n<\/table>\n<p>&nbsp;<\/p>\n<h2><strong>Cysteamin-Hydrochlorid <\/strong><strong>Verwendung<\/strong><\/h2>\n<h4><span class=\"JLqJ4b ChMk0b\" data-language-for-alternatives=\"en\" data-language-to-translate-into=\"auto\" data-phrase-index=\"0\">1. Wird in der Lebensmittelindustrie als S\u00e4uerungsmittel, Farberhaltungsmittel, Konservierungsmittel und Emulsionsstabilisator f\u00fcr Eigelb usw. verwendet.<\/span><\/h4>\n<h4><span class=\"JLqJ4b ChMk0b\" data-language-for-alternatives=\"en\" data-language-to-translate-into=\"auto\" data-phrase-index=\"2\">2. Verwendung in der pharmazeutischen Industrie f\u00fcr die biochemische Forschung, die Vorbeugung und Behandlung der Strahlenkrankheit sowie als biochemische Reagenzien, Komplexbildner f\u00fcr Schwermetallionen usw.<\/span><\/h4>\n<h4><span class=\"JLqJ4b ChMk0b\" data-language-for-alternatives=\"en\" data-language-to-translate-into=\"auto\" data-phrase-index=\"4\">3. In der pharmazeutischen Industrie ist es ein Zwischenprodukt von Ranitidin und Cimetidin und kann auch als Gegenmittel bei Paracetamolvergiftungen eingesetzt werden.<\/span><\/h4>\n<h4><\/h4>\n<h2><strong>Cysteamin-Hydrochlorid <\/strong><strong>Verpackung<\/strong><\/h2>\n<h4>25kg(99.0%) in doppellagigem PE-Beutel, der zum Schutz mit Stickstoff gef\u00fcllt ist.<br \/>\n75% soulition: 200kg in Plastikfass und das Fass ist zum Schutz mit Stickstoff gef\u00fcllt.<\/h4>\n<p>&nbsp;<\/p>\n<h2><strong>Cysteamin-Hydrochlorid <\/strong><strong>Lagerung<\/strong><\/h2>\n<h4>Es sollte an einem trockenen, k\u00fchlen Ort gelagert werden, fern von Sonneneinstrahlung, Feuchtigkeit und Metallionen.<\/h4>\n<p>&nbsp;<\/p>\n<h2><strong><b>Kontaktieren Sie uns jetzt!<\/b><\/strong><\/h2>\n<h4><strong><b>Wenn Sie COA, MSDS oder TDS ben\u00f6tigen, geben Sie bitte Ihre Kontaktinformationen in das untenstehende Formular ein. Wir werden uns in der Regel innerhalb von 24 Stunden mit Ihnen in Verbindung setzen. Sie k\u00f6nnen mir auch eine E-Mail schicken <span style=\"color: #0000ff;\"><a style=\"color: #0000ff;\" href=\"mailto:info@longchangchemical.com\">info@longchangchemical.com<\/a><\/span> w\u00e4hrend der Gesch\u00e4ftszeiten ( 8:30 bis 18:00 Uhr UTC+8 Mo.~Sa. ) oder nutzen Sie den Live-Chat auf der Website, um eine schnelle Antwort zu erhalten.<\/b><\/strong><\/h4>","protected":false},"excerpt":{"rendered":"<p>Chemische Bezeichnung: Cysteamin-Hydrochlorid<\/p>\n<p>CAS-Nr.: 156-57-0<\/p>\n<p>Molek\u00fclformel: C2H8ClNS<\/p>\n<p>Chemische Struktur:<img decoding=\"async\" title=\"bild.png\" src=\"https:\/\/www.longchangchemical.com\/wp-content\/uploads\/product-details\/20200617304300.png\" alt=\"bild.png\" \/><\/p>\n<p>Molekulargewicht:113.61<\/p>\n<p>Erscheinungsbild: Wei\u00dfes kristallines Pulver (fest) farblose klare Fl\u00fcssigkeit (fl\u00fcssig)<\/p>\n<p>Pr\u00fcfung: 99% (fest) , 75% L\u00f6sung (fl\u00fcssig)<\/p>","protected":false},"featured_media":4302,"comment_status":"open","ping_status":"closed","template":"","meta":[],"product_brand":[],"product_cat":[69],"product_tag":[],"class_list":{"0":"post-3514","1":"product","2":"type-product","3":"status-publish","4":"has-post-thumbnail","6":"product_cat-catalysts-chemical-auxiliary-agents","8":"first","9":"instock","10":"shipping-taxable","11":"product-type-simple"},"yoast_head":"<!-- This site is optimized with the Yoast SEO plugin v25.3.1 - https:\/\/yoast.com\/wordpress\/plugins\/seo\/ -->\n<title>China Cysteamine hydrochloride Manufacturer \uff06 Supplier - Longchang chemical Co., Ltd.<\/title>\n<meta name=\"description\" content=\"Longchang Chemical is a leading manufacturer and supplier of Cysteamine hydrochloride in China. Buy Cysteamine hydrochloride in china. We can provide the best Cysteamine hydrochloride price.\" \/>\n<meta name=\"robots\" content=\"index, follow, max-snippet:-1, max-image-preview:large, max-video-preview:-1\" \/>\n<link rel=\"canonical\" href=\"https:\/\/longchangchemical.com\/de\/product\/cysteamine-hydrochloride-cas-156-57-0\/\" \/>\n<meta property=\"og:locale\" content=\"de_DE\" \/>\n<meta property=\"og:type\" content=\"article\" \/>\n<meta property=\"og:title\" content=\"China Cysteamine hydrochloride Manufacturer \uff06 Supplier - Longchang chemical Co., Ltd.\" \/>\n<meta property=\"og:description\" content=\"Longchang Chemical is a leading manufacturer and supplier of Cysteamine hydrochloride in China. Buy Cysteamine hydrochloride in china. We can provide the best Cysteamine hydrochloride price.\" \/>\n<meta property=\"og:url\" content=\"https:\/\/longchangchemical.com\/de\/product\/cysteamine-hydrochloride-cas-156-57-0\/\" \/>\n<meta property=\"og:site_name\" content=\"Longchang Chemical\" \/>\n<meta property=\"article:modified_time\" content=\"2025-12-23T06:19:56+00:00\" \/>\n<meta property=\"og:image\" content=\"https:\/\/longchangchemical.com\/wp-content\/uploads\/2021\/01\/Appearance-5.jpg\" \/>\n\t<meta property=\"og:image:width\" content=\"600\" \/>\n\t<meta property=\"og:image:height\" content=\"800\" \/>\n\t<meta property=\"og:image:type\" content=\"image\/jpeg\" \/>\n<meta name=\"twitter:card\" content=\"summary_large_image\" \/>\n<script type=\"application\/ld+json\" class=\"yoast-schema-graph\">{\"@context\":\"https:\/\/schema.org\",\"@graph\":[{\"@type\":\"WebPage\",\"@id\":\"https:\/\/longchangchemical.com\/product\/cysteamine-hydrochloride-cas-156-57-0\/\",\"url\":\"https:\/\/longchangchemical.com\/product\/cysteamine-hydrochloride-cas-156-57-0\/\",\"name\":\"China Cysteamine hydrochloride Manufacturer \uff06 Supplier - Longchang chemical Co., Ltd.\",\"isPartOf\":{\"@id\":\"https:\/\/longchangchemical.com\/#website\"},\"primaryImageOfPage\":{\"@id\":\"https:\/\/longchangchemical.com\/product\/cysteamine-hydrochloride-cas-156-57-0\/#primaryimage\"},\"image\":{\"@id\":\"https:\/\/longchangchemical.com\/product\/cysteamine-hydrochloride-cas-156-57-0\/#primaryimage\"},\"thumbnailUrl\":\"https:\/\/longchangchemical.com\/wp-content\/uploads\/2021\/01\/Appearance-5.jpg\",\"datePublished\":\"2021-01-21T12:22:49+00:00\",\"dateModified\":\"2025-12-23T06:19:56+00:00\",\"description\":\"Longchang Chemical is a leading manufacturer and supplier of Cysteamine hydrochloride in China. Buy Cysteamine hydrochloride in china. We can provide the best Cysteamine hydrochloride price.\",\"breadcrumb\":{\"@id\":\"https:\/\/longchangchemical.com\/product\/cysteamine-hydrochloride-cas-156-57-0\/#breadcrumb\"},\"inLanguage\":\"de\",\"potentialAction\":[{\"@type\":\"ReadAction\",\"target\":[\"https:\/\/longchangchemical.com\/product\/cysteamine-hydrochloride-cas-156-57-0\/\"]}]},{\"@type\":\"ImageObject\",\"inLanguage\":\"de\",\"@id\":\"https:\/\/longchangchemical.com\/product\/cysteamine-hydrochloride-cas-156-57-0\/#primaryimage\",\"url\":\"https:\/\/longchangchemical.com\/wp-content\/uploads\/2021\/01\/Appearance-5.jpg\",\"contentUrl\":\"https:\/\/longchangchemical.com\/wp-content\/uploads\/2021\/01\/Appearance-5.jpg\",\"width\":600,\"height\":800,\"caption\":\"Cysteamine hydrochloride Appearance\"},{\"@type\":\"BreadcrumbList\",\"@id\":\"https:\/\/longchangchemical.com\/product\/cysteamine-hydrochloride-cas-156-57-0\/#breadcrumb\",\"itemListElement\":[{\"@type\":\"ListItem\",\"position\":1,\"name\":\"Home\",\"item\":\"https:\/\/longchangchemical.com\/\"},{\"@type\":\"ListItem\",\"position\":2,\"name\":\"Products Longchang\",\"item\":\"https:\/\/longchangchemical.com\/product\/\"},{\"@type\":\"ListItem\",\"position\":3,\"name\":\"cysteamine hydrochloride CAS 156-57-0\"}]},{\"@type\":\"WebSite\",\"@id\":\"https:\/\/longchangchemical.com\/#website\",\"url\":\"https:\/\/longchangchemical.com\/\",\"name\":\"Longchang Chemical\",\"description\":\"China chemical manufacturer \uff06 supplier\",\"publisher\":{\"@id\":\"https:\/\/longchangchemical.com\/#organization\"},\"potentialAction\":[{\"@type\":\"SearchAction\",\"target\":{\"@type\":\"EntryPoint\",\"urlTemplate\":\"https:\/\/longchangchemical.com\/?s={search_term_string}\"},\"query-input\":{\"@type\":\"PropertyValueSpecification\",\"valueRequired\":true,\"valueName\":\"search_term_string\"}}],\"inLanguage\":\"de\"},{\"@type\":\"Organization\",\"@id\":\"https:\/\/longchangchemical.com\/#organization\",\"name\":\"Longchang Chemical\",\"url\":\"https:\/\/longchangchemical.com\/\",\"logo\":{\"@type\":\"ImageObject\",\"inLanguage\":\"de\",\"@id\":\"https:\/\/longchangchemical.com\/#\/schema\/logo\/image\/\",\"url\":\"https:\/\/longchangchemical.com\/wp-content\/uploads\/2020\/08\/cropped-longchang-logo.png\",\"contentUrl\":\"https:\/\/longchangchemical.com\/wp-content\/uploads\/2020\/08\/cropped-longchang-logo.png\",\"width\":512,\"height\":512,\"caption\":\"Longchang Chemical\"},\"image\":{\"@id\":\"https:\/\/longchangchemical.com\/#\/schema\/logo\/image\/\"}}]}<\/script>\n<!-- \/ Yoast SEO plugin. -->","yoast_head_json":{"title":"China Cysteamin-Hydrochlorid Hersteller \uff06 Lieferant - Longchang chemical Co., Ltd.","description":"Longchang Chemical ist ein f\u00fchrender Hersteller und Lieferant von Cysteaminhydrochlorid in China. Kaufen Sie Cysteaminhydrochlorid in China. Wir k\u00f6nnen die besten Cysteaminhydrochlorid Preis bieten.","robots":{"index":"index","follow":"follow","max-snippet":"max-snippet:-1","max-image-preview":"max-image-preview:large","max-video-preview":"max-video-preview:-1"},"canonical":"https:\/\/longchangchemical.com\/de\/product\/cysteamine-hydrochloride-cas-156-57-0\/","og_locale":"de_DE","og_type":"article","og_title":"China Cysteamine hydrochloride Manufacturer \uff06 Supplier - Longchang chemical Co., Ltd.","og_description":"Longchang Chemical is a leading manufacturer and supplier of Cysteamine hydrochloride in China. Buy Cysteamine hydrochloride in china. We can provide the best Cysteamine hydrochloride price.","og_url":"https:\/\/longchangchemical.com\/de\/product\/cysteamine-hydrochloride-cas-156-57-0\/","og_site_name":"Longchang Chemical","article_modified_time":"2025-12-23T06:19:56+00:00","og_image":[{"width":600,"height":800,"url":"https:\/\/longchangchemical.com\/wp-content\/uploads\/2021\/01\/Appearance-5.jpg","type":"image\/jpeg"}],"twitter_card":"summary_large_image","schema":{"@context":"https:\/\/schema.org","@graph":[{"@type":"WebPage","@id":"https:\/\/longchangchemical.com\/product\/cysteamine-hydrochloride-cas-156-57-0\/","url":"https:\/\/longchangchemical.com\/product\/cysteamine-hydrochloride-cas-156-57-0\/","name":"China Cysteamin-Hydrochlorid Hersteller \uff06 Lieferant - Longchang chemical Co., Ltd.","isPartOf":{"@id":"https:\/\/longchangchemical.com\/#website"},"primaryImageOfPage":{"@id":"https:\/\/longchangchemical.com\/product\/cysteamine-hydrochloride-cas-156-57-0\/#primaryimage"},"image":{"@id":"https:\/\/longchangchemical.com\/product\/cysteamine-hydrochloride-cas-156-57-0\/#primaryimage"},"thumbnailUrl":"https:\/\/longchangchemical.com\/wp-content\/uploads\/2021\/01\/Appearance-5.jpg","datePublished":"2021-01-21T12:22:49+00:00","dateModified":"2025-12-23T06:19:56+00:00","description":"Longchang Chemical ist ein f\u00fchrender Hersteller und Lieferant von Cysteaminhydrochlorid in China. Kaufen Sie Cysteaminhydrochlorid in China. Wir k\u00f6nnen die besten Cysteaminhydrochlorid Preis bieten.","breadcrumb":{"@id":"https:\/\/longchangchemical.com\/product\/cysteamine-hydrochloride-cas-156-57-0\/#breadcrumb"},"inLanguage":"de","potentialAction":[{"@type":"ReadAction","target":["https:\/\/longchangchemical.com\/product\/cysteamine-hydrochloride-cas-156-57-0\/"]}]},{"@type":"ImageObject","inLanguage":"de","@id":"https:\/\/longchangchemical.com\/product\/cysteamine-hydrochloride-cas-156-57-0\/#primaryimage","url":"https:\/\/longchangchemical.com\/wp-content\/uploads\/2021\/01\/Appearance-5.jpg","contentUrl":"https:\/\/longchangchemical.com\/wp-content\/uploads\/2021\/01\/Appearance-5.jpg","width":600,"height":800,"caption":"Cysteamine hydrochloride Appearance"},{"@type":"BreadcrumbList","@id":"https:\/\/longchangchemical.com\/product\/cysteamine-hydrochloride-cas-156-57-0\/#breadcrumb","itemListElement":[{"@type":"ListItem","position":1,"name":"Home","item":"https:\/\/longchangchemical.com\/"},{"@type":"ListItem","position":2,"name":"Products Longchang","item":"https:\/\/longchangchemical.com\/product\/"},{"@type":"ListItem","position":3,"name":"cysteamine hydrochloride CAS 156-57-0"}]},{"@type":"WebSite","@id":"https:\/\/longchangchemical.com\/#website","url":"https:\/\/longchangchemical.com\/","name":"Longchang Chemical","description":"China Hersteller von Chemikalien \uff06 Lieferant","publisher":{"@id":"https:\/\/longchangchemical.com\/#organization"},"potentialAction":[{"@type":"SearchAction","target":{"@type":"EntryPoint","urlTemplate":"https:\/\/longchangchemical.com\/?s={search_term_string}"},"query-input":{"@type":"PropertyValueSpecification","valueRequired":true,"valueName":"search_term_string"}}],"inLanguage":"de"},{"@type":"Organization","@id":"https:\/\/longchangchemical.com\/#organization","name":"Longchang Chemical","url":"https:\/\/longchangchemical.com\/","logo":{"@type":"ImageObject","inLanguage":"de","@id":"https:\/\/longchangchemical.com\/#\/schema\/logo\/image\/","url":"https:\/\/longchangchemical.com\/wp-content\/uploads\/2020\/08\/cropped-longchang-logo.png","contentUrl":"https:\/\/longchangchemical.com\/wp-content\/uploads\/2020\/08\/cropped-longchang-logo.png","width":512,"height":512,"caption":"Longchang Chemical"},"image":{"@id":"https:\/\/longchangchemical.com\/#\/schema\/logo\/image\/"}}]}},"_links":{"self":[{"href":"https:\/\/longchangchemical.com\/de\/wp-json\/wp\/v2\/product\/3514","targetHints":{"allow":["GET"]}}],"collection":[{"href":"https:\/\/longchangchemical.com\/de\/wp-json\/wp\/v2\/product"}],"about":[{"href":"https:\/\/longchangchemical.com\/de\/wp-json\/wp\/v2\/types\/product"}],"replies":[{"embeddable":true,"href":"https:\/\/longchangchemical.com\/de\/wp-json\/wp\/v2\/comments?post=3514"}],"wp:featuredmedia":[{"embeddable":true,"href":"https:\/\/longchangchemical.com\/de\/wp-json\/wp\/v2\/media\/4302"}],"wp:attachment":[{"href":"https:\/\/longchangchemical.com\/de\/wp-json\/wp\/v2\/media?parent=3514"}],"wp:term":[{"taxonomy":"product_brand","embeddable":true,"href":"https:\/\/longchangchemical.com\/de\/wp-json\/wp\/v2\/product_brand?post=3514"},{"taxonomy":"product_cat","embeddable":true,"href":"https:\/\/longchangchemical.com\/de\/wp-json\/wp\/v2\/product_cat?post=3514"},{"taxonomy":"product_tag","embeddable":true,"href":"https:\/\/longchangchemical.com\/de\/wp-json\/wp\/v2\/product_tag?post=3514"}],"curies":[{"name":"wp","href":"https:\/\/api.w.org\/{rel}","templated":true}]}}