{"id":3513,"date":"2021-01-21T12:14:52","date_gmt":"2021-01-21T12:14:52","guid":{"rendered":"https:\/\/longchangchemical.com\/?post_type=product&#038;p=3513"},"modified":"2025-12-23T06:16:36","modified_gmt":"2025-12-23T06:16:36","slug":"ceramides-cas-100403-19-8","status":"publish","type":"product","link":"https:\/\/longchangchemical.com\/de\/product\/ceramides-cas-100403-19-8\/","title":{"rendered":"Ceramide CAS 100403-19-8"},"content":{"rendered":"<h1>Ceramide CAS 100403-19-8<\/h1>\n<table class=\"table-1\">\n<tbody>\n<tr>\n<td>\n<h4><strong>Artikel<\/strong><\/h4>\n<\/td>\n<td>\n<h4><strong>Spezifikation<\/strong><\/h4>\n<\/td>\n<\/tr>\n<tr>\n<td>\n<h4>Erscheinungsbild<\/h4>\n<\/td>\n<td>\n<h4>Wei\u00dfes Puder<\/h4>\n<\/td>\n<\/tr>\n<tr>\n<td>\n<h4>Geruch<\/h4>\n<\/td>\n<td>\n<h4>Charakteristisch<\/h4>\n<\/td>\n<\/tr>\n<tr>\n<td>\n<h4>Siebanalyse<\/h4>\n<\/td>\n<td>\n<h4>100% Durchgang 60 Maschen<\/h4>\n<\/td>\n<\/tr>\n<tr>\n<td>\n<h4>Wasser(KF)<\/h4>\n<\/td>\n<td>\n<h4>\u22645.0%<\/h4>\n<\/td>\n<\/tr>\n<tr>\n<td>\n<h4>R\u00fcckstandsentflammung<\/h4>\n<\/td>\n<td>\n<h4>&lt;0,5%<\/h4>\n<\/td>\n<\/tr>\n<tr>\n<td>\n<h4>Schwermetalle<\/h4>\n<\/td>\n<td>\n<h4>&lt;20ppm<\/h4>\n<\/td>\n<\/tr>\n<tr>\n<td>\n<h4>Als<\/h4>\n<\/td>\n<td>\n<h4>&lt;2ppm<\/h4>\n<\/td>\n<\/tr>\n<tr>\n<td>\n<h4>Gesamtplattenzahl<\/h4>\n<\/td>\n<td>\n<h4>&lt;1000cfu\/g<\/h4>\n<\/td>\n<\/tr>\n<tr>\n<td>\n<h4>Hefe Schimmel<\/h4>\n<\/td>\n<td>\n<h4>&lt;100cfu\/g<\/h4>\n<\/td>\n<\/tr>\n<tr>\n<td>\n<h4>E.Coli<\/h4>\n<\/td>\n<td>\n<h4>Negativ<\/h4>\n<\/td>\n<\/tr>\n<tr>\n<td>\n<h4>Salmonellen<\/h4>\n<\/td>\n<td>\n<h4>Negativ<\/h4>\n<\/td>\n<\/tr>\n<tr>\n<td>\n<h4>Assay(Ceramid)<\/h4>\n<\/td>\n<td>\n<h4>\u226510%<\/h4>\n<\/td>\n<\/tr>\n<\/tbody>\n<\/table>\n<h2><\/h2>\n<h2><strong>Ceramide Anwendungen<\/strong><\/h2>\n<h3>1. Kosmetika<\/h3>\n<h4>Ceramide sind eine neue Generation von Feuchthaltemitteln, die in den letzten Jahren entwickelt wurden.<\/h4>\n<h4>Es handelt sich um eine fettl\u00f6sliche Substanz, die die physikalische Struktur des Stratum corneum der Haut bildet.<\/h4>\n<h4>Es kann schnell in die Haut eindringen und eine Netzstruktur bilden, die das Wasser einschlie\u00dft.<\/h4>\n<h4>Die Ceramide nehmen mit dem Alter ab, was zu trockener Haut, rauer Haut und anderen abnormen Symptomen f\u00fchrt. Daher ist die Erg\u00e4nzung von Ceramid ein idealer Weg, um die Haut jung zu halten.<\/h4>\n<h4><\/h4>\n<h3>2. Funktionelle Lebensmittel<\/h3>\n<h4>Ceramid wird im D\u00fcnndarm absorbiert, ins Blut \u00fcberf\u00fchrt und dann in den K\u00f6rper transportiert.<\/h4>\n<h4>Es sorgt f\u00fcr eine gute Erholung und Regeneration der Hautzellen, ohne die k\u00f6rpereigene Neurals\u00e4ure-Biosynthese zu beeinflussen.<\/h4>\n<p>&nbsp;<\/p>\n<h2><strong>Ceramide Verpackung und Versand<\/strong><\/h2>\n<h4>25kg\/Fass<\/h4>\n<p>&nbsp;<\/p>\n<h2><strong>Lagerung von Ceramiden<\/strong><\/h2>\n<h4>An einem k\u00fchlen, trockenen Ort fern von starkem Licht und Hitze aufbewahren.<\/h4>\n<p>&nbsp;<\/p>\n<h2><strong><b>Kontaktieren Sie uns jetzt!<\/b><\/strong><\/h2>\n<h4><strong><b>Wir bieten ma\u00dfgeschneiderte Dienstleistungen an und werden Sie in der Regel innerhalb von 24 Stunden kontaktieren. Sie k\u00f6nnen auch eine E-Mail an info@longchangchemical.com w\u00e4hrend der Arbeitszeiten (8:30 bis 18:00 Uhr UTC+8 Mo.~Sa.) senden oder den Live-Chat der Website nutzen, um eine schnelle Antwort zu erhalten.<\/b><\/strong><\/h4>","protected":false},"excerpt":{"rendered":"<h4>Chemische Bezeichnung: Ceramide<\/h4>\n<h4>CAS-Nr.: 100403-19-8<\/h4>\n<h4>Summenformel: C24H47NO3<\/h4>\n<h4>Molekulargewicht: 397.63488<\/h4>\n<h4>\u00c4u\u00dferes Erscheinungsbild: Wei\u00dfes Pulver<\/h4>\n<h4>Pr\u00fcfung: \u226510%<\/h4>","protected":false},"featured_media":4301,"comment_status":"open","ping_status":"closed","template":"","meta":[],"product_brand":[],"product_cat":[103],"product_tag":[],"class_list":{"0":"post-3513","1":"product","2":"type-product","3":"status-publish","4":"has-post-thumbnail","6":"product_cat-cosmetic-additives","8":"first","9":"instock","10":"shipping-taxable","11":"product-type-simple"},"yoast_head":"<!-- This site is optimized with the Yoast SEO plugin v25.3.1 - https:\/\/yoast.com\/wordpress\/plugins\/seo\/ -->\n<title>China Ceramide Manufacturer \uff06 Supplier - Longchang chemical Co., Ltd.<\/title>\n<meta name=\"description\" content=\"Longchang Chemical is a leading manufacturer and supplier of Ceramide in China. Buy Ceramide in china. We can provide the best Ceramide price.\" \/>\n<meta name=\"robots\" content=\"index, follow, max-snippet:-1, max-image-preview:large, max-video-preview:-1\" \/>\n<link rel=\"canonical\" href=\"https:\/\/longchangchemical.com\/de\/product\/ceramides-cas-100403-19-8\/\" \/>\n<meta property=\"og:locale\" content=\"de_DE\" \/>\n<meta property=\"og:type\" content=\"article\" \/>\n<meta property=\"og:title\" content=\"China Ceramide Manufacturer \uff06 Supplier - Longchang chemical Co., Ltd.\" \/>\n<meta property=\"og:description\" content=\"Longchang Chemical is a leading manufacturer and supplier of Ceramide in China. Buy Ceramide in china. We can provide the best Ceramide price.\" \/>\n<meta property=\"og:url\" content=\"https:\/\/longchangchemical.com\/de\/product\/ceramides-cas-100403-19-8\/\" \/>\n<meta property=\"og:site_name\" content=\"Longchang Chemical\" \/>\n<meta property=\"article:modified_time\" content=\"2025-12-23T06:16:36+00:00\" \/>\n<meta property=\"og:image\" content=\"https:\/\/longchangchemical.com\/wp-content\/uploads\/2021\/01\/Ceramides-Appearance.jpg\" \/>\n\t<meta property=\"og:image:width\" content=\"600\" \/>\n\t<meta property=\"og:image:height\" content=\"800\" \/>\n\t<meta property=\"og:image:type\" content=\"image\/jpeg\" \/>\n<meta name=\"twitter:card\" content=\"summary_large_image\" \/>\n<script type=\"application\/ld+json\" class=\"yoast-schema-graph\">{\"@context\":\"https:\/\/schema.org\",\"@graph\":[{\"@type\":\"WebPage\",\"@id\":\"https:\/\/longchangchemical.com\/product\/ceramides-cas-100403-19-8\/\",\"url\":\"https:\/\/longchangchemical.com\/product\/ceramides-cas-100403-19-8\/\",\"name\":\"China Ceramide Manufacturer \uff06 Supplier - Longchang chemical Co., Ltd.\",\"isPartOf\":{\"@id\":\"https:\/\/longchangchemical.com\/#website\"},\"primaryImageOfPage\":{\"@id\":\"https:\/\/longchangchemical.com\/product\/ceramides-cas-100403-19-8\/#primaryimage\"},\"image\":{\"@id\":\"https:\/\/longchangchemical.com\/product\/ceramides-cas-100403-19-8\/#primaryimage\"},\"thumbnailUrl\":\"https:\/\/longchangchemical.com\/wp-content\/uploads\/2021\/01\/Ceramides-Appearance.jpg\",\"datePublished\":\"2021-01-21T12:14:52+00:00\",\"dateModified\":\"2025-12-23T06:16:36+00:00\",\"description\":\"Longchang Chemical is a leading manufacturer and supplier of Ceramide in China. Buy Ceramide in china. We can provide the best Ceramide price.\",\"breadcrumb\":{\"@id\":\"https:\/\/longchangchemical.com\/product\/ceramides-cas-100403-19-8\/#breadcrumb\"},\"inLanguage\":\"de\",\"potentialAction\":[{\"@type\":\"ReadAction\",\"target\":[\"https:\/\/longchangchemical.com\/product\/ceramides-cas-100403-19-8\/\"]}]},{\"@type\":\"ImageObject\",\"inLanguage\":\"de\",\"@id\":\"https:\/\/longchangchemical.com\/product\/ceramides-cas-100403-19-8\/#primaryimage\",\"url\":\"https:\/\/longchangchemical.com\/wp-content\/uploads\/2021\/01\/Ceramides-Appearance.jpg\",\"contentUrl\":\"https:\/\/longchangchemical.com\/wp-content\/uploads\/2021\/01\/Ceramides-Appearance.jpg\",\"width\":600,\"height\":800,\"caption\":\"Ceramides Appearance\"},{\"@type\":\"BreadcrumbList\",\"@id\":\"https:\/\/longchangchemical.com\/product\/ceramides-cas-100403-19-8\/#breadcrumb\",\"itemListElement\":[{\"@type\":\"ListItem\",\"position\":1,\"name\":\"Home\",\"item\":\"https:\/\/longchangchemical.com\/\"},{\"@type\":\"ListItem\",\"position\":2,\"name\":\"Products Longchang\",\"item\":\"https:\/\/longchangchemical.com\/product\/\"},{\"@type\":\"ListItem\",\"position\":3,\"name\":\"Ceramides CAS 100403-19-8\"}]},{\"@type\":\"WebSite\",\"@id\":\"https:\/\/longchangchemical.com\/#website\",\"url\":\"https:\/\/longchangchemical.com\/\",\"name\":\"Longchang Chemical\",\"description\":\"China chemical manufacturer \uff06 supplier\",\"publisher\":{\"@id\":\"https:\/\/longchangchemical.com\/#organization\"},\"potentialAction\":[{\"@type\":\"SearchAction\",\"target\":{\"@type\":\"EntryPoint\",\"urlTemplate\":\"https:\/\/longchangchemical.com\/?s={search_term_string}\"},\"query-input\":{\"@type\":\"PropertyValueSpecification\",\"valueRequired\":true,\"valueName\":\"search_term_string\"}}],\"inLanguage\":\"de\"},{\"@type\":\"Organization\",\"@id\":\"https:\/\/longchangchemical.com\/#organization\",\"name\":\"Longchang Chemical\",\"url\":\"https:\/\/longchangchemical.com\/\",\"logo\":{\"@type\":\"ImageObject\",\"inLanguage\":\"de\",\"@id\":\"https:\/\/longchangchemical.com\/#\/schema\/logo\/image\/\",\"url\":\"https:\/\/longchangchemical.com\/wp-content\/uploads\/2020\/08\/cropped-longchang-logo.png\",\"contentUrl\":\"https:\/\/longchangchemical.com\/wp-content\/uploads\/2020\/08\/cropped-longchang-logo.png\",\"width\":512,\"height\":512,\"caption\":\"Longchang Chemical\"},\"image\":{\"@id\":\"https:\/\/longchangchemical.com\/#\/schema\/logo\/image\/\"}}]}<\/script>\n<!-- \/ Yoast SEO plugin. -->","yoast_head_json":{"title":"China Ceramide Hersteller \uff06 Lieferant - Longchang chemical Co., Ltd.","description":"Longchang Chemical ist ein f\u00fchrender Hersteller und Lieferant von Ceramide in China. Kaufen Sie Ceramide in China. Wir k\u00f6nnen die besten Ceramide Preis bieten.","robots":{"index":"index","follow":"follow","max-snippet":"max-snippet:-1","max-image-preview":"max-image-preview:large","max-video-preview":"max-video-preview:-1"},"canonical":"https:\/\/longchangchemical.com\/de\/product\/ceramides-cas-100403-19-8\/","og_locale":"de_DE","og_type":"article","og_title":"China Ceramide Manufacturer \uff06 Supplier - Longchang chemical Co., Ltd.","og_description":"Longchang Chemical is a leading manufacturer and supplier of Ceramide in China. Buy Ceramide in china. We can provide the best Ceramide price.","og_url":"https:\/\/longchangchemical.com\/de\/product\/ceramides-cas-100403-19-8\/","og_site_name":"Longchang Chemical","article_modified_time":"2025-12-23T06:16:36+00:00","og_image":[{"width":600,"height":800,"url":"https:\/\/longchangchemical.com\/wp-content\/uploads\/2021\/01\/Ceramides-Appearance.jpg","type":"image\/jpeg"}],"twitter_card":"summary_large_image","schema":{"@context":"https:\/\/schema.org","@graph":[{"@type":"WebPage","@id":"https:\/\/longchangchemical.com\/product\/ceramides-cas-100403-19-8\/","url":"https:\/\/longchangchemical.com\/product\/ceramides-cas-100403-19-8\/","name":"China Ceramide Hersteller \uff06 Lieferant - Longchang chemical Co., Ltd.","isPartOf":{"@id":"https:\/\/longchangchemical.com\/#website"},"primaryImageOfPage":{"@id":"https:\/\/longchangchemical.com\/product\/ceramides-cas-100403-19-8\/#primaryimage"},"image":{"@id":"https:\/\/longchangchemical.com\/product\/ceramides-cas-100403-19-8\/#primaryimage"},"thumbnailUrl":"https:\/\/longchangchemical.com\/wp-content\/uploads\/2021\/01\/Ceramides-Appearance.jpg","datePublished":"2021-01-21T12:14:52+00:00","dateModified":"2025-12-23T06:16:36+00:00","description":"Longchang Chemical ist ein f\u00fchrender Hersteller und Lieferant von Ceramide in China. Kaufen Sie Ceramide in China. Wir k\u00f6nnen die besten Ceramide Preis bieten.","breadcrumb":{"@id":"https:\/\/longchangchemical.com\/product\/ceramides-cas-100403-19-8\/#breadcrumb"},"inLanguage":"de","potentialAction":[{"@type":"ReadAction","target":["https:\/\/longchangchemical.com\/product\/ceramides-cas-100403-19-8\/"]}]},{"@type":"ImageObject","inLanguage":"de","@id":"https:\/\/longchangchemical.com\/product\/ceramides-cas-100403-19-8\/#primaryimage","url":"https:\/\/longchangchemical.com\/wp-content\/uploads\/2021\/01\/Ceramides-Appearance.jpg","contentUrl":"https:\/\/longchangchemical.com\/wp-content\/uploads\/2021\/01\/Ceramides-Appearance.jpg","width":600,"height":800,"caption":"Ceramides Appearance"},{"@type":"BreadcrumbList","@id":"https:\/\/longchangchemical.com\/product\/ceramides-cas-100403-19-8\/#breadcrumb","itemListElement":[{"@type":"ListItem","position":1,"name":"Home","item":"https:\/\/longchangchemical.com\/"},{"@type":"ListItem","position":2,"name":"Products Longchang","item":"https:\/\/longchangchemical.com\/product\/"},{"@type":"ListItem","position":3,"name":"Ceramides CAS 100403-19-8"}]},{"@type":"WebSite","@id":"https:\/\/longchangchemical.com\/#website","url":"https:\/\/longchangchemical.com\/","name":"Longchang Chemical","description":"China Hersteller von Chemikalien \uff06 Lieferant","publisher":{"@id":"https:\/\/longchangchemical.com\/#organization"},"potentialAction":[{"@type":"SearchAction","target":{"@type":"EntryPoint","urlTemplate":"https:\/\/longchangchemical.com\/?s={search_term_string}"},"query-input":{"@type":"PropertyValueSpecification","valueRequired":true,"valueName":"search_term_string"}}],"inLanguage":"de"},{"@type":"Organization","@id":"https:\/\/longchangchemical.com\/#organization","name":"Longchang Chemical","url":"https:\/\/longchangchemical.com\/","logo":{"@type":"ImageObject","inLanguage":"de","@id":"https:\/\/longchangchemical.com\/#\/schema\/logo\/image\/","url":"https:\/\/longchangchemical.com\/wp-content\/uploads\/2020\/08\/cropped-longchang-logo.png","contentUrl":"https:\/\/longchangchemical.com\/wp-content\/uploads\/2020\/08\/cropped-longchang-logo.png","width":512,"height":512,"caption":"Longchang Chemical"},"image":{"@id":"https:\/\/longchangchemical.com\/#\/schema\/logo\/image\/"}}]}},"_links":{"self":[{"href":"https:\/\/longchangchemical.com\/de\/wp-json\/wp\/v2\/product\/3513","targetHints":{"allow":["GET"]}}],"collection":[{"href":"https:\/\/longchangchemical.com\/de\/wp-json\/wp\/v2\/product"}],"about":[{"href":"https:\/\/longchangchemical.com\/de\/wp-json\/wp\/v2\/types\/product"}],"replies":[{"embeddable":true,"href":"https:\/\/longchangchemical.com\/de\/wp-json\/wp\/v2\/comments?post=3513"}],"wp:featuredmedia":[{"embeddable":true,"href":"https:\/\/longchangchemical.com\/de\/wp-json\/wp\/v2\/media\/4301"}],"wp:attachment":[{"href":"https:\/\/longchangchemical.com\/de\/wp-json\/wp\/v2\/media?parent=3513"}],"wp:term":[{"taxonomy":"product_brand","embeddable":true,"href":"https:\/\/longchangchemical.com\/de\/wp-json\/wp\/v2\/product_brand?post=3513"},{"taxonomy":"product_cat","embeddable":true,"href":"https:\/\/longchangchemical.com\/de\/wp-json\/wp\/v2\/product_cat?post=3513"},{"taxonomy":"product_tag","embeddable":true,"href":"https:\/\/longchangchemical.com\/de\/wp-json\/wp\/v2\/product_tag?post=3513"}],"curies":[{"name":"wp","href":"https:\/\/api.w.org\/{rel}","templated":true}]}}