{"id":3511,"date":"2021-01-21T11:59:25","date_gmt":"2021-01-21T11:59:25","guid":{"rendered":"https:\/\/longchangchemical.com\/?post_type=product&#038;p=3511"},"modified":"2025-12-23T06:12:46","modified_gmt":"2025-12-23T06:12:46","slug":"2-ethyl-anthraquinone-cas-84-51-5","status":"publish","type":"product","link":"https:\/\/longchangchemical.com\/de\/product\/2-ethyl-anthraquinone-cas-84-51-5\/","title":{"rendered":"2-Ethyl-Antrachinon CAS 84-51-5"},"content":{"rendered":"<h1><strong>2-Ethyl-Antrachinon CAS 84-51-5<\/strong><\/h1>\n<table>\n<tbody>\n<tr>\n<td width=\"217\">\n<h4>Artikel<\/h4>\n<\/td>\n<td width=\"251\">\n<h4>Standard<\/h4>\n<\/td>\n<td width=\"227\">\n<h4>Ergebnisse<\/h4>\n<\/td>\n<\/tr>\n<tr>\n<td width=\"217\">\n<h4>Erscheinungsbild<\/h4>\n<\/td>\n<td width=\"251\">\n<h4>Hellgelbes Pulver<\/h4>\n<\/td>\n<td width=\"227\">\n<h4>Erf\u00fcllt<\/h4>\n<\/td>\n<\/tr>\n<tr>\n<td width=\"217\">\n<h4>Reinheit (HPLC)<\/h4>\n<\/td>\n<td width=\"251\">\n<h4>\u2265 99,0 %<\/h4>\n<\/td>\n<td width=\"227\">\n<h4>99.2%<\/h4>\n<\/td>\n<\/tr>\n<tr>\n<td width=\"217\">\n<h4>Anf\u00e4nglicher Schmelzpunkt<\/h4>\n<\/td>\n<td width=\"251\">\n<h4>107.0 - 109.0\u2103<\/h4>\n<\/td>\n<td width=\"227\">\n<h4>108.2\u2103<\/h4>\n<\/td>\n<\/tr>\n<tr>\n<td width=\"217\">\n<h4>Unl\u00f6sliche Stoffe in Benzol<\/h4>\n<\/td>\n<td width=\"251\">\n<h4>\u2264 0,5%<\/h4>\n<\/td>\n<td width=\"227\">\n<h4>\/<\/h4>\n<\/td>\n<\/tr>\n<tr>\n<td width=\"217\">\n<h4>Luftfeuchtigkeit<\/h4>\n<\/td>\n<td width=\"251\">\n<h4>\u2264 0,2%<\/h4>\n<\/td>\n<td width=\"227\">\n<h4>&lt; 0,2%<\/h4>\n<\/td>\n<\/tr>\n<tr>\n<td width=\"217\">\n<h4>Fe (mg\/kg)<\/h4>\n<\/td>\n<td width=\"251\">\n<h4>\u2264 2<\/h4>\n<\/td>\n<td width=\"227\">\n<h4>&lt; 2<\/h4>\n<\/td>\n<\/tr>\n<tr>\n<td width=\"217\">\n<h4>Cl (mg\/kg)<\/h4>\n<\/td>\n<td width=\"251\">\n<h4>\u2264 5<\/h4>\n<\/td>\n<td width=\"227\">\n<h4>&lt; 5<\/h4>\n<\/td>\n<\/tr>\n<tr>\n<td width=\"217\">\n<h4>S (mg\/kg)<\/h4>\n<\/td>\n<td width=\"251\">\n<h4>\u2264 5<\/h4>\n<\/td>\n<td width=\"227\">\n<h4>&lt; 5<\/h4>\n<\/td>\n<\/tr>\n<tr>\n<td width=\"217\">\n<h4>Schlussfolgerung<\/h4>\n<\/td>\n<td colspan=\"2\" width=\"478\">\n<h4>Qualifiziert<\/h4>\n<\/td>\n<\/tr>\n<\/tbody>\n<\/table>\n<h2><strong>2-Ethylanthrachinon Verwendung<\/strong><\/h2>\n<h4>1. Durch Hydrierung in einem L\u00f6sungsmittel entsteht 2-Ethylhydroanthrachinon, und durch Reoxidation entstehen 2-Ethylanthrachinon und Wasserstoffperoxid. Diese Reaktion wird industriell zur Herstellung von Wasserstoffperoxid genutzt.<\/h4>\n<h4>2. Es kann aus Phthals\u00e4ureanhydrid und Ethylbenzol durch F-K-Reaktion hergestellt werden, und kann auch aus 1,4-Naphthochinon und 2-Ethyl-1,3-Butadien durch Diels-Alder-Dien und Dehydrierungsreaktionssystem synthetisiert werden.<\/h4>\n<h4>3. Wird zur Herstellung von Wasserstoffperoxid und als Farbstoffzwischenprodukt verwendet. Es wird auch als Sensibilisator f\u00fcr lichtempfindliches Harz, Katalysator f\u00fcr photoh\u00e4rtbares Harz, photodegradierbare Folie, Farbe und Photopolymerisationsinitiator verwendet.<\/h4>\n<p>&nbsp;<\/p>\n<h2><strong>2-EthylanthrachinonVerpackung und Versand<\/strong><\/h2>\n<h4>Verpackung: 25kg\/Sack<\/h4>\n<p>&nbsp;<\/p>\n<h2><strong>2-Ethylanthrachinon Lagerung<\/strong><\/h2>\n<h4>An einem k\u00fchlen, trockenen Ort ohne direkte Sonneneinstrahlung aufbewahren.<\/h4>\n<p>&nbsp;<\/p>\n<h2><strong><b>Kontaktieren Sie uns jetzt!<\/b><\/strong><\/h2>\n<h4><strong><b>Wir bieten ma\u00dfgeschneiderte Dienstleistungen an und werden Sie in der Regel innerhalb von 24 Stunden kontaktieren. Sie k\u00f6nnen auch eine E-Mail an info@longchangchemical.com w\u00e4hrend der Arbeitszeiten (8:30 bis 18:00 Uhr UTC+8 Mo.~Sa.) senden oder den Live-Chat der Website nutzen, um eine schnelle Antwort zu erhalten.<\/b><\/strong><\/h4>","protected":false},"excerpt":{"rendered":"<h4>Chemische Bezeichnung:2-Ethyl-Antrachinon<\/h4>\n<h4>CAS-Nr.: 84-51-5<\/h4>\n<h4>Summenformel:C16H12O2<\/h4>\n<h4>Molekulargewicht:236.27<\/h4>\n<h4>2-Ethylanthrachinon Struktur:<img decoding=\"async\" title=\"2-Ethyl-Antrachinon Struktur\" src=\"https:\/\/www.longchangchemical.com\/wp-content\/uploads\/product-details\/20200612025777.png\" alt=\"2-Ethyl-Antrachinon Struktur\" width=\"154\" height=\"91\" border=\"0\" vspace=\"0\" \/><\/h4>\n<h4>Erscheinungsbild:Hellgelbes Pulver<\/h4>\n<h4>Assay: 99%min<\/h4>","protected":false},"featured_media":4296,"comment_status":"open","ping_status":"closed","template":"","meta":[],"product_brand":[],"product_cat":[69],"product_tag":[],"class_list":{"0":"post-3511","1":"product","2":"type-product","3":"status-publish","4":"has-post-thumbnail","6":"product_cat-catalysts-chemical-auxiliary-agents","8":"first","9":"instock","10":"shipping-taxable","11":"product-type-simple"},"yoast_head":"<!-- This site is optimized with the Yoast SEO plugin v25.3.1 - https:\/\/yoast.com\/wordpress\/plugins\/seo\/ -->\n<title>China 2-Ethyl anthraquinone Manufacturer \uff06 CAS 84-51-5 Supplier - Longchang chemical Co., Ltd.<\/title>\n<meta name=\"description\" content=\"Longchang Chemical is a leading manufacturer and supplier of 2-Ethyl anthraquinone in China. Buy 2-Ethyl anthraquinone in china. We can provide the best 2-Ethyl anthraquinone price.\" \/>\n<meta name=\"robots\" content=\"index, follow, max-snippet:-1, max-image-preview:large, max-video-preview:-1\" \/>\n<link rel=\"canonical\" href=\"https:\/\/longchangchemical.com\/de\/product\/2-ethyl-anthraquinone-cas-84-51-5\/\" \/>\n<meta property=\"og:locale\" content=\"de_DE\" \/>\n<meta property=\"og:type\" content=\"article\" \/>\n<meta property=\"og:title\" content=\"China 2-Ethyl anthraquinone Manufacturer \uff06 CAS 84-51-5 Supplier - Longchang chemical Co., Ltd.\" \/>\n<meta property=\"og:description\" content=\"Longchang Chemical is a leading manufacturer and supplier of 2-Ethyl anthraquinone in China. Buy 2-Ethyl anthraquinone in china. We can provide the best 2-Ethyl anthraquinone price.\" \/>\n<meta property=\"og:url\" content=\"https:\/\/longchangchemical.com\/de\/product\/2-ethyl-anthraquinone-cas-84-51-5\/\" \/>\n<meta property=\"og:site_name\" content=\"Longchang Chemical\" \/>\n<meta property=\"article:modified_time\" content=\"2025-12-23T06:12:46+00:00\" \/>\n<meta property=\"og:image\" content=\"https:\/\/longchangchemical.com\/wp-content\/uploads\/2021\/01\/Appearance-4.jpg\" \/>\n\t<meta property=\"og:image:width\" content=\"600\" \/>\n\t<meta property=\"og:image:height\" content=\"800\" \/>\n\t<meta property=\"og:image:type\" content=\"image\/jpeg\" \/>\n<meta name=\"twitter:card\" content=\"summary_large_image\" \/>\n<script type=\"application\/ld+json\" class=\"yoast-schema-graph\">{\"@context\":\"https:\/\/schema.org\",\"@graph\":[{\"@type\":\"WebPage\",\"@id\":\"https:\/\/longchangchemical.com\/product\/2-ethyl-anthraquinone-cas-84-51-5\/\",\"url\":\"https:\/\/longchangchemical.com\/product\/2-ethyl-anthraquinone-cas-84-51-5\/\",\"name\":\"China 2-Ethyl anthraquinone Manufacturer \uff06 CAS 84-51-5 Supplier - Longchang chemical Co., Ltd.\",\"isPartOf\":{\"@id\":\"https:\/\/longchangchemical.com\/#website\"},\"primaryImageOfPage\":{\"@id\":\"https:\/\/longchangchemical.com\/product\/2-ethyl-anthraquinone-cas-84-51-5\/#primaryimage\"},\"image\":{\"@id\":\"https:\/\/longchangchemical.com\/product\/2-ethyl-anthraquinone-cas-84-51-5\/#primaryimage\"},\"thumbnailUrl\":\"https:\/\/longchangchemical.com\/wp-content\/uploads\/2021\/01\/Appearance-4.jpg\",\"datePublished\":\"2021-01-21T11:59:25+00:00\",\"dateModified\":\"2025-12-23T06:12:46+00:00\",\"description\":\"Longchang Chemical is a leading manufacturer and supplier of 2-Ethyl anthraquinone in China. Buy 2-Ethyl anthraquinone in china. We can provide the best 2-Ethyl anthraquinone price.\",\"breadcrumb\":{\"@id\":\"https:\/\/longchangchemical.com\/product\/2-ethyl-anthraquinone-cas-84-51-5\/#breadcrumb\"},\"inLanguage\":\"de\",\"potentialAction\":[{\"@type\":\"ReadAction\",\"target\":[\"https:\/\/longchangchemical.com\/product\/2-ethyl-anthraquinone-cas-84-51-5\/\"]}]},{\"@type\":\"ImageObject\",\"inLanguage\":\"de\",\"@id\":\"https:\/\/longchangchemical.com\/product\/2-ethyl-anthraquinone-cas-84-51-5\/#primaryimage\",\"url\":\"https:\/\/longchangchemical.com\/wp-content\/uploads\/2021\/01\/Appearance-4.jpg\",\"contentUrl\":\"https:\/\/longchangchemical.com\/wp-content\/uploads\/2021\/01\/Appearance-4.jpg\",\"width\":600,\"height\":800,\"caption\":\"2-Ethyl anthraquinone Appearance\"},{\"@type\":\"BreadcrumbList\",\"@id\":\"https:\/\/longchangchemical.com\/product\/2-ethyl-anthraquinone-cas-84-51-5\/#breadcrumb\",\"itemListElement\":[{\"@type\":\"ListItem\",\"position\":1,\"name\":\"Home\",\"item\":\"https:\/\/longchangchemical.com\/\"},{\"@type\":\"ListItem\",\"position\":2,\"name\":\"Products Longchang\",\"item\":\"https:\/\/longchangchemical.com\/product\/\"},{\"@type\":\"ListItem\",\"position\":3,\"name\":\"2-ethyl anthraquinone CAS 84-51-5\"}]},{\"@type\":\"WebSite\",\"@id\":\"https:\/\/longchangchemical.com\/#website\",\"url\":\"https:\/\/longchangchemical.com\/\",\"name\":\"Longchang Chemical\",\"description\":\"China chemical manufacturer \uff06 supplier\",\"publisher\":{\"@id\":\"https:\/\/longchangchemical.com\/#organization\"},\"potentialAction\":[{\"@type\":\"SearchAction\",\"target\":{\"@type\":\"EntryPoint\",\"urlTemplate\":\"https:\/\/longchangchemical.com\/?s={search_term_string}\"},\"query-input\":{\"@type\":\"PropertyValueSpecification\",\"valueRequired\":true,\"valueName\":\"search_term_string\"}}],\"inLanguage\":\"de\"},{\"@type\":\"Organization\",\"@id\":\"https:\/\/longchangchemical.com\/#organization\",\"name\":\"Longchang Chemical\",\"url\":\"https:\/\/longchangchemical.com\/\",\"logo\":{\"@type\":\"ImageObject\",\"inLanguage\":\"de\",\"@id\":\"https:\/\/longchangchemical.com\/#\/schema\/logo\/image\/\",\"url\":\"https:\/\/longchangchemical.com\/wp-content\/uploads\/2020\/08\/cropped-longchang-logo.png\",\"contentUrl\":\"https:\/\/longchangchemical.com\/wp-content\/uploads\/2020\/08\/cropped-longchang-logo.png\",\"width\":512,\"height\":512,\"caption\":\"Longchang Chemical\"},\"image\":{\"@id\":\"https:\/\/longchangchemical.com\/#\/schema\/logo\/image\/\"}}]}<\/script>\n<!-- \/ Yoast SEO plugin. -->","yoast_head_json":{"title":"China 2-Ethyl-Anthrachinon Hersteller \uff06 CAS 84-51-5 Lieferant - Longchang chemical Co., Ltd.","description":"Longchang Chemical ist ein f\u00fchrender Hersteller und Lieferant von 2-Ethyl-Antrachinon in China. Kaufen Sie 2-Ethyl-Anthrachinon in China. Wir k\u00f6nnen die besten 2-Ethyl-Anthrachinon Preis bieten.","robots":{"index":"index","follow":"follow","max-snippet":"max-snippet:-1","max-image-preview":"max-image-preview:large","max-video-preview":"max-video-preview:-1"},"canonical":"https:\/\/longchangchemical.com\/de\/product\/2-ethyl-anthraquinone-cas-84-51-5\/","og_locale":"de_DE","og_type":"article","og_title":"China 2-Ethyl anthraquinone Manufacturer \uff06 CAS 84-51-5 Supplier - Longchang chemical Co., Ltd.","og_description":"Longchang Chemical is a leading manufacturer and supplier of 2-Ethyl anthraquinone in China. Buy 2-Ethyl anthraquinone in china. We can provide the best 2-Ethyl anthraquinone price.","og_url":"https:\/\/longchangchemical.com\/de\/product\/2-ethyl-anthraquinone-cas-84-51-5\/","og_site_name":"Longchang Chemical","article_modified_time":"2025-12-23T06:12:46+00:00","og_image":[{"width":600,"height":800,"url":"https:\/\/longchangchemical.com\/wp-content\/uploads\/2021\/01\/Appearance-4.jpg","type":"image\/jpeg"}],"twitter_card":"summary_large_image","schema":{"@context":"https:\/\/schema.org","@graph":[{"@type":"WebPage","@id":"https:\/\/longchangchemical.com\/product\/2-ethyl-anthraquinone-cas-84-51-5\/","url":"https:\/\/longchangchemical.com\/product\/2-ethyl-anthraquinone-cas-84-51-5\/","name":"China 2-Ethyl-Anthrachinon Hersteller \uff06 CAS 84-51-5 Lieferant - Longchang chemical Co., Ltd.","isPartOf":{"@id":"https:\/\/longchangchemical.com\/#website"},"primaryImageOfPage":{"@id":"https:\/\/longchangchemical.com\/product\/2-ethyl-anthraquinone-cas-84-51-5\/#primaryimage"},"image":{"@id":"https:\/\/longchangchemical.com\/product\/2-ethyl-anthraquinone-cas-84-51-5\/#primaryimage"},"thumbnailUrl":"https:\/\/longchangchemical.com\/wp-content\/uploads\/2021\/01\/Appearance-4.jpg","datePublished":"2021-01-21T11:59:25+00:00","dateModified":"2025-12-23T06:12:46+00:00","description":"Longchang Chemical ist ein f\u00fchrender Hersteller und Lieferant von 2-Ethyl-Antrachinon in China. Kaufen Sie 2-Ethyl-Anthrachinon in China. Wir k\u00f6nnen die besten 2-Ethyl-Anthrachinon Preis bieten.","breadcrumb":{"@id":"https:\/\/longchangchemical.com\/product\/2-ethyl-anthraquinone-cas-84-51-5\/#breadcrumb"},"inLanguage":"de","potentialAction":[{"@type":"ReadAction","target":["https:\/\/longchangchemical.com\/product\/2-ethyl-anthraquinone-cas-84-51-5\/"]}]},{"@type":"ImageObject","inLanguage":"de","@id":"https:\/\/longchangchemical.com\/product\/2-ethyl-anthraquinone-cas-84-51-5\/#primaryimage","url":"https:\/\/longchangchemical.com\/wp-content\/uploads\/2021\/01\/Appearance-4.jpg","contentUrl":"https:\/\/longchangchemical.com\/wp-content\/uploads\/2021\/01\/Appearance-4.jpg","width":600,"height":800,"caption":"2-Ethyl anthraquinone Appearance"},{"@type":"BreadcrumbList","@id":"https:\/\/longchangchemical.com\/product\/2-ethyl-anthraquinone-cas-84-51-5\/#breadcrumb","itemListElement":[{"@type":"ListItem","position":1,"name":"Home","item":"https:\/\/longchangchemical.com\/"},{"@type":"ListItem","position":2,"name":"Products Longchang","item":"https:\/\/longchangchemical.com\/product\/"},{"@type":"ListItem","position":3,"name":"2-ethyl anthraquinone CAS 84-51-5"}]},{"@type":"WebSite","@id":"https:\/\/longchangchemical.com\/#website","url":"https:\/\/longchangchemical.com\/","name":"Longchang Chemical","description":"China Hersteller von Chemikalien \uff06 Lieferant","publisher":{"@id":"https:\/\/longchangchemical.com\/#organization"},"potentialAction":[{"@type":"SearchAction","target":{"@type":"EntryPoint","urlTemplate":"https:\/\/longchangchemical.com\/?s={search_term_string}"},"query-input":{"@type":"PropertyValueSpecification","valueRequired":true,"valueName":"search_term_string"}}],"inLanguage":"de"},{"@type":"Organization","@id":"https:\/\/longchangchemical.com\/#organization","name":"Longchang Chemical","url":"https:\/\/longchangchemical.com\/","logo":{"@type":"ImageObject","inLanguage":"de","@id":"https:\/\/longchangchemical.com\/#\/schema\/logo\/image\/","url":"https:\/\/longchangchemical.com\/wp-content\/uploads\/2020\/08\/cropped-longchang-logo.png","contentUrl":"https:\/\/longchangchemical.com\/wp-content\/uploads\/2020\/08\/cropped-longchang-logo.png","width":512,"height":512,"caption":"Longchang Chemical"},"image":{"@id":"https:\/\/longchangchemical.com\/#\/schema\/logo\/image\/"}}]}},"_links":{"self":[{"href":"https:\/\/longchangchemical.com\/de\/wp-json\/wp\/v2\/product\/3511","targetHints":{"allow":["GET"]}}],"collection":[{"href":"https:\/\/longchangchemical.com\/de\/wp-json\/wp\/v2\/product"}],"about":[{"href":"https:\/\/longchangchemical.com\/de\/wp-json\/wp\/v2\/types\/product"}],"replies":[{"embeddable":true,"href":"https:\/\/longchangchemical.com\/de\/wp-json\/wp\/v2\/comments?post=3511"}],"wp:featuredmedia":[{"embeddable":true,"href":"https:\/\/longchangchemical.com\/de\/wp-json\/wp\/v2\/media\/4296"}],"wp:attachment":[{"href":"https:\/\/longchangchemical.com\/de\/wp-json\/wp\/v2\/media?parent=3511"}],"wp:term":[{"taxonomy":"product_brand","embeddable":true,"href":"https:\/\/longchangchemical.com\/de\/wp-json\/wp\/v2\/product_brand?post=3511"},{"taxonomy":"product_cat","embeddable":true,"href":"https:\/\/longchangchemical.com\/de\/wp-json\/wp\/v2\/product_cat?post=3511"},{"taxonomy":"product_tag","embeddable":true,"href":"https:\/\/longchangchemical.com\/de\/wp-json\/wp\/v2\/product_tag?post=3511"}],"curies":[{"name":"wp","href":"https:\/\/api.w.org\/{rel}","templated":true}]}}