{"id":3508,"date":"2021-01-21T11:54:21","date_gmt":"2021-01-21T11:54:21","guid":{"rendered":"https:\/\/longchangchemical.com\/?post_type=product&#038;p=3508"},"modified":"2026-05-08T02:59:28","modified_gmt":"2026-05-08T02:59:28","slug":"cas-83857-96-9","status":"publish","type":"product","link":"https:\/\/longchangchemical.com\/de\/product\/cas-83857-96-9\/","title":{"rendered":"2-Butyl-4-chlor-5-formylimidazol CAS 83857-96-9"},"content":{"rendered":"<h2><strong>2-Butyl-4-chlor-5-formylimidazol CAS 83857-96-9<\/strong><\/h2>\n<table class=\"table-1\" cellspacing=\"0\">\n<tbody>\n<tr>\n<td>Testaufgaben<\/td>\n<td>Spezifikation<\/td>\n<\/tr>\n<tr>\n<td>Erscheinungsbild<\/td>\n<td>Wenig - gelbes kristallines Pulver<\/td>\n<\/tr>\n<tr>\n<td>Reinheit<\/td>\n<td>98.0%~101.0%<\/td>\n<\/tr>\n<tr>\n<td>Inhalt des PAA<\/td>\n<td>1%max<\/td>\n<\/tr>\n<tr>\n<td>Inhalt des BCM<\/td>\n<td>1%max<\/td>\n<\/tr>\n<tr>\n<td>Maximale einzelne unbekannte Verunreinigung<\/td>\n<td>0,5%max<\/td>\n<\/tr>\n<tr>\n<td>Gesamtverunreinigung<\/td>\n<td>1%max<\/td>\n<\/tr>\n<tr>\n<td>Sch\u00fcttdichte g\/cm<\/td>\n<td>1.03\uff5e1.10<\/td>\n<\/tr>\n<\/tbody>\n<\/table>\n<h2><\/h2>\n<h2><strong>2-Butyl-4-chlor-5-formylimidazol Verwendung<\/strong><\/h2>\n<h4>2-Butyl-4-chlor-5-formylimidazol kann als blutdrucksenkendes Mittel f\u00fcr Losartan verwendet werden.<\/h4>\n<p>&nbsp;<\/p>\n<h2><strong>2-Butyl-4-chlor-5-formylimidazol Paket<\/strong><\/h2>\n<h4>25 kg\/Fasertrommel.<\/h4>\n<p>&nbsp;<\/p>\n<h2><strong><b>Kontaktieren Sie uns jetzt!<\/b><\/strong><\/h2>\n<h4><strong><b>Wir bieten ma\u00dfgeschneiderte Dienstleistungen an und werden Sie in der Regel innerhalb von 24 Stunden kontaktieren. Sie k\u00f6nnen auch eine E-Mail an info@longchangchemical.com w\u00e4hrend der Arbeitszeiten (8:30 bis 18:00 Uhr UTC+8 Mo.~Sa.) senden oder den Live-Chat der Website nutzen, um eine schnelle Antwort zu erhalten.<\/b><\/strong><\/h4>","protected":false},"excerpt":{"rendered":"<h4>Produktname: 2-Butyl-4-chlor-5-formylimidazol<\/h4>\n<h4>CAS: 83857-96-9<\/h4>\n<h4>Formel: C8H11ClN2O<\/h4>\n<h4>Molekulargewicht: 186,64<\/h4>\n<h4>2-Butyl-4-chlor-5-formylimidazol Struktur:<img decoding=\"async\" title=\"2-Butyl-4-chlor-5-formylimidazol Struktur\" src=\"https:\/\/www.longchangchemical.com\/wp-content\/uploads\/product-details\/20200616176565.png\" alt=\"2-Butyl-4-chlor-5-formylimidazol Struktur\" width=\"144\" height=\"62\" border=\"0\" vspace=\"0\" \/><\/h4>\n<h4>Erscheinungsbild: Klein-gelbes kristallines Pulver<\/h4>\n<h4>Reinheit: 98,0%~101,0%<\/h4>","protected":false},"featured_media":4295,"comment_status":"open","ping_status":"closed","template":"","meta":[],"product_brand":[],"product_cat":[69],"product_tag":[],"class_list":{"0":"post-3508","1":"product","2":"type-product","3":"status-publish","4":"has-post-thumbnail","6":"product_cat-catalysts-chemical-auxiliary-agents","8":"first","9":"instock","10":"shipping-taxable","11":"product-type-simple"},"yoast_head":"<!-- This site is optimized with the Yoast SEO plugin v25.3.1 - https:\/\/yoast.com\/wordpress\/plugins\/seo\/ -->\n<title>China 2-Butyl-4-chloro-5-formylimidazole Manufacturer \uff06 Supplier - Longchang chemical Co., Ltd.<\/title>\n<meta name=\"description\" content=\"Longchang Chemical is a leading manufacturer and supplier of 2-Butyl-4-chloro-5-formylimidazole CAS 83857-96-9 in China. Buy 2-Butyl-4-chloro-5-formylimidazole in china. We can provide the best 2-Butyl-4-chloro-5-formylimidazole price.\" \/>\n<meta name=\"robots\" content=\"index, follow, max-snippet:-1, max-image-preview:large, max-video-preview:-1\" \/>\n<link rel=\"canonical\" href=\"https:\/\/longchangchemical.com\/de\/product\/cas-83857-96-9\/\" \/>\n<meta property=\"og:locale\" content=\"de_DE\" \/>\n<meta property=\"og:type\" content=\"article\" \/>\n<meta property=\"og:title\" content=\"China 2-Butyl-4-chloro-5-formylimidazole Manufacturer \uff06 Supplier - Longchang chemical Co., Ltd.\" \/>\n<meta property=\"og:description\" content=\"Longchang Chemical is a leading manufacturer and supplier of 2-Butyl-4-chloro-5-formylimidazole CAS 83857-96-9 in China. Buy 2-Butyl-4-chloro-5-formylimidazole in china. We can provide the best 2-Butyl-4-chloro-5-formylimidazole price.\" \/>\n<meta property=\"og:url\" content=\"https:\/\/longchangchemical.com\/de\/product\/cas-83857-96-9\/\" \/>\n<meta property=\"og:site_name\" content=\"Longchang Chemical\" \/>\n<meta property=\"article:modified_time\" content=\"2026-05-08T02:59:28+00:00\" \/>\n<meta property=\"og:image\" content=\"https:\/\/longchangchemical.com\/wp-content\/uploads\/2021\/01\/2-Butyl-4-chloro-5-formylimidazole-Appearance.jpg\" \/>\n\t<meta property=\"og:image:width\" content=\"600\" \/>\n\t<meta property=\"og:image:height\" content=\"800\" \/>\n\t<meta property=\"og:image:type\" content=\"image\/jpeg\" \/>\n<meta name=\"twitter:card\" content=\"summary_large_image\" \/>\n<script type=\"application\/ld+json\" class=\"yoast-schema-graph\">{\"@context\":\"https:\/\/schema.org\",\"@graph\":[{\"@type\":\"WebPage\",\"@id\":\"https:\/\/longchangchemical.com\/product\/cas-83857-96-9\/\",\"url\":\"https:\/\/longchangchemical.com\/product\/cas-83857-96-9\/\",\"name\":\"China 2-Butyl-4-chloro-5-formylimidazole Manufacturer \uff06 Supplier - Longchang chemical Co., Ltd.\",\"isPartOf\":{\"@id\":\"https:\/\/longchangchemical.com\/#website\"},\"primaryImageOfPage\":{\"@id\":\"https:\/\/longchangchemical.com\/product\/cas-83857-96-9\/#primaryimage\"},\"image\":{\"@id\":\"https:\/\/longchangchemical.com\/product\/cas-83857-96-9\/#primaryimage\"},\"thumbnailUrl\":\"https:\/\/longchangchemical.com\/wp-content\/uploads\/2021\/01\/2-Butyl-4-chloro-5-formylimidazole-Appearance.jpg\",\"datePublished\":\"2021-01-21T11:54:21+00:00\",\"dateModified\":\"2026-05-08T02:59:28+00:00\",\"description\":\"Longchang Chemical is a leading manufacturer and supplier of 2-Butyl-4-chloro-5-formylimidazole CAS 83857-96-9 in China. Buy 2-Butyl-4-chloro-5-formylimidazole in china. We can provide the best 2-Butyl-4-chloro-5-formylimidazole price.\",\"breadcrumb\":{\"@id\":\"https:\/\/longchangchemical.com\/product\/cas-83857-96-9\/#breadcrumb\"},\"inLanguage\":\"de\",\"potentialAction\":[{\"@type\":\"ReadAction\",\"target\":[\"https:\/\/longchangchemical.com\/product\/cas-83857-96-9\/\"]}]},{\"@type\":\"ImageObject\",\"inLanguage\":\"de\",\"@id\":\"https:\/\/longchangchemical.com\/product\/cas-83857-96-9\/#primaryimage\",\"url\":\"https:\/\/longchangchemical.com\/wp-content\/uploads\/2021\/01\/2-Butyl-4-chloro-5-formylimidazole-Appearance.jpg\",\"contentUrl\":\"https:\/\/longchangchemical.com\/wp-content\/uploads\/2021\/01\/2-Butyl-4-chloro-5-formylimidazole-Appearance.jpg\",\"width\":600,\"height\":800,\"caption\":\"2-Butyl-4-chloro-5-formylimidazole Appearance\"},{\"@type\":\"BreadcrumbList\",\"@id\":\"https:\/\/longchangchemical.com\/product\/cas-83857-96-9\/#breadcrumb\",\"itemListElement\":[{\"@type\":\"ListItem\",\"position\":1,\"name\":\"Home\",\"item\":\"https:\/\/longchangchemical.com\/\"},{\"@type\":\"ListItem\",\"position\":2,\"name\":\"Products Longchang\",\"item\":\"https:\/\/longchangchemical.com\/product\/\"},{\"@type\":\"ListItem\",\"position\":3,\"name\":\"2-butyl-4-chloro-5-formylimidazole CAS 83857-96-9\"}]},{\"@type\":\"WebSite\",\"@id\":\"https:\/\/longchangchemical.com\/#website\",\"url\":\"https:\/\/longchangchemical.com\/\",\"name\":\"Longchang Chemical\",\"description\":\"China chemical manufacturer \uff06 supplier\",\"publisher\":{\"@id\":\"https:\/\/longchangchemical.com\/#organization\"},\"potentialAction\":[{\"@type\":\"SearchAction\",\"target\":{\"@type\":\"EntryPoint\",\"urlTemplate\":\"https:\/\/longchangchemical.com\/?s={search_term_string}\"},\"query-input\":{\"@type\":\"PropertyValueSpecification\",\"valueRequired\":true,\"valueName\":\"search_term_string\"}}],\"inLanguage\":\"de\"},{\"@type\":\"Organization\",\"@id\":\"https:\/\/longchangchemical.com\/#organization\",\"name\":\"Longchang Chemical\",\"url\":\"https:\/\/longchangchemical.com\/\",\"logo\":{\"@type\":\"ImageObject\",\"inLanguage\":\"de\",\"@id\":\"https:\/\/longchangchemical.com\/#\/schema\/logo\/image\/\",\"url\":\"https:\/\/longchangchemical.com\/wp-content\/uploads\/2020\/08\/cropped-longchang-logo.png\",\"contentUrl\":\"https:\/\/longchangchemical.com\/wp-content\/uploads\/2020\/08\/cropped-longchang-logo.png\",\"width\":512,\"height\":512,\"caption\":\"Longchang Chemical\"},\"image\":{\"@id\":\"https:\/\/longchangchemical.com\/#\/schema\/logo\/image\/\"}}]}<\/script>\n<!-- \/ Yoast SEO plugin. -->","yoast_head_json":{"title":"China 2-Butyl-4-chlor-5-formylimidazol Hersteller \uff06 Lieferant - Longchang chemical Co., Ltd.","description":"Longchang Chemical ist ein f\u00fchrender Hersteller und Lieferant von 2-Butyl-4-chlor-5-formylimidazol CAS 83857-96-9 in China. Kaufen Sie 2-Butyl-4-chlor-5-formylimidazol in China. Wir k\u00f6nnen die besten 2-Butyl-4-chlor-5-formylimidazol Preis bieten.","robots":{"index":"index","follow":"follow","max-snippet":"max-snippet:-1","max-image-preview":"max-image-preview:large","max-video-preview":"max-video-preview:-1"},"canonical":"https:\/\/longchangchemical.com\/de\/product\/cas-83857-96-9\/","og_locale":"de_DE","og_type":"article","og_title":"China 2-Butyl-4-chloro-5-formylimidazole Manufacturer \uff06 Supplier - Longchang chemical Co., Ltd.","og_description":"Longchang Chemical is a leading manufacturer and supplier of 2-Butyl-4-chloro-5-formylimidazole CAS 83857-96-9 in China. Buy 2-Butyl-4-chloro-5-formylimidazole in china. We can provide the best 2-Butyl-4-chloro-5-formylimidazole price.","og_url":"https:\/\/longchangchemical.com\/de\/product\/cas-83857-96-9\/","og_site_name":"Longchang Chemical","article_modified_time":"2026-05-08T02:59:28+00:00","og_image":[{"width":600,"height":800,"url":"https:\/\/longchangchemical.com\/wp-content\/uploads\/2021\/01\/2-Butyl-4-chloro-5-formylimidazole-Appearance.jpg","type":"image\/jpeg"}],"twitter_card":"summary_large_image","schema":{"@context":"https:\/\/schema.org","@graph":[{"@type":"WebPage","@id":"https:\/\/longchangchemical.com\/product\/cas-83857-96-9\/","url":"https:\/\/longchangchemical.com\/product\/cas-83857-96-9\/","name":"China 2-Butyl-4-chlor-5-formylimidazol Hersteller \uff06 Lieferant - Longchang chemical Co., Ltd.","isPartOf":{"@id":"https:\/\/longchangchemical.com\/#website"},"primaryImageOfPage":{"@id":"https:\/\/longchangchemical.com\/product\/cas-83857-96-9\/#primaryimage"},"image":{"@id":"https:\/\/longchangchemical.com\/product\/cas-83857-96-9\/#primaryimage"},"thumbnailUrl":"https:\/\/longchangchemical.com\/wp-content\/uploads\/2021\/01\/2-Butyl-4-chloro-5-formylimidazole-Appearance.jpg","datePublished":"2021-01-21T11:54:21+00:00","dateModified":"2026-05-08T02:59:28+00:00","description":"Longchang Chemical ist ein f\u00fchrender Hersteller und Lieferant von 2-Butyl-4-chlor-5-formylimidazol CAS 83857-96-9 in China. Kaufen Sie 2-Butyl-4-chlor-5-formylimidazol in China. Wir k\u00f6nnen die besten 2-Butyl-4-chlor-5-formylimidazol Preis bieten.","breadcrumb":{"@id":"https:\/\/longchangchemical.com\/product\/cas-83857-96-9\/#breadcrumb"},"inLanguage":"de","potentialAction":[{"@type":"ReadAction","target":["https:\/\/longchangchemical.com\/product\/cas-83857-96-9\/"]}]},{"@type":"ImageObject","inLanguage":"de","@id":"https:\/\/longchangchemical.com\/product\/cas-83857-96-9\/#primaryimage","url":"https:\/\/longchangchemical.com\/wp-content\/uploads\/2021\/01\/2-Butyl-4-chloro-5-formylimidazole-Appearance.jpg","contentUrl":"https:\/\/longchangchemical.com\/wp-content\/uploads\/2021\/01\/2-Butyl-4-chloro-5-formylimidazole-Appearance.jpg","width":600,"height":800,"caption":"2-Butyl-4-chloro-5-formylimidazole Appearance"},{"@type":"BreadcrumbList","@id":"https:\/\/longchangchemical.com\/product\/cas-83857-96-9\/#breadcrumb","itemListElement":[{"@type":"ListItem","position":1,"name":"Home","item":"https:\/\/longchangchemical.com\/"},{"@type":"ListItem","position":2,"name":"Products Longchang","item":"https:\/\/longchangchemical.com\/product\/"},{"@type":"ListItem","position":3,"name":"2-butyl-4-chloro-5-formylimidazole CAS 83857-96-9"}]},{"@type":"WebSite","@id":"https:\/\/longchangchemical.com\/#website","url":"https:\/\/longchangchemical.com\/","name":"Longchang Chemical","description":"China Hersteller von Chemikalien \uff06 Lieferant","publisher":{"@id":"https:\/\/longchangchemical.com\/#organization"},"potentialAction":[{"@type":"SearchAction","target":{"@type":"EntryPoint","urlTemplate":"https:\/\/longchangchemical.com\/?s={search_term_string}"},"query-input":{"@type":"PropertyValueSpecification","valueRequired":true,"valueName":"search_term_string"}}],"inLanguage":"de"},{"@type":"Organization","@id":"https:\/\/longchangchemical.com\/#organization","name":"Longchang Chemical","url":"https:\/\/longchangchemical.com\/","logo":{"@type":"ImageObject","inLanguage":"de","@id":"https:\/\/longchangchemical.com\/#\/schema\/logo\/image\/","url":"https:\/\/longchangchemical.com\/wp-content\/uploads\/2020\/08\/cropped-longchang-logo.png","contentUrl":"https:\/\/longchangchemical.com\/wp-content\/uploads\/2020\/08\/cropped-longchang-logo.png","width":512,"height":512,"caption":"Longchang Chemical"},"image":{"@id":"https:\/\/longchangchemical.com\/#\/schema\/logo\/image\/"}}]}},"_links":{"self":[{"href":"https:\/\/longchangchemical.com\/de\/wp-json\/wp\/v2\/product\/3508","targetHints":{"allow":["GET"]}}],"collection":[{"href":"https:\/\/longchangchemical.com\/de\/wp-json\/wp\/v2\/product"}],"about":[{"href":"https:\/\/longchangchemical.com\/de\/wp-json\/wp\/v2\/types\/product"}],"replies":[{"embeddable":true,"href":"https:\/\/longchangchemical.com\/de\/wp-json\/wp\/v2\/comments?post=3508"}],"wp:featuredmedia":[{"embeddable":true,"href":"https:\/\/longchangchemical.com\/de\/wp-json\/wp\/v2\/media\/4295"}],"wp:attachment":[{"href":"https:\/\/longchangchemical.com\/de\/wp-json\/wp\/v2\/media?parent=3508"}],"wp:term":[{"taxonomy":"product_brand","embeddable":true,"href":"https:\/\/longchangchemical.com\/de\/wp-json\/wp\/v2\/product_brand?post=3508"},{"taxonomy":"product_cat","embeddable":true,"href":"https:\/\/longchangchemical.com\/de\/wp-json\/wp\/v2\/product_cat?post=3508"},{"taxonomy":"product_tag","embeddable":true,"href":"https:\/\/longchangchemical.com\/de\/wp-json\/wp\/v2\/product_tag?post=3508"}],"curies":[{"name":"wp","href":"https:\/\/api.w.org\/{rel}","templated":true}]}}