{"id":3505,"date":"2021-01-21T11:23:34","date_gmt":"2021-01-21T11:23:34","guid":{"rendered":"https:\/\/longchangchemical.com\/?post_type=product&#038;p=3505"},"modified":"2025-12-23T05:58:21","modified_gmt":"2025-12-23T05:58:21","slug":"stearoyl-benzoyl-methane-cas-58446-52-9","status":"publish","type":"product","link":"https:\/\/longchangchemical.com\/de\/product\/stearoyl-benzoyl-methane-cas-58446-52-9\/","title":{"rendered":"Stearoylbenzoylmethan CAS 58446-52-9"},"content":{"rendered":"<h1><strong>Stearoylbenzoylmethan CAS 58446-52-9<\/strong><\/h1>\n<p>&nbsp;<\/p>\n<table class=\"table-1\" cellspacing=\"0\">\n<tbody>\n<tr>\n<td>\n<h4><strong>SBM-50 Artikel<\/strong><\/h4>\n<\/td>\n<td>\n<h4><strong>Standard<\/strong><\/h4>\n<\/td>\n<td>\n<h4><strong>Ergebnis<\/strong><strong>(%)<\/strong><\/h4>\n<\/td>\n<\/tr>\n<tr>\n<td>\n<h4>SBM-50 Erscheinungsbild<\/h4>\n<\/td>\n<td>\n<h4>Wei\u00dfes Puder<\/h4>\n<\/td>\n<td>\n<h4>best\u00e4tigt<\/h4>\n<\/td>\n<\/tr>\n<tr>\n<td>\n<h4>SBM-50 Reinheit<\/h4>\n<\/td>\n<td>\n<h4>\u226597%<\/h4>\n<\/td>\n<td>\n<h4>98.1%<\/h4>\n<\/td>\n<\/tr>\n<tr>\n<td>\n<h4>SBM-50 Schmelzpunkt:<\/h4>\n<\/td>\n<td>\n<h4>\u226556\u2103<\/h4>\n<\/td>\n<td>\n<h4>56.3-59.3<\/h4>\n<\/td>\n<\/tr>\n<tr>\n<td>\n<h4>SBM-50 Aschegehalt:<\/h4>\n<\/td>\n<td>\n<h4>0,2% max<\/h4>\n<\/td>\n<td>\n<h4>0.07<\/h4>\n<\/td>\n<\/tr>\n<tr>\n<td>\n<h4>SBM-50 W\u00e4rmeverlust: \uff08120\u2103,1h\uff09<\/h4>\n<\/td>\n<td>\n<h4>0,2max<\/h4>\n<\/td>\n<td>\n<h4>0.09<\/h4>\n<\/td>\n<\/tr>\n<\/tbody>\n<\/table>\n<h2><\/h2>\n<table style=\"border-collapse: collapse; width: 513.02pt;\" border=\"0\" width=\"684\" cellspacing=\"0\" cellpadding=\"0\">\n<tbody>\n<tr style=\"height: 14.25pt;\">\n<td class=\"et2\" style=\"height: 14.25pt; width: 183.75pt;\" width=\"245\" height=\"19\">\n<h4>SBM-55 Gegenstand<\/h4>\n<\/td>\n<td class=\"et2\" style=\"width: 243.75pt;\" width=\"325\">\n<h4>Standard<\/h4>\n<\/td>\n<td class=\"et3\" style=\"width: 85.50pt;\" width=\"114\">\n<h4>Ergebnis(%)<\/h4>\n<\/td>\n<\/tr>\n<tr style=\"height: 14.25pt;\">\n<td class=\"et2\" style=\"height: 14.25pt;\" height=\"19\">\n<h4>SBM-55 Erscheinungsbild<\/h4>\n<\/td>\n<td class=\"et2\">\n<h4>Wei\u00dfes oder hellwei\u00dfes Pulver<\/h4>\n<\/td>\n<td class=\"et3\">\n<h4>best\u00e4tigt<\/h4>\n<\/td>\n<\/tr>\n<tr style=\"height: 14.25pt;\">\n<td class=\"et2\" style=\"height: 14.25pt;\" height=\"19\">\n<h4>SBM-55 Reinheit<\/h4>\n<\/td>\n<td class=\"et2\">\n<h4>\u226570%<\/h4>\n<\/td>\n<td class=\"et4\">\n<h4>70.10%<\/h4>\n<\/td>\n<\/tr>\n<tr style=\"height: 14.25pt;\">\n<td class=\"et2\" style=\"height: 14.25pt;\" height=\"19\">\n<h4>SBM-55 Schmelzpunkt:<\/h4>\n<\/td>\n<td class=\"et2\">\n<h4>\u226553\u2103<\/h4>\n<\/td>\n<td class=\"et3\">\n<h4>53.3-56.3<\/h4>\n<\/td>\n<\/tr>\n<tr style=\"height: 14.25pt;\">\n<td class=\"et2\" style=\"height: 14.25pt;\" height=\"19\">\n<h4>SBM-55 Aschegehalt:<\/h4>\n<\/td>\n<td class=\"et2\">\n<h4>0,2% max<\/h4>\n<\/td>\n<td class=\"et3\">\n<h4>0.07<\/h4>\n<\/td>\n<\/tr>\n<tr style=\"height: 14.25pt;\">\n<td class=\"et2\" style=\"height: 14.25pt;\" height=\"19\">\n<h4>SBM-55 W\u00e4rmeverlust: \uff08120\u2103,1hr\uff09<\/h4>\n<\/td>\n<td class=\"et2\">\n<h4>0,2max<\/h4>\n<\/td>\n<td class=\"et3\">\n<h4>0.09<\/h4>\n<\/td>\n<\/tr>\n<\/tbody>\n<\/table>\n<h2><\/h2>\n<h2>Was ist der Unterschied zwischen SBM-50 und SBM-55\uff1f?<\/h2>\n<h4>Unterschiedliches Aussehen, unterschiedliche Reinheit.<\/h4>\n<p>&nbsp;<\/p>\n<h2><strong>Was ist Stearoylbenzoylmethan?<\/strong><\/h2>\n<h4><span class=\"JLqJ4b ChMk0b\" data-language-for-alternatives=\"en\" data-language-to-translate-into=\"auto\" data-phrase-index=\"0\">Stearoylbenzoylmethan (SBM) ist ein wichtiger Hilfsw\u00e4rmestabilisator f\u00fcr Kunststoffe mit \u03b2-Diketonstruktur. Es kann mit einer Vielzahl von Stabilisatoren gemischt werden. Durch die Synergie zwischen den Komponenten kann es effektiv die<\/span> <span class=\"JLqJ4b ChMk0b\" data-language-for-alternatives=\"en\" data-language-to-translate-into=\"auto\" data-phrase-index=\"1\">Die Transparenz und Witterungsbest\u00e4ndigkeit von Vinylchloridprodukten verhindert Ausf\u00e4llungen und \"Zinkverbrennungen\" bei der Verarbeitung.<\/span><\/h4>\n<p>&nbsp;<\/p>\n<h2><strong>Stearoylbenzoylmethan Verwendung<\/strong><\/h2>\n<h4><span class=\"JLqJ4b ChMk0b\" data-language-for-alternatives=\"en\" data-language-to-translate-into=\"auto\" data-phrase-index=\"0\">1. Im Vergleich zu herk\u00f6mmlichen Stabilisatoren hat Stearoylbenzoylmethan eine gute thermische Stabilit\u00e4t, chemische Stabilit\u00e4t und Lichtstabilit\u00e4t, ist ungiftig, geschmacksneutral und verschmutzt die Produkte nicht, so dass es weithin in Lebensmittel- und medizinischen Verpackungen, wie Mineralquellen, verwendet wird.<\/span> <span class=\"JLqJ4b ChMk0b\" data-language-for-alternatives=\"en\" data-language-to-translate-into=\"auto\" data-phrase-index=\"1\">Wasserflaschen, \u00d6lflaschen, durchsichtige Platten und transparente Folien usw.<\/span><\/h4>\n<h4><span class=\"JLqJ4b ChMk0b\" data-language-for-alternatives=\"en\" data-language-to-translate-into=\"auto\" data-phrase-index=\"3\">2. Organischer PVC-Hilfs-W\u00e4rmestabilisator, der haupts\u00e4chlich in Verbindung mit einem Calcium-Zink-Komposit-W\u00e4rmestabilisator\/einem Seltenerd-Komposit-W\u00e4rmestabilisator verwendet wird, kann die anf\u00e4ngliche F\u00e4rbung hemmen, das \"Zinkbrennen\" verhindern und die thermische Stabilit\u00e4t von PVC-Produkten verbessern.<\/span><\/h4>\n<p>&nbsp;<\/p>\n<h2><strong>Stearoylbenzoylmethan Verpackung<\/strong><\/h2>\n<h4>20KG\/Karton<\/h4>\n<p>&nbsp;<\/p>\n<h2><strong>Stearoylbenzoylmethan Lagerung<\/strong><\/h2>\n<h4>An einem k\u00fchlen, trockenen Ort lagern, um Feuchtigkeit und Hitze zu vermeiden. Besch\u00e4digen Sie die Verpackung nicht bei der Handhabung.<\/h4>\n<p>&nbsp;<\/p>\n<h2><strong><b>Kontaktieren Sie uns jetzt!<\/b><\/strong><\/h2>\n<h4><strong><b>Wenn Sie COA, MSDS oder TDS ben\u00f6tigen, geben Sie bitte Ihre Kontaktinformationen in das untenstehende Formular ein. Wir werden uns in der Regel innerhalb von 24 Stunden mit Ihnen in Verbindung setzen. Sie k\u00f6nnen mir auch eine E-Mail schicken <span style=\"color: #0000ff;\"><a style=\"color: #0000ff;\" href=\"mailto:info@longchangchemical.com\">info@longchangchemical.com<\/a><\/span> w\u00e4hrend der Gesch\u00e4ftszeiten ( 8:30 bis 18:00 Uhr UTC+8 Mo.~Sa. ) oder nutzen Sie den Live-Chat auf der Website, um eine schnelle Antwort zu erhalten.<\/b><\/strong><\/h4>","protected":false},"excerpt":{"rendered":"<h4>Name des Produkts: Stearoylbenzoylmethan<\/h4>\n<h4>CAS:58446-52-9<\/h4>\n<h4>Summenformel:C26H42O2<\/h4>\n<h4>Molekulargewicht:386.61<\/h4>\n<h4>Stearoylbenzoylmethan Struktur:<img decoding=\"async\" title=\"Stearoylbenzoylmethan Struktur\" src=\"https:\/\/www.longchangchemical.com\/wp-content\/uploads\/product-details\/20200615152826.png\" alt=\"Stearoylbenzoylmethan Struktur\" width=\"207\" height=\"69\" border=\"0\" vspace=\"0\" \/><\/h4>\n<h4>Erscheinungsbild: Wei\u00dfes oder hellwei\u00dfes Kristallpulver<\/h4>\n<h4>Reinheit: SBM-50: \u226597% SBM-55: \u226570%<\/h4>","protected":false},"featured_media":4284,"comment_status":"open","ping_status":"closed","template":"","meta":[],"product_brand":[],"product_cat":[69],"product_tag":[],"class_list":{"0":"post-3505","1":"product","2":"type-product","3":"status-publish","4":"has-post-thumbnail","6":"product_cat-catalysts-chemical-auxiliary-agents","8":"first","9":"instock","10":"shipping-taxable","11":"product-type-simple"},"yoast_head":"<!-- This site is optimized with the Yoast SEO plugin v25.3.1 - https:\/\/yoast.com\/wordpress\/plugins\/seo\/ -->\n<title>China Stearoyl benzoyl methane Manufacturer \uff06 CAS 58446-52-9 Supplier - Longchang chemical Co., Ltd.<\/title>\n<meta name=\"description\" content=\"Longchang Chemical is a leading manufacturer and supplier of Stearoyl benzoyl methane cas 58446-52-9 in China. Buy Stearoyl benzoyl methane in china. We can provide the best Stearoyl benzoyl methane price.\" \/>\n<meta name=\"robots\" content=\"index, follow, max-snippet:-1, max-image-preview:large, max-video-preview:-1\" \/>\n<link rel=\"canonical\" href=\"https:\/\/longchangchemical.com\/de\/product\/stearoyl-benzoyl-methane-cas-58446-52-9\/\" \/>\n<meta property=\"og:locale\" content=\"de_DE\" \/>\n<meta property=\"og:type\" content=\"article\" \/>\n<meta property=\"og:title\" content=\"China Stearoyl benzoyl methane Manufacturer \uff06 CAS 58446-52-9 Supplier - Longchang chemical Co., Ltd.\" \/>\n<meta property=\"og:description\" content=\"Longchang Chemical is a leading manufacturer and supplier of Stearoyl benzoyl methane cas 58446-52-9 in China. Buy Stearoyl benzoyl methane in china. We can provide the best Stearoyl benzoyl methane price.\" \/>\n<meta property=\"og:url\" content=\"https:\/\/longchangchemical.com\/de\/product\/stearoyl-benzoyl-methane-cas-58446-52-9\/\" \/>\n<meta property=\"og:site_name\" content=\"Longchang Chemical\" \/>\n<meta property=\"article:modified_time\" content=\"2025-12-23T05:58:21+00:00\" \/>\n<meta property=\"og:image\" content=\"https:\/\/longchangchemical.com\/wp-content\/uploads\/2021\/01\/Stearoyl-benzoyl-methane-Appearance.jpg\" \/>\n\t<meta property=\"og:image:width\" content=\"600\" \/>\n\t<meta property=\"og:image:height\" content=\"800\" \/>\n\t<meta property=\"og:image:type\" content=\"image\/jpeg\" \/>\n<meta name=\"twitter:card\" content=\"summary_large_image\" \/>\n<script type=\"application\/ld+json\" class=\"yoast-schema-graph\">{\"@context\":\"https:\/\/schema.org\",\"@graph\":[{\"@type\":\"WebPage\",\"@id\":\"https:\/\/longchangchemical.com\/product\/stearoyl-benzoyl-methane-cas-58446-52-9\/\",\"url\":\"https:\/\/longchangchemical.com\/product\/stearoyl-benzoyl-methane-cas-58446-52-9\/\",\"name\":\"China Stearoyl benzoyl methane Manufacturer \uff06 CAS 58446-52-9 Supplier - Longchang chemical Co., Ltd.\",\"isPartOf\":{\"@id\":\"https:\/\/longchangchemical.com\/#website\"},\"primaryImageOfPage\":{\"@id\":\"https:\/\/longchangchemical.com\/product\/stearoyl-benzoyl-methane-cas-58446-52-9\/#primaryimage\"},\"image\":{\"@id\":\"https:\/\/longchangchemical.com\/product\/stearoyl-benzoyl-methane-cas-58446-52-9\/#primaryimage\"},\"thumbnailUrl\":\"https:\/\/longchangchemical.com\/wp-content\/uploads\/2021\/01\/Stearoyl-benzoyl-methane-Appearance.jpg\",\"datePublished\":\"2021-01-21T11:23:34+00:00\",\"dateModified\":\"2025-12-23T05:58:21+00:00\",\"description\":\"Longchang Chemical is a leading manufacturer and supplier of Stearoyl benzoyl methane cas 58446-52-9 in China. Buy Stearoyl benzoyl methane in china. We can provide the best Stearoyl benzoyl methane price.\",\"breadcrumb\":{\"@id\":\"https:\/\/longchangchemical.com\/product\/stearoyl-benzoyl-methane-cas-58446-52-9\/#breadcrumb\"},\"inLanguage\":\"de\",\"potentialAction\":[{\"@type\":\"ReadAction\",\"target\":[\"https:\/\/longchangchemical.com\/product\/stearoyl-benzoyl-methane-cas-58446-52-9\/\"]}]},{\"@type\":\"ImageObject\",\"inLanguage\":\"de\",\"@id\":\"https:\/\/longchangchemical.com\/product\/stearoyl-benzoyl-methane-cas-58446-52-9\/#primaryimage\",\"url\":\"https:\/\/longchangchemical.com\/wp-content\/uploads\/2021\/01\/Stearoyl-benzoyl-methane-Appearance.jpg\",\"contentUrl\":\"https:\/\/longchangchemical.com\/wp-content\/uploads\/2021\/01\/Stearoyl-benzoyl-methane-Appearance.jpg\",\"width\":600,\"height\":800,\"caption\":\"Stearoyl-benzoyl-methane-Appearance\"},{\"@type\":\"BreadcrumbList\",\"@id\":\"https:\/\/longchangchemical.com\/product\/stearoyl-benzoyl-methane-cas-58446-52-9\/#breadcrumb\",\"itemListElement\":[{\"@type\":\"ListItem\",\"position\":1,\"name\":\"Home\",\"item\":\"https:\/\/longchangchemical.com\/\"},{\"@type\":\"ListItem\",\"position\":2,\"name\":\"Products Longchang\",\"item\":\"https:\/\/longchangchemical.com\/product\/\"},{\"@type\":\"ListItem\",\"position\":3,\"name\":\"Stearoyl benzoyl methane CAS 58446-52-9\"}]},{\"@type\":\"WebSite\",\"@id\":\"https:\/\/longchangchemical.com\/#website\",\"url\":\"https:\/\/longchangchemical.com\/\",\"name\":\"Longchang Chemical\",\"description\":\"China chemical manufacturer \uff06 supplier\",\"publisher\":{\"@id\":\"https:\/\/longchangchemical.com\/#organization\"},\"potentialAction\":[{\"@type\":\"SearchAction\",\"target\":{\"@type\":\"EntryPoint\",\"urlTemplate\":\"https:\/\/longchangchemical.com\/?s={search_term_string}\"},\"query-input\":{\"@type\":\"PropertyValueSpecification\",\"valueRequired\":true,\"valueName\":\"search_term_string\"}}],\"inLanguage\":\"de\"},{\"@type\":\"Organization\",\"@id\":\"https:\/\/longchangchemical.com\/#organization\",\"name\":\"Longchang Chemical\",\"url\":\"https:\/\/longchangchemical.com\/\",\"logo\":{\"@type\":\"ImageObject\",\"inLanguage\":\"de\",\"@id\":\"https:\/\/longchangchemical.com\/#\/schema\/logo\/image\/\",\"url\":\"https:\/\/longchangchemical.com\/wp-content\/uploads\/2020\/08\/cropped-longchang-logo.png\",\"contentUrl\":\"https:\/\/longchangchemical.com\/wp-content\/uploads\/2020\/08\/cropped-longchang-logo.png\",\"width\":512,\"height\":512,\"caption\":\"Longchang Chemical\"},\"image\":{\"@id\":\"https:\/\/longchangchemical.com\/#\/schema\/logo\/image\/\"}}]}<\/script>\n<!-- \/ Yoast SEO plugin. -->","yoast_head_json":{"title":"China Stearoyl benzoyl methan Hersteller \uff06 CAS 58446-52-9 Lieferant - Longchang chemical Co, Ltd.","description":"Longchang Chemical ist ein f\u00fchrender Hersteller und Lieferant von Stearoylbenzoylmethan cas 58446-52-9 in China. Kaufen Sie Stearoylbenzoylmethan in China. Wir k\u00f6nnen die besten Stearoylbenzoylmethan Preis bieten.","robots":{"index":"index","follow":"follow","max-snippet":"max-snippet:-1","max-image-preview":"max-image-preview:large","max-video-preview":"max-video-preview:-1"},"canonical":"https:\/\/longchangchemical.com\/de\/product\/stearoyl-benzoyl-methane-cas-58446-52-9\/","og_locale":"de_DE","og_type":"article","og_title":"China Stearoyl benzoyl methane Manufacturer \uff06 CAS 58446-52-9 Supplier - Longchang chemical Co., Ltd.","og_description":"Longchang Chemical is a leading manufacturer and supplier of Stearoyl benzoyl methane cas 58446-52-9 in China. Buy Stearoyl benzoyl methane in china. We can provide the best Stearoyl benzoyl methane price.","og_url":"https:\/\/longchangchemical.com\/de\/product\/stearoyl-benzoyl-methane-cas-58446-52-9\/","og_site_name":"Longchang Chemical","article_modified_time":"2025-12-23T05:58:21+00:00","og_image":[{"width":600,"height":800,"url":"https:\/\/longchangchemical.com\/wp-content\/uploads\/2021\/01\/Stearoyl-benzoyl-methane-Appearance.jpg","type":"image\/jpeg"}],"twitter_card":"summary_large_image","schema":{"@context":"https:\/\/schema.org","@graph":[{"@type":"WebPage","@id":"https:\/\/longchangchemical.com\/product\/stearoyl-benzoyl-methane-cas-58446-52-9\/","url":"https:\/\/longchangchemical.com\/product\/stearoyl-benzoyl-methane-cas-58446-52-9\/","name":"China Stearoyl benzoyl methan Hersteller \uff06 CAS 58446-52-9 Lieferant - Longchang chemical Co, Ltd.","isPartOf":{"@id":"https:\/\/longchangchemical.com\/#website"},"primaryImageOfPage":{"@id":"https:\/\/longchangchemical.com\/product\/stearoyl-benzoyl-methane-cas-58446-52-9\/#primaryimage"},"image":{"@id":"https:\/\/longchangchemical.com\/product\/stearoyl-benzoyl-methane-cas-58446-52-9\/#primaryimage"},"thumbnailUrl":"https:\/\/longchangchemical.com\/wp-content\/uploads\/2021\/01\/Stearoyl-benzoyl-methane-Appearance.jpg","datePublished":"2021-01-21T11:23:34+00:00","dateModified":"2025-12-23T05:58:21+00:00","description":"Longchang Chemical ist ein f\u00fchrender Hersteller und Lieferant von Stearoylbenzoylmethan cas 58446-52-9 in China. Kaufen Sie Stearoylbenzoylmethan in China. Wir k\u00f6nnen die besten Stearoylbenzoylmethan Preis bieten.","breadcrumb":{"@id":"https:\/\/longchangchemical.com\/product\/stearoyl-benzoyl-methane-cas-58446-52-9\/#breadcrumb"},"inLanguage":"de","potentialAction":[{"@type":"ReadAction","target":["https:\/\/longchangchemical.com\/product\/stearoyl-benzoyl-methane-cas-58446-52-9\/"]}]},{"@type":"ImageObject","inLanguage":"de","@id":"https:\/\/longchangchemical.com\/product\/stearoyl-benzoyl-methane-cas-58446-52-9\/#primaryimage","url":"https:\/\/longchangchemical.com\/wp-content\/uploads\/2021\/01\/Stearoyl-benzoyl-methane-Appearance.jpg","contentUrl":"https:\/\/longchangchemical.com\/wp-content\/uploads\/2021\/01\/Stearoyl-benzoyl-methane-Appearance.jpg","width":600,"height":800,"caption":"Stearoyl-benzoyl-methane-Appearance"},{"@type":"BreadcrumbList","@id":"https:\/\/longchangchemical.com\/product\/stearoyl-benzoyl-methane-cas-58446-52-9\/#breadcrumb","itemListElement":[{"@type":"ListItem","position":1,"name":"Home","item":"https:\/\/longchangchemical.com\/"},{"@type":"ListItem","position":2,"name":"Products Longchang","item":"https:\/\/longchangchemical.com\/product\/"},{"@type":"ListItem","position":3,"name":"Stearoyl benzoyl methane CAS 58446-52-9"}]},{"@type":"WebSite","@id":"https:\/\/longchangchemical.com\/#website","url":"https:\/\/longchangchemical.com\/","name":"Longchang Chemical","description":"China Hersteller von Chemikalien \uff06 Lieferant","publisher":{"@id":"https:\/\/longchangchemical.com\/#organization"},"potentialAction":[{"@type":"SearchAction","target":{"@type":"EntryPoint","urlTemplate":"https:\/\/longchangchemical.com\/?s={search_term_string}"},"query-input":{"@type":"PropertyValueSpecification","valueRequired":true,"valueName":"search_term_string"}}],"inLanguage":"de"},{"@type":"Organization","@id":"https:\/\/longchangchemical.com\/#organization","name":"Longchang Chemical","url":"https:\/\/longchangchemical.com\/","logo":{"@type":"ImageObject","inLanguage":"de","@id":"https:\/\/longchangchemical.com\/#\/schema\/logo\/image\/","url":"https:\/\/longchangchemical.com\/wp-content\/uploads\/2020\/08\/cropped-longchang-logo.png","contentUrl":"https:\/\/longchangchemical.com\/wp-content\/uploads\/2020\/08\/cropped-longchang-logo.png","width":512,"height":512,"caption":"Longchang Chemical"},"image":{"@id":"https:\/\/longchangchemical.com\/#\/schema\/logo\/image\/"}}]}},"_links":{"self":[{"href":"https:\/\/longchangchemical.com\/de\/wp-json\/wp\/v2\/product\/3505","targetHints":{"allow":["GET"]}}],"collection":[{"href":"https:\/\/longchangchemical.com\/de\/wp-json\/wp\/v2\/product"}],"about":[{"href":"https:\/\/longchangchemical.com\/de\/wp-json\/wp\/v2\/types\/product"}],"replies":[{"embeddable":true,"href":"https:\/\/longchangchemical.com\/de\/wp-json\/wp\/v2\/comments?post=3505"}],"wp:featuredmedia":[{"embeddable":true,"href":"https:\/\/longchangchemical.com\/de\/wp-json\/wp\/v2\/media\/4284"}],"wp:attachment":[{"href":"https:\/\/longchangchemical.com\/de\/wp-json\/wp\/v2\/media?parent=3505"}],"wp:term":[{"taxonomy":"product_brand","embeddable":true,"href":"https:\/\/longchangchemical.com\/de\/wp-json\/wp\/v2\/product_brand?post=3505"},{"taxonomy":"product_cat","embeddable":true,"href":"https:\/\/longchangchemical.com\/de\/wp-json\/wp\/v2\/product_cat?post=3505"},{"taxonomy":"product_tag","embeddable":true,"href":"https:\/\/longchangchemical.com\/de\/wp-json\/wp\/v2\/product_tag?post=3505"}],"curies":[{"name":"wp","href":"https:\/\/api.w.org\/{rel}","templated":true}]}}