{"id":3502,"date":"2021-01-20T11:16:54","date_gmt":"2021-01-20T11:16:54","guid":{"rendered":"https:\/\/longchangchemical.com\/?post_type=product&#038;p=3502"},"modified":"2026-01-09T09:40:55","modified_gmt":"2026-01-09T09:40:55","slug":"diethylamino-hydroxybenzoyl-hexyl-benzoate-dhhb-uvinul-a-plus-cas-302776-68-7","status":"publish","type":"product","link":"https:\/\/longchangchemical.com\/de\/product\/diethylamino-hydroxybenzoyl-hexyl-benzoate-dhhb-uvinul-a-plus-cas-302776-68-7\/","title":{"rendered":"DHHB \/ Uvinul A Plus CAS 302776-68-7"},"content":{"rendered":"<h1>Diethylamino-Hydroxybenzoyl-Hexylbenzoat \/ DHHB \/<\/h1>\n<h1 class=\"title\">Uvinul A Plus CAS 302776-68-7<\/h1>\n<table>\n<tbody>\n<tr>\n<td width=\"213\">Artikel<\/td>\n<td width=\"329\">Standard<\/td>\n<td width=\"152\">Ergebnisse<\/td>\n<\/tr>\n<tr>\n<td width=\"213\">Erscheinungsbild<\/td>\n<td width=\"329\">Leicht wei\u00dfes Pulver oder Granulat<\/td>\n<td width=\"152\">Erf\u00fcllt<\/td>\n<\/tr>\n<tr>\n<td width=\"213\">Verlust beim Trocknen<\/td>\n<td width=\"329\">\u22640,5%<\/td>\n<td width=\"152\">0.07%<\/td>\n<\/tr>\n<tr>\n<td width=\"213\">Assay(GC)<\/td>\n<td width=\"329\">98.0~105.0%<\/td>\n<td width=\"152\">99.1%<\/td>\n<\/tr>\n<tr>\n<td width=\"213\">Schlussfolgerung<\/td>\n<td colspan=\"2\" width=\"481\">Qualifiziert<\/td>\n<\/tr>\n<\/tbody>\n<\/table>\n<p>&nbsp;<\/p>\n<p><strong>Diethylamino Hydroxybenzoyl Hexyl Benzoate Verwendung<\/strong><\/p>\n<p>&nbsp;<\/p>\n<h4><span class=\"JLqJ4b ChMk0b\" data-language-for-alternatives=\"en\" data-language-to-translate-into=\"auto\" data-phrase-index=\"0\">1. Verfahren zur Zugabe von Uvinul A Plus zu kosmetischen Zubereitungen, um die Stoffverschmutzung zu verringern und den Sonnenschutzfaktor (SPF) zu erh\u00f6hen, und Uvinul A Plus wird in kosmetischen Zubereitungen verwendet, um die durch Zubereitungen verursachte Stoffverschmutzung zu verringern und den Sonnenschutzfaktor (SPF) von Zubereitungen zu erh\u00f6hen<\/span> <span class=\"JLqJ4b ChMk0b\" data-language-for-alternatives=\"en\" data-language-to-translate-into=\"auto\" data-phrase-index=\"1\">verwenden.<\/span><\/h4>\n<h4><span class=\"JLqJ4b ChMk0b\" data-language-for-alternatives=\"en\" data-language-to-translate-into=\"auto\" data-phrase-index=\"3\">2. UV-A PLUS ist ein UV-Absorber auf Benzoatbasis, der UVA-Absorber mit der st\u00e4rksten UVA-Absorptionskapazit\u00e4t. Er kann 320-400 Nanometer ultraviolettes Licht absorbieren, und der Spitzenabsorptionswert liegt bei 354 Nanometern. Er zeichnet sich durch gute Vertr\u00e4glichkeit, geringe Migration, gute thermische Stabilit\u00e4t, hohe Absorptionsleistung usw. aus. Es ist f\u00fcr Kosmetika, Sonnenschutzmittel und Filter geeignet. Die allgemeine Dosierung betr\u00e4gt 0,2-0,5%.<\/span><\/h4>\n<p>&nbsp;<\/p>\n<h2><strong>Diethylamino Hydroxybenzoyl Hexyl Benzoate Verpackung<\/strong><\/h2>\n<h4>25kg\/Trommel<\/h4>\n<p>&nbsp;<\/p>\n<h2><strong>Diethylamino Hydroxybenzoyl Hexyl Benzoate Lagerung<\/strong><\/h2>\n<h4>DHHB sollte in einem geschlossenen System und an einem trockenen, dunklen Ort ohne Lichteinwirkung aufbewahrt werden. Die Haltbarkeit von DHHB betr\u00e4gt zwei Jahre in unge\u00f6ffneten Originalbeh\u00e4ltern.<\/h4>\n<p>&nbsp;<\/p>\n<h2><strong><b>Kontaktieren Sie uns jetzt!<\/b><\/strong><\/h2>\n<h4><strong><b>Wenn Sie COA, MSDS oder TDS ben\u00f6tigen, geben Sie bitte Ihre Kontaktinformationen in das untenstehende Formular ein. Wir werden uns in der Regel innerhalb von 24 Stunden mit Ihnen in Verbindung setzen. Sie k\u00f6nnen mir auch eine E-Mail schicken <span style=\"color: #0000ff;\"><a style=\"color: #0000ff;\" href=\"mailto:info@longchangchemical.com\">info@longchangchemical.com<\/a><\/span> w\u00e4hrend der Gesch\u00e4ftszeiten ( 8:30 bis 18:00 Uhr UTC+8 Mo.~Sa. ) oder nutzen Sie den Live-Chat auf der Website, um eine schnelle Antwort zu erhalten.<\/b><\/strong><\/h4>","protected":false},"excerpt":{"rendered":"<h4>Chemische Bezeichnung: Diethylamino Hydroxybenzoyl Hexyl Benzoate<\/h4>\n<h4>CAS-Nr.:302776-68-7<\/h4>\n<h4>Summenformel:C24H31NO4<\/h4>\n<h4>Molekulargewicht:397,51<\/h4>\n<h4><\/h4>\n<h4>Chemische Struktur:<img decoding=\"async\" title=\"Diethylamino-Hydroxybenzoyl-Hexyl-Benzoat\" src=\"https:\/\/www.longchangchemical.com\/wp-content\/uploads\/product-details\/20200612257136.png\" alt=\"Diethylamino-Hydroxybenzoyl-Hexyl-Benzoat\" width=\"310\" height=\"116\" border=\"0\" vspace=\"0\" \/><\/h4>\n<h4>Aussehen:Leicht wei\u00dfes Pulver oder Granulat<\/h4>","protected":false},"featured_media":7967,"comment_status":"open","ping_status":"closed","template":"","meta":[],"product_brand":[],"product_cat":[139],"product_tag":[],"class_list":{"0":"post-3502","1":"product","2":"type-product","3":"status-publish","4":"has-post-thumbnail","6":"product_cat-lcsorb-uv-absorber","8":"first","9":"instock","10":"shipping-taxable","11":"product-type-simple"},"yoast_head":"<!-- This site is optimized with the Yoast SEO plugin v25.3.1 - https:\/\/yoast.com\/wordpress\/plugins\/seo\/ -->\n<title>China Uvinul A Plus \/ Diethylamino Hydroxybenzoyl Hexyl Benzoate CAS 302776-68-7 Manufacturer \uff06 Supplier - Longchang chemical Co., Ltd.<\/title>\n<meta name=\"description\" content=\"Longchang Chemical is a leading DHHB manufacturer and supplier of Diethylamino Hydroxybenzoyl Hexyl Benzoate CAS 302776-68-7 in China. Buy Uvinul A Plus in china. We can provide the best Diethylamino Hydroxybenzoyl Hexyl Benzoate price.\" \/>\n<meta name=\"robots\" content=\"index, follow, max-snippet:-1, max-image-preview:large, max-video-preview:-1\" \/>\n<link rel=\"canonical\" href=\"https:\/\/longchangchemical.com\/de\/product\/diethylamino-hydroxybenzoyl-hexyl-benzoate-dhhb-uvinul-a-plus-cas-302776-68-7\/\" \/>\n<meta property=\"og:locale\" content=\"de_DE\" \/>\n<meta property=\"og:type\" content=\"article\" \/>\n<meta property=\"og:title\" content=\"China Uvinul A Plus \/ Diethylamino Hydroxybenzoyl Hexyl Benzoate CAS 302776-68-7 Manufacturer \uff06 Supplier - Longchang chemical Co., Ltd.\" \/>\n<meta property=\"og:description\" content=\"Longchang Chemical is a leading DHHB manufacturer and supplier of Diethylamino Hydroxybenzoyl Hexyl Benzoate CAS 302776-68-7 in China. Buy Uvinul A Plus in china. We can provide the best Diethylamino Hydroxybenzoyl Hexyl Benzoate price.\" \/>\n<meta property=\"og:url\" content=\"https:\/\/longchangchemical.com\/de\/product\/diethylamino-hydroxybenzoyl-hexyl-benzoate-dhhb-uvinul-a-plus-cas-302776-68-7\/\" \/>\n<meta property=\"og:site_name\" content=\"Longchang Chemical\" \/>\n<meta property=\"article:modified_time\" content=\"2026-01-09T09:40:55+00:00\" \/>\n<meta property=\"og:image\" content=\"https:\/\/longchangchemical.com\/wp-content\/uploads\/2021\/01\/302776-68-7.jpg\" \/>\n\t<meta property=\"og:image:width\" content=\"600\" \/>\n\t<meta property=\"og:image:height\" content=\"600\" \/>\n\t<meta property=\"og:image:type\" content=\"image\/jpeg\" \/>\n<meta name=\"twitter:card\" content=\"summary_large_image\" \/>\n<script type=\"application\/ld+json\" class=\"yoast-schema-graph\">{\"@context\":\"https:\/\/schema.org\",\"@graph\":[{\"@type\":\"WebPage\",\"@id\":\"https:\/\/longchangchemical.com\/product\/diethylamino-hydroxybenzoyl-hexyl-benzoate-dhhb-uvinul-a-plus-cas-302776-68-7\/\",\"url\":\"https:\/\/longchangchemical.com\/product\/diethylamino-hydroxybenzoyl-hexyl-benzoate-dhhb-uvinul-a-plus-cas-302776-68-7\/\",\"name\":\"China Uvinul A Plus \/ Diethylamino Hydroxybenzoyl Hexyl Benzoate CAS 302776-68-7 Manufacturer \uff06 Supplier - Longchang chemical Co., Ltd.\",\"isPartOf\":{\"@id\":\"https:\/\/longchangchemical.com\/#website\"},\"primaryImageOfPage\":{\"@id\":\"https:\/\/longchangchemical.com\/product\/diethylamino-hydroxybenzoyl-hexyl-benzoate-dhhb-uvinul-a-plus-cas-302776-68-7\/#primaryimage\"},\"image\":{\"@id\":\"https:\/\/longchangchemical.com\/product\/diethylamino-hydroxybenzoyl-hexyl-benzoate-dhhb-uvinul-a-plus-cas-302776-68-7\/#primaryimage\"},\"thumbnailUrl\":\"https:\/\/longchangchemical.com\/wp-content\/uploads\/2021\/01\/302776-68-7.jpg\",\"datePublished\":\"2021-01-20T11:16:54+00:00\",\"dateModified\":\"2026-01-09T09:40:55+00:00\",\"description\":\"Longchang Chemical is a leading DHHB manufacturer and supplier of Diethylamino Hydroxybenzoyl Hexyl Benzoate CAS 302776-68-7 in China. Buy Uvinul A Plus in china. We can provide the best Diethylamino Hydroxybenzoyl Hexyl Benzoate price.\",\"breadcrumb\":{\"@id\":\"https:\/\/longchangchemical.com\/product\/diethylamino-hydroxybenzoyl-hexyl-benzoate-dhhb-uvinul-a-plus-cas-302776-68-7\/#breadcrumb\"},\"inLanguage\":\"de\",\"potentialAction\":[{\"@type\":\"ReadAction\",\"target\":[\"https:\/\/longchangchemical.com\/product\/diethylamino-hydroxybenzoyl-hexyl-benzoate-dhhb-uvinul-a-plus-cas-302776-68-7\/\"]}]},{\"@type\":\"ImageObject\",\"inLanguage\":\"de\",\"@id\":\"https:\/\/longchangchemical.com\/product\/diethylamino-hydroxybenzoyl-hexyl-benzoate-dhhb-uvinul-a-plus-cas-302776-68-7\/#primaryimage\",\"url\":\"https:\/\/longchangchemical.com\/wp-content\/uploads\/2021\/01\/302776-68-7.jpg\",\"contentUrl\":\"https:\/\/longchangchemical.com\/wp-content\/uploads\/2021\/01\/302776-68-7.jpg\",\"width\":600,\"height\":600},{\"@type\":\"BreadcrumbList\",\"@id\":\"https:\/\/longchangchemical.com\/product\/diethylamino-hydroxybenzoyl-hexyl-benzoate-dhhb-uvinul-a-plus-cas-302776-68-7\/#breadcrumb\",\"itemListElement\":[{\"@type\":\"ListItem\",\"position\":1,\"name\":\"Home\",\"item\":\"https:\/\/longchangchemical.com\/\"},{\"@type\":\"ListItem\",\"position\":2,\"name\":\"Products Longchang\",\"item\":\"https:\/\/longchangchemical.com\/product\/\"},{\"@type\":\"ListItem\",\"position\":3,\"name\":\"DHHB \/ Uvinul A Plus CAS 302776-68-7\"}]},{\"@type\":\"WebSite\",\"@id\":\"https:\/\/longchangchemical.com\/#website\",\"url\":\"https:\/\/longchangchemical.com\/\",\"name\":\"Longchang Chemical\",\"description\":\"China chemical manufacturer \uff06 supplier\",\"publisher\":{\"@id\":\"https:\/\/longchangchemical.com\/#organization\"},\"potentialAction\":[{\"@type\":\"SearchAction\",\"target\":{\"@type\":\"EntryPoint\",\"urlTemplate\":\"https:\/\/longchangchemical.com\/?s={search_term_string}\"},\"query-input\":{\"@type\":\"PropertyValueSpecification\",\"valueRequired\":true,\"valueName\":\"search_term_string\"}}],\"inLanguage\":\"de\"},{\"@type\":\"Organization\",\"@id\":\"https:\/\/longchangchemical.com\/#organization\",\"name\":\"Longchang Chemical\",\"url\":\"https:\/\/longchangchemical.com\/\",\"logo\":{\"@type\":\"ImageObject\",\"inLanguage\":\"de\",\"@id\":\"https:\/\/longchangchemical.com\/#\/schema\/logo\/image\/\",\"url\":\"https:\/\/longchangchemical.com\/wp-content\/uploads\/2020\/08\/cropped-longchang-logo.png\",\"contentUrl\":\"https:\/\/longchangchemical.com\/wp-content\/uploads\/2020\/08\/cropped-longchang-logo.png\",\"width\":512,\"height\":512,\"caption\":\"Longchang Chemical\"},\"image\":{\"@id\":\"https:\/\/longchangchemical.com\/#\/schema\/logo\/image\/\"}}]}<\/script>\n<!-- \/ Yoast SEO plugin. -->","yoast_head_json":{"title":"China Uvinul A Plus \/ Diethylamino Hydroxybenzoyl Hexyl Benzoate CAS 302776-68-7 Hersteller \uff06 Lieferant - Longchang chemical Co., Ltd.","description":"Longchang Chemical ist ein f\u00fchrender DHHB Hersteller und Lieferant von Diethylamino Hydroxybenzoyl Hexyl Benzoate CAS 302776-68-7 in China. Kaufen Sie Uvinul A Plus in China. Wir k\u00f6nnen die besten Diethylamino Hydroxybenzoyl Hexyl Benzoate Preis bieten.","robots":{"index":"index","follow":"follow","max-snippet":"max-snippet:-1","max-image-preview":"max-image-preview:large","max-video-preview":"max-video-preview:-1"},"canonical":"https:\/\/longchangchemical.com\/de\/product\/diethylamino-hydroxybenzoyl-hexyl-benzoate-dhhb-uvinul-a-plus-cas-302776-68-7\/","og_locale":"de_DE","og_type":"article","og_title":"China Uvinul A Plus \/ Diethylamino Hydroxybenzoyl Hexyl Benzoate CAS 302776-68-7 Manufacturer \uff06 Supplier - Longchang chemical Co., Ltd.","og_description":"Longchang Chemical is a leading DHHB manufacturer and supplier of Diethylamino Hydroxybenzoyl Hexyl Benzoate CAS 302776-68-7 in China. Buy Uvinul A Plus in china. We can provide the best Diethylamino Hydroxybenzoyl Hexyl Benzoate price.","og_url":"https:\/\/longchangchemical.com\/de\/product\/diethylamino-hydroxybenzoyl-hexyl-benzoate-dhhb-uvinul-a-plus-cas-302776-68-7\/","og_site_name":"Longchang Chemical","article_modified_time":"2026-01-09T09:40:55+00:00","og_image":[{"width":600,"height":600,"url":"https:\/\/longchangchemical.com\/wp-content\/uploads\/2021\/01\/302776-68-7.jpg","type":"image\/jpeg"}],"twitter_card":"summary_large_image","schema":{"@context":"https:\/\/schema.org","@graph":[{"@type":"WebPage","@id":"https:\/\/longchangchemical.com\/product\/diethylamino-hydroxybenzoyl-hexyl-benzoate-dhhb-uvinul-a-plus-cas-302776-68-7\/","url":"https:\/\/longchangchemical.com\/product\/diethylamino-hydroxybenzoyl-hexyl-benzoate-dhhb-uvinul-a-plus-cas-302776-68-7\/","name":"China Uvinul A Plus \/ Diethylamino Hydroxybenzoyl Hexyl Benzoate CAS 302776-68-7 Hersteller \uff06 Lieferant - Longchang chemical Co., Ltd.","isPartOf":{"@id":"https:\/\/longchangchemical.com\/#website"},"primaryImageOfPage":{"@id":"https:\/\/longchangchemical.com\/product\/diethylamino-hydroxybenzoyl-hexyl-benzoate-dhhb-uvinul-a-plus-cas-302776-68-7\/#primaryimage"},"image":{"@id":"https:\/\/longchangchemical.com\/product\/diethylamino-hydroxybenzoyl-hexyl-benzoate-dhhb-uvinul-a-plus-cas-302776-68-7\/#primaryimage"},"thumbnailUrl":"https:\/\/longchangchemical.com\/wp-content\/uploads\/2021\/01\/302776-68-7.jpg","datePublished":"2021-01-20T11:16:54+00:00","dateModified":"2026-01-09T09:40:55+00:00","description":"Longchang Chemical ist ein f\u00fchrender DHHB Hersteller und Lieferant von Diethylamino Hydroxybenzoyl Hexyl Benzoate CAS 302776-68-7 in China. Kaufen Sie Uvinul A Plus in China. Wir k\u00f6nnen die besten Diethylamino Hydroxybenzoyl Hexyl Benzoate Preis bieten.","breadcrumb":{"@id":"https:\/\/longchangchemical.com\/product\/diethylamino-hydroxybenzoyl-hexyl-benzoate-dhhb-uvinul-a-plus-cas-302776-68-7\/#breadcrumb"},"inLanguage":"de","potentialAction":[{"@type":"ReadAction","target":["https:\/\/longchangchemical.com\/product\/diethylamino-hydroxybenzoyl-hexyl-benzoate-dhhb-uvinul-a-plus-cas-302776-68-7\/"]}]},{"@type":"ImageObject","inLanguage":"de","@id":"https:\/\/longchangchemical.com\/product\/diethylamino-hydroxybenzoyl-hexyl-benzoate-dhhb-uvinul-a-plus-cas-302776-68-7\/#primaryimage","url":"https:\/\/longchangchemical.com\/wp-content\/uploads\/2021\/01\/302776-68-7.jpg","contentUrl":"https:\/\/longchangchemical.com\/wp-content\/uploads\/2021\/01\/302776-68-7.jpg","width":600,"height":600},{"@type":"BreadcrumbList","@id":"https:\/\/longchangchemical.com\/product\/diethylamino-hydroxybenzoyl-hexyl-benzoate-dhhb-uvinul-a-plus-cas-302776-68-7\/#breadcrumb","itemListElement":[{"@type":"ListItem","position":1,"name":"Home","item":"https:\/\/longchangchemical.com\/"},{"@type":"ListItem","position":2,"name":"Products Longchang","item":"https:\/\/longchangchemical.com\/product\/"},{"@type":"ListItem","position":3,"name":"DHHB \/ Uvinul A Plus CAS 302776-68-7"}]},{"@type":"WebSite","@id":"https:\/\/longchangchemical.com\/#website","url":"https:\/\/longchangchemical.com\/","name":"Longchang Chemical","description":"China Hersteller von Chemikalien \uff06 Lieferant","publisher":{"@id":"https:\/\/longchangchemical.com\/#organization"},"potentialAction":[{"@type":"SearchAction","target":{"@type":"EntryPoint","urlTemplate":"https:\/\/longchangchemical.com\/?s={search_term_string}"},"query-input":{"@type":"PropertyValueSpecification","valueRequired":true,"valueName":"search_term_string"}}],"inLanguage":"de"},{"@type":"Organization","@id":"https:\/\/longchangchemical.com\/#organization","name":"Longchang Chemical","url":"https:\/\/longchangchemical.com\/","logo":{"@type":"ImageObject","inLanguage":"de","@id":"https:\/\/longchangchemical.com\/#\/schema\/logo\/image\/","url":"https:\/\/longchangchemical.com\/wp-content\/uploads\/2020\/08\/cropped-longchang-logo.png","contentUrl":"https:\/\/longchangchemical.com\/wp-content\/uploads\/2020\/08\/cropped-longchang-logo.png","width":512,"height":512,"caption":"Longchang Chemical"},"image":{"@id":"https:\/\/longchangchemical.com\/#\/schema\/logo\/image\/"}}]}},"_links":{"self":[{"href":"https:\/\/longchangchemical.com\/de\/wp-json\/wp\/v2\/product\/3502","targetHints":{"allow":["GET"]}}],"collection":[{"href":"https:\/\/longchangchemical.com\/de\/wp-json\/wp\/v2\/product"}],"about":[{"href":"https:\/\/longchangchemical.com\/de\/wp-json\/wp\/v2\/types\/product"}],"replies":[{"embeddable":true,"href":"https:\/\/longchangchemical.com\/de\/wp-json\/wp\/v2\/comments?post=3502"}],"wp:featuredmedia":[{"embeddable":true,"href":"https:\/\/longchangchemical.com\/de\/wp-json\/wp\/v2\/media\/7967"}],"wp:attachment":[{"href":"https:\/\/longchangchemical.com\/de\/wp-json\/wp\/v2\/media?parent=3502"}],"wp:term":[{"taxonomy":"product_brand","embeddable":true,"href":"https:\/\/longchangchemical.com\/de\/wp-json\/wp\/v2\/product_brand?post=3502"},{"taxonomy":"product_cat","embeddable":true,"href":"https:\/\/longchangchemical.com\/de\/wp-json\/wp\/v2\/product_cat?post=3502"},{"taxonomy":"product_tag","embeddable":true,"href":"https:\/\/longchangchemical.com\/de\/wp-json\/wp\/v2\/product_tag?post=3502"}],"curies":[{"name":"wp","href":"https:\/\/api.w.org\/{rel}","templated":true}]}}