{"id":3501,"date":"2021-01-20T11:02:20","date_gmt":"2021-01-20T11:02:20","guid":{"rendered":"https:\/\/longchangchemical.com\/?post_type=product&#038;p=3501"},"modified":"2025-12-23T05:51:31","modified_gmt":"2025-12-23T05:51:31","slug":"12-benzisothiazolin-3-one-bit-cas-2634-33-5","status":"publish","type":"product","link":"https:\/\/longchangchemical.com\/de\/product\/12-benzisothiazolin-3-one-bit-cas-2634-33-5\/","title":{"rendered":"1,2-Benzisothiazolin-3-on \/ Bit CAS 2634-33-5"},"content":{"rendered":"<h1>1,2-Benzisothiazolin-3-on \/ Bit CAS 2634-33-5<\/h1>\n<table>\n<tbody>\n<tr>\n<td width=\"221\">\n<h4>Artikel<\/h4>\n<\/td>\n<td width=\"255\">\n<h4>Spezifikation<\/h4>\n<\/td>\n<td width=\"231\">\n<h4>Ergebnisse<\/h4>\n<\/td>\n<\/tr>\n<tr>\n<td width=\"221\">\n<h4>Erscheinungsbild<\/h4>\n<\/td>\n<td width=\"255\">\n<h4>Wei\u00df oder Hell<\/h4>\n<h4>\u00a0Gelb Hydratisiertes Pulver<\/h4>\n<\/td>\n<td width=\"231\">\n<h4>Erf\u00fcllt<\/h4>\n<\/td>\n<\/tr>\n<tr>\n<td width=\"221\">\n<h4>Assay \uff08HPLC\uff09<\/h4>\n<\/td>\n<td width=\"255\">\n<h4>99%min<\/h4>\n<\/td>\n<td width=\"231\">\n<h4>99.05%<\/h4>\n<\/td>\n<\/tr>\n<tr>\n<td width=\"221\">\n<h4>Schmelzpunkt<\/h4>\n<\/td>\n<td width=\"255\">\n<h4>155-158\u2103<\/h4>\n<\/td>\n<td width=\"231\">\n<h4>155.2-157.1<\/h4>\n<\/td>\n<\/tr>\n<tr>\n<td width=\"221\">\n<h4>Farbe der Alkalil\u00f6sung Y<\/h4>\n<\/td>\n<td width=\"255\">\n<h4>4Max<\/h4>\n<\/td>\n<td width=\"231\">\n<h4>2<\/h4>\n<\/td>\n<\/tr>\n<tr>\n<td width=\"221\">\n<h4>Wasser<\/h4>\n<\/td>\n<td width=\"255\">\n<h4>15<\/h4>\n<\/td>\n<td width=\"231\">\n<h4>15.04<\/h4>\n<\/td>\n<\/tr>\n<tr>\n<td width=\"221\">\n<h4>Chlorid<\/h4>\n<\/td>\n<td width=\"255\">\n<h4>0,6%max<\/h4>\n<\/td>\n<td width=\"231\">\n<h4>0.23<\/h4>\n<\/td>\n<\/tr>\n<\/tbody>\n<\/table>\n<p>&nbsp;<\/p>\n<h2><strong>BIT85 Verwendung<\/strong><\/h2>\n<div class=\"OlSOob\">\n<div class=\"ccvoYb\">\n<div class=\"AxqVh\">\n<div class=\"OPPzxe\">\n<div class=\"dePhmb\">\n<div class=\"eyKpYb\" data-language=\"en\" data-original-language=\"auto\" data-result-index=\"0\">\n<h4 class=\"J0lOec\"><span class=\"VIiyi\" lang=\"en\"><span class=\"JLqJ4b\" data-language-for-alternatives=\"en\" data-language-to-translate-into=\"auto\" data-phrase-index=\"0\">1. BIT ist das wichtigste industrielle Sterilisations-, Antiseptik- und Antienzymmittel. Es hat eine ausgepr\u00e4gte hemmende Wirkung auf das Wachstum von Schimmelpilzen, Algen und anderen Mikroorganismen in organischen Medien und kann die durch Mikroorganismen verursachte Schimmelbildung, G\u00e4rung, Verschlechterung, Demulgierung und das Haarwachstum bei organischen Produkten verhindern. Eine Reihe von Problemen, wie z. B. Geruch, sind weit verbreitet in der Sterilisation, marine Antifouling und anderen Bereichen verwendet. <\/span><\/span><\/h4>\n<h4><\/h4>\n<h4 class=\"J0lOec\"><span class=\"VIiyi\" lang=\"en\"><span class=\"JLqJ4b\" data-language-for-alternatives=\"en\" data-language-to-translate-into=\"auto\" data-phrase-index=\"0\">2. BIT wird in den Industriel\u00e4ndern h\u00e4ufig in Latexprodukten, wasserl\u00f6slichen Harzen, Beschichtungen (Latexfarbe), Acrylaten und Polymeren verwendet. Polyaminprodukte, Fotolotion, Papierherstellung, Tinte, Leder, Schmiermittel und andere Produkte. Das Umweltverhalten und die \u00f6kologische Toxizit\u00e4t von Isothiazolinonverbindungen haben jedoch die Aufmerksamkeit der Menschen auf sich gezogen. <\/span><\/span><\/h4>\n<h4><\/h4>\n<h4 class=\"J0lOec\"><span class=\"VIiyi\" lang=\"en\"><span class=\"JLqJ4b\" data-language-for-alternatives=\"en\" data-language-to-translate-into=\"auto\" data-phrase-index=\"0\">3. Derzeit werden zur Behandlung von organisch-chemischen Abw\u00e4ssern haupts\u00e4chlich Adsorption, Fl\u00fcssigmembranextraktion, Umkehrosmose, Elektrodialyse, Luftstrippen, Ultrafiltration usw. eingesetzt. Da die Adsorptionsmethode keine neuen Schadstoffe einbringt, einen geringen Energieverbrauch hat, organische Stoffe aus dem Abwasser abtrennen und anreichern kann und ein Abfallrecycling erm\u00f6glicht, gilt sie als die am besten geeignete Technologie zur Adsorption giftiger und sch\u00e4dlicher organischer Stoffe aus dem Wasser. 4. In den letzten Jahren wurde die chemische Modifikation zur Synthese von Verbundharzen mit funktionellen Gruppen bei der Kontrolle von organischen Giften eingesetzt.<\/span><\/span><\/h4>\n<\/div>\n<\/div>\n<\/div>\n<\/div>\n<\/div>\n<\/div>\n<h2><strong>BIT85 <\/strong><strong>Verpacken<\/strong><\/h2>\n<h4>25 kg\/Fass, 9 Tonnen\/1*20-Fu\u00df-Container<\/h4>\n<h4>25 kg\/Sack, 15 Tonnen\/1*20 Fu\u00df Container<\/h4>\n<h4>Versand auf dem Luft- oder Seeweg<\/h4>\n<h4>Kostenlose Probe per Fedex oder DHL<\/h4>\n<p>&nbsp;<\/p>\n<h2><strong>BIT85<\/strong><strong>\u00a0Lagerung<\/strong><\/h2>\n<h4>Es sollte versiegelt und im Schatten an einem trockenen, k\u00fchlen und gut bel\u00fcfteten Ort gelagert werden.<\/h4>\n<h2><strong><b>Kontaktieren Sie uns jetzt!<\/b><\/strong><\/h2>\n<h4><strong><b>Wir bieten ma\u00dfgeschneiderte Dienstleistungen an und werden Sie in der Regel innerhalb von 24 Stunden kontaktieren. Sie k\u00f6nnen auch eine E-Mail an info@longchangchemical.com w\u00e4hrend der Arbeitszeiten (8:30 bis 18:00 Uhr UTC+8 Mo.~Sa.) senden oder den Live-Chat der Website nutzen, um eine schnelle Antwort zu erhalten.<\/b><\/strong><\/h4>","protected":false},"excerpt":{"rendered":"<h4>Chemische Bezeichnung: BIT85<\/h4>\n<h4>CAS-Nr.: 2634-33-5<\/h4>\n<h4>Molekulare Formel: C7H5SNO<\/h4>\n<h4>Molekulargewicht: 151,19<\/h4>\n<h4>BIT-Struktur:<img decoding=\"async\" title=\"BIT-Struktur\" src=\"https:\/\/www.longchangchemical.com\/wp-content\/uploads\/product-details\/20200616217303.png\" alt=\"BIT-Struktur\" width=\"198\" height=\"176\" border=\"0\" vspace=\"0\" \/><\/h4>\n<h4>Erscheinungsbild: wei\u00dfes bis hellgelbes Pulver<\/h4>\n<h4>Assay: 85.0%<\/h4>","protected":false},"featured_media":4181,"comment_status":"open","ping_status":"closed","template":"","meta":[],"product_brand":[],"product_cat":[69],"product_tag":[],"class_list":{"0":"post-3501","1":"product","2":"type-product","3":"status-publish","4":"has-post-thumbnail","6":"product_cat-catalysts-chemical-auxiliary-agents","8":"first","9":"instock","10":"shipping-taxable","11":"product-type-simple"},"yoast_head":"<!-- This site is optimized with the Yoast SEO plugin v25.3.1 - https:\/\/yoast.com\/wordpress\/plugins\/seo\/ -->\n<title>China Benzisothiazolin-3-one \/ BIT CAS 2634-33-5 Manufacturer \uff06 Supplier - Longchang chemical Co., Ltd.<\/title>\n<meta name=\"description\" content=\"Longchang Chemical is a leading manufacturer and supplier of BIT \/ Benzisothiazolin-3-one CAS 2634-33-5 in China. Buy BIT in china. We can provide the best 1,2-Benzisothiazolin-3-one price.\" \/>\n<meta name=\"robots\" content=\"index, follow, max-snippet:-1, max-image-preview:large, max-video-preview:-1\" \/>\n<link rel=\"canonical\" href=\"https:\/\/longchangchemical.com\/de\/product\/12-benzisothiazolin-3-one-bit-cas-2634-33-5\/\" \/>\n<meta property=\"og:locale\" content=\"de_DE\" \/>\n<meta property=\"og:type\" content=\"article\" \/>\n<meta property=\"og:title\" content=\"China Benzisothiazolin-3-one \/ BIT CAS 2634-33-5 Manufacturer \uff06 Supplier - Longchang chemical Co., Ltd.\" \/>\n<meta property=\"og:description\" content=\"Longchang Chemical is a leading manufacturer and supplier of BIT \/ Benzisothiazolin-3-one CAS 2634-33-5 in China. Buy BIT in china. We can provide the best 1,2-Benzisothiazolin-3-one price.\" \/>\n<meta property=\"og:url\" content=\"https:\/\/longchangchemical.com\/de\/product\/12-benzisothiazolin-3-one-bit-cas-2634-33-5\/\" \/>\n<meta property=\"og:site_name\" content=\"Longchang Chemical\" \/>\n<meta property=\"article:modified_time\" content=\"2025-12-23T05:51:31+00:00\" \/>\n<meta property=\"og:image\" content=\"https:\/\/longchangchemical.com\/wp-content\/uploads\/2021\/01\/BIT-Appearance.jpg\" \/>\n\t<meta property=\"og:image:width\" content=\"600\" \/>\n\t<meta property=\"og:image:height\" content=\"800\" \/>\n\t<meta property=\"og:image:type\" content=\"image\/jpeg\" \/>\n<meta name=\"twitter:card\" content=\"summary_large_image\" \/>\n<script type=\"application\/ld+json\" class=\"yoast-schema-graph\">{\"@context\":\"https:\/\/schema.org\",\"@graph\":[{\"@type\":\"WebPage\",\"@id\":\"https:\/\/longchangchemical.com\/product\/12-benzisothiazolin-3-one-bit-cas-2634-33-5\/\",\"url\":\"https:\/\/longchangchemical.com\/product\/12-benzisothiazolin-3-one-bit-cas-2634-33-5\/\",\"name\":\"China Benzisothiazolin-3-one \/ BIT CAS 2634-33-5 Manufacturer \uff06 Supplier - Longchang chemical Co., Ltd.\",\"isPartOf\":{\"@id\":\"https:\/\/longchangchemical.com\/#website\"},\"primaryImageOfPage\":{\"@id\":\"https:\/\/longchangchemical.com\/product\/12-benzisothiazolin-3-one-bit-cas-2634-33-5\/#primaryimage\"},\"image\":{\"@id\":\"https:\/\/longchangchemical.com\/product\/12-benzisothiazolin-3-one-bit-cas-2634-33-5\/#primaryimage\"},\"thumbnailUrl\":\"https:\/\/longchangchemical.com\/wp-content\/uploads\/2021\/01\/BIT-Appearance.jpg\",\"datePublished\":\"2021-01-20T11:02:20+00:00\",\"dateModified\":\"2025-12-23T05:51:31+00:00\",\"description\":\"Longchang Chemical is a leading manufacturer and supplier of BIT \/ Benzisothiazolin-3-one CAS 2634-33-5 in China. Buy BIT in china. We can provide the best 1,2-Benzisothiazolin-3-one price.\",\"breadcrumb\":{\"@id\":\"https:\/\/longchangchemical.com\/product\/12-benzisothiazolin-3-one-bit-cas-2634-33-5\/#breadcrumb\"},\"inLanguage\":\"de\",\"potentialAction\":[{\"@type\":\"ReadAction\",\"target\":[\"https:\/\/longchangchemical.com\/product\/12-benzisothiazolin-3-one-bit-cas-2634-33-5\/\"]}]},{\"@type\":\"ImageObject\",\"inLanguage\":\"de\",\"@id\":\"https:\/\/longchangchemical.com\/product\/12-benzisothiazolin-3-one-bit-cas-2634-33-5\/#primaryimage\",\"url\":\"https:\/\/longchangchemical.com\/wp-content\/uploads\/2021\/01\/BIT-Appearance.jpg\",\"contentUrl\":\"https:\/\/longchangchemical.com\/wp-content\/uploads\/2021\/01\/BIT-Appearance.jpg\",\"width\":600,\"height\":800,\"caption\":\"BIT Appearance\"},{\"@type\":\"BreadcrumbList\",\"@id\":\"https:\/\/longchangchemical.com\/product\/12-benzisothiazolin-3-one-bit-cas-2634-33-5\/#breadcrumb\",\"itemListElement\":[{\"@type\":\"ListItem\",\"position\":1,\"name\":\"Home\",\"item\":\"https:\/\/longchangchemical.com\/\"},{\"@type\":\"ListItem\",\"position\":2,\"name\":\"Products Longchang\",\"item\":\"https:\/\/longchangchemical.com\/product\/\"},{\"@type\":\"ListItem\",\"position\":3,\"name\":\"1,2-Benzisothiazolin-3-one \/ Bit CAS 2634-33-5\"}]},{\"@type\":\"WebSite\",\"@id\":\"https:\/\/longchangchemical.com\/#website\",\"url\":\"https:\/\/longchangchemical.com\/\",\"name\":\"Longchang Chemical\",\"description\":\"China chemical manufacturer \uff06 supplier\",\"publisher\":{\"@id\":\"https:\/\/longchangchemical.com\/#organization\"},\"potentialAction\":[{\"@type\":\"SearchAction\",\"target\":{\"@type\":\"EntryPoint\",\"urlTemplate\":\"https:\/\/longchangchemical.com\/?s={search_term_string}\"},\"query-input\":{\"@type\":\"PropertyValueSpecification\",\"valueRequired\":true,\"valueName\":\"search_term_string\"}}],\"inLanguage\":\"de\"},{\"@type\":\"Organization\",\"@id\":\"https:\/\/longchangchemical.com\/#organization\",\"name\":\"Longchang Chemical\",\"url\":\"https:\/\/longchangchemical.com\/\",\"logo\":{\"@type\":\"ImageObject\",\"inLanguage\":\"de\",\"@id\":\"https:\/\/longchangchemical.com\/#\/schema\/logo\/image\/\",\"url\":\"https:\/\/longchangchemical.com\/wp-content\/uploads\/2020\/08\/cropped-longchang-logo.png\",\"contentUrl\":\"https:\/\/longchangchemical.com\/wp-content\/uploads\/2020\/08\/cropped-longchang-logo.png\",\"width\":512,\"height\":512,\"caption\":\"Longchang Chemical\"},\"image\":{\"@id\":\"https:\/\/longchangchemical.com\/#\/schema\/logo\/image\/\"}}]}<\/script>\n<!-- \/ Yoast SEO plugin. -->","yoast_head_json":{"title":"China Benzisothiazolin-3-one \/ BIT CAS 2634-33-5 Hersteller \uff06 Lieferant - Longchang chemical Co, Ltd.","description":"Longchang Chemical ist ein f\u00fchrender Hersteller und Lieferant von BIT \/ Benzisothiazolin-3-one CAS 2634-33-5 in China. Kaufen Sie BIT in China. Wir k\u00f6nnen die besten 1,2-Benzisothiazolin-3-on Preis bieten.","robots":{"index":"index","follow":"follow","max-snippet":"max-snippet:-1","max-image-preview":"max-image-preview:large","max-video-preview":"max-video-preview:-1"},"canonical":"https:\/\/longchangchemical.com\/de\/product\/12-benzisothiazolin-3-one-bit-cas-2634-33-5\/","og_locale":"de_DE","og_type":"article","og_title":"China Benzisothiazolin-3-one \/ BIT CAS 2634-33-5 Manufacturer \uff06 Supplier - Longchang chemical Co., Ltd.","og_description":"Longchang Chemical is a leading manufacturer and supplier of BIT \/ Benzisothiazolin-3-one CAS 2634-33-5 in China. Buy BIT in china. We can provide the best 1,2-Benzisothiazolin-3-one price.","og_url":"https:\/\/longchangchemical.com\/de\/product\/12-benzisothiazolin-3-one-bit-cas-2634-33-5\/","og_site_name":"Longchang Chemical","article_modified_time":"2025-12-23T05:51:31+00:00","og_image":[{"width":600,"height":800,"url":"https:\/\/longchangchemical.com\/wp-content\/uploads\/2021\/01\/BIT-Appearance.jpg","type":"image\/jpeg"}],"twitter_card":"summary_large_image","schema":{"@context":"https:\/\/schema.org","@graph":[{"@type":"WebPage","@id":"https:\/\/longchangchemical.com\/product\/12-benzisothiazolin-3-one-bit-cas-2634-33-5\/","url":"https:\/\/longchangchemical.com\/product\/12-benzisothiazolin-3-one-bit-cas-2634-33-5\/","name":"China Benzisothiazolin-3-one \/ BIT CAS 2634-33-5 Hersteller \uff06 Lieferant - Longchang chemical Co, Ltd.","isPartOf":{"@id":"https:\/\/longchangchemical.com\/#website"},"primaryImageOfPage":{"@id":"https:\/\/longchangchemical.com\/product\/12-benzisothiazolin-3-one-bit-cas-2634-33-5\/#primaryimage"},"image":{"@id":"https:\/\/longchangchemical.com\/product\/12-benzisothiazolin-3-one-bit-cas-2634-33-5\/#primaryimage"},"thumbnailUrl":"https:\/\/longchangchemical.com\/wp-content\/uploads\/2021\/01\/BIT-Appearance.jpg","datePublished":"2021-01-20T11:02:20+00:00","dateModified":"2025-12-23T05:51:31+00:00","description":"Longchang Chemical ist ein f\u00fchrender Hersteller und Lieferant von BIT \/ Benzisothiazolin-3-one CAS 2634-33-5 in China. Kaufen Sie BIT in China. Wir k\u00f6nnen die besten 1,2-Benzisothiazolin-3-on Preis bieten.","breadcrumb":{"@id":"https:\/\/longchangchemical.com\/product\/12-benzisothiazolin-3-one-bit-cas-2634-33-5\/#breadcrumb"},"inLanguage":"de","potentialAction":[{"@type":"ReadAction","target":["https:\/\/longchangchemical.com\/product\/12-benzisothiazolin-3-one-bit-cas-2634-33-5\/"]}]},{"@type":"ImageObject","inLanguage":"de","@id":"https:\/\/longchangchemical.com\/product\/12-benzisothiazolin-3-one-bit-cas-2634-33-5\/#primaryimage","url":"https:\/\/longchangchemical.com\/wp-content\/uploads\/2021\/01\/BIT-Appearance.jpg","contentUrl":"https:\/\/longchangchemical.com\/wp-content\/uploads\/2021\/01\/BIT-Appearance.jpg","width":600,"height":800,"caption":"BIT Appearance"},{"@type":"BreadcrumbList","@id":"https:\/\/longchangchemical.com\/product\/12-benzisothiazolin-3-one-bit-cas-2634-33-5\/#breadcrumb","itemListElement":[{"@type":"ListItem","position":1,"name":"Home","item":"https:\/\/longchangchemical.com\/"},{"@type":"ListItem","position":2,"name":"Products Longchang","item":"https:\/\/longchangchemical.com\/product\/"},{"@type":"ListItem","position":3,"name":"1,2-Benzisothiazolin-3-one \/ Bit CAS 2634-33-5"}]},{"@type":"WebSite","@id":"https:\/\/longchangchemical.com\/#website","url":"https:\/\/longchangchemical.com\/","name":"Longchang Chemical","description":"China Hersteller von Chemikalien \uff06 Lieferant","publisher":{"@id":"https:\/\/longchangchemical.com\/#organization"},"potentialAction":[{"@type":"SearchAction","target":{"@type":"EntryPoint","urlTemplate":"https:\/\/longchangchemical.com\/?s={search_term_string}"},"query-input":{"@type":"PropertyValueSpecification","valueRequired":true,"valueName":"search_term_string"}}],"inLanguage":"de"},{"@type":"Organization","@id":"https:\/\/longchangchemical.com\/#organization","name":"Longchang Chemical","url":"https:\/\/longchangchemical.com\/","logo":{"@type":"ImageObject","inLanguage":"de","@id":"https:\/\/longchangchemical.com\/#\/schema\/logo\/image\/","url":"https:\/\/longchangchemical.com\/wp-content\/uploads\/2020\/08\/cropped-longchang-logo.png","contentUrl":"https:\/\/longchangchemical.com\/wp-content\/uploads\/2020\/08\/cropped-longchang-logo.png","width":512,"height":512,"caption":"Longchang Chemical"},"image":{"@id":"https:\/\/longchangchemical.com\/#\/schema\/logo\/image\/"}}]}},"_links":{"self":[{"href":"https:\/\/longchangchemical.com\/de\/wp-json\/wp\/v2\/product\/3501","targetHints":{"allow":["GET"]}}],"collection":[{"href":"https:\/\/longchangchemical.com\/de\/wp-json\/wp\/v2\/product"}],"about":[{"href":"https:\/\/longchangchemical.com\/de\/wp-json\/wp\/v2\/types\/product"}],"replies":[{"embeddable":true,"href":"https:\/\/longchangchemical.com\/de\/wp-json\/wp\/v2\/comments?post=3501"}],"wp:featuredmedia":[{"embeddable":true,"href":"https:\/\/longchangchemical.com\/de\/wp-json\/wp\/v2\/media\/4181"}],"wp:attachment":[{"href":"https:\/\/longchangchemical.com\/de\/wp-json\/wp\/v2\/media?parent=3501"}],"wp:term":[{"taxonomy":"product_brand","embeddable":true,"href":"https:\/\/longchangchemical.com\/de\/wp-json\/wp\/v2\/product_brand?post=3501"},{"taxonomy":"product_cat","embeddable":true,"href":"https:\/\/longchangchemical.com\/de\/wp-json\/wp\/v2\/product_cat?post=3501"},{"taxonomy":"product_tag","embeddable":true,"href":"https:\/\/longchangchemical.com\/de\/wp-json\/wp\/v2\/product_tag?post=3501"}],"curies":[{"name":"wp","href":"https:\/\/api.w.org\/{rel}","templated":true}]}}