{"id":3500,"date":"2021-01-20T10:55:03","date_gmt":"2021-01-20T10:55:03","guid":{"rendered":"https:\/\/longchangchemical.com\/?post_type=product&#038;p=3500"},"modified":"2025-12-23T05:47:20","modified_gmt":"2025-12-23T05:47:20","slug":"bisphenol-s-cas-80-09-1","status":"publish","type":"product","link":"https:\/\/longchangchemical.com\/de\/product\/bisphenol-s-cas-80-09-1\/","title":{"rendered":"Bisphenol s CAS 80-09-1"},"content":{"rendered":"<h1>Bisphenol s CAS 80-09-1<\/h1>\n<table>\n<tbody>\n<tr>\n<td width=\"284\">Artikel<\/td>\n<td width=\"284\">Spezifikationen<\/td>\n<\/tr>\n<tr>\n<td width=\"284\">Erscheinungsbild<\/td>\n<td width=\"284\">PINK-Pulver<\/td>\n<\/tr>\n<tr>\n<td width=\"284\">Assay<\/td>\n<td width=\"284\">95%min<\/td>\n<\/tr>\n<tr>\n<td width=\"284\">Luftfeuchtigkeit<\/td>\n<td width=\"284\">1%max<\/td>\n<\/tr>\n<tr>\n<td width=\"284\">Schmelzpunkt<\/td>\n<td width=\"284\">225-230\u2103<\/td>\n<\/tr>\n<tr>\n<td width=\"284\">2,4\u2032-Sulfonyldiphenol<\/td>\n<td width=\"284\">4% max<\/td>\n<\/tr>\n<\/tbody>\n<\/table>\n<p>&nbsp;<\/p>\n<table>\n<tbody>\n<tr>\n<td width=\"284\">Artikel<\/td>\n<td width=\"284\">Spezifikationen<\/td>\n<\/tr>\n<tr>\n<td width=\"284\">Erscheinungsbild<\/td>\n<td width=\"284\">Fast wei\u00dfes Pulver<\/td>\n<\/tr>\n<tr>\n<td width=\"284\">Assay<\/td>\n<td width=\"284\">98%min<\/td>\n<\/tr>\n<tr>\n<td width=\"284\">Luftfeuchtigkeit<\/td>\n<td width=\"284\">1%max<\/td>\n<\/tr>\n<tr>\n<td width=\"284\">Schmelzpunkt<\/td>\n<td width=\"284\">238-248\u2103<\/td>\n<\/tr>\n<tr>\n<td width=\"284\">2,4\u2032-Sulfonyldiphenol<\/td>\n<td width=\"284\">1,5% max<\/td>\n<\/tr>\n<\/tbody>\n<\/table>\n<p>&nbsp;<\/p>\n<table>\n<tbody>\n<tr>\n<td width=\"284\">Artikel<\/td>\n<td width=\"284\">Spezifikationen<\/td>\n<\/tr>\n<tr>\n<td width=\"284\">Erscheinungsbild<\/td>\n<td width=\"284\">Wei\u00dfes Pulver<\/td>\n<\/tr>\n<tr>\n<td width=\"284\">Assay<\/td>\n<td width=\"284\">99.5%min<\/td>\n<\/tr>\n<tr>\n<td width=\"284\">Luftfeuchtigkeit<\/td>\n<td width=\"284\">0,5%max<\/td>\n<\/tr>\n<tr>\n<td width=\"284\">Schmelzpunkt<\/td>\n<td width=\"284\">245-250\u2103<\/td>\n<\/tr>\n<tr>\n<td width=\"284\">ASH<\/td>\n<td width=\"284\">0,2%max<\/td>\n<\/tr>\n<tr>\n<td width=\"284\">Eisengehalt(Fe)<\/td>\n<td width=\"284\">maximal 5ppm<\/td>\n<\/tr>\n<tr>\n<td width=\"284\">2,4\u2032-Sulfonyldiphenol<\/td>\n<td width=\"284\">0,5% max<\/td>\n<\/tr>\n<\/tbody>\n<\/table>\n<p>&nbsp;<\/p>\n<h2><strong>Verwendung von Bisphenol S<\/strong><\/h2>\n<h4><span class=\"JLqJ4b ChMk0b\" data-language-for-alternatives=\"en\" data-language-to-translate-into=\"auto\" data-phrase-index=\"0\">1. Als Ersatz f\u00fcr Bisphenol A kann Bisphenol S als Rohstoff f\u00fcr Polycarbonat, Epoxidharz, Polyester, Phenolharz sowie als Rohstoff f\u00fcr Polysulfon und Polyethersulfon verwendet werden.<\/span><\/h4>\n<h4><span class=\"JLqJ4b ChMk0b\" data-language-for-alternatives=\"en\" data-language-to-translate-into=\"auto\" data-phrase-index=\"2\">2. Bisphenol S wird haupts\u00e4chlich als Fixiermittel verwendet.<\/span> <span class=\"JLqJ4b ChMk0b\" data-language-for-alternatives=\"en\" data-language-to-translate-into=\"auto\" data-phrase-index=\"3\">Dar\u00fcber hinaus kann es als Zusatz zu Galvanisierungsl\u00f6sungen, als Gerbstoff f\u00fcr Leder, als Dispergiermittel f\u00fcr die Hochtemperaturf\u00e4rbung von Dispersionsfarbstoffen, als H\u00e4rtungsbeschleuniger f\u00fcr Phenolharze, als Flammschutzmittel f\u00fcr Harze usw. verwendet werden.<\/span><\/h4>\n<h4><span class=\"JLqJ4b ChMk0b\" data-language-for-alternatives=\"en\" data-language-to-translate-into=\"auto\" data-phrase-index=\"5\">3. Bisphenol s ist auch ein Zwischenprodukt von Pestiziden, Farbstoffen und Hilfsstoffen.<\/span><\/h4>\n<h4><span class=\"JLqJ4b ChMk0b\" data-language-for-alternatives=\"en\" data-language-to-translate-into=\"auto\" data-phrase-index=\"7\">4. Bisphenol s wird auch zur Herstellung von farbfotografischen Materialien, Kontrastverst\u00e4rkern, thermischen Aufzeichnungsmaterialien (Farbentwicklern), Tensiden f\u00fcr den t\u00e4glichen Gebrauch und hochwirksamen Deodorants usw. verwendet.<\/span><\/h4>\n<p>&nbsp;<\/p>\n<h2><strong>Bisphenol S <\/strong><strong>Verpackung und Versand<\/strong><\/h2>\n<h4>25kg\/Sack<strong><br \/>\n<\/strong><\/h4>\n<p>&nbsp;<\/p>\n<h2><strong>Bisphenol <\/strong><strong>S Lagerung<\/strong><\/h2>\n<h4>An einem trockenen und bel\u00fcfteten Ort vor Sonnenlicht gesch\u00fctzt aufbewahren.<\/h4>\n<p>&nbsp;<\/p>\n<h2><strong><b>Kontaktieren Sie uns jetzt!<\/b><\/strong><\/h2>\n<h4><strong><b>Wir bieten ma\u00dfgeschneiderte Dienstleistungen an und werden Sie in der Regel innerhalb von 24 Stunden kontaktieren. Sie k\u00f6nnen auch eine E-Mail an info@longchangchemical.com w\u00e4hrend der Arbeitszeiten (8:30 bis 18:00 Uhr UTC+8 Mo.~Sa.) senden oder den Live-Chat der Website nutzen, um eine schnelle Antwort zu erhalten.<\/b><\/strong><\/h4>","protected":false},"excerpt":{"rendered":"<h4>Chemische Bezeichnung: Bisphenol S<\/h4>\n<h4>CAS-Nr.: 80-09-1<\/h4>\n<h4>Summenformel: C12H10O4S<\/h4>\n<h4>Struktur von Bisphenol S:<img decoding=\"async\" title=\"bild.png\" src=\"https:\/\/www.longchangchemical.com\/wp-content\/uploads\/product-details\/20200617315603.png\" alt=\"bild.png\" \/><\/h4>\n<h4>Molekulargewicht: 250.27<\/h4>\n<h4>Erscheinungsbild: Rosa Pulver, fast wei\u00dfes Pulver, wei\u00dfes Pulver<\/h4>\n<h4>Assay\uff1a70%\uff1b95%\uff1b98%\uff1b99.5%<\/h4>","protected":false},"featured_media":4178,"comment_status":"open","ping_status":"closed","template":"","meta":[],"product_brand":[],"product_cat":[69],"product_tag":[],"class_list":{"0":"post-3500","1":"product","2":"type-product","3":"status-publish","4":"has-post-thumbnail","6":"product_cat-catalysts-chemical-auxiliary-agents","8":"first","9":"instock","10":"shipping-taxable","11":"product-type-simple"},"yoast_head":"<!-- This site is optimized with the Yoast SEO plugin v25.3.1 - https:\/\/yoast.com\/wordpress\/plugins\/seo\/ -->\n<title>China bisphenol s CAS 80-09-1 Manufacturer \uff06 Supplier - Longchang chemical Co., Ltd.<\/title>\n<meta name=\"description\" content=\"Longchang Chemical is a leading manufacturer and supplier of bisphenol s CAS 80-09- in China. Buy bisphenol s in china. We can provide the best bisphenol s price.\" \/>\n<meta name=\"robots\" content=\"index, follow, max-snippet:-1, max-image-preview:large, max-video-preview:-1\" \/>\n<link rel=\"canonical\" href=\"https:\/\/longchangchemical.com\/de\/product\/bisphenol-s-cas-80-09-1\/\" \/>\n<meta property=\"og:locale\" content=\"de_DE\" \/>\n<meta property=\"og:type\" content=\"article\" \/>\n<meta property=\"og:title\" content=\"China bisphenol s CAS 80-09-1 Manufacturer \uff06 Supplier - Longchang chemical Co., Ltd.\" \/>\n<meta property=\"og:description\" content=\"Longchang Chemical is a leading manufacturer and supplier of bisphenol s CAS 80-09- in China. Buy bisphenol s in china. We can provide the best bisphenol s price.\" \/>\n<meta property=\"og:url\" content=\"https:\/\/longchangchemical.com\/de\/product\/bisphenol-s-cas-80-09-1\/\" \/>\n<meta property=\"og:site_name\" content=\"Longchang Chemical\" \/>\n<meta property=\"article:modified_time\" content=\"2025-12-23T05:47:20+00:00\" \/>\n<meta property=\"og:image\" content=\"https:\/\/longchangchemical.com\/wp-content\/uploads\/2021\/01\/bisphenol-s-95-Appearance.jpg\" \/>\n\t<meta property=\"og:image:width\" content=\"600\" \/>\n\t<meta property=\"og:image:height\" content=\"800\" \/>\n\t<meta property=\"og:image:type\" content=\"image\/jpeg\" \/>\n<meta name=\"twitter:card\" content=\"summary_large_image\" \/>\n<script type=\"application\/ld+json\" class=\"yoast-schema-graph\">{\"@context\":\"https:\/\/schema.org\",\"@graph\":[{\"@type\":\"WebPage\",\"@id\":\"https:\/\/longchangchemical.com\/product\/bisphenol-s-cas-80-09-1\/\",\"url\":\"https:\/\/longchangchemical.com\/product\/bisphenol-s-cas-80-09-1\/\",\"name\":\"China bisphenol s CAS 80-09-1 Manufacturer \uff06 Supplier - Longchang chemical Co., Ltd.\",\"isPartOf\":{\"@id\":\"https:\/\/longchangchemical.com\/#website\"},\"primaryImageOfPage\":{\"@id\":\"https:\/\/longchangchemical.com\/product\/bisphenol-s-cas-80-09-1\/#primaryimage\"},\"image\":{\"@id\":\"https:\/\/longchangchemical.com\/product\/bisphenol-s-cas-80-09-1\/#primaryimage\"},\"thumbnailUrl\":\"https:\/\/longchangchemical.com\/wp-content\/uploads\/2021\/01\/bisphenol-s-95-Appearance.jpg\",\"datePublished\":\"2021-01-20T10:55:03+00:00\",\"dateModified\":\"2025-12-23T05:47:20+00:00\",\"description\":\"Longchang Chemical is a leading manufacturer and supplier of bisphenol s CAS 80-09- in China. Buy bisphenol s in china. We can provide the best bisphenol s price.\",\"breadcrumb\":{\"@id\":\"https:\/\/longchangchemical.com\/product\/bisphenol-s-cas-80-09-1\/#breadcrumb\"},\"inLanguage\":\"de\",\"potentialAction\":[{\"@type\":\"ReadAction\",\"target\":[\"https:\/\/longchangchemical.com\/product\/bisphenol-s-cas-80-09-1\/\"]}]},{\"@type\":\"ImageObject\",\"inLanguage\":\"de\",\"@id\":\"https:\/\/longchangchemical.com\/product\/bisphenol-s-cas-80-09-1\/#primaryimage\",\"url\":\"https:\/\/longchangchemical.com\/wp-content\/uploads\/2021\/01\/bisphenol-s-95-Appearance.jpg\",\"contentUrl\":\"https:\/\/longchangchemical.com\/wp-content\/uploads\/2021\/01\/bisphenol-s-95-Appearance.jpg\",\"width\":600,\"height\":800,\"caption\":\"bisphenol s 95-Appearance\"},{\"@type\":\"BreadcrumbList\",\"@id\":\"https:\/\/longchangchemical.com\/product\/bisphenol-s-cas-80-09-1\/#breadcrumb\",\"itemListElement\":[{\"@type\":\"ListItem\",\"position\":1,\"name\":\"Home\",\"item\":\"https:\/\/longchangchemical.com\/\"},{\"@type\":\"ListItem\",\"position\":2,\"name\":\"Products Longchang\",\"item\":\"https:\/\/longchangchemical.com\/product\/\"},{\"@type\":\"ListItem\",\"position\":3,\"name\":\"bisphenol s CAS 80-09-1\"}]},{\"@type\":\"WebSite\",\"@id\":\"https:\/\/longchangchemical.com\/#website\",\"url\":\"https:\/\/longchangchemical.com\/\",\"name\":\"Longchang Chemical\",\"description\":\"China chemical manufacturer \uff06 supplier\",\"publisher\":{\"@id\":\"https:\/\/longchangchemical.com\/#organization\"},\"potentialAction\":[{\"@type\":\"SearchAction\",\"target\":{\"@type\":\"EntryPoint\",\"urlTemplate\":\"https:\/\/longchangchemical.com\/?s={search_term_string}\"},\"query-input\":{\"@type\":\"PropertyValueSpecification\",\"valueRequired\":true,\"valueName\":\"search_term_string\"}}],\"inLanguage\":\"de\"},{\"@type\":\"Organization\",\"@id\":\"https:\/\/longchangchemical.com\/#organization\",\"name\":\"Longchang Chemical\",\"url\":\"https:\/\/longchangchemical.com\/\",\"logo\":{\"@type\":\"ImageObject\",\"inLanguage\":\"de\",\"@id\":\"https:\/\/longchangchemical.com\/#\/schema\/logo\/image\/\",\"url\":\"https:\/\/longchangchemical.com\/wp-content\/uploads\/2020\/08\/cropped-longchang-logo.png\",\"contentUrl\":\"https:\/\/longchangchemical.com\/wp-content\/uploads\/2020\/08\/cropped-longchang-logo.png\",\"width\":512,\"height\":512,\"caption\":\"Longchang Chemical\"},\"image\":{\"@id\":\"https:\/\/longchangchemical.com\/#\/schema\/logo\/image\/\"}}]}<\/script>\n<!-- \/ Yoast SEO plugin. -->","yoast_head_json":{"title":"China Bisphenol s CAS 80-09-1 Hersteller \uff06 Lieferant - Longchang chemical Co., Ltd.","description":"Longchang Chemical ist ein f\u00fchrender Hersteller und Lieferant von Bisphenol s CAS 80-09- in China. Kaufen Bisphenol s in China. Wir k\u00f6nnen die besten Bisphenol s Preis bieten.","robots":{"index":"index","follow":"follow","max-snippet":"max-snippet:-1","max-image-preview":"max-image-preview:large","max-video-preview":"max-video-preview:-1"},"canonical":"https:\/\/longchangchemical.com\/de\/product\/bisphenol-s-cas-80-09-1\/","og_locale":"de_DE","og_type":"article","og_title":"China bisphenol s CAS 80-09-1 Manufacturer \uff06 Supplier - Longchang chemical Co., Ltd.","og_description":"Longchang Chemical is a leading manufacturer and supplier of bisphenol s CAS 80-09- in China. Buy bisphenol s in china. We can provide the best bisphenol s price.","og_url":"https:\/\/longchangchemical.com\/de\/product\/bisphenol-s-cas-80-09-1\/","og_site_name":"Longchang Chemical","article_modified_time":"2025-12-23T05:47:20+00:00","og_image":[{"width":600,"height":800,"url":"https:\/\/longchangchemical.com\/wp-content\/uploads\/2021\/01\/bisphenol-s-95-Appearance.jpg","type":"image\/jpeg"}],"twitter_card":"summary_large_image","schema":{"@context":"https:\/\/schema.org","@graph":[{"@type":"WebPage","@id":"https:\/\/longchangchemical.com\/product\/bisphenol-s-cas-80-09-1\/","url":"https:\/\/longchangchemical.com\/product\/bisphenol-s-cas-80-09-1\/","name":"China Bisphenol s CAS 80-09-1 Hersteller \uff06 Lieferant - Longchang chemical Co., Ltd.","isPartOf":{"@id":"https:\/\/longchangchemical.com\/#website"},"primaryImageOfPage":{"@id":"https:\/\/longchangchemical.com\/product\/bisphenol-s-cas-80-09-1\/#primaryimage"},"image":{"@id":"https:\/\/longchangchemical.com\/product\/bisphenol-s-cas-80-09-1\/#primaryimage"},"thumbnailUrl":"https:\/\/longchangchemical.com\/wp-content\/uploads\/2021\/01\/bisphenol-s-95-Appearance.jpg","datePublished":"2021-01-20T10:55:03+00:00","dateModified":"2025-12-23T05:47:20+00:00","description":"Longchang Chemical ist ein f\u00fchrender Hersteller und Lieferant von Bisphenol s CAS 80-09- in China. Kaufen Bisphenol s in China. Wir k\u00f6nnen die besten Bisphenol s Preis bieten.","breadcrumb":{"@id":"https:\/\/longchangchemical.com\/product\/bisphenol-s-cas-80-09-1\/#breadcrumb"},"inLanguage":"de","potentialAction":[{"@type":"ReadAction","target":["https:\/\/longchangchemical.com\/product\/bisphenol-s-cas-80-09-1\/"]}]},{"@type":"ImageObject","inLanguage":"de","@id":"https:\/\/longchangchemical.com\/product\/bisphenol-s-cas-80-09-1\/#primaryimage","url":"https:\/\/longchangchemical.com\/wp-content\/uploads\/2021\/01\/bisphenol-s-95-Appearance.jpg","contentUrl":"https:\/\/longchangchemical.com\/wp-content\/uploads\/2021\/01\/bisphenol-s-95-Appearance.jpg","width":600,"height":800,"caption":"bisphenol s 95-Appearance"},{"@type":"BreadcrumbList","@id":"https:\/\/longchangchemical.com\/product\/bisphenol-s-cas-80-09-1\/#breadcrumb","itemListElement":[{"@type":"ListItem","position":1,"name":"Home","item":"https:\/\/longchangchemical.com\/"},{"@type":"ListItem","position":2,"name":"Products Longchang","item":"https:\/\/longchangchemical.com\/product\/"},{"@type":"ListItem","position":3,"name":"bisphenol s CAS 80-09-1"}]},{"@type":"WebSite","@id":"https:\/\/longchangchemical.com\/#website","url":"https:\/\/longchangchemical.com\/","name":"Longchang Chemical","description":"China Hersteller von Chemikalien \uff06 Lieferant","publisher":{"@id":"https:\/\/longchangchemical.com\/#organization"},"potentialAction":[{"@type":"SearchAction","target":{"@type":"EntryPoint","urlTemplate":"https:\/\/longchangchemical.com\/?s={search_term_string}"},"query-input":{"@type":"PropertyValueSpecification","valueRequired":true,"valueName":"search_term_string"}}],"inLanguage":"de"},{"@type":"Organization","@id":"https:\/\/longchangchemical.com\/#organization","name":"Longchang Chemical","url":"https:\/\/longchangchemical.com\/","logo":{"@type":"ImageObject","inLanguage":"de","@id":"https:\/\/longchangchemical.com\/#\/schema\/logo\/image\/","url":"https:\/\/longchangchemical.com\/wp-content\/uploads\/2020\/08\/cropped-longchang-logo.png","contentUrl":"https:\/\/longchangchemical.com\/wp-content\/uploads\/2020\/08\/cropped-longchang-logo.png","width":512,"height":512,"caption":"Longchang Chemical"},"image":{"@id":"https:\/\/longchangchemical.com\/#\/schema\/logo\/image\/"}}]}},"_links":{"self":[{"href":"https:\/\/longchangchemical.com\/de\/wp-json\/wp\/v2\/product\/3500","targetHints":{"allow":["GET"]}}],"collection":[{"href":"https:\/\/longchangchemical.com\/de\/wp-json\/wp\/v2\/product"}],"about":[{"href":"https:\/\/longchangchemical.com\/de\/wp-json\/wp\/v2\/types\/product"}],"replies":[{"embeddable":true,"href":"https:\/\/longchangchemical.com\/de\/wp-json\/wp\/v2\/comments?post=3500"}],"wp:featuredmedia":[{"embeddable":true,"href":"https:\/\/longchangchemical.com\/de\/wp-json\/wp\/v2\/media\/4178"}],"wp:attachment":[{"href":"https:\/\/longchangchemical.com\/de\/wp-json\/wp\/v2\/media?parent=3500"}],"wp:term":[{"taxonomy":"product_brand","embeddable":true,"href":"https:\/\/longchangchemical.com\/de\/wp-json\/wp\/v2\/product_brand?post=3500"},{"taxonomy":"product_cat","embeddable":true,"href":"https:\/\/longchangchemical.com\/de\/wp-json\/wp\/v2\/product_cat?post=3500"},{"taxonomy":"product_tag","embeddable":true,"href":"https:\/\/longchangchemical.com\/de\/wp-json\/wp\/v2\/product_tag?post=3500"}],"curies":[{"name":"wp","href":"https:\/\/api.w.org\/{rel}","templated":true}]}}