{"id":3497,"date":"2021-01-20T06:45:26","date_gmt":"2021-01-20T06:45:26","guid":{"rendered":"https:\/\/longchangchemical.com\/?post_type=product&#038;p=3497"},"modified":"2026-05-08T02:59:27","modified_gmt":"2026-05-08T02:59:27","slug":"2-imidazolidone-ethyleneurea-cas-120-93-4","status":"publish","type":"product","link":"https:\/\/longchangchemical.com\/de\/product\/2-imidazolidone-ethyleneurea-cas-120-93-4\/","title":{"rendered":"2-Imidazolidon \/ Ethylenharnstoff cas 120-93-4"},"content":{"rendered":"<h2>2-Imidazolidon \/ Ethylenharnstoff cas 120-93-4<\/h2>\n<table class=\"table-1\" cellspacing=\"0\" cellpadding=\"0\">\n<tbody>\n<tr align=\"left\">\n<td>\n<h4>Artikel<\/h4>\n<\/td>\n<td>\n<h4>Spezifikation<\/h4>\n<\/td>\n<td>\n<h4>Ergebnisse<\/h4>\n<\/td>\n<\/tr>\n<tr align=\"left\">\n<td>\n<h4>Erscheinungsbild<\/h4>\n<\/td>\n<td>\n<h4>Wei\u00dfes kristallines Pulver<\/h4>\n<\/td>\n<td>\n<h4>Best\u00e4tigt<\/h4>\n<\/td>\n<\/tr>\n<tr align=\"left\">\n<td>\n<h4>Assay, %<\/h4>\n<\/td>\n<td>\n<h4>\u226599.0<\/h4>\n<\/td>\n<td>\n<h4>99.28<\/h4>\n<\/td>\n<\/tr>\n<tr align=\"left\">\n<td>\n<h4>L\u00f6slichkeit<\/h4>\n<\/td>\n<td>\n<h4>Leicht l\u00f6slich in Wasser<\/h4>\n<\/td>\n<td>\n<h4>Best\u00e4tigt<\/h4>\n<\/td>\n<\/tr>\n<tr align=\"left\">\n<td>\n<h4>Schmelzpunkt,\u00b0C<\/h4>\n<\/td>\n<td>\n<h4>\u2265129.0<\/h4>\n<\/td>\n<td>\n<h4>131<\/h4>\n<\/td>\n<\/tr>\n<tr align=\"left\">\n<td>\n<h4>Verlust beim Trocknen, %<\/h4>\n<\/td>\n<td>\n<h4>\u22640.50<\/h4>\n<\/td>\n<td data-spm-anchor-id=\"a2700.details.pronpeci14.i0.47c51007xDDJHu\">\n<h4>0.35<\/h4>\n<\/td>\n<\/tr>\n<\/tbody>\n<\/table>\n<p>&nbsp;<\/p>\n<h2><strong>2-Imidazolidon \/ Ethylenharnstoff Verwendung<\/strong><\/h2>\n<h4><span class=\"JLqJ4b ChMk0b\" data-language-for-alternatives=\"en\" data-language-to-translate-into=\"auto\" data-phrase-index=\"0\">1. Ethylenharnstoff kann zur Synthese chiraler mikropor\u00f6ser Materialien verwendet werden, die aus achiralen Ausgangsstoffen hergestellt werden.<\/span><\/h4>\n<h4><span class=\"JLqJ4b ChMk0b\" data-language-for-alternatives=\"en\" data-language-to-translate-into=\"auto\" data-phrase-index=\"2\">2. Ethylenharnstoff kann zur Herstellung von Aryl- und Heteroaryl-N-Acylharnstoffen durch eine mikrowellenunterst\u00fctzte Palladium-katalysierte Carbonylierungsreaktion verwendet werden.<\/span><\/h4>\n<h4><span class=\"JLqJ4b ChMk0b\" data-language-for-alternatives=\"en\" data-language-to-translate-into=\"auto\" data-phrase-index=\"4\">3. Ethylenharnstoff kann zur Synthese eines gut wasserl\u00f6slichen Peptids auf der Grundlage des Inhibitors der menschlichen neutrophilen Elastase verwendet werden.<\/span><\/h4>\n<h4><span class=\"JLqJ4b ChMk0b\" data-language-for-alternatives=\"en\" data-language-to-translate-into=\"auto\" data-phrase-index=\"6\">4. Ethylenharnstoff kann durch Cyanoacetylierung gebildet und zur Synthese von antibakteriellen Heterocyclen verwendet werden.<\/span><\/h4>\n<h4><span class=\"JLqJ4b ChMk0b\" data-language-for-alternatives=\"en\" data-language-to-translate-into=\"auto\" data-phrase-index=\"8\">5. Ethylenharnstoff kann zur Katalyse der Bildung von C-N-Bindungen zwischen Pd und heteroaromatischem Tosylat verwendet werden.<\/span><\/h4>\n<h4><span class=\"JLqJ4b ChMk0b\" data-language-for-alternatives=\"en\" data-language-to-translate-into=\"auto\" data-phrase-index=\"10\">6. Ethylenharnstoff kann zur Aktivierung der oxidativen Amidierungsreaktion von Alkenen verwendet werden.<\/span><\/h4>\n<h4><span class=\"JLqJ4b ChMk0b\" data-language-for-alternatives=\"en\" data-language-to-translate-into=\"auto\" data-phrase-index=\"12\">7. Ethylenharnstoff kann als Bindemittel f\u00fcr Formaldehyd verwendet werden, um das restliche Formaldehyd im Gewebe nach der Ausr\u00fcstung mit 2D-Harz, KB-Harz, Harnstoff-Formaldehyd-Harz, Melamin-Formaldehyd-Harz usw. zu entfernen.<\/span><\/h4>\n<h4><span class=\"JLqJ4b ChMk0b\" data-language-for-alternatives=\"en\" data-language-to-translate-into=\"auto\" data-phrase-index=\"14\">8. Die Ware wird auch als Zwischenprodukt f\u00fcr Feinchemikalien verwendet, die bei der Herstellung von Harzen, Weichmachern, Spr\u00fchfarben, Klebstoffen usw. eingesetzt werden.<\/span><\/h4>\n<p>&nbsp;<\/p>\n<h2><strong>2-Imidazolidon \/ Ethylenharnstoff Packung<br \/>\n<\/strong><\/h2>\n<h4>25-KG-Spanplattenfass, ausgekleidet mit doppelschichtiger Polyethylenfolie.<\/h4>\n<p>&nbsp;<\/p>\n<h2><strong>2-Imidazolidon \/ Ethylenharnstoff Lagerung<\/strong><\/h2>\n<h4>Von Feuer und Hitze fernhalten. Versiegelt und in einer k\u00fchlen, trockenen Umgebung gelagert, vor Feuchtigkeit gesch\u00fctzt. Vermeiden Sie die Koexistenz mit Oxiden.<\/h4>\n<h2><strong><b>Kontaktieren Sie uns jetzt!<\/b><\/strong><\/h2>\n<h4><strong><b>Wenn Sie COA, MSDS oder TDS ben\u00f6tigen, geben Sie bitte Ihre Kontaktinformationen in das untenstehende Formular ein. Wir werden uns in der Regel innerhalb von 24 Stunden mit Ihnen in Verbindung setzen. Sie k\u00f6nnen mir auch eine E-Mail schicken <span style=\"color: #0000ff;\"><a style=\"color: #0000ff;\" href=\"mailto:info@longchangchemical.com\">info@longchangchemical.com<\/a><\/span> w\u00e4hrend der Gesch\u00e4ftszeiten ( 8:30 bis 18:00 Uhr UTC+8 Mo.~Sa. ) oder nutzen Sie den Live-Chat auf der Website, um eine schnelle Antwort zu erhalten.<\/b><\/strong><\/h4>","protected":false},"excerpt":{"rendered":"<h4>Chemische Bezeichnung: 2-Imidazolidon<\/h4>\n<h4>Anderer Name: Ethylenharnstoff<\/h4>\n<h4>CAS-Nr.: 120-93-4<\/h4>\n<h4>Summenformel:C3H6N2O<\/h4>\n<h4>Molekulargewicht:86.09<\/h4>\n<h4>Chemische Struktur:<img decoding=\"async\" title=\"2-Imidazolidon Struktur\" src=\"https:\/\/www.longchangchemical.com\/wp-content\/uploads\/product-details\/20200616011406.png\" alt=\"2-Imidazolidon Struktur\" width=\"60\" height=\"69\" border=\"0\" vspace=\"0\" \/><\/h4>\n<h4>Erscheinungsbild: Wei\u00dfes kristallines Pulver<\/h4>\n<h4>Gehalt:99% f\u00fcr Pharmaqualit\u00e4t, 96% f\u00fcr Industriequalit\u00e4t<\/h4>","protected":false},"featured_media":4169,"comment_status":"open","ping_status":"closed","template":"","meta":[],"product_brand":[],"product_cat":[69],"product_tag":[],"class_list":{"0":"post-3497","1":"product","2":"type-product","3":"status-publish","4":"has-post-thumbnail","6":"product_cat-catalysts-chemical-auxiliary-agents","8":"first","9":"instock","10":"shipping-taxable","11":"product-type-simple"},"yoast_head":"<!-- This site is optimized with the Yoast SEO plugin v25.3.1 - https:\/\/yoast.com\/wordpress\/plugins\/seo\/ -->\n<title>China 2-Imidazolidone \/ Ethyleneurea CAS 120-93-4 Manufacturer \uff06 Supplier - Longchang chemical Co., Ltd.<\/title>\n<meta name=\"description\" content=\"Longchang Chemical is a leading manufacturer and supplier of 2-Imidazolidone \/ Ethyleneurea CAS 120-93-4 in China. Buy 2-Imidazolidone \/ Ethyleneurea in china. We can provide the best 2-Imidazolidone \/ Ethyleneurea price.\" \/>\n<meta name=\"robots\" content=\"index, follow, max-snippet:-1, max-image-preview:large, max-video-preview:-1\" \/>\n<link rel=\"canonical\" href=\"https:\/\/longchangchemical.com\/de\/product\/2-imidazolidone-ethyleneurea-cas-120-93-4\/\" \/>\n<meta property=\"og:locale\" content=\"de_DE\" \/>\n<meta property=\"og:type\" content=\"article\" \/>\n<meta property=\"og:title\" content=\"China 2-Imidazolidone \/ Ethyleneurea CAS 120-93-4 Manufacturer \uff06 Supplier - Longchang chemical Co., Ltd.\" \/>\n<meta property=\"og:description\" content=\"Longchang Chemical is a leading manufacturer and supplier of 2-Imidazolidone \/ Ethyleneurea CAS 120-93-4 in China. Buy 2-Imidazolidone \/ Ethyleneurea in china. We can provide the best 2-Imidazolidone \/ Ethyleneurea price.\" \/>\n<meta property=\"og:url\" content=\"https:\/\/longchangchemical.com\/de\/product\/2-imidazolidone-ethyleneurea-cas-120-93-4\/\" \/>\n<meta property=\"og:site_name\" content=\"Longchang Chemical\" \/>\n<meta property=\"article:modified_time\" content=\"2026-05-08T02:59:27+00:00\" \/>\n<meta property=\"og:image\" content=\"https:\/\/longchangchemical.com\/wp-content\/uploads\/2021\/01\/Ethyleneurea-Appearance.jpg\" \/>\n\t<meta property=\"og:image:width\" content=\"600\" \/>\n\t<meta property=\"og:image:height\" content=\"800\" \/>\n\t<meta property=\"og:image:type\" content=\"image\/jpeg\" \/>\n<meta name=\"twitter:card\" content=\"summary_large_image\" \/>\n<script type=\"application\/ld+json\" class=\"yoast-schema-graph\">{\"@context\":\"https:\/\/schema.org\",\"@graph\":[{\"@type\":\"WebPage\",\"@id\":\"https:\/\/longchangchemical.com\/product\/2-imidazolidone-ethyleneurea-cas-120-93-4\/\",\"url\":\"https:\/\/longchangchemical.com\/product\/2-imidazolidone-ethyleneurea-cas-120-93-4\/\",\"name\":\"China 2-Imidazolidone \/ Ethyleneurea CAS 120-93-4 Manufacturer \uff06 Supplier - Longchang chemical Co., Ltd.\",\"isPartOf\":{\"@id\":\"https:\/\/longchangchemical.com\/#website\"},\"primaryImageOfPage\":{\"@id\":\"https:\/\/longchangchemical.com\/product\/2-imidazolidone-ethyleneurea-cas-120-93-4\/#primaryimage\"},\"image\":{\"@id\":\"https:\/\/longchangchemical.com\/product\/2-imidazolidone-ethyleneurea-cas-120-93-4\/#primaryimage\"},\"thumbnailUrl\":\"https:\/\/longchangchemical.com\/wp-content\/uploads\/2021\/01\/Ethyleneurea-Appearance.jpg\",\"datePublished\":\"2021-01-20T06:45:26+00:00\",\"dateModified\":\"2026-05-08T02:59:27+00:00\",\"description\":\"Longchang Chemical is a leading manufacturer and supplier of 2-Imidazolidone \/ Ethyleneurea CAS 120-93-4 in China. Buy 2-Imidazolidone \/ Ethyleneurea in china. We can provide the best 2-Imidazolidone \/ Ethyleneurea price.\",\"breadcrumb\":{\"@id\":\"https:\/\/longchangchemical.com\/product\/2-imidazolidone-ethyleneurea-cas-120-93-4\/#breadcrumb\"},\"inLanguage\":\"de\",\"potentialAction\":[{\"@type\":\"ReadAction\",\"target\":[\"https:\/\/longchangchemical.com\/product\/2-imidazolidone-ethyleneurea-cas-120-93-4\/\"]}]},{\"@type\":\"ImageObject\",\"inLanguage\":\"de\",\"@id\":\"https:\/\/longchangchemical.com\/product\/2-imidazolidone-ethyleneurea-cas-120-93-4\/#primaryimage\",\"url\":\"https:\/\/longchangchemical.com\/wp-content\/uploads\/2021\/01\/Ethyleneurea-Appearance.jpg\",\"contentUrl\":\"https:\/\/longchangchemical.com\/wp-content\/uploads\/2021\/01\/Ethyleneurea-Appearance.jpg\",\"width\":600,\"height\":800,\"caption\":\"Ethyleneurea Appearance\"},{\"@type\":\"BreadcrumbList\",\"@id\":\"https:\/\/longchangchemical.com\/product\/2-imidazolidone-ethyleneurea-cas-120-93-4\/#breadcrumb\",\"itemListElement\":[{\"@type\":\"ListItem\",\"position\":1,\"name\":\"Home\",\"item\":\"https:\/\/longchangchemical.com\/\"},{\"@type\":\"ListItem\",\"position\":2,\"name\":\"Products Longchang\",\"item\":\"https:\/\/longchangchemical.com\/product\/\"},{\"@type\":\"ListItem\",\"position\":3,\"name\":\"2-imidazolidone \/ Ethyleneurea cas 120-93-4\"}]},{\"@type\":\"WebSite\",\"@id\":\"https:\/\/longchangchemical.com\/#website\",\"url\":\"https:\/\/longchangchemical.com\/\",\"name\":\"Longchang Chemical\",\"description\":\"China chemical manufacturer \uff06 supplier\",\"publisher\":{\"@id\":\"https:\/\/longchangchemical.com\/#organization\"},\"potentialAction\":[{\"@type\":\"SearchAction\",\"target\":{\"@type\":\"EntryPoint\",\"urlTemplate\":\"https:\/\/longchangchemical.com\/?s={search_term_string}\"},\"query-input\":{\"@type\":\"PropertyValueSpecification\",\"valueRequired\":true,\"valueName\":\"search_term_string\"}}],\"inLanguage\":\"de\"},{\"@type\":\"Organization\",\"@id\":\"https:\/\/longchangchemical.com\/#organization\",\"name\":\"Longchang Chemical\",\"url\":\"https:\/\/longchangchemical.com\/\",\"logo\":{\"@type\":\"ImageObject\",\"inLanguage\":\"de\",\"@id\":\"https:\/\/longchangchemical.com\/#\/schema\/logo\/image\/\",\"url\":\"https:\/\/longchangchemical.com\/wp-content\/uploads\/2020\/08\/cropped-longchang-logo.png\",\"contentUrl\":\"https:\/\/longchangchemical.com\/wp-content\/uploads\/2020\/08\/cropped-longchang-logo.png\",\"width\":512,\"height\":512,\"caption\":\"Longchang Chemical\"},\"image\":{\"@id\":\"https:\/\/longchangchemical.com\/#\/schema\/logo\/image\/\"}}]}<\/script>\n<!-- \/ Yoast SEO plugin. -->","yoast_head_json":{"title":"China 2-Imidazolidon \/ Ethylenharnstoff CAS 120-93-4 Hersteller \uff06 Lieferant - Longchang chemical Co., Ltd.","description":"Longchang Chemical ist ein f\u00fchrender Hersteller und Lieferant von 2-Imidazolidon \/ Ethylenharnstoff CAS 120-93-4 in China. Kaufen Sie 2-Imidazolidon \/ Ethylenharnstoff in China. Wir k\u00f6nnen die besten 2-Imidazolidon \/ Ethylenharnstoff Preis bieten.","robots":{"index":"index","follow":"follow","max-snippet":"max-snippet:-1","max-image-preview":"max-image-preview:large","max-video-preview":"max-video-preview:-1"},"canonical":"https:\/\/longchangchemical.com\/de\/product\/2-imidazolidone-ethyleneurea-cas-120-93-4\/","og_locale":"de_DE","og_type":"article","og_title":"China 2-Imidazolidone \/ Ethyleneurea CAS 120-93-4 Manufacturer \uff06 Supplier - Longchang chemical Co., Ltd.","og_description":"Longchang Chemical is a leading manufacturer and supplier of 2-Imidazolidone \/ Ethyleneurea CAS 120-93-4 in China. Buy 2-Imidazolidone \/ Ethyleneurea in china. We can provide the best 2-Imidazolidone \/ Ethyleneurea price.","og_url":"https:\/\/longchangchemical.com\/de\/product\/2-imidazolidone-ethyleneurea-cas-120-93-4\/","og_site_name":"Longchang Chemical","article_modified_time":"2026-05-08T02:59:27+00:00","og_image":[{"width":600,"height":800,"url":"https:\/\/longchangchemical.com\/wp-content\/uploads\/2021\/01\/Ethyleneurea-Appearance.jpg","type":"image\/jpeg"}],"twitter_card":"summary_large_image","schema":{"@context":"https:\/\/schema.org","@graph":[{"@type":"WebPage","@id":"https:\/\/longchangchemical.com\/product\/2-imidazolidone-ethyleneurea-cas-120-93-4\/","url":"https:\/\/longchangchemical.com\/product\/2-imidazolidone-ethyleneurea-cas-120-93-4\/","name":"China 2-Imidazolidon \/ Ethylenharnstoff CAS 120-93-4 Hersteller \uff06 Lieferant - Longchang chemical Co., Ltd.","isPartOf":{"@id":"https:\/\/longchangchemical.com\/#website"},"primaryImageOfPage":{"@id":"https:\/\/longchangchemical.com\/product\/2-imidazolidone-ethyleneurea-cas-120-93-4\/#primaryimage"},"image":{"@id":"https:\/\/longchangchemical.com\/product\/2-imidazolidone-ethyleneurea-cas-120-93-4\/#primaryimage"},"thumbnailUrl":"https:\/\/longchangchemical.com\/wp-content\/uploads\/2021\/01\/Ethyleneurea-Appearance.jpg","datePublished":"2021-01-20T06:45:26+00:00","dateModified":"2026-05-08T02:59:27+00:00","description":"Longchang Chemical ist ein f\u00fchrender Hersteller und Lieferant von 2-Imidazolidon \/ Ethylenharnstoff CAS 120-93-4 in China. Kaufen Sie 2-Imidazolidon \/ Ethylenharnstoff in China. Wir k\u00f6nnen die besten 2-Imidazolidon \/ Ethylenharnstoff Preis bieten.","breadcrumb":{"@id":"https:\/\/longchangchemical.com\/product\/2-imidazolidone-ethyleneurea-cas-120-93-4\/#breadcrumb"},"inLanguage":"de","potentialAction":[{"@type":"ReadAction","target":["https:\/\/longchangchemical.com\/product\/2-imidazolidone-ethyleneurea-cas-120-93-4\/"]}]},{"@type":"ImageObject","inLanguage":"de","@id":"https:\/\/longchangchemical.com\/product\/2-imidazolidone-ethyleneurea-cas-120-93-4\/#primaryimage","url":"https:\/\/longchangchemical.com\/wp-content\/uploads\/2021\/01\/Ethyleneurea-Appearance.jpg","contentUrl":"https:\/\/longchangchemical.com\/wp-content\/uploads\/2021\/01\/Ethyleneurea-Appearance.jpg","width":600,"height":800,"caption":"Ethyleneurea Appearance"},{"@type":"BreadcrumbList","@id":"https:\/\/longchangchemical.com\/product\/2-imidazolidone-ethyleneurea-cas-120-93-4\/#breadcrumb","itemListElement":[{"@type":"ListItem","position":1,"name":"Home","item":"https:\/\/longchangchemical.com\/"},{"@type":"ListItem","position":2,"name":"Products Longchang","item":"https:\/\/longchangchemical.com\/product\/"},{"@type":"ListItem","position":3,"name":"2-imidazolidone \/ Ethyleneurea cas 120-93-4"}]},{"@type":"WebSite","@id":"https:\/\/longchangchemical.com\/#website","url":"https:\/\/longchangchemical.com\/","name":"Longchang Chemical","description":"China Hersteller von Chemikalien \uff06 Lieferant","publisher":{"@id":"https:\/\/longchangchemical.com\/#organization"},"potentialAction":[{"@type":"SearchAction","target":{"@type":"EntryPoint","urlTemplate":"https:\/\/longchangchemical.com\/?s={search_term_string}"},"query-input":{"@type":"PropertyValueSpecification","valueRequired":true,"valueName":"search_term_string"}}],"inLanguage":"de"},{"@type":"Organization","@id":"https:\/\/longchangchemical.com\/#organization","name":"Longchang Chemical","url":"https:\/\/longchangchemical.com\/","logo":{"@type":"ImageObject","inLanguage":"de","@id":"https:\/\/longchangchemical.com\/#\/schema\/logo\/image\/","url":"https:\/\/longchangchemical.com\/wp-content\/uploads\/2020\/08\/cropped-longchang-logo.png","contentUrl":"https:\/\/longchangchemical.com\/wp-content\/uploads\/2020\/08\/cropped-longchang-logo.png","width":512,"height":512,"caption":"Longchang Chemical"},"image":{"@id":"https:\/\/longchangchemical.com\/#\/schema\/logo\/image\/"}}]}},"_links":{"self":[{"href":"https:\/\/longchangchemical.com\/de\/wp-json\/wp\/v2\/product\/3497","targetHints":{"allow":["GET"]}}],"collection":[{"href":"https:\/\/longchangchemical.com\/de\/wp-json\/wp\/v2\/product"}],"about":[{"href":"https:\/\/longchangchemical.com\/de\/wp-json\/wp\/v2\/types\/product"}],"replies":[{"embeddable":true,"href":"https:\/\/longchangchemical.com\/de\/wp-json\/wp\/v2\/comments?post=3497"}],"wp:featuredmedia":[{"embeddable":true,"href":"https:\/\/longchangchemical.com\/de\/wp-json\/wp\/v2\/media\/4169"}],"wp:attachment":[{"href":"https:\/\/longchangchemical.com\/de\/wp-json\/wp\/v2\/media?parent=3497"}],"wp:term":[{"taxonomy":"product_brand","embeddable":true,"href":"https:\/\/longchangchemical.com\/de\/wp-json\/wp\/v2\/product_brand?post=3497"},{"taxonomy":"product_cat","embeddable":true,"href":"https:\/\/longchangchemical.com\/de\/wp-json\/wp\/v2\/product_cat?post=3497"},{"taxonomy":"product_tag","embeddable":true,"href":"https:\/\/longchangchemical.com\/de\/wp-json\/wp\/v2\/product_tag?post=3497"}],"curies":[{"name":"wp","href":"https:\/\/api.w.org\/{rel}","templated":true}]}}