{"id":3496,"date":"2021-01-20T06:35:17","date_gmt":"2021-01-20T06:35:17","guid":{"rendered":"https:\/\/longchangchemical.com\/?post_type=product&#038;p=3496"},"modified":"2025-12-23T04:23:32","modified_gmt":"2025-12-23T04:23:32","slug":"benzyl-methyl-ammonium-chloride-cas-61789-73-9","status":"publish","type":"product","link":"https:\/\/longchangchemical.com\/de\/product\/benzyl-methyl-ammonium-chloride-cas-61789-73-9\/","title":{"rendered":"D1817\/Benzylmethylammoniumchlorid CAS 61789-73-9"},"content":{"rendered":"<h1>D1817\/Benzylmethylammoniumchlorid CAS 61789-73-9<\/h1>\n<table class=\"table-1\" cellspacing=\"0\">\n<tbody>\n<tr>\n<td>\n<h4><strong>Artikel<\/strong><\/h4>\n<\/td>\n<td>\n<h4><strong>Spezifikation<\/strong><\/h4>\n<\/td>\n<\/tr>\n<tr>\n<td>\n<h4>Erscheinungsbild (25\u2103)<\/h4>\n<\/td>\n<td>\n<h4>Wei\u00dfer bis hellgelber Feststoff<\/h4>\n<\/td>\n<\/tr>\n<tr>\n<td>\n<h4>Farbe (Gard)<\/h4>\n<\/td>\n<td>\n<h4>\u22647.0<\/h4>\n<\/td>\n<\/tr>\n<tr>\n<td>\n<h4>Fester Inhalt %<\/h4>\n<\/td>\n<td>\n<h4>80.0-85.0<\/h4>\n<\/td>\n<\/tr>\n<tr>\n<td>\n<h4>Freies AminAminHydrochlorid %<\/h4>\n<\/td>\n<td>\n<h4>\u22642.0<\/h4>\n<\/td>\n<\/tr>\n<tr>\n<td>\n<h4>PH-Wert<\/h4>\n<\/td>\n<td>\n<h4>7.0-9.0<\/h4>\n<\/td>\n<\/tr>\n<tr>\n<td>\n<h4>Ethanol %<\/h4>\n<\/td>\n<td>\n<h4>\u226414.0<\/h4>\n<\/td>\n<\/tr>\n<\/tbody>\n<\/table>\n<h2><strong>Benzylmethylammoniumchlorid Verwendung<\/strong><\/h2>\n<h4>Lotionen, Bakterizide, Erd\u00f6ladditive, Korrosionsschutzmittel, Emulgatoren, Textil\u00f6le, Weichmacher, Metallreinigungs- und Poliermittel, Flotationsmittel f\u00fcr seltene Metalle, organische Abwasserbehandlungsmittel und Metallrostschutzmittel.<\/h4>\n<p>&nbsp;<\/p>\n<h2><strong>Benzylmethylammoniumchlorid Verpackung und Versand<\/strong><\/h2>\n<h4>175 kg pro Fass, oder 50 kg pro Fass.<\/h4>\n<p>&nbsp;<\/p>\n<h2><strong>Lagerung von Benzylmethylammoniumchlorid<\/strong><\/h2>\n<h4>trockenen, k\u00fchlen Ort.<\/h4>\n<h2><strong><b>Kontaktieren Sie uns jetzt!<\/b><\/strong><\/h2>\n<h4><strong><b>Wir bieten ma\u00dfgeschneiderte Dienstleistungen an und werden Sie in der Regel innerhalb von 24 Stunden kontaktieren. Sie k\u00f6nnen auch eine E-Mail an info@longchangchemical.com w\u00e4hrend der Arbeitszeiten (8:30 bis 18:00 Uhr UTC+8 Mo.~Sa.) senden oder den Live-Chat der Website nutzen, um eine schnelle Antwort zu erhalten.<\/b><\/strong><\/h4>\n<p>&nbsp;<\/p>","protected":false},"excerpt":{"rendered":"<p>Chemische Bezeichnung: D1817 \/Benzylmethylammoniumchlorid<\/p>\n<p>CAS-Nr.: 61789-73-9<\/p>\n<p>Summenformel: C8H12ClN<\/p>\n<p>Molekulargewicht: 157.64058<\/p>\n<p>Benzylmethylammoniumchlorid Struktur:<img decoding=\"async\" title=\"D1817 \/Quatern\u00e4re Ammoniumverbindungen, Benzylbis(hydriertes Talgalkyl)-methyl, Chloride Struktur\" src=\"https:\/\/www.longchangchemical.com\/wp-content\/uploads\/product-details\/20200612137199.png\" alt=\"D1817 \/Quatern\u00e4re Ammoniumverbindungen, Benzylbis(hydriertes Talgalkyl)-methyl, Chloride Struktur\" width=\"143\" height=\"68\" border=\"0\" vspace=\"0\" \/><\/p>\n<p>\u00c4u\u00dferes Erscheinungsbild: Wei\u00dfer bis hellgelber Feststoff<\/p>\n<p>Assay: 70-85%<\/p>","protected":false},"featured_media":4165,"comment_status":"open","ping_status":"closed","template":"","meta":[],"product_brand":[],"product_cat":[69],"product_tag":[],"class_list":{"0":"post-3496","1":"product","2":"type-product","3":"status-publish","4":"has-post-thumbnail","6":"product_cat-catalysts-chemical-auxiliary-agents","8":"first","9":"instock","10":"shipping-taxable","11":"product-type-simple"},"yoast_head":"<!-- This site is optimized with the Yoast SEO plugin v25.3.1 - https:\/\/yoast.com\/wordpress\/plugins\/seo\/ -->\n<title>China Benzyl Methyl Ammonium Chloride CAS 61789-73-9 Manufacturer \uff06 Supplier - Longchang chemical Co., Ltd.<\/title>\n<meta name=\"description\" content=\"Longchang Chemical is a leading manufacturer and supplier of Benzyl Methyl Ammonium Chloride CAS 61789-73-9 in China. Buy Benzyl Methyl Ammonium Chloride in china. We can provide the best Benzyl Methyl Ammonium Chloride price.\" \/>\n<meta name=\"robots\" content=\"index, follow, max-snippet:-1, max-image-preview:large, max-video-preview:-1\" \/>\n<link rel=\"canonical\" href=\"https:\/\/longchangchemical.com\/de\/product\/benzyl-methyl-ammonium-chloride-cas-61789-73-9\/\" \/>\n<meta property=\"og:locale\" content=\"de_DE\" \/>\n<meta property=\"og:type\" content=\"article\" \/>\n<meta property=\"og:title\" content=\"China Benzyl Methyl Ammonium Chloride CAS 61789-73-9 Manufacturer \uff06 Supplier - Longchang chemical Co., Ltd.\" \/>\n<meta property=\"og:description\" content=\"Longchang Chemical is a leading manufacturer and supplier of Benzyl Methyl Ammonium Chloride CAS 61789-73-9 in China. Buy Benzyl Methyl Ammonium Chloride in china. We can provide the best Benzyl Methyl Ammonium Chloride price.\" \/>\n<meta property=\"og:url\" content=\"https:\/\/longchangchemical.com\/de\/product\/benzyl-methyl-ammonium-chloride-cas-61789-73-9\/\" \/>\n<meta property=\"og:site_name\" content=\"Longchang Chemical\" \/>\n<meta property=\"article:modified_time\" content=\"2025-12-23T04:23:32+00:00\" \/>\n<meta property=\"og:image\" content=\"https:\/\/longchangchemical.com\/wp-content\/uploads\/2021\/01\/Benzyl-Methyl-Ammonium-Chloride-Appearance.jpg\" \/>\n\t<meta property=\"og:image:width\" content=\"600\" \/>\n\t<meta property=\"og:image:height\" content=\"800\" \/>\n\t<meta property=\"og:image:type\" content=\"image\/jpeg\" \/>\n<meta name=\"twitter:card\" content=\"summary_large_image\" \/>\n<script type=\"application\/ld+json\" class=\"yoast-schema-graph\">{\"@context\":\"https:\/\/schema.org\",\"@graph\":[{\"@type\":\"WebPage\",\"@id\":\"https:\/\/longchangchemical.com\/product\/benzyl-methyl-ammonium-chloride-cas-61789-73-9\/\",\"url\":\"https:\/\/longchangchemical.com\/product\/benzyl-methyl-ammonium-chloride-cas-61789-73-9\/\",\"name\":\"China Benzyl Methyl Ammonium Chloride CAS 61789-73-9 Manufacturer \uff06 Supplier - Longchang chemical Co., Ltd.\",\"isPartOf\":{\"@id\":\"https:\/\/longchangchemical.com\/#website\"},\"primaryImageOfPage\":{\"@id\":\"https:\/\/longchangchemical.com\/product\/benzyl-methyl-ammonium-chloride-cas-61789-73-9\/#primaryimage\"},\"image\":{\"@id\":\"https:\/\/longchangchemical.com\/product\/benzyl-methyl-ammonium-chloride-cas-61789-73-9\/#primaryimage\"},\"thumbnailUrl\":\"https:\/\/longchangchemical.com\/wp-content\/uploads\/2021\/01\/Benzyl-Methyl-Ammonium-Chloride-Appearance.jpg\",\"datePublished\":\"2021-01-20T06:35:17+00:00\",\"dateModified\":\"2025-12-23T04:23:32+00:00\",\"description\":\"Longchang Chemical is a leading manufacturer and supplier of Benzyl Methyl Ammonium Chloride CAS 61789-73-9 in China. Buy Benzyl Methyl Ammonium Chloride in china. We can provide the best Benzyl Methyl Ammonium Chloride price.\",\"breadcrumb\":{\"@id\":\"https:\/\/longchangchemical.com\/product\/benzyl-methyl-ammonium-chloride-cas-61789-73-9\/#breadcrumb\"},\"inLanguage\":\"de\",\"potentialAction\":[{\"@type\":\"ReadAction\",\"target\":[\"https:\/\/longchangchemical.com\/product\/benzyl-methyl-ammonium-chloride-cas-61789-73-9\/\"]}]},{\"@type\":\"ImageObject\",\"inLanguage\":\"de\",\"@id\":\"https:\/\/longchangchemical.com\/product\/benzyl-methyl-ammonium-chloride-cas-61789-73-9\/#primaryimage\",\"url\":\"https:\/\/longchangchemical.com\/wp-content\/uploads\/2021\/01\/Benzyl-Methyl-Ammonium-Chloride-Appearance.jpg\",\"contentUrl\":\"https:\/\/longchangchemical.com\/wp-content\/uploads\/2021\/01\/Benzyl-Methyl-Ammonium-Chloride-Appearance.jpg\",\"width\":600,\"height\":800,\"caption\":\"Benzyl Methyl Ammonium Chloride Appearance\"},{\"@type\":\"BreadcrumbList\",\"@id\":\"https:\/\/longchangchemical.com\/product\/benzyl-methyl-ammonium-chloride-cas-61789-73-9\/#breadcrumb\",\"itemListElement\":[{\"@type\":\"ListItem\",\"position\":1,\"name\":\"Home\",\"item\":\"https:\/\/longchangchemical.com\/\"},{\"@type\":\"ListItem\",\"position\":2,\"name\":\"Products Longchang\",\"item\":\"https:\/\/longchangchemical.com\/product\/\"},{\"@type\":\"ListItem\",\"position\":3,\"name\":\"D1817\/Benzyl Methyl Ammonium Chloride CAS 61789-73-9\"}]},{\"@type\":\"WebSite\",\"@id\":\"https:\/\/longchangchemical.com\/#website\",\"url\":\"https:\/\/longchangchemical.com\/\",\"name\":\"Longchang Chemical\",\"description\":\"China chemical manufacturer \uff06 supplier\",\"publisher\":{\"@id\":\"https:\/\/longchangchemical.com\/#organization\"},\"potentialAction\":[{\"@type\":\"SearchAction\",\"target\":{\"@type\":\"EntryPoint\",\"urlTemplate\":\"https:\/\/longchangchemical.com\/?s={search_term_string}\"},\"query-input\":{\"@type\":\"PropertyValueSpecification\",\"valueRequired\":true,\"valueName\":\"search_term_string\"}}],\"inLanguage\":\"de\"},{\"@type\":\"Organization\",\"@id\":\"https:\/\/longchangchemical.com\/#organization\",\"name\":\"Longchang Chemical\",\"url\":\"https:\/\/longchangchemical.com\/\",\"logo\":{\"@type\":\"ImageObject\",\"inLanguage\":\"de\",\"@id\":\"https:\/\/longchangchemical.com\/#\/schema\/logo\/image\/\",\"url\":\"https:\/\/longchangchemical.com\/wp-content\/uploads\/2020\/08\/cropped-longchang-logo.png\",\"contentUrl\":\"https:\/\/longchangchemical.com\/wp-content\/uploads\/2020\/08\/cropped-longchang-logo.png\",\"width\":512,\"height\":512,\"caption\":\"Longchang Chemical\"},\"image\":{\"@id\":\"https:\/\/longchangchemical.com\/#\/schema\/logo\/image\/\"}}]}<\/script>\n<!-- \/ Yoast SEO plugin. -->","yoast_head_json":{"title":"China Benzylmethylammoniumchlorid CAS 61789-73-9 Hersteller \uff06 Lieferant - Longchang chemical Co., Ltd.","description":"Longchang Chemical ist ein f\u00fchrender Hersteller und Lieferant von Benzylmethylammoniumchlorid CAS 61789-73-9 in China. Kaufen Sie Benzylmethylammoniumchlorid in China. Wir k\u00f6nnen die besten Benzylmethylammoniumchlorid Preis bieten.","robots":{"index":"index","follow":"follow","max-snippet":"max-snippet:-1","max-image-preview":"max-image-preview:large","max-video-preview":"max-video-preview:-1"},"canonical":"https:\/\/longchangchemical.com\/de\/product\/benzyl-methyl-ammonium-chloride-cas-61789-73-9\/","og_locale":"de_DE","og_type":"article","og_title":"China Benzyl Methyl Ammonium Chloride CAS 61789-73-9 Manufacturer \uff06 Supplier - Longchang chemical Co., Ltd.","og_description":"Longchang Chemical is a leading manufacturer and supplier of Benzyl Methyl Ammonium Chloride CAS 61789-73-9 in China. Buy Benzyl Methyl Ammonium Chloride in china. We can provide the best Benzyl Methyl Ammonium Chloride price.","og_url":"https:\/\/longchangchemical.com\/de\/product\/benzyl-methyl-ammonium-chloride-cas-61789-73-9\/","og_site_name":"Longchang Chemical","article_modified_time":"2025-12-23T04:23:32+00:00","og_image":[{"width":600,"height":800,"url":"https:\/\/longchangchemical.com\/wp-content\/uploads\/2021\/01\/Benzyl-Methyl-Ammonium-Chloride-Appearance.jpg","type":"image\/jpeg"}],"twitter_card":"summary_large_image","schema":{"@context":"https:\/\/schema.org","@graph":[{"@type":"WebPage","@id":"https:\/\/longchangchemical.com\/product\/benzyl-methyl-ammonium-chloride-cas-61789-73-9\/","url":"https:\/\/longchangchemical.com\/product\/benzyl-methyl-ammonium-chloride-cas-61789-73-9\/","name":"China Benzylmethylammoniumchlorid CAS 61789-73-9 Hersteller \uff06 Lieferant - Longchang chemical Co., Ltd.","isPartOf":{"@id":"https:\/\/longchangchemical.com\/#website"},"primaryImageOfPage":{"@id":"https:\/\/longchangchemical.com\/product\/benzyl-methyl-ammonium-chloride-cas-61789-73-9\/#primaryimage"},"image":{"@id":"https:\/\/longchangchemical.com\/product\/benzyl-methyl-ammonium-chloride-cas-61789-73-9\/#primaryimage"},"thumbnailUrl":"https:\/\/longchangchemical.com\/wp-content\/uploads\/2021\/01\/Benzyl-Methyl-Ammonium-Chloride-Appearance.jpg","datePublished":"2021-01-20T06:35:17+00:00","dateModified":"2025-12-23T04:23:32+00:00","description":"Longchang Chemical ist ein f\u00fchrender Hersteller und Lieferant von Benzylmethylammoniumchlorid CAS 61789-73-9 in China. Kaufen Sie Benzylmethylammoniumchlorid in China. Wir k\u00f6nnen die besten Benzylmethylammoniumchlorid Preis bieten.","breadcrumb":{"@id":"https:\/\/longchangchemical.com\/product\/benzyl-methyl-ammonium-chloride-cas-61789-73-9\/#breadcrumb"},"inLanguage":"de","potentialAction":[{"@type":"ReadAction","target":["https:\/\/longchangchemical.com\/product\/benzyl-methyl-ammonium-chloride-cas-61789-73-9\/"]}]},{"@type":"ImageObject","inLanguage":"de","@id":"https:\/\/longchangchemical.com\/product\/benzyl-methyl-ammonium-chloride-cas-61789-73-9\/#primaryimage","url":"https:\/\/longchangchemical.com\/wp-content\/uploads\/2021\/01\/Benzyl-Methyl-Ammonium-Chloride-Appearance.jpg","contentUrl":"https:\/\/longchangchemical.com\/wp-content\/uploads\/2021\/01\/Benzyl-Methyl-Ammonium-Chloride-Appearance.jpg","width":600,"height":800,"caption":"Benzyl Methyl Ammonium Chloride Appearance"},{"@type":"BreadcrumbList","@id":"https:\/\/longchangchemical.com\/product\/benzyl-methyl-ammonium-chloride-cas-61789-73-9\/#breadcrumb","itemListElement":[{"@type":"ListItem","position":1,"name":"Home","item":"https:\/\/longchangchemical.com\/"},{"@type":"ListItem","position":2,"name":"Products Longchang","item":"https:\/\/longchangchemical.com\/product\/"},{"@type":"ListItem","position":3,"name":"D1817\/Benzyl Methyl Ammonium Chloride CAS 61789-73-9"}]},{"@type":"WebSite","@id":"https:\/\/longchangchemical.com\/#website","url":"https:\/\/longchangchemical.com\/","name":"Longchang Chemical","description":"China Hersteller von Chemikalien \uff06 Lieferant","publisher":{"@id":"https:\/\/longchangchemical.com\/#organization"},"potentialAction":[{"@type":"SearchAction","target":{"@type":"EntryPoint","urlTemplate":"https:\/\/longchangchemical.com\/?s={search_term_string}"},"query-input":{"@type":"PropertyValueSpecification","valueRequired":true,"valueName":"search_term_string"}}],"inLanguage":"de"},{"@type":"Organization","@id":"https:\/\/longchangchemical.com\/#organization","name":"Longchang Chemical","url":"https:\/\/longchangchemical.com\/","logo":{"@type":"ImageObject","inLanguage":"de","@id":"https:\/\/longchangchemical.com\/#\/schema\/logo\/image\/","url":"https:\/\/longchangchemical.com\/wp-content\/uploads\/2020\/08\/cropped-longchang-logo.png","contentUrl":"https:\/\/longchangchemical.com\/wp-content\/uploads\/2020\/08\/cropped-longchang-logo.png","width":512,"height":512,"caption":"Longchang Chemical"},"image":{"@id":"https:\/\/longchangchemical.com\/#\/schema\/logo\/image\/"}}]}},"_links":{"self":[{"href":"https:\/\/longchangchemical.com\/de\/wp-json\/wp\/v2\/product\/3496","targetHints":{"allow":["GET"]}}],"collection":[{"href":"https:\/\/longchangchemical.com\/de\/wp-json\/wp\/v2\/product"}],"about":[{"href":"https:\/\/longchangchemical.com\/de\/wp-json\/wp\/v2\/types\/product"}],"replies":[{"embeddable":true,"href":"https:\/\/longchangchemical.com\/de\/wp-json\/wp\/v2\/comments?post=3496"}],"wp:featuredmedia":[{"embeddable":true,"href":"https:\/\/longchangchemical.com\/de\/wp-json\/wp\/v2\/media\/4165"}],"wp:attachment":[{"href":"https:\/\/longchangchemical.com\/de\/wp-json\/wp\/v2\/media?parent=3496"}],"wp:term":[{"taxonomy":"product_brand","embeddable":true,"href":"https:\/\/longchangchemical.com\/de\/wp-json\/wp\/v2\/product_brand?post=3496"},{"taxonomy":"product_cat","embeddable":true,"href":"https:\/\/longchangchemical.com\/de\/wp-json\/wp\/v2\/product_cat?post=3496"},{"taxonomy":"product_tag","embeddable":true,"href":"https:\/\/longchangchemical.com\/de\/wp-json\/wp\/v2\/product_tag?post=3496"}],"curies":[{"name":"wp","href":"https:\/\/api.w.org\/{rel}","templated":true}]}}