{"id":3472,"date":"2020-12-16T02:42:13","date_gmt":"2020-12-16T02:42:13","guid":{"rendered":"https:\/\/longchangchemical.com\/?post_type=product&#038;p=3472"},"modified":"2025-12-23T04:16:43","modified_gmt":"2025-12-23T04:16:43","slug":"benzenemethanol-benzyl-alcohol-cas-100-51-6","status":"publish","type":"product","link":"https:\/\/longchangchemical.com\/de\/product\/benzenemethanol-benzyl-alcohol-cas-100-51-6\/","title":{"rendered":"Benzolmethanol \/ Benzylalkohol cas 100-51-6"},"content":{"rendered":"<h1><strong>Benzolmethanol \/ Benzylalkohol cas 100-51-6<\/strong><\/h1>\n<table>\n<tbody>\n<tr>\n<td width=\"171\">\n<h4><strong><b>Artikel<\/b><\/strong><\/h4>\n<\/td>\n<td width=\"213\">\n<h4><strong><b>Standard<\/b><\/strong><\/h4>\n<\/td>\n<td width=\"315\">\n<h4><strong><b>Ergebnis der Inspektion<\/b><\/strong><\/h4>\n<\/td>\n<\/tr>\n<tr>\n<td width=\"171\">\n<h4>APPEARANCE<\/h4>\n<\/td>\n<td width=\"213\">\n<h4>FARBLOSE FL\u00dcSSIGKEIT<\/h4>\n<\/td>\n<td width=\"315\">\n<h4>PASSIERT<\/h4>\n<\/td>\n<\/tr>\n<tr>\n<td width=\"171\">\n<h4>REINHEIT(%)<\/h4>\n<\/td>\n<td width=\"213\">\n<h4>99.97MIN<\/h4>\n<\/td>\n<td width=\"315\">\n<h4>99.99<\/h4>\n<\/td>\n<\/tr>\n<tr>\n<td width=\"171\">\n<h4>BENZALDEHYD (PPM):<\/h4>\n<\/td>\n<td width=\"213\">\n<h4>200MAX<\/h4>\n<\/td>\n<td width=\"315\">\n<h4>98PPM<\/h4>\n<\/td>\n<\/tr>\n<tr>\n<td width=\"171\">\n<h4>S\u00c4URE<\/h4>\n<h4>(ALS BENZOES\u00c4URE) ( ) :<\/h4>\n<\/td>\n<td width=\"213\">\n<h4>0,1MAX<\/h4>\n<\/td>\n<td width=\"315\">\n<h4>0.05<\/h4>\n<\/td>\n<\/tr>\n<tr>\n<td width=\"171\">\n<h4>CLORIDE ():<\/h4>\n<\/td>\n<td width=\"213\">\n<h4>0,005 MAX<\/h4>\n<\/td>\n<td width=\"315\">\n<h4>PASSIERT<\/h4>\n<\/td>\n<\/tr>\n<tr>\n<td width=\"171\">\n<h4>FARBE (HAZEN):<\/h4>\n<\/td>\n<td width=\"213\">\n<h4>10 MAX<\/h4>\n<\/td>\n<td width=\"315\">\n<h4>5<\/h4>\n<\/td>\n<\/tr>\n<tr>\n<td width=\"171\">\n<h4>SPEZIFISCHES GEWICHT (20\u2103):<\/h4>\n<\/td>\n<td width=\"213\">\n<h4>1.043-1.048<\/h4>\n<\/td>\n<td width=\"315\">\n<h4>1.047<\/h4>\n<\/td>\n<\/tr>\n<tr>\n<td width=\"171\">\n<h4>BRECHUNGSINDEX (20\u2103):<\/h4>\n<\/td>\n<td width=\"213\">\n<h4>1.538-1.541<\/h4>\n<\/td>\n<td width=\"315\">\n<h4>1.540<\/h4>\n<\/td>\n<\/tr>\n<tr>\n<td width=\"171\">\n<h4>WASSER( )<\/h4>\n<\/td>\n<td width=\"213\">\n<h4>0,1MAX<\/h4>\n<\/td>\n<td width=\"315\">\n<h4>0.014<\/h4>\n<\/td>\n<\/tr>\n<tr>\n<td width=\"171\">\n<h4>KLARHEIT DER L\u00d6SUNG(1+30):<\/h4>\n<\/td>\n<td width=\"213\">\n<h4>99.97MIN<\/h4>\n<\/td>\n<td width=\"315\">\n<h4>PASSIERT<\/h4>\n<\/td>\n<\/tr>\n<\/tbody>\n<\/table>\n<h2><strong>Was ist Benzylalkohol?<\/strong><\/h2>\n<h4>Benzylalkohol ist eine organische Verbindung mit der Summenformel C7H8O. Er ist einer der einfachsten aromatischen Alkohole und kann als phenylsubstituiertes Methanol angesehen werden. In der Natur kommen die meisten \u00e4therischen \u00d6le in Form von Estern vor, wie Jasmin\u00f6l, Hyazinthen\u00f6l und Perubalsam, die alle diesen Bestandteil enthalten.<\/h4>\n<p>&nbsp;<\/p>\n<h2><strong>Benzylalkohol Verwendung<\/strong><\/h2>\n<h4>1. Benzylalkohol kann als Konservierungsmittel f\u00fcr Salben verwendet werden.<\/h4>\n<h4>2. Benzylalkohol kann als Trockenmittel f\u00fcr Fasern, Nylonf\u00e4den und Kunststofffolien sowie als Stabilisator f\u00fcr Polyvinylchlorid verwendet werden.<\/h4>\n<h4>3. Benzylalkohol kann als fotografischer Entwickler, als L\u00f6sungsmittel f\u00fcr Celluloseacetat, Tinte, Farbe, Lack, Epoxidfarbe, Farbstoffe, Kasein, Schellack und Gelatine usw. zur Herstellung von Benzylester- oder Etherzwischenprodukten verwendet werden.<\/h4>\n<h4>4. Da es fast den gleichen Brechungsindex wie Quarz- und Wollfasern hat, wird es als Unterscheidungsmerkmal f\u00fcr Quarz- und Wollfasern verwendet.<\/h4>\n<h4>5. Benzylalkohol wird in der Parf\u00fcmindustrie als Verd\u00fcnnungsmittel verwendet. Er kann als Mischungsmittel mit Benzylacetat in Jasmin, Gardenie, Flieder, Ylang-Ylang, Tuberose, Hyazinthe, Akazie und anderen Blumend\u00fcften verwendet werden. Es dient als Zusatzstoff in Seife, Parf\u00fcm, Kosmetika und anderen Produkten. Es wird auch h\u00e4ufig als L\u00f6sungsmittel verwendet, um k\u00fcnstlichen Moschus und andere Gew\u00fcrze aufzul\u00f6sen. Es wird auch h\u00e4ufig als essbares Aroma f\u00fcr Kirsche, Traube, Honig, s\u00fc\u00dfe Orange, Himbeere, Walnuss, Vanilleschote und andere essbare Aromen verwendet.<\/h4>\n<p>&nbsp;<\/p>\n<h2><strong>Benzylalkohol Verpackung und Versand<\/strong><\/h2>\n<h4>Verpackung: 210kg\/Fass<\/h4>\n<h4>Lieferung: See oder Luft<\/h4>\n<p>&nbsp;<\/p>\n<h2><strong>Benzylalkohol Lagerung<\/strong><\/h2>\n<h4>In einem k\u00fchlen, bel\u00fcfteten Lagerhaus aufbewahren. Von Feuer und W\u00e4rmequellen fernhalten. Es sollte getrennt von Oxidationsmitteln und essbaren Chemikalien gelagert werden, und eine gemischte Lagerung ist zu vermeiden. Ausgestattet mit einer angemessenen Auswahl und Menge an Feuerl\u00f6schger\u00e4ten. Der Lagerbereich sollte mit Ger\u00e4ten zur Notfallbehandlung von Leckagen und geeigneten Lagermaterialien ausgestattet sein.<\/h4>\n<p>&nbsp;<\/p>\n<h2><strong><b>Kontaktieren Sie uns jetzt!<\/b><\/strong><\/h2>\n<h4><strong><b>Wir bieten ma\u00dfgeschneiderte Dienstleistungen an und werden Sie in der Regel innerhalb von 24 Stunden kontaktieren. Sie k\u00f6nnen auch eine E-Mail an info@longchangchemical.com w\u00e4hrend der Arbeitszeiten (8:30 bis 18:00 Uhr UTC+8 Mo.~Sa.) senden oder den Live-Chat der Website nutzen, um eine schnelle Antwort zu erhalten.<\/b><\/strong><\/h4>","protected":false},"excerpt":{"rendered":"<p>Chemische Bezeichnung: Benzylalkohol; Benzenemethanol; BnOH<\/p>\n<p>CAS-Nr.: 100-51-6<\/p>\n<p>Summenformel: C7H8O<\/p>\n<p>Chemische Struktur:<img decoding=\"async\" title=\"Benzylalkohol Struktur\" src=\"https:\/\/www.longchangchemical.com\/wp-content\/uploads\/product-details\/20200612315450.png\" alt=\"Benzylalkohol Struktur\" width=\"161\" height=\"74\" border=\"0\" vspace=\"0\" \/><\/p>\n<p>Molekulargewicht: 108.14<\/p>\n<p>\u00c4u\u00dferes Erscheinungsbild: Klare farblose \u00f6lige Fl\u00fcssigkeit<\/p>\n<p>Assay: 99.95%<\/p>","protected":false},"featured_media":3473,"comment_status":"open","ping_status":"closed","template":"","meta":[],"product_brand":[],"product_cat":[103],"product_tag":[],"class_list":{"0":"post-3472","1":"product","2":"type-product","3":"status-publish","4":"has-post-thumbnail","6":"product_cat-cosmetic-additives","8":"first","9":"instock","10":"shipping-taxable","11":"product-type-simple"},"yoast_head":"<!-- This site is optimized with the Yoast SEO plugin v25.3.1 - https:\/\/yoast.com\/wordpress\/plugins\/seo\/ -->\n<title>China Benzenemethanol \/ Benzyl alcohol cas 100-51-6 manufacturer and supplier - Longchang Chemical<\/title>\n<meta name=\"description\" content=\"Longchang Chemical is a leading manufacturer and supplier of Benzenemethanol \/ Benzyl alcohol in China. Buy Benzenemethanol \/ Benzyl alcohol in china. We can provide the best Benzenemethanol \/ Benzyl alcohol price.\" \/>\n<meta name=\"robots\" content=\"index, follow, max-snippet:-1, max-image-preview:large, max-video-preview:-1\" \/>\n<link rel=\"canonical\" href=\"https:\/\/longchangchemical.com\/de\/product\/benzenemethanol-benzyl-alcohol-cas-100-51-6\/\" \/>\n<meta property=\"og:locale\" content=\"de_DE\" \/>\n<meta property=\"og:type\" content=\"article\" \/>\n<meta property=\"og:title\" content=\"China Benzenemethanol \/ Benzyl alcohol cas 100-51-6 manufacturer and supplier - Longchang Chemical\" \/>\n<meta property=\"og:description\" content=\"Longchang Chemical is a leading manufacturer and supplier of Benzenemethanol \/ Benzyl alcohol in China. Buy Benzenemethanol \/ Benzyl alcohol in china. We can provide the best Benzenemethanol \/ Benzyl alcohol price.\" \/>\n<meta property=\"og:url\" content=\"https:\/\/longchangchemical.com\/de\/product\/benzenemethanol-benzyl-alcohol-cas-100-51-6\/\" \/>\n<meta property=\"og:site_name\" content=\"Longchang Chemical\" \/>\n<meta property=\"article:modified_time\" content=\"2025-12-23T04:16:43+00:00\" \/>\n<meta property=\"og:image\" content=\"https:\/\/longchangchemical.com\/wp-content\/uploads\/2020\/12\/Benzyl-alcohol-Appearance.jpg\" \/>\n\t<meta property=\"og:image:width\" content=\"600\" \/>\n\t<meta property=\"og:image:height\" content=\"800\" \/>\n\t<meta property=\"og:image:type\" content=\"image\/jpeg\" \/>\n<meta name=\"twitter:card\" content=\"summary_large_image\" \/>\n<script type=\"application\/ld+json\" class=\"yoast-schema-graph\">{\"@context\":\"https:\/\/schema.org\",\"@graph\":[{\"@type\":\"WebPage\",\"@id\":\"https:\/\/longchangchemical.com\/product\/benzenemethanol-benzyl-alcohol-cas-100-51-6\/\",\"url\":\"https:\/\/longchangchemical.com\/product\/benzenemethanol-benzyl-alcohol-cas-100-51-6\/\",\"name\":\"China Benzenemethanol \/ Benzyl alcohol cas 100-51-6 manufacturer and supplier - Longchang Chemical\",\"isPartOf\":{\"@id\":\"https:\/\/longchangchemical.com\/#website\"},\"primaryImageOfPage\":{\"@id\":\"https:\/\/longchangchemical.com\/product\/benzenemethanol-benzyl-alcohol-cas-100-51-6\/#primaryimage\"},\"image\":{\"@id\":\"https:\/\/longchangchemical.com\/product\/benzenemethanol-benzyl-alcohol-cas-100-51-6\/#primaryimage\"},\"thumbnailUrl\":\"https:\/\/longchangchemical.com\/wp-content\/uploads\/2020\/12\/Benzyl-alcohol-Appearance.jpg\",\"datePublished\":\"2020-12-16T02:42:13+00:00\",\"dateModified\":\"2025-12-23T04:16:43+00:00\",\"description\":\"Longchang Chemical is a leading manufacturer and supplier of Benzenemethanol \/ Benzyl alcohol in China. Buy Benzenemethanol \/ Benzyl alcohol in china. We can provide the best Benzenemethanol \/ Benzyl alcohol price.\",\"breadcrumb\":{\"@id\":\"https:\/\/longchangchemical.com\/product\/benzenemethanol-benzyl-alcohol-cas-100-51-6\/#breadcrumb\"},\"inLanguage\":\"de\",\"potentialAction\":[{\"@type\":\"ReadAction\",\"target\":[\"https:\/\/longchangchemical.com\/product\/benzenemethanol-benzyl-alcohol-cas-100-51-6\/\"]}]},{\"@type\":\"ImageObject\",\"inLanguage\":\"de\",\"@id\":\"https:\/\/longchangchemical.com\/product\/benzenemethanol-benzyl-alcohol-cas-100-51-6\/#primaryimage\",\"url\":\"https:\/\/longchangchemical.com\/wp-content\/uploads\/2020\/12\/Benzyl-alcohol-Appearance.jpg\",\"contentUrl\":\"https:\/\/longchangchemical.com\/wp-content\/uploads\/2020\/12\/Benzyl-alcohol-Appearance.jpg\",\"width\":600,\"height\":800,\"caption\":\"Benzyl alcohol Appearance\"},{\"@type\":\"BreadcrumbList\",\"@id\":\"https:\/\/longchangchemical.com\/product\/benzenemethanol-benzyl-alcohol-cas-100-51-6\/#breadcrumb\",\"itemListElement\":[{\"@type\":\"ListItem\",\"position\":1,\"name\":\"Home\",\"item\":\"https:\/\/longchangchemical.com\/\"},{\"@type\":\"ListItem\",\"position\":2,\"name\":\"Products Longchang\",\"item\":\"https:\/\/longchangchemical.com\/product\/\"},{\"@type\":\"ListItem\",\"position\":3,\"name\":\"Benzenemethanol \/ Benzyl alcohol cas 100-51-6\"}]},{\"@type\":\"WebSite\",\"@id\":\"https:\/\/longchangchemical.com\/#website\",\"url\":\"https:\/\/longchangchemical.com\/\",\"name\":\"Longchang Chemical\",\"description\":\"China chemical manufacturer \uff06 supplier\",\"publisher\":{\"@id\":\"https:\/\/longchangchemical.com\/#organization\"},\"potentialAction\":[{\"@type\":\"SearchAction\",\"target\":{\"@type\":\"EntryPoint\",\"urlTemplate\":\"https:\/\/longchangchemical.com\/?s={search_term_string}\"},\"query-input\":{\"@type\":\"PropertyValueSpecification\",\"valueRequired\":true,\"valueName\":\"search_term_string\"}}],\"inLanguage\":\"de\"},{\"@type\":\"Organization\",\"@id\":\"https:\/\/longchangchemical.com\/#organization\",\"name\":\"Longchang Chemical\",\"url\":\"https:\/\/longchangchemical.com\/\",\"logo\":{\"@type\":\"ImageObject\",\"inLanguage\":\"de\",\"@id\":\"https:\/\/longchangchemical.com\/#\/schema\/logo\/image\/\",\"url\":\"https:\/\/longchangchemical.com\/wp-content\/uploads\/2020\/08\/cropped-longchang-logo.png\",\"contentUrl\":\"https:\/\/longchangchemical.com\/wp-content\/uploads\/2020\/08\/cropped-longchang-logo.png\",\"width\":512,\"height\":512,\"caption\":\"Longchang Chemical\"},\"image\":{\"@id\":\"https:\/\/longchangchemical.com\/#\/schema\/logo\/image\/\"}}]}<\/script>\n<!-- \/ Yoast SEO plugin. -->","yoast_head_json":{"title":"China Benzenemethanol \/ Benzylalkohol cas 100-51-6 Hersteller und Lieferant - Longchang Chemical","description":"Longchang Chemical ist ein f\u00fchrender Hersteller und Lieferant von Benzenemethanol \/ Benzylalkohol in China. Kaufen Benzenemethanol \/ Benzylalkohol in China. Wir k\u00f6nnen die besten Benzenemethanol \/ Benzylalkohol Preis bieten.","robots":{"index":"index","follow":"follow","max-snippet":"max-snippet:-1","max-image-preview":"max-image-preview:large","max-video-preview":"max-video-preview:-1"},"canonical":"https:\/\/longchangchemical.com\/de\/product\/benzenemethanol-benzyl-alcohol-cas-100-51-6\/","og_locale":"de_DE","og_type":"article","og_title":"China Benzenemethanol \/ Benzyl alcohol cas 100-51-6 manufacturer and supplier - Longchang Chemical","og_description":"Longchang Chemical is a leading manufacturer and supplier of Benzenemethanol \/ Benzyl alcohol in China. Buy Benzenemethanol \/ Benzyl alcohol in china. We can provide the best Benzenemethanol \/ Benzyl alcohol price.","og_url":"https:\/\/longchangchemical.com\/de\/product\/benzenemethanol-benzyl-alcohol-cas-100-51-6\/","og_site_name":"Longchang Chemical","article_modified_time":"2025-12-23T04:16:43+00:00","og_image":[{"width":600,"height":800,"url":"https:\/\/longchangchemical.com\/wp-content\/uploads\/2020\/12\/Benzyl-alcohol-Appearance.jpg","type":"image\/jpeg"}],"twitter_card":"summary_large_image","schema":{"@context":"https:\/\/schema.org","@graph":[{"@type":"WebPage","@id":"https:\/\/longchangchemical.com\/product\/benzenemethanol-benzyl-alcohol-cas-100-51-6\/","url":"https:\/\/longchangchemical.com\/product\/benzenemethanol-benzyl-alcohol-cas-100-51-6\/","name":"China Benzenemethanol \/ Benzylalkohol cas 100-51-6 Hersteller und Lieferant - Longchang Chemical","isPartOf":{"@id":"https:\/\/longchangchemical.com\/#website"},"primaryImageOfPage":{"@id":"https:\/\/longchangchemical.com\/product\/benzenemethanol-benzyl-alcohol-cas-100-51-6\/#primaryimage"},"image":{"@id":"https:\/\/longchangchemical.com\/product\/benzenemethanol-benzyl-alcohol-cas-100-51-6\/#primaryimage"},"thumbnailUrl":"https:\/\/longchangchemical.com\/wp-content\/uploads\/2020\/12\/Benzyl-alcohol-Appearance.jpg","datePublished":"2020-12-16T02:42:13+00:00","dateModified":"2025-12-23T04:16:43+00:00","description":"Longchang Chemical ist ein f\u00fchrender Hersteller und Lieferant von Benzenemethanol \/ Benzylalkohol in China. Kaufen Benzenemethanol \/ Benzylalkohol in China. Wir k\u00f6nnen die besten Benzenemethanol \/ Benzylalkohol Preis bieten.","breadcrumb":{"@id":"https:\/\/longchangchemical.com\/product\/benzenemethanol-benzyl-alcohol-cas-100-51-6\/#breadcrumb"},"inLanguage":"de","potentialAction":[{"@type":"ReadAction","target":["https:\/\/longchangchemical.com\/product\/benzenemethanol-benzyl-alcohol-cas-100-51-6\/"]}]},{"@type":"ImageObject","inLanguage":"de","@id":"https:\/\/longchangchemical.com\/product\/benzenemethanol-benzyl-alcohol-cas-100-51-6\/#primaryimage","url":"https:\/\/longchangchemical.com\/wp-content\/uploads\/2020\/12\/Benzyl-alcohol-Appearance.jpg","contentUrl":"https:\/\/longchangchemical.com\/wp-content\/uploads\/2020\/12\/Benzyl-alcohol-Appearance.jpg","width":600,"height":800,"caption":"Benzyl alcohol Appearance"},{"@type":"BreadcrumbList","@id":"https:\/\/longchangchemical.com\/product\/benzenemethanol-benzyl-alcohol-cas-100-51-6\/#breadcrumb","itemListElement":[{"@type":"ListItem","position":1,"name":"Home","item":"https:\/\/longchangchemical.com\/"},{"@type":"ListItem","position":2,"name":"Products Longchang","item":"https:\/\/longchangchemical.com\/product\/"},{"@type":"ListItem","position":3,"name":"Benzenemethanol \/ Benzyl alcohol cas 100-51-6"}]},{"@type":"WebSite","@id":"https:\/\/longchangchemical.com\/#website","url":"https:\/\/longchangchemical.com\/","name":"Longchang Chemical","description":"China Hersteller von Chemikalien \uff06 Lieferant","publisher":{"@id":"https:\/\/longchangchemical.com\/#organization"},"potentialAction":[{"@type":"SearchAction","target":{"@type":"EntryPoint","urlTemplate":"https:\/\/longchangchemical.com\/?s={search_term_string}"},"query-input":{"@type":"PropertyValueSpecification","valueRequired":true,"valueName":"search_term_string"}}],"inLanguage":"de"},{"@type":"Organization","@id":"https:\/\/longchangchemical.com\/#organization","name":"Longchang Chemical","url":"https:\/\/longchangchemical.com\/","logo":{"@type":"ImageObject","inLanguage":"de","@id":"https:\/\/longchangchemical.com\/#\/schema\/logo\/image\/","url":"https:\/\/longchangchemical.com\/wp-content\/uploads\/2020\/08\/cropped-longchang-logo.png","contentUrl":"https:\/\/longchangchemical.com\/wp-content\/uploads\/2020\/08\/cropped-longchang-logo.png","width":512,"height":512,"caption":"Longchang Chemical"},"image":{"@id":"https:\/\/longchangchemical.com\/#\/schema\/logo\/image\/"}}]}},"_links":{"self":[{"href":"https:\/\/longchangchemical.com\/de\/wp-json\/wp\/v2\/product\/3472","targetHints":{"allow":["GET"]}}],"collection":[{"href":"https:\/\/longchangchemical.com\/de\/wp-json\/wp\/v2\/product"}],"about":[{"href":"https:\/\/longchangchemical.com\/de\/wp-json\/wp\/v2\/types\/product"}],"replies":[{"embeddable":true,"href":"https:\/\/longchangchemical.com\/de\/wp-json\/wp\/v2\/comments?post=3472"}],"wp:featuredmedia":[{"embeddable":true,"href":"https:\/\/longchangchemical.com\/de\/wp-json\/wp\/v2\/media\/3473"}],"wp:attachment":[{"href":"https:\/\/longchangchemical.com\/de\/wp-json\/wp\/v2\/media?parent=3472"}],"wp:term":[{"taxonomy":"product_brand","embeddable":true,"href":"https:\/\/longchangchemical.com\/de\/wp-json\/wp\/v2\/product_brand?post=3472"},{"taxonomy":"product_cat","embeddable":true,"href":"https:\/\/longchangchemical.com\/de\/wp-json\/wp\/v2\/product_cat?post=3472"},{"taxonomy":"product_tag","embeddable":true,"href":"https:\/\/longchangchemical.com\/de\/wp-json\/wp\/v2\/product_tag?post=3472"}],"curies":[{"name":"wp","href":"https:\/\/api.w.org\/{rel}","templated":true}]}}