{"id":3456,"date":"2020-12-08T05:48:04","date_gmt":"2020-12-08T05:48:04","guid":{"rendered":"https:\/\/longchangchemical.com\/?post_type=product&#038;p=3456"},"modified":"2025-12-23T04:11:59","modified_gmt":"2025-12-23T04:11:59","slug":"sodium-thioglycolate-cas-367-51-1","status":"publish","type":"product","link":"https:\/\/longchangchemical.com\/de\/product\/sodium-thioglycolate-cas-367-51-1\/","title":{"rendered":"Natriumthioglykolat CAS 367-51-1"},"content":{"rendered":"<h1><strong>Natriumthioglykolat CAS 367-51-1<\/strong><\/h1>\n<table class=\"table-1\" cellspacing=\"0\">\n<tbody>\n<tr>\n<td>\n<h4>Schmelzpunkt<\/h4>\n<\/td>\n<td>\n<h4>&gt;300 \u00b0C(lit.)<\/h4>\n<\/td>\n<\/tr>\n<tr>\n<td>\n<h4>Wasserl\u00f6slichkeit<\/h4>\n<\/td>\n<td>\n<h4>609,1g\/l<\/h4>\n<\/td>\n<\/tr>\n<tr>\n<td>\n<h4>Erscheinungsbild<\/h4>\n<\/td>\n<td>\n<h4>Hellgelbe bis dunkelrote Fl\u00fcssigkeit<\/h4>\n<\/td>\n<\/tr>\n<tr>\n<td>\n<h4>Reinheit<\/h4>\n<\/td>\n<td>\n<h4>40%min<\/h4>\n<\/td>\n<\/tr>\n<tr>\n<td>\n<h4>Stabilit\u00e4t<\/h4>\n<\/td>\n<td>\n<h4>stabil<\/h4>\n<\/td>\n<\/tr>\n<\/tbody>\n<\/table>\n<p>&nbsp;<\/p>\n<h2>Was ist Natriumthioglykolat?<\/h2>\n<h4>Natriumthioglykolat (TGA) ist ein wichtiger Flotationshemmer. Es wird als Hemmstoff f\u00fcr Kupfermineralien und Pyrit bei der Flotation von Kupfer-Molybd\u00e4n-Erz verwendet. Es hat eine deutliche hemmende Wirkung auf Kupfer, Schwefel und andere Mineralien und kann den Gehalt des Molybd\u00e4nkonzentrats wirksam verbessern. Natriumthioglykolat als wirksamer Inhibitor f\u00fcr eine neue Art von Sulfiderz wird seit vielen Jahren erfolgreich bei der Molybd\u00e4nproduktion eingesetzt und hat den hochgiftigen Inhibitor Natriumcyanid vollst\u00e4ndig ersetzt.<\/h4>\n<h2><strong>Natriumthioglykolat Verwendung<\/strong><\/h2>\n<h4>1. Bei der Anwendung der Kupfer-Blei-Trennung hat Natriumthioglykolat als ungiftiger, niedermolekularer Inhibitor eine gute hemmende Wirkung auf Chalkopyrit und kann im Trennungsprozess von Kupfer-Blei-Mischkonzentrat verwendet werden, um getrenntes Kupfer und Blei zu erhalten. Der Entdr\u00f6hnungseffekt des Kupfer-Blei-Mischkonzentrats, die Art und Dosierung des Kollektors w\u00e4hrend der Trennung, der pH-Wert des Breis, die Dosierung von Natriumthioglykolat und andere Faktoren haben einen wichtigen Einfluss auf den Trenneffekt von Kupfer-Blei, aber die Dosierung von Natriumthioglykolat ist der wichtigste Einflussfaktor, denn wenn die Dosierung angemessen ist, kann die Trennung von Kupfer und Blei besser erreicht werden. Wenn die Dosierung zu hoch ist, hat Natriumthioglykolat eine hemmende Wirkung auf beide. Hemmungsmechanismus: Die Infrarot-Spektrum-Kurve nach der Wirkung von Natriumthioglykolat mit Chalkopyrit und Bleiglanz ist gegabelt und verschoben, und es gibt symmetrische und asymmetrische Streckschwingung Absorption T\u00e4ler von-CH2-und asymmetrische Streckschwingung von-COO- Absorbieren das Tal und so weiter. In der Infrarot-Spektrum-Kurve nach dem Waschen, die Absorption Tal dieser charakteristischen Gruppen wurde schwach, aber nicht vollst\u00e4ndig verschwunden, die bewiesen, dass die physikalische Adsorption und chemische Adsorption von Natrium Thioglykolat auf der Oberfl\u00e4che von Chalkopyrit und Bleiglanz koexistiert.<\/h4>\n<h4>2. Aktivieren Sie Sphalerit mit Kupfersulfat in hohem pH-Wert Aufschl\u00e4mmung, verwenden Sie Kalk als Inhibitor von Pyrrhotit und Pyrit, erg\u00e4nzt durch Natriumthioglykolat, die effektiv erreichen k\u00f6nnen Zink-Schwefel-Trennung. Industrielle Produktionsversuche haben eine Qualit\u00e4t von 45,10 % Zinkkonzentrat erreicht, die betriebliche R\u00fcckgewinnungsrate betr\u00e4gt 94,39%. Natriumthioglykolat ist ein m\u00e4\u00dfig toxisches Mittel, das eine gute hemmende Wirkung auf Pyrit und Pyrrhotit hat. Es kann das hochgiftige Cyanid vollst\u00e4ndig ersetzen und den Zink-Schwefel-freien Cyanid-Trennungsprozess realisieren, der nicht nur das Zinkkonzentrat garantiert, sondern auch die Produktionsindikatoren f\u00fcr den Gehalt und die Gewinnungsrate den nationalen Umweltschutzanforderungen entsprechen l\u00e4sst. Natriumthioglykolat hat eine geringe hemmende Wirkung auf Sphalerit. Seitdem Natriumthioglykolat verwendet wird, hat es einen guten Produktionsindex beibehalten.<\/h4>\n<p>&nbsp;<\/p>\n<h2><strong>Natriumthioglykolat Verpackung und Versand<\/strong><\/h2>\n<h4>Verpackung: 200kg\/Fass<\/h4>\n<p>&nbsp;<\/p>\n<h2><strong>Natriumthioglykolat Lagerung<\/strong><\/h2>\n<h4>In einem verschlossenen Beh\u00e4lter an einem dunklen Ort aufbewahren.<\/h4>\n<p>&nbsp;<\/p>\n<h2><strong><b>Kontaktieren Sie uns jetzt!<\/b><\/strong><\/h2>\n<h4><strong><b>Wir bieten ma\u00dfgeschneiderte Dienstleistungen an und werden Sie in der Regel innerhalb von 24 Stunden kontaktieren. Sie k\u00f6nnen auch eine E-Mail an info@longchangchemical.com w\u00e4hrend der Arbeitszeiten (8:30 bis 18:00 Uhr UTC+8 Mo.~Sa.) senden oder den Live-Chat der Website nutzen, um eine schnelle Antwort zu erhalten.<\/b><\/strong><\/h4>","protected":false},"excerpt":{"rendered":"<h4>Chemische Bezeichnung: Natriumthioglykolat<\/h4>\n<h4>CAS-Nr.: 367-51-1<\/h4>\n<h4>Molekulare Formel: C2H3NaO2S<\/h4>\n<h4>Molekulargewicht: 114.1<\/h4>\n<h4>Molekulare Struktur:<img decoding=\"async\" title=\"Natriumthioglykolat Struktur\" src=\"https:\/\/www.longchangchemical.com\/wp-content\/uploads\/product-details\/20200610177202.png\" alt=\"Natriumthioglykolat Struktur\" width=\"112\" height=\"45\" border=\"0\" vspace=\"0\" \/><\/h4>\n<h4>\u00c4u\u00dferes Erscheinungsbild: Hellgelbe Fl\u00fcssigkeit<\/h4>","protected":false},"featured_media":3457,"comment_status":"open","ping_status":"closed","template":"","meta":[],"product_brand":[],"product_cat":[69],"product_tag":[],"class_list":{"0":"post-3456","1":"product","2":"type-product","3":"status-publish","4":"has-post-thumbnail","6":"product_cat-catalysts-chemical-auxiliary-agents","8":"first","9":"instock","10":"shipping-taxable","11":"product-type-simple"},"yoast_head":"<!-- This site is optimized with the Yoast SEO plugin v25.3.1 - https:\/\/yoast.com\/wordpress\/plugins\/seo\/ -->\n<title>China Sodium thioglycolate CAS 367-51-1 manufacturer and supplier - Longchang Chemical<\/title>\n<meta name=\"description\" content=\"Longchang Chemical is a leading manufacturer and supplier of Sodium thioglycolate in China. Buy Sodium thioglycolate in china. We can provide the best Sodium thioglycolate price.\" \/>\n<meta name=\"robots\" content=\"index, follow, max-snippet:-1, max-image-preview:large, max-video-preview:-1\" \/>\n<link rel=\"canonical\" href=\"https:\/\/longchangchemical.com\/de\/product\/sodium-thioglycolate-cas-367-51-1\/\" \/>\n<meta property=\"og:locale\" content=\"de_DE\" \/>\n<meta property=\"og:type\" content=\"article\" \/>\n<meta property=\"og:title\" content=\"China Sodium thioglycolate CAS 367-51-1 manufacturer and supplier - Longchang Chemical\" \/>\n<meta property=\"og:description\" content=\"Longchang Chemical is a leading manufacturer and supplier of Sodium thioglycolate in China. Buy Sodium thioglycolate in china. We can provide the best Sodium thioglycolate price.\" \/>\n<meta property=\"og:url\" content=\"https:\/\/longchangchemical.com\/de\/product\/sodium-thioglycolate-cas-367-51-1\/\" \/>\n<meta property=\"og:site_name\" content=\"Longchang Chemical\" \/>\n<meta property=\"article:modified_time\" content=\"2025-12-23T04:11:59+00:00\" \/>\n<meta property=\"og:image\" content=\"https:\/\/longchangchemical.com\/wp-content\/uploads\/2020\/12\/Sodium-thioglycolate-Appearance.jpg\" \/>\n\t<meta property=\"og:image:width\" content=\"600\" \/>\n\t<meta property=\"og:image:height\" content=\"800\" \/>\n\t<meta property=\"og:image:type\" content=\"image\/jpeg\" \/>\n<meta name=\"twitter:card\" content=\"summary_large_image\" \/>\n<script type=\"application\/ld+json\" class=\"yoast-schema-graph\">{\"@context\":\"https:\/\/schema.org\",\"@graph\":[{\"@type\":\"WebPage\",\"@id\":\"https:\/\/longchangchemical.com\/product\/sodium-thioglycolate-cas-367-51-1\/\",\"url\":\"https:\/\/longchangchemical.com\/product\/sodium-thioglycolate-cas-367-51-1\/\",\"name\":\"China Sodium thioglycolate CAS 367-51-1 manufacturer and supplier - Longchang Chemical\",\"isPartOf\":{\"@id\":\"https:\/\/longchangchemical.com\/#website\"},\"primaryImageOfPage\":{\"@id\":\"https:\/\/longchangchemical.com\/product\/sodium-thioglycolate-cas-367-51-1\/#primaryimage\"},\"image\":{\"@id\":\"https:\/\/longchangchemical.com\/product\/sodium-thioglycolate-cas-367-51-1\/#primaryimage\"},\"thumbnailUrl\":\"https:\/\/longchangchemical.com\/wp-content\/uploads\/2020\/12\/Sodium-thioglycolate-Appearance.jpg\",\"datePublished\":\"2020-12-08T05:48:04+00:00\",\"dateModified\":\"2025-12-23T04:11:59+00:00\",\"description\":\"Longchang Chemical is a leading manufacturer and supplier of Sodium thioglycolate in China. Buy Sodium thioglycolate in china. We can provide the best Sodium thioglycolate price.\",\"breadcrumb\":{\"@id\":\"https:\/\/longchangchemical.com\/product\/sodium-thioglycolate-cas-367-51-1\/#breadcrumb\"},\"inLanguage\":\"de\",\"potentialAction\":[{\"@type\":\"ReadAction\",\"target\":[\"https:\/\/longchangchemical.com\/product\/sodium-thioglycolate-cas-367-51-1\/\"]}]},{\"@type\":\"ImageObject\",\"inLanguage\":\"de\",\"@id\":\"https:\/\/longchangchemical.com\/product\/sodium-thioglycolate-cas-367-51-1\/#primaryimage\",\"url\":\"https:\/\/longchangchemical.com\/wp-content\/uploads\/2020\/12\/Sodium-thioglycolate-Appearance.jpg\",\"contentUrl\":\"https:\/\/longchangchemical.com\/wp-content\/uploads\/2020\/12\/Sodium-thioglycolate-Appearance.jpg\",\"width\":600,\"height\":800,\"caption\":\"Sodium thioglycolate Appearance\"},{\"@type\":\"BreadcrumbList\",\"@id\":\"https:\/\/longchangchemical.com\/product\/sodium-thioglycolate-cas-367-51-1\/#breadcrumb\",\"itemListElement\":[{\"@type\":\"ListItem\",\"position\":1,\"name\":\"Home\",\"item\":\"https:\/\/longchangchemical.com\/\"},{\"@type\":\"ListItem\",\"position\":2,\"name\":\"Products Longchang\",\"item\":\"https:\/\/longchangchemical.com\/product\/\"},{\"@type\":\"ListItem\",\"position\":3,\"name\":\"Sodium thioglycolate CAS 367-51-1\"}]},{\"@type\":\"WebSite\",\"@id\":\"https:\/\/longchangchemical.com\/#website\",\"url\":\"https:\/\/longchangchemical.com\/\",\"name\":\"Longchang Chemical\",\"description\":\"China chemical manufacturer \uff06 supplier\",\"publisher\":{\"@id\":\"https:\/\/longchangchemical.com\/#organization\"},\"potentialAction\":[{\"@type\":\"SearchAction\",\"target\":{\"@type\":\"EntryPoint\",\"urlTemplate\":\"https:\/\/longchangchemical.com\/?s={search_term_string}\"},\"query-input\":{\"@type\":\"PropertyValueSpecification\",\"valueRequired\":true,\"valueName\":\"search_term_string\"}}],\"inLanguage\":\"de\"},{\"@type\":\"Organization\",\"@id\":\"https:\/\/longchangchemical.com\/#organization\",\"name\":\"Longchang Chemical\",\"url\":\"https:\/\/longchangchemical.com\/\",\"logo\":{\"@type\":\"ImageObject\",\"inLanguage\":\"de\",\"@id\":\"https:\/\/longchangchemical.com\/#\/schema\/logo\/image\/\",\"url\":\"https:\/\/longchangchemical.com\/wp-content\/uploads\/2020\/08\/cropped-longchang-logo.png\",\"contentUrl\":\"https:\/\/longchangchemical.com\/wp-content\/uploads\/2020\/08\/cropped-longchang-logo.png\",\"width\":512,\"height\":512,\"caption\":\"Longchang Chemical\"},\"image\":{\"@id\":\"https:\/\/longchangchemical.com\/#\/schema\/logo\/image\/\"}}]}<\/script>\n<!-- \/ Yoast SEO plugin. -->","yoast_head_json":{"title":"China Natriumthioglykolat CAS 367-51-1 Hersteller und Lieferant - Longchang Chemical","description":"Longchang Chemical ist ein f\u00fchrender Hersteller und Lieferant von Natriumthioglykolat in China. Kaufen Natriumthioglykolat in China. Wir k\u00f6nnen die besten Natriumthioglykolat Preis bieten.","robots":{"index":"index","follow":"follow","max-snippet":"max-snippet:-1","max-image-preview":"max-image-preview:large","max-video-preview":"max-video-preview:-1"},"canonical":"https:\/\/longchangchemical.com\/de\/product\/sodium-thioglycolate-cas-367-51-1\/","og_locale":"de_DE","og_type":"article","og_title":"China Sodium thioglycolate CAS 367-51-1 manufacturer and supplier - Longchang Chemical","og_description":"Longchang Chemical is a leading manufacturer and supplier of Sodium thioglycolate in China. Buy Sodium thioglycolate in china. We can provide the best Sodium thioglycolate price.","og_url":"https:\/\/longchangchemical.com\/de\/product\/sodium-thioglycolate-cas-367-51-1\/","og_site_name":"Longchang Chemical","article_modified_time":"2025-12-23T04:11:59+00:00","og_image":[{"width":600,"height":800,"url":"https:\/\/longchangchemical.com\/wp-content\/uploads\/2020\/12\/Sodium-thioglycolate-Appearance.jpg","type":"image\/jpeg"}],"twitter_card":"summary_large_image","schema":{"@context":"https:\/\/schema.org","@graph":[{"@type":"WebPage","@id":"https:\/\/longchangchemical.com\/product\/sodium-thioglycolate-cas-367-51-1\/","url":"https:\/\/longchangchemical.com\/product\/sodium-thioglycolate-cas-367-51-1\/","name":"China Natriumthioglykolat CAS 367-51-1 Hersteller und Lieferant - Longchang Chemical","isPartOf":{"@id":"https:\/\/longchangchemical.com\/#website"},"primaryImageOfPage":{"@id":"https:\/\/longchangchemical.com\/product\/sodium-thioglycolate-cas-367-51-1\/#primaryimage"},"image":{"@id":"https:\/\/longchangchemical.com\/product\/sodium-thioglycolate-cas-367-51-1\/#primaryimage"},"thumbnailUrl":"https:\/\/longchangchemical.com\/wp-content\/uploads\/2020\/12\/Sodium-thioglycolate-Appearance.jpg","datePublished":"2020-12-08T05:48:04+00:00","dateModified":"2025-12-23T04:11:59+00:00","description":"Longchang Chemical ist ein f\u00fchrender Hersteller und Lieferant von Natriumthioglykolat in China. Kaufen Natriumthioglykolat in China. Wir k\u00f6nnen die besten Natriumthioglykolat Preis bieten.","breadcrumb":{"@id":"https:\/\/longchangchemical.com\/product\/sodium-thioglycolate-cas-367-51-1\/#breadcrumb"},"inLanguage":"de","potentialAction":[{"@type":"ReadAction","target":["https:\/\/longchangchemical.com\/product\/sodium-thioglycolate-cas-367-51-1\/"]}]},{"@type":"ImageObject","inLanguage":"de","@id":"https:\/\/longchangchemical.com\/product\/sodium-thioglycolate-cas-367-51-1\/#primaryimage","url":"https:\/\/longchangchemical.com\/wp-content\/uploads\/2020\/12\/Sodium-thioglycolate-Appearance.jpg","contentUrl":"https:\/\/longchangchemical.com\/wp-content\/uploads\/2020\/12\/Sodium-thioglycolate-Appearance.jpg","width":600,"height":800,"caption":"Sodium thioglycolate Appearance"},{"@type":"BreadcrumbList","@id":"https:\/\/longchangchemical.com\/product\/sodium-thioglycolate-cas-367-51-1\/#breadcrumb","itemListElement":[{"@type":"ListItem","position":1,"name":"Home","item":"https:\/\/longchangchemical.com\/"},{"@type":"ListItem","position":2,"name":"Products Longchang","item":"https:\/\/longchangchemical.com\/product\/"},{"@type":"ListItem","position":3,"name":"Sodium thioglycolate CAS 367-51-1"}]},{"@type":"WebSite","@id":"https:\/\/longchangchemical.com\/#website","url":"https:\/\/longchangchemical.com\/","name":"Longchang Chemical","description":"China Hersteller von Chemikalien \uff06 Lieferant","publisher":{"@id":"https:\/\/longchangchemical.com\/#organization"},"potentialAction":[{"@type":"SearchAction","target":{"@type":"EntryPoint","urlTemplate":"https:\/\/longchangchemical.com\/?s={search_term_string}"},"query-input":{"@type":"PropertyValueSpecification","valueRequired":true,"valueName":"search_term_string"}}],"inLanguage":"de"},{"@type":"Organization","@id":"https:\/\/longchangchemical.com\/#organization","name":"Longchang Chemical","url":"https:\/\/longchangchemical.com\/","logo":{"@type":"ImageObject","inLanguage":"de","@id":"https:\/\/longchangchemical.com\/#\/schema\/logo\/image\/","url":"https:\/\/longchangchemical.com\/wp-content\/uploads\/2020\/08\/cropped-longchang-logo.png","contentUrl":"https:\/\/longchangchemical.com\/wp-content\/uploads\/2020\/08\/cropped-longchang-logo.png","width":512,"height":512,"caption":"Longchang Chemical"},"image":{"@id":"https:\/\/longchangchemical.com\/#\/schema\/logo\/image\/"}}]}},"_links":{"self":[{"href":"https:\/\/longchangchemical.com\/de\/wp-json\/wp\/v2\/product\/3456","targetHints":{"allow":["GET"]}}],"collection":[{"href":"https:\/\/longchangchemical.com\/de\/wp-json\/wp\/v2\/product"}],"about":[{"href":"https:\/\/longchangchemical.com\/de\/wp-json\/wp\/v2\/types\/product"}],"replies":[{"embeddable":true,"href":"https:\/\/longchangchemical.com\/de\/wp-json\/wp\/v2\/comments?post=3456"}],"wp:featuredmedia":[{"embeddable":true,"href":"https:\/\/longchangchemical.com\/de\/wp-json\/wp\/v2\/media\/3457"}],"wp:attachment":[{"href":"https:\/\/longchangchemical.com\/de\/wp-json\/wp\/v2\/media?parent=3456"}],"wp:term":[{"taxonomy":"product_brand","embeddable":true,"href":"https:\/\/longchangchemical.com\/de\/wp-json\/wp\/v2\/product_brand?post=3456"},{"taxonomy":"product_cat","embeddable":true,"href":"https:\/\/longchangchemical.com\/de\/wp-json\/wp\/v2\/product_cat?post=3456"},{"taxonomy":"product_tag","embeddable":true,"href":"https:\/\/longchangchemical.com\/de\/wp-json\/wp\/v2\/product_tag?post=3456"}],"curies":[{"name":"wp","href":"https:\/\/api.w.org\/{rel}","templated":true}]}}