{"id":3449,"date":"2020-12-08T01:42:18","date_gmt":"2020-12-08T01:42:18","guid":{"rendered":"https:\/\/longchangchemical.com\/?post_type=product&#038;p=3449"},"modified":"2025-12-23T04:06:06","modified_gmt":"2025-12-23T04:06:06","slug":"ammonium-thioglycolate-cas-5421-46-5","status":"publish","type":"product","link":"https:\/\/longchangchemical.com\/de\/product\/ammonium-thioglycolate-cas-5421-46-5\/","title":{"rendered":"Ammoniumthioglykolat CAS 5421-46-5"},"content":{"rendered":"<h1><strong>Ammoniumthioglykolat CAS 5421-46-5<\/strong><\/h1>\n<table class=\"table-1\">\n<tbody>\n<tr>\n<td>\n<h4>Artikel<\/h4>\n<\/td>\n<td>\n<h4>Spezifikationen<\/h4>\n<\/td>\n<td>\n<h4>Ergebnisse<\/h4>\n<\/td>\n<td><\/td>\n<\/tr>\n<tr>\n<td>\n<h4>Erscheinungsbild<\/h4>\n<\/td>\n<td>\n<h4>farblos oder lavendelrosa<\/h4>\n<\/td>\n<td>\n<h4>farblos<\/h4>\n<\/td>\n<td><\/td>\n<\/tr>\n<tr>\n<td>\n<h4>T\u00e4tigkeit %<\/h4>\n<\/td>\n<td>\n<h4>\u226570.0%<\/h4>\n<\/td>\n<td>\n<h4>70.3%<\/h4>\n<\/td>\n<td><\/td>\n<\/tr>\n<tr>\n<td>\n<h4>Spezifisches Gewicht (\u03c120,g\/cm3)<\/h4>\n<\/td>\n<td>\n<h4>1.24(25\u2103)<\/h4>\n<\/td>\n<td>\n<h4>1.24(25\u2103)<\/h4>\n<\/td>\n<td><\/td>\n<\/tr>\n<tr>\n<td>\n<h4>PH<\/h4>\n<\/td>\n<td>\n<h4>6.0-6.8(25\u2103)<\/h4>\n<\/td>\n<td>\n<h4>6.2<\/h4>\n<\/td>\n<td><\/td>\n<\/tr>\n<tr>\n<td>\n<h4>Schlussfolgerung<\/h4>\n<\/td>\n<td colspan=\"3\">\n<h4>Die Ergebnisse entsprechen den Unternehmensstandards<\/h4>\n<\/td>\n<\/tr>\n<\/tbody>\n<\/table>\n<p><strong>\u00a0<\/strong><\/p>\n<h2><strong>Ammoniumthioglykolat Verwendung<\/strong><\/h2>\n<h4>1. Ammoniumthioglykolat kann als Reagenz f\u00fcr die Eisenbestimmung verwendet werden.<\/h4>\n<h4>2. Ammoniumthioglykolat kann in der pharmazeutischen Industrie verwendet werden.<\/h4>\n<h4>3. Ammoniumthioglykolat wird in der Kosmetik als Lockenmittel und N\u00e4hrl\u00f6sung verwendet und hat einen Stylingeffekt.<\/h4>\n<h4>4. Ammoniumthioglykolat kann auch als PVC-Stabilisator verwendet werden.<\/h4>\n<p>&nbsp;<\/p>\n<h2><strong>Ammoniumthioglykolat in Kosmetika<\/strong><\/h2>\n<p>&nbsp;<\/p>\n<h4>1. Gem\u00e4\u00df der Verordnung (EG) Nr. 1223\/2009 der Europ\u00e4ischen Union, Richtlinie 88\/233\/EWG, ist es in Anhang III\/2a enthalten.<\/h4>\n<h4>Kann angewendet werden auf:<\/h4>\n<h4>(1) Dauerhafte Produkte<\/h4>\n<h4>(1a), allgemeine Verwendung: Die maximale Verwendungskonzentration betr\u00e4gt 8% (berechnet als Thioglykols\u00e4ure), und der pH-Wert betr\u00e4gt 7-9,5.<\/h4>\n<h4>(1b) Professionelle Verwendung: Die maximale Verwendungskonzentration betr\u00e4gt 11% (berechnet als Thioglykols\u00e4ure), und der pH-Wert liegt bei 7-9,5.<\/h4>\n<h4>(2) Produkte zur Haarentfernung<\/h4>\n<h4>Die maximale Anwendungskonzentration betr\u00e4gt 5% (auf der Basis von Thioglykols\u00e4ure), und der pH-Wert liegt bei 7-12,7.<\/h4>\n<h4>(3) Abwaschbare Haarprodukte<\/h4>\n<h4>Die maximale Anwendungskonzentration betr\u00e4gt 2% (berechnet als Thioglykols\u00e4ure), und der pH-Wert liegt bei 7-9,5.<\/h4>\n<h4>(4) Wimperndauerprodukte<\/h4>\n<h4>Die maximale Einsatzkonzentration betr\u00e4gt 11% (berechnet als Thioglykols\u00e4ure), und der pH-Wert liegt bei 7-9,5.<\/h4>\n<h4>2. Gem\u00e4\u00df der China Cosmetics Safety Technical Specification (Ausgabe 2015) geh\u00f6rt es zu den eingeschr\u00e4nkten Bestandteilen von Kosmetika.<\/h4>\n<h4>Kann angewendet werden auf:<\/h4>\n<h4>(1) Dauerhafte Produkte<\/h4>\n<h4>(1a), allgemeine Verwendung: Die maximale Verwendungskonzentration betr\u00e4gt 8% (berechnet als Thioglykols\u00e4ure), und der pH-Wert betr\u00e4gt 7-9,5.<\/h4>\n<h4>(1b) Professionelle Verwendung: Die maximale Verwendungskonzentration betr\u00e4gt 11% (berechnet als Thioglykols\u00e4ure), und der pH-Wert liegt bei 7-9,5.<\/h4>\n<h4>(2) Produkte zur Haarentfernung<\/h4>\n<h4>Die maximale Anwendungskonzentration betr\u00e4gt 5% (auf der Basis von Thioglykols\u00e4ure), und der pH-Wert liegt bei 7-12,7.<\/h4>\n<h4>(3) Abwaschbare Haarprodukte<\/h4>\n<h4>Die maximale Anwendungskonzentration betr\u00e4gt 2% (berechnet als Thioglykols\u00e4ure), und der pH-Wert liegt bei 7-9,5.<\/h4>\n<p>&nbsp;<\/p>\n<h2><strong>Ammoniumthioglykolat-Paket<\/strong><\/h2>\n<h4>250\/Trommel<\/h4>\n<p>&nbsp;<\/p>\n<h2><strong><b>Kontaktieren Sie uns jetzt!<\/b><\/strong><\/h2>\n<h4><strong><b>Wir bieten ma\u00dfgeschneiderte Dienstleistungen an und werden Sie in der Regel innerhalb von 24 Stunden kontaktieren. Sie k\u00f6nnen auch eine E-Mail an info@longchangchemical.com w\u00e4hrend der Arbeitszeiten (8:30 bis 18:00 Uhr UTC+8 Mo.~Sa.) senden oder den Live-Chat der Website nutzen, um eine schnelle Antwort zu erhalten.<\/b><\/strong><\/h4>","protected":false},"excerpt":{"rendered":"<h4>Chemische Bezeichnung: Ammoniumthioglykolat<\/h4>\n<h4>CAS-Nr.: 5421-46-5<\/h4>\n<h4>Molekulare Formel: C2H7NO2S<\/h4>\n<h4>Molekulare Fomel:109.15<\/h4>\n<h4>Chemische Struktur:<img decoding=\"async\" title=\"Ammoniumthioglykolat Struktur\" src=\"https:\/\/www.longchangchemical.com\/wp-content\/uploads\/product-details\/20200616155341.png\" alt=\"Ammoniumthioglykolat Struktur\" width=\"75\" height=\"58\" border=\"0\" vspace=\"0\" \/><\/h4>\n<h4>\u00c4u\u00dferes Erscheinungsbild: Farblose Fl\u00fcssigkeit<\/h4>\n<h4>Reinheit: 50% 60% 70%<\/h4>","protected":false},"featured_media":3450,"comment_status":"open","ping_status":"closed","template":"","meta":[],"product_brand":[],"product_cat":[103],"product_tag":[],"class_list":{"0":"post-3449","1":"product","2":"type-product","3":"status-publish","4":"has-post-thumbnail","6":"product_cat-cosmetic-additives","8":"first","9":"instock","10":"shipping-taxable","11":"product-type-simple"},"yoast_head":"<!-- This site is optimized with the Yoast SEO plugin v25.3.1 - https:\/\/yoast.com\/wordpress\/plugins\/seo\/ -->\n<title>China Ammonium thioglycolate CAS 5421-46-5 manufacturer and supplier - Longchang Chemical<\/title>\n<meta name=\"description\" content=\"Longchang Chemical is a leading manufacturer and supplier of Ammonium thioglycolate in China. Buy Ammonium thioglycolate in china. We can provide the best Ammonium thioglycolate price.\" \/>\n<meta name=\"robots\" content=\"index, follow, max-snippet:-1, max-image-preview:large, max-video-preview:-1\" \/>\n<link rel=\"canonical\" href=\"https:\/\/longchangchemical.com\/de\/product\/ammonium-thioglycolate-cas-5421-46-5\/\" \/>\n<meta property=\"og:locale\" content=\"de_DE\" \/>\n<meta property=\"og:type\" content=\"article\" \/>\n<meta property=\"og:title\" content=\"China Ammonium thioglycolate CAS 5421-46-5 manufacturer and supplier - Longchang Chemical\" \/>\n<meta property=\"og:description\" content=\"Longchang Chemical is a leading manufacturer and supplier of Ammonium thioglycolate in China. Buy Ammonium thioglycolate in china. We can provide the best Ammonium thioglycolate price.\" \/>\n<meta property=\"og:url\" content=\"https:\/\/longchangchemical.com\/de\/product\/ammonium-thioglycolate-cas-5421-46-5\/\" \/>\n<meta property=\"og:site_name\" content=\"Longchang Chemical\" \/>\n<meta property=\"article:modified_time\" content=\"2025-12-23T04:06:06+00:00\" \/>\n<meta property=\"og:image\" content=\"https:\/\/longchangchemical.com\/wp-content\/uploads\/2020\/12\/Ammonium-thioglycolate-Appearance.png\" \/>\n\t<meta property=\"og:image:width\" content=\"600\" \/>\n\t<meta property=\"og:image:height\" content=\"800\" \/>\n\t<meta property=\"og:image:type\" content=\"image\/png\" \/>\n<meta name=\"twitter:card\" content=\"summary_large_image\" \/>\n<script type=\"application\/ld+json\" class=\"yoast-schema-graph\">{\"@context\":\"https:\/\/schema.org\",\"@graph\":[{\"@type\":\"WebPage\",\"@id\":\"https:\/\/longchangchemical.com\/product\/ammonium-thioglycolate-cas-5421-46-5\/\",\"url\":\"https:\/\/longchangchemical.com\/product\/ammonium-thioglycolate-cas-5421-46-5\/\",\"name\":\"China Ammonium thioglycolate CAS 5421-46-5 manufacturer and supplier - Longchang Chemical\",\"isPartOf\":{\"@id\":\"https:\/\/longchangchemical.com\/#website\"},\"primaryImageOfPage\":{\"@id\":\"https:\/\/longchangchemical.com\/product\/ammonium-thioglycolate-cas-5421-46-5\/#primaryimage\"},\"image\":{\"@id\":\"https:\/\/longchangchemical.com\/product\/ammonium-thioglycolate-cas-5421-46-5\/#primaryimage\"},\"thumbnailUrl\":\"https:\/\/longchangchemical.com\/wp-content\/uploads\/2020\/12\/Ammonium-thioglycolate-Appearance.png\",\"datePublished\":\"2020-12-08T01:42:18+00:00\",\"dateModified\":\"2025-12-23T04:06:06+00:00\",\"description\":\"Longchang Chemical is a leading manufacturer and supplier of Ammonium thioglycolate in China. Buy Ammonium thioglycolate in china. We can provide the best Ammonium thioglycolate price.\",\"breadcrumb\":{\"@id\":\"https:\/\/longchangchemical.com\/product\/ammonium-thioglycolate-cas-5421-46-5\/#breadcrumb\"},\"inLanguage\":\"de\",\"potentialAction\":[{\"@type\":\"ReadAction\",\"target\":[\"https:\/\/longchangchemical.com\/product\/ammonium-thioglycolate-cas-5421-46-5\/\"]}]},{\"@type\":\"ImageObject\",\"inLanguage\":\"de\",\"@id\":\"https:\/\/longchangchemical.com\/product\/ammonium-thioglycolate-cas-5421-46-5\/#primaryimage\",\"url\":\"https:\/\/longchangchemical.com\/wp-content\/uploads\/2020\/12\/Ammonium-thioglycolate-Appearance.png\",\"contentUrl\":\"https:\/\/longchangchemical.com\/wp-content\/uploads\/2020\/12\/Ammonium-thioglycolate-Appearance.png\",\"width\":600,\"height\":800,\"caption\":\"Ammonium thioglycolate Appearance\"},{\"@type\":\"BreadcrumbList\",\"@id\":\"https:\/\/longchangchemical.com\/product\/ammonium-thioglycolate-cas-5421-46-5\/#breadcrumb\",\"itemListElement\":[{\"@type\":\"ListItem\",\"position\":1,\"name\":\"Home\",\"item\":\"https:\/\/longchangchemical.com\/\"},{\"@type\":\"ListItem\",\"position\":2,\"name\":\"Products Longchang\",\"item\":\"https:\/\/longchangchemical.com\/product\/\"},{\"@type\":\"ListItem\",\"position\":3,\"name\":\"Ammonium thioglycolate CAS 5421-46-5\"}]},{\"@type\":\"WebSite\",\"@id\":\"https:\/\/longchangchemical.com\/#website\",\"url\":\"https:\/\/longchangchemical.com\/\",\"name\":\"Longchang Chemical\",\"description\":\"China chemical manufacturer \uff06 supplier\",\"publisher\":{\"@id\":\"https:\/\/longchangchemical.com\/#organization\"},\"potentialAction\":[{\"@type\":\"SearchAction\",\"target\":{\"@type\":\"EntryPoint\",\"urlTemplate\":\"https:\/\/longchangchemical.com\/?s={search_term_string}\"},\"query-input\":{\"@type\":\"PropertyValueSpecification\",\"valueRequired\":true,\"valueName\":\"search_term_string\"}}],\"inLanguage\":\"de\"},{\"@type\":\"Organization\",\"@id\":\"https:\/\/longchangchemical.com\/#organization\",\"name\":\"Longchang Chemical\",\"url\":\"https:\/\/longchangchemical.com\/\",\"logo\":{\"@type\":\"ImageObject\",\"inLanguage\":\"de\",\"@id\":\"https:\/\/longchangchemical.com\/#\/schema\/logo\/image\/\",\"url\":\"https:\/\/longchangchemical.com\/wp-content\/uploads\/2020\/08\/cropped-longchang-logo.png\",\"contentUrl\":\"https:\/\/longchangchemical.com\/wp-content\/uploads\/2020\/08\/cropped-longchang-logo.png\",\"width\":512,\"height\":512,\"caption\":\"Longchang Chemical\"},\"image\":{\"@id\":\"https:\/\/longchangchemical.com\/#\/schema\/logo\/image\/\"}}]}<\/script>\n<!-- \/ Yoast SEO plugin. -->","yoast_head_json":{"title":"China Ammoniumthioglykolat CAS 5421-46-5 Hersteller und Lieferant - Longchang Chemical","description":"Longchang Chemical ist ein f\u00fchrender Hersteller und Lieferant von Ammoniumthioglykolat in China. Kaufen Sie Ammoniumthioglykolat in China. Wir k\u00f6nnen die besten Ammonium thioglycolate Preis bieten.","robots":{"index":"index","follow":"follow","max-snippet":"max-snippet:-1","max-image-preview":"max-image-preview:large","max-video-preview":"max-video-preview:-1"},"canonical":"https:\/\/longchangchemical.com\/de\/product\/ammonium-thioglycolate-cas-5421-46-5\/","og_locale":"de_DE","og_type":"article","og_title":"China Ammonium thioglycolate CAS 5421-46-5 manufacturer and supplier - Longchang Chemical","og_description":"Longchang Chemical is a leading manufacturer and supplier of Ammonium thioglycolate in China. Buy Ammonium thioglycolate in china. We can provide the best Ammonium thioglycolate price.","og_url":"https:\/\/longchangchemical.com\/de\/product\/ammonium-thioglycolate-cas-5421-46-5\/","og_site_name":"Longchang Chemical","article_modified_time":"2025-12-23T04:06:06+00:00","og_image":[{"width":600,"height":800,"url":"https:\/\/longchangchemical.com\/wp-content\/uploads\/2020\/12\/Ammonium-thioglycolate-Appearance.png","type":"image\/png"}],"twitter_card":"summary_large_image","schema":{"@context":"https:\/\/schema.org","@graph":[{"@type":"WebPage","@id":"https:\/\/longchangchemical.com\/product\/ammonium-thioglycolate-cas-5421-46-5\/","url":"https:\/\/longchangchemical.com\/product\/ammonium-thioglycolate-cas-5421-46-5\/","name":"China Ammoniumthioglykolat CAS 5421-46-5 Hersteller und Lieferant - Longchang Chemical","isPartOf":{"@id":"https:\/\/longchangchemical.com\/#website"},"primaryImageOfPage":{"@id":"https:\/\/longchangchemical.com\/product\/ammonium-thioglycolate-cas-5421-46-5\/#primaryimage"},"image":{"@id":"https:\/\/longchangchemical.com\/product\/ammonium-thioglycolate-cas-5421-46-5\/#primaryimage"},"thumbnailUrl":"https:\/\/longchangchemical.com\/wp-content\/uploads\/2020\/12\/Ammonium-thioglycolate-Appearance.png","datePublished":"2020-12-08T01:42:18+00:00","dateModified":"2025-12-23T04:06:06+00:00","description":"Longchang Chemical ist ein f\u00fchrender Hersteller und Lieferant von Ammoniumthioglykolat in China. Kaufen Sie Ammoniumthioglykolat in China. Wir k\u00f6nnen die besten Ammonium thioglycolate Preis bieten.","breadcrumb":{"@id":"https:\/\/longchangchemical.com\/product\/ammonium-thioglycolate-cas-5421-46-5\/#breadcrumb"},"inLanguage":"de","potentialAction":[{"@type":"ReadAction","target":["https:\/\/longchangchemical.com\/product\/ammonium-thioglycolate-cas-5421-46-5\/"]}]},{"@type":"ImageObject","inLanguage":"de","@id":"https:\/\/longchangchemical.com\/product\/ammonium-thioglycolate-cas-5421-46-5\/#primaryimage","url":"https:\/\/longchangchemical.com\/wp-content\/uploads\/2020\/12\/Ammonium-thioglycolate-Appearance.png","contentUrl":"https:\/\/longchangchemical.com\/wp-content\/uploads\/2020\/12\/Ammonium-thioglycolate-Appearance.png","width":600,"height":800,"caption":"Ammonium thioglycolate Appearance"},{"@type":"BreadcrumbList","@id":"https:\/\/longchangchemical.com\/product\/ammonium-thioglycolate-cas-5421-46-5\/#breadcrumb","itemListElement":[{"@type":"ListItem","position":1,"name":"Home","item":"https:\/\/longchangchemical.com\/"},{"@type":"ListItem","position":2,"name":"Products Longchang","item":"https:\/\/longchangchemical.com\/product\/"},{"@type":"ListItem","position":3,"name":"Ammonium thioglycolate CAS 5421-46-5"}]},{"@type":"WebSite","@id":"https:\/\/longchangchemical.com\/#website","url":"https:\/\/longchangchemical.com\/","name":"Longchang Chemical","description":"China Hersteller von Chemikalien \uff06 Lieferant","publisher":{"@id":"https:\/\/longchangchemical.com\/#organization"},"potentialAction":[{"@type":"SearchAction","target":{"@type":"EntryPoint","urlTemplate":"https:\/\/longchangchemical.com\/?s={search_term_string}"},"query-input":{"@type":"PropertyValueSpecification","valueRequired":true,"valueName":"search_term_string"}}],"inLanguage":"de"},{"@type":"Organization","@id":"https:\/\/longchangchemical.com\/#organization","name":"Longchang Chemical","url":"https:\/\/longchangchemical.com\/","logo":{"@type":"ImageObject","inLanguage":"de","@id":"https:\/\/longchangchemical.com\/#\/schema\/logo\/image\/","url":"https:\/\/longchangchemical.com\/wp-content\/uploads\/2020\/08\/cropped-longchang-logo.png","contentUrl":"https:\/\/longchangchemical.com\/wp-content\/uploads\/2020\/08\/cropped-longchang-logo.png","width":512,"height":512,"caption":"Longchang Chemical"},"image":{"@id":"https:\/\/longchangchemical.com\/#\/schema\/logo\/image\/"}}]}},"_links":{"self":[{"href":"https:\/\/longchangchemical.com\/de\/wp-json\/wp\/v2\/product\/3449","targetHints":{"allow":["GET"]}}],"collection":[{"href":"https:\/\/longchangchemical.com\/de\/wp-json\/wp\/v2\/product"}],"about":[{"href":"https:\/\/longchangchemical.com\/de\/wp-json\/wp\/v2\/types\/product"}],"replies":[{"embeddable":true,"href":"https:\/\/longchangchemical.com\/de\/wp-json\/wp\/v2\/comments?post=3449"}],"wp:featuredmedia":[{"embeddable":true,"href":"https:\/\/longchangchemical.com\/de\/wp-json\/wp\/v2\/media\/3450"}],"wp:attachment":[{"href":"https:\/\/longchangchemical.com\/de\/wp-json\/wp\/v2\/media?parent=3449"}],"wp:term":[{"taxonomy":"product_brand","embeddable":true,"href":"https:\/\/longchangchemical.com\/de\/wp-json\/wp\/v2\/product_brand?post=3449"},{"taxonomy":"product_cat","embeddable":true,"href":"https:\/\/longchangchemical.com\/de\/wp-json\/wp\/v2\/product_cat?post=3449"},{"taxonomy":"product_tag","embeddable":true,"href":"https:\/\/longchangchemical.com\/de\/wp-json\/wp\/v2\/product_tag?post=3449"}],"curies":[{"name":"wp","href":"https:\/\/api.w.org\/{rel}","templated":true}]}}