{"id":3417,"date":"2020-11-11T12:25:27","date_gmt":"2020-11-11T12:25:27","guid":{"rendered":"https:\/\/longchangchemical.com\/?post_type=product&#038;p=3417"},"modified":"2025-12-23T03:51:31","modified_gmt":"2025-12-23T03:51:31","slug":"decanoyl-octanoyl-glycerides-cas-65381-09-1","status":"publish","type":"product","link":"https:\/\/longchangchemical.com\/de\/product\/decanoyl-octanoyl-glycerides-cas-65381-09-1\/","title":{"rendered":"Decanoyl-\/Octanoyl-Glyceride CAS 65381-09-1"},"content":{"rendered":"<h2><strong>COA von Decanoyl\/Octanoyl-Glyceriden\u00a0<\/strong><\/h2>\n<table class=\"table-1\" cellspacing=\"0\">\n<tbody>\n<tr>\n<td>\n<h4>Artikel<\/h4>\n<\/td>\n<td>\n<h4>Spezifikationen<\/h4>\n<\/td>\n<\/tr>\n<tr>\n<td>\n<h4>Erscheinungsbild<\/h4>\n<\/td>\n<td>\n<h4>Eine farblose oder leicht gelbe \u00f6lige Fl\u00fcssigkeit<\/h4>\n<\/td>\n<\/tr>\n<tr>\n<td>\n<h4>Lodinwert (mgl2\/100g)<\/h4>\n<\/td>\n<td>\n<h4>\u22641.0<\/h4>\n<\/td>\n<\/tr>\n<tr>\n<td>\n<h4>S\u00e4urezahl (mg KOH\/g)<\/h4>\n<\/td>\n<td>\n<h4>\u22640.5<\/h4>\n<\/td>\n<\/tr>\n<tr>\n<td>\n<h4>Verseifungszahl (mg KOH\/g)<\/h4>\n<\/td>\n<td>\n<h4>325~360<\/h4>\n<\/td>\n<\/tr>\n<tr>\n<td>\n<h4>Spezifische Schwerkraft (20\u2103)<\/h4>\n<\/td>\n<td>\n<h4>0.940~0.955<\/h4>\n<\/td>\n<\/tr>\n<tr>\n<td>\n<h4>Schwermetall (mg\/kg)<\/h4>\n<\/td>\n<td>\n<h4>\u226410<\/h4>\n<\/td>\n<\/tr>\n<tr>\n<td>\n<h4>Arsen (mg\/kg)<\/h4>\n<\/td>\n<td>\n<h4>2<\/h4>\n<\/td>\n<\/tr>\n<tr>\n<td>\n<h4>Peroxidzahl<\/h4>\n<\/td>\n<td>\n<h4>\u22641<\/h4>\n<\/td>\n<\/tr>\n<tr>\n<td>\n<h4>C8<\/h4>\n<\/td>\n<td>\n<h4>\u226553<\/h4>\n<\/td>\n<\/tr>\n<tr>\n<td>\n<h4>C10<\/h4>\n<\/td>\n<td>\n<h4>36-47<\/h4>\n<\/td>\n<\/tr>\n<\/tbody>\n<\/table>\n<h2>Was ist <strong>Decanoyl-\/Octanoyl-Glyceride ?<\/strong><\/h2>\n<h4>Decanoyl\/Octanoyl-Glyceride ist ein gemischter Triester aus Glycerin und Fetts\u00e4uren mit mittlerem Kohlenstoffgehalt in Pflanzen\u00f6len. Es ist ein farbloser, geruchloser, niedrigviskoser, lipophiler Weichmacher mit extrem hohen antioxidativen Eigenschaften. In Kosmetika k\u00f6nnen Decanoyl-\/Octanoyl-Glyceride eine Vielzahl von \u00d6len als Weichmacher und Fettanreicherungsstoffe ersetzen und auch als Tr\u00e4ger und Verd\u00fcnnungsmittel verwendet werden, die Wirkstoffen oder Sterolen und anderen Konditionierungsmitteln zugesetzt werden. Kosmetika, in denen Decanoyl-\/Octanoylglyceride verwendet werden, kommen ohne Antioxidantien und andere Stabilisatoren aus und verursachen keine unerw\u00fcnschten Nebeneffekte.<\/h4>\n<p>&nbsp;<\/p>\n<h2><strong>Decanoyl\/Octanoyl-Glyceride Verwendung<\/strong><\/h2>\n<h4>1. Decanoyl\/Octanoyl-Glyceride in Lebensmittelqualit\u00e4t k\u00f6nnen als Lebensmittelzusatzstoffe verwendet werden. Bei der Beschichtung von S\u00fc\u00dfigkeiten wird ein Fett mit niedriger Viskosit\u00e4t ben\u00f6tigt, um den idealen Glanz und die Antihaftwirkung von Glas zu erzielen. Decanoyl-\/Octanoylglyceride in Lebensmittelqualit\u00e4t sind ein idealer Rohstoff. Es kann in Verbindung mit Bienenwachs verwendet werden, um ein besseres Aussehen der Beschichtung zu erzielen. Als \u00dcberzugsmittel f\u00fcr weiche Bonbons hat es die Vorteile einer hohen Transparenz, eines unauff\u00e4lligen Geruchs, einer leuchtenden Bonbonfarbe und so weiter. Seine metabolischen und ern\u00e4hrungsphysiologischen Funktionen machen es zu einem guten Rohstoff f\u00fcr Kinders\u00fc\u00dfigkeiten.<\/h4>\n<h4>2. Decanoyl-\/Octanoyl-Glyceride in kosmetischer Qualit\u00e4t k\u00f6nnen in Sonnenschutzmitteln, Cremes und Lotionen, After-Sun-Cremes und -Lotionen, Haarpflege\u00f6len, Cremes und Haar\u00f6len, Bade\u00f6len, Hautadstringenzien, Reinigungscremes, -lotionen und -milch, Baby\u00f6len, -cremes und -lotionen, Feuchtigkeits- und Hautpflegeprodukten, kosmetischen Cremes und Lippenstiften, Medikamentenverd\u00fcnnungen usw. verwendet werden.<\/h4>\n<h4>3. Decanoyl\/Octanoyl-Glyceride kosmetischer Qualit\u00e4t k\u00f6nnen schnell von der Haut aufgenommen werden und erh\u00f6hen den Glanz der Haut. Es ist ein atmungsaktives Emolliens. Es ist auch ein guter Tr\u00e4ger, Haarsp\u00fclung und Verd\u00fcnner.<\/h4>\n<h4>4. Decanoyl-\/Octanoyl-Glyceride haben in Kosmetika antioxidative Eigenschaften. In Kosmetika mit Decanoyl-\/Octanoyl-Glyceriden kann auf Antioxidantien und andere stabilisierende Zus\u00e4tze verzichtet werden.<\/h4>\n<h4>5. Dieses Produkt kann auch in Lippenstift, Lippenstift und Rasiercreme verwendet werden, um die Dispersion und den Glanz von Kosmetika zu ver\u00e4ndern. Generell empfohlene Dosierung: 1~15%<\/h4>\n<p>&nbsp;<\/p>\n<h2><strong>Decanoyl\/Octanoyl-Glyceride Lagerung<\/strong><\/h2>\n<h4>bei niedriger Temperatur halten und weiter trocknen<\/h4>\n<p>&nbsp;<\/p>\n<h2><strong>Decanoyl-\/Octanoyl-Glyceride Haltbarkeitsdauer<\/strong><\/h2>\n<h4>12 Monate mit Paket<\/h4>\n<p>&nbsp;<\/p>\n<h2><strong>Decanoyl\/Octanoyl-Glyceride Paket\u00a0<\/strong><\/h2>\n<h4>Dieses Produkt wird in Kunststofff\u00e4ssern aus Polyethylen mit einem Nettogewicht von 50 kg pro Fass und in Eisenf\u00e4ssern mit einem Nettogewicht von 200 kg pro Fass verpackt.<\/h4>\n<h2><\/h2>\n<h2>Speicherung von Decanoyl-\/Octanoyl-Glyceriden<\/h2>\n<h4>Dieses Produkt sollte an einem dunklen, sauberen, k\u00fchlen und trockenen Ort gelagert und dicht verschlossen aufbewahrt werden.<\/h4>\n<h2><strong><b>Kontaktieren Sie uns jetzt!<\/b><\/strong><\/h2>\n<h4><strong><b>Wir akzeptieren kundenspezifische Dienstleistungen, wir werden Sie in der Regel innerhalb von 24 Stunden kontaktieren. Sie k\u00f6nnen auch eine E-Mail an info@longchangchemical.com w\u00e4hrend der Arbeitszeiten (8:30 bis 18:00 Uhr UTC+8 Mo.~Sa.) senden oder den Live-Chat der Website nutzen, um eine schnelle Antwort zu erhalten.<\/b><\/strong><\/h4>","protected":false},"excerpt":{"rendered":"<h2><strong>Decanoyl-\/Octanoyl-Glyceride CAS 65381-09-1<\/strong><\/h2>\n<h4>Chemische Bezeichnung: Decanoyl\/Octanoyl-Glyceride<\/h4>\n<h4>CAS-Nr.: 65381-09-1<\/h4>\n<h4>Molekulare Fomel: C13H26O4.C11H22O4<\/h4>\n<h4>Molekulargewicht: 500<\/h4>\n<h4>Chemische Struktur:<img decoding=\"async\" title=\"Decanoyl\/Octanoyl-Glyceride Struktur\" src=\"https:\/\/www.longchangchemical.com\/wp-content\/uploads\/product-details\/20200611355413.png\" alt=\"Decanoyl\/Octanoyl-Glyceride Struktur\" width=\"169\" height=\"132\" border=\"0\" vspace=\"0\" \/><\/h4>\n<h4>\u00c4u\u00dferes Erscheinungsbild: Farblose oder leicht gelbe \u00f6lige Fl\u00fcssigkeit<\/h4>","protected":false},"featured_media":3418,"comment_status":"open","ping_status":"closed","template":"","meta":[],"product_brand":[],"product_cat":[103],"product_tag":[],"class_list":{"0":"post-3417","1":"product","2":"type-product","3":"status-publish","4":"has-post-thumbnail","6":"product_cat-cosmetic-additives","8":"first","9":"instock","10":"shipping-taxable","11":"product-type-simple"},"yoast_head":"<!-- This site is optimized with the Yoast SEO plugin v25.3.1 - https:\/\/yoast.com\/wordpress\/plugins\/seo\/ -->\n<title>China top Decanoyl\/octanoyl-glycerides CAS 65381-09-1 manufacturer and supplier - Longchang Chemical<\/title>\n<meta name=\"description\" content=\"Longchang Chemical is a leading manufacturer and supplier of Decanoyl\/octanoyl-glycerides CAS 65381-09-1 in China. Buy Decanoyl\/octanoyl-glycerides in china. We can provide the best Decanoyl\/octanoyl-glycerides price.\" \/>\n<meta name=\"robots\" content=\"index, follow, max-snippet:-1, max-image-preview:large, max-video-preview:-1\" \/>\n<link rel=\"canonical\" href=\"https:\/\/longchangchemical.com\/de\/product\/decanoyl-octanoyl-glycerides-cas-65381-09-1\/\" \/>\n<meta property=\"og:locale\" content=\"de_DE\" \/>\n<meta property=\"og:type\" content=\"article\" \/>\n<meta property=\"og:title\" content=\"China top Decanoyl\/octanoyl-glycerides CAS 65381-09-1 manufacturer and supplier - Longchang Chemical\" \/>\n<meta property=\"og:description\" content=\"Longchang Chemical is a leading manufacturer and supplier of Decanoyl\/octanoyl-glycerides CAS 65381-09-1 in China. Buy Decanoyl\/octanoyl-glycerides in china. We can provide the best Decanoyl\/octanoyl-glycerides price.\" \/>\n<meta property=\"og:url\" content=\"https:\/\/longchangchemical.com\/de\/product\/decanoyl-octanoyl-glycerides-cas-65381-09-1\/\" \/>\n<meta property=\"og:site_name\" content=\"Longchang Chemical\" \/>\n<meta property=\"article:modified_time\" content=\"2025-12-23T03:51:31+00:00\" \/>\n<meta property=\"og:image\" content=\"https:\/\/longchangchemical.com\/wp-content\/uploads\/2020\/11\/Decanoyloctanoyl-glycerides-Appearance.jpg\" \/>\n\t<meta property=\"og:image:width\" content=\"600\" \/>\n\t<meta property=\"og:image:height\" content=\"800\" \/>\n\t<meta property=\"og:image:type\" content=\"image\/jpeg\" \/>\n<meta name=\"twitter:card\" content=\"summary_large_image\" \/>\n<script type=\"application\/ld+json\" class=\"yoast-schema-graph\">{\"@context\":\"https:\/\/schema.org\",\"@graph\":[{\"@type\":\"WebPage\",\"@id\":\"https:\/\/longchangchemical.com\/product\/decanoyl-octanoyl-glycerides-cas-65381-09-1\/\",\"url\":\"https:\/\/longchangchemical.com\/product\/decanoyl-octanoyl-glycerides-cas-65381-09-1\/\",\"name\":\"China top Decanoyl\/octanoyl-glycerides CAS 65381-09-1 manufacturer and supplier - Longchang Chemical\",\"isPartOf\":{\"@id\":\"https:\/\/longchangchemical.com\/#website\"},\"primaryImageOfPage\":{\"@id\":\"https:\/\/longchangchemical.com\/product\/decanoyl-octanoyl-glycerides-cas-65381-09-1\/#primaryimage\"},\"image\":{\"@id\":\"https:\/\/longchangchemical.com\/product\/decanoyl-octanoyl-glycerides-cas-65381-09-1\/#primaryimage\"},\"thumbnailUrl\":\"https:\/\/longchangchemical.com\/wp-content\/uploads\/2020\/11\/Decanoyloctanoyl-glycerides-Appearance.jpg\",\"datePublished\":\"2020-11-11T12:25:27+00:00\",\"dateModified\":\"2025-12-23T03:51:31+00:00\",\"description\":\"Longchang Chemical is a leading manufacturer and supplier of Decanoyl\/octanoyl-glycerides CAS 65381-09-1 in China. Buy Decanoyl\/octanoyl-glycerides in china. We can provide the best Decanoyl\/octanoyl-glycerides price.\",\"breadcrumb\":{\"@id\":\"https:\/\/longchangchemical.com\/product\/decanoyl-octanoyl-glycerides-cas-65381-09-1\/#breadcrumb\"},\"inLanguage\":\"de\",\"potentialAction\":[{\"@type\":\"ReadAction\",\"target\":[\"https:\/\/longchangchemical.com\/product\/decanoyl-octanoyl-glycerides-cas-65381-09-1\/\"]}]},{\"@type\":\"ImageObject\",\"inLanguage\":\"de\",\"@id\":\"https:\/\/longchangchemical.com\/product\/decanoyl-octanoyl-glycerides-cas-65381-09-1\/#primaryimage\",\"url\":\"https:\/\/longchangchemical.com\/wp-content\/uploads\/2020\/11\/Decanoyloctanoyl-glycerides-Appearance.jpg\",\"contentUrl\":\"https:\/\/longchangchemical.com\/wp-content\/uploads\/2020\/11\/Decanoyloctanoyl-glycerides-Appearance.jpg\",\"width\":600,\"height\":800,\"caption\":\"Decanoyloctanoyl-glycerides Appearance\"},{\"@type\":\"BreadcrumbList\",\"@id\":\"https:\/\/longchangchemical.com\/product\/decanoyl-octanoyl-glycerides-cas-65381-09-1\/#breadcrumb\",\"itemListElement\":[{\"@type\":\"ListItem\",\"position\":1,\"name\":\"Home\",\"item\":\"https:\/\/longchangchemical.com\/\"},{\"@type\":\"ListItem\",\"position\":2,\"name\":\"Products Longchang\",\"item\":\"https:\/\/longchangchemical.com\/product\/\"},{\"@type\":\"ListItem\",\"position\":3,\"name\":\"Decanoyl\/octanoyl-glycerides CAS 65381-09-1\"}]},{\"@type\":\"WebSite\",\"@id\":\"https:\/\/longchangchemical.com\/#website\",\"url\":\"https:\/\/longchangchemical.com\/\",\"name\":\"Longchang Chemical\",\"description\":\"China chemical manufacturer \uff06 supplier\",\"publisher\":{\"@id\":\"https:\/\/longchangchemical.com\/#organization\"},\"potentialAction\":[{\"@type\":\"SearchAction\",\"target\":{\"@type\":\"EntryPoint\",\"urlTemplate\":\"https:\/\/longchangchemical.com\/?s={search_term_string}\"},\"query-input\":{\"@type\":\"PropertyValueSpecification\",\"valueRequired\":true,\"valueName\":\"search_term_string\"}}],\"inLanguage\":\"de\"},{\"@type\":\"Organization\",\"@id\":\"https:\/\/longchangchemical.com\/#organization\",\"name\":\"Longchang Chemical\",\"url\":\"https:\/\/longchangchemical.com\/\",\"logo\":{\"@type\":\"ImageObject\",\"inLanguage\":\"de\",\"@id\":\"https:\/\/longchangchemical.com\/#\/schema\/logo\/image\/\",\"url\":\"https:\/\/longchangchemical.com\/wp-content\/uploads\/2020\/08\/cropped-longchang-logo.png\",\"contentUrl\":\"https:\/\/longchangchemical.com\/wp-content\/uploads\/2020\/08\/cropped-longchang-logo.png\",\"width\":512,\"height\":512,\"caption\":\"Longchang Chemical\"},\"image\":{\"@id\":\"https:\/\/longchangchemical.com\/#\/schema\/logo\/image\/\"}}]}<\/script>\n<!-- \/ Yoast SEO plugin. -->","yoast_head_json":{"title":"China top Decanoyl\/Octanoyl-Glyceride CAS 65381-09-1 Hersteller und Lieferant - Longchang Chemical","description":"Longchang Chemical ist ein f\u00fchrender Hersteller und Lieferant von Decanoyl\/octanoyl-glycerides CAS 65381-09-1 in China. Kaufen Decanoyl\/octanoyl-glyceride in China. Wir k\u00f6nnen die besten Decanoyl\/octanoyl-glyceride Preis bieten.","robots":{"index":"index","follow":"follow","max-snippet":"max-snippet:-1","max-image-preview":"max-image-preview:large","max-video-preview":"max-video-preview:-1"},"canonical":"https:\/\/longchangchemical.com\/de\/product\/decanoyl-octanoyl-glycerides-cas-65381-09-1\/","og_locale":"de_DE","og_type":"article","og_title":"China top Decanoyl\/octanoyl-glycerides CAS 65381-09-1 manufacturer and supplier - Longchang Chemical","og_description":"Longchang Chemical is a leading manufacturer and supplier of Decanoyl\/octanoyl-glycerides CAS 65381-09-1 in China. Buy Decanoyl\/octanoyl-glycerides in china. We can provide the best Decanoyl\/octanoyl-glycerides price.","og_url":"https:\/\/longchangchemical.com\/de\/product\/decanoyl-octanoyl-glycerides-cas-65381-09-1\/","og_site_name":"Longchang Chemical","article_modified_time":"2025-12-23T03:51:31+00:00","og_image":[{"width":600,"height":800,"url":"https:\/\/longchangchemical.com\/wp-content\/uploads\/2020\/11\/Decanoyloctanoyl-glycerides-Appearance.jpg","type":"image\/jpeg"}],"twitter_card":"summary_large_image","schema":{"@context":"https:\/\/schema.org","@graph":[{"@type":"WebPage","@id":"https:\/\/longchangchemical.com\/product\/decanoyl-octanoyl-glycerides-cas-65381-09-1\/","url":"https:\/\/longchangchemical.com\/product\/decanoyl-octanoyl-glycerides-cas-65381-09-1\/","name":"China top Decanoyl\/Octanoyl-Glyceride CAS 65381-09-1 Hersteller und Lieferant - Longchang Chemical","isPartOf":{"@id":"https:\/\/longchangchemical.com\/#website"},"primaryImageOfPage":{"@id":"https:\/\/longchangchemical.com\/product\/decanoyl-octanoyl-glycerides-cas-65381-09-1\/#primaryimage"},"image":{"@id":"https:\/\/longchangchemical.com\/product\/decanoyl-octanoyl-glycerides-cas-65381-09-1\/#primaryimage"},"thumbnailUrl":"https:\/\/longchangchemical.com\/wp-content\/uploads\/2020\/11\/Decanoyloctanoyl-glycerides-Appearance.jpg","datePublished":"2020-11-11T12:25:27+00:00","dateModified":"2025-12-23T03:51:31+00:00","description":"Longchang Chemical ist ein f\u00fchrender Hersteller und Lieferant von Decanoyl\/octanoyl-glycerides CAS 65381-09-1 in China. Kaufen Decanoyl\/octanoyl-glyceride in China. Wir k\u00f6nnen die besten Decanoyl\/octanoyl-glyceride Preis bieten.","breadcrumb":{"@id":"https:\/\/longchangchemical.com\/product\/decanoyl-octanoyl-glycerides-cas-65381-09-1\/#breadcrumb"},"inLanguage":"de","potentialAction":[{"@type":"ReadAction","target":["https:\/\/longchangchemical.com\/product\/decanoyl-octanoyl-glycerides-cas-65381-09-1\/"]}]},{"@type":"ImageObject","inLanguage":"de","@id":"https:\/\/longchangchemical.com\/product\/decanoyl-octanoyl-glycerides-cas-65381-09-1\/#primaryimage","url":"https:\/\/longchangchemical.com\/wp-content\/uploads\/2020\/11\/Decanoyloctanoyl-glycerides-Appearance.jpg","contentUrl":"https:\/\/longchangchemical.com\/wp-content\/uploads\/2020\/11\/Decanoyloctanoyl-glycerides-Appearance.jpg","width":600,"height":800,"caption":"Decanoyloctanoyl-glycerides Appearance"},{"@type":"BreadcrumbList","@id":"https:\/\/longchangchemical.com\/product\/decanoyl-octanoyl-glycerides-cas-65381-09-1\/#breadcrumb","itemListElement":[{"@type":"ListItem","position":1,"name":"Home","item":"https:\/\/longchangchemical.com\/"},{"@type":"ListItem","position":2,"name":"Products Longchang","item":"https:\/\/longchangchemical.com\/product\/"},{"@type":"ListItem","position":3,"name":"Decanoyl\/octanoyl-glycerides CAS 65381-09-1"}]},{"@type":"WebSite","@id":"https:\/\/longchangchemical.com\/#website","url":"https:\/\/longchangchemical.com\/","name":"Longchang Chemical","description":"China Hersteller von Chemikalien \uff06 Lieferant","publisher":{"@id":"https:\/\/longchangchemical.com\/#organization"},"potentialAction":[{"@type":"SearchAction","target":{"@type":"EntryPoint","urlTemplate":"https:\/\/longchangchemical.com\/?s={search_term_string}"},"query-input":{"@type":"PropertyValueSpecification","valueRequired":true,"valueName":"search_term_string"}}],"inLanguage":"de"},{"@type":"Organization","@id":"https:\/\/longchangchemical.com\/#organization","name":"Longchang Chemical","url":"https:\/\/longchangchemical.com\/","logo":{"@type":"ImageObject","inLanguage":"de","@id":"https:\/\/longchangchemical.com\/#\/schema\/logo\/image\/","url":"https:\/\/longchangchemical.com\/wp-content\/uploads\/2020\/08\/cropped-longchang-logo.png","contentUrl":"https:\/\/longchangchemical.com\/wp-content\/uploads\/2020\/08\/cropped-longchang-logo.png","width":512,"height":512,"caption":"Longchang Chemical"},"image":{"@id":"https:\/\/longchangchemical.com\/#\/schema\/logo\/image\/"}}]}},"_links":{"self":[{"href":"https:\/\/longchangchemical.com\/de\/wp-json\/wp\/v2\/product\/3417","targetHints":{"allow":["GET"]}}],"collection":[{"href":"https:\/\/longchangchemical.com\/de\/wp-json\/wp\/v2\/product"}],"about":[{"href":"https:\/\/longchangchemical.com\/de\/wp-json\/wp\/v2\/types\/product"}],"replies":[{"embeddable":true,"href":"https:\/\/longchangchemical.com\/de\/wp-json\/wp\/v2\/comments?post=3417"}],"wp:featuredmedia":[{"embeddable":true,"href":"https:\/\/longchangchemical.com\/de\/wp-json\/wp\/v2\/media\/3418"}],"wp:attachment":[{"href":"https:\/\/longchangchemical.com\/de\/wp-json\/wp\/v2\/media?parent=3417"}],"wp:term":[{"taxonomy":"product_brand","embeddable":true,"href":"https:\/\/longchangchemical.com\/de\/wp-json\/wp\/v2\/product_brand?post=3417"},{"taxonomy":"product_cat","embeddable":true,"href":"https:\/\/longchangchemical.com\/de\/wp-json\/wp\/v2\/product_cat?post=3417"},{"taxonomy":"product_tag","embeddable":true,"href":"https:\/\/longchangchemical.com\/de\/wp-json\/wp\/v2\/product_tag?post=3417"}],"curies":[{"name":"wp","href":"https:\/\/api.w.org\/{rel}","templated":true}]}}