{"id":3397,"date":"2020-11-05T10:49:55","date_gmt":"2020-11-05T10:49:55","guid":{"rendered":"https:\/\/longchangchemical.com\/?post_type=product&#038;p=3397"},"modified":"2025-12-23T03:49:46","modified_gmt":"2025-12-23T03:49:46","slug":"isopropyl-myristate-cas-110-27-0","status":"publish","type":"product","link":"https:\/\/longchangchemical.com\/de\/product\/isopropyl-myristate-cas-110-27-0\/","title":{"rendered":"IPM \/ Isopropylmyristat CAS 110-27-0"},"content":{"rendered":"<h1><strong>COA von <\/strong>Isopropylmyristat CAS-Nr. 110-27-0<\/h1>\n<table class=\"table-1\">\n<tbody>\n<tr>\n<td>\n<h4>Artikel<\/h4>\n<\/td>\n<td>\n<h4>Spezifikationen<\/h4>\n<\/td>\n<\/tr>\n<tr>\n<td>\n<h4>Erscheinungsbild<\/h4>\n<\/td>\n<td>\n<h4>Farblose oder gelbliche \u00f6lige Fl\u00fcssigkeit.<\/h4>\n<\/td>\n<\/tr>\n<tr>\n<td>\n<h4>Inhalt<\/h4>\n<\/td>\n<td>\n<h4>99%Min<\/h4>\n<\/td>\n<\/tr>\n<tr>\n<td>\n<h4>S\u00e4urewert(MgKOH\/g)<\/h4>\n<\/td>\n<td>\n<h4>0,5%Max<\/h4>\n<\/td>\n<\/tr>\n<tr>\n<td>\n<h4>Gefrierpunkt<\/h4>\n<\/td>\n<td>\n<h4>2\u2103Max<\/h4>\n<\/td>\n<\/tr>\n<tr>\n<td>\n<h4>Brechungsindex<\/h4>\n<\/td>\n<td>\n<h4>1.434-1.438<\/h4>\n<\/td>\n<\/tr>\n<tr>\n<td>\n<h4>Spezifisches Gewicht<\/h4>\n<\/td>\n<td>\n<h4>0.850-0.860<\/h4>\n<\/td>\n<\/tr>\n<tr>\n<td>\n<h4>Arsen<\/h4>\n<\/td>\n<td>\n<h4>2ppmMax<\/h4>\n<\/td>\n<\/tr>\n<tr>\n<td>\n<h4>Schwermetalle<\/h4>\n<\/td>\n<td>\n<h4>5ppmMax<\/h4>\n<\/td>\n<\/tr>\n<\/tbody>\n<\/table>\n<p>&nbsp;<\/p>\n<h2>Was ist Isopropylmyristat?<\/h2>\n<h4>Isopropylmyristat wird h\u00e4ufig in Kosmetika verwendet. Es kann die Haut befeuchten und mit Feuchtigkeit versorgen. Die Haut nimmt das Produkt gut auf. Es kann effektiv mit den Haarfollikeln in der Rinde in Kontakt treten, tief in die Haut eindringen und die Wirkstoffe in die Kosmetika einbringen und die Rolle der wirksamen Bestandteile voll ausspielen.<\/h4>\n<h2><strong>Isopropylmyristat Verwendung<\/strong><\/h2>\n<h4>1. Isopropylmyristat ist ein fettfreies Emolliens und wird leicht von der Haut absorbiert. Es ist einer der Bestandteile der halbfesten Matrix und kann auch als L\u00f6sungsmittel f\u00fcr viele Stoffe in Zubereitungen zur topischen Anwendung verwendet werden.<\/h4>\n<h4>2. Isopropylmyristat wird in verschiedenen topischen Zubereitungen und Kosmetika verwendet, z. B. in Bade\u00f6len, Kosmetika, Haarpflegeprodukten, Gesichtscremes, Lotionen, Lippenbalsam, Rasiercreme, Weichmachern, Deodorants, Ohrensuspensionen und Vaginalcreme. Isopropylmyristat ist z. B. ein selbstemulgierender Bestandteil in einer Cold-Cream-Rezeptur, und diese Cold-Cream-Rezeptur kann als Grundlage f\u00fcr viele Arzneimittel und Hautarzneimittel verwendet werden.<\/h4>\n<h4>3. Es wird als Klebstoff, Weichmacher und Keratin-Weichmacher in Kosmetika verwendet. Produkte mit diesem Inhaltsstoff lassen sich leichter auftragen und haben eine erfrischende Textur. Der Bestandteil hat kleine Molek\u00fcle, ist leicht zu durchdringen und hat eine gute Reinigungswirkung f\u00fcr Make-up-Entferner.<\/h4>\n<h4>4. Isopropylmyristat kann als Penetrationsverst\u00e4rker in transdermalen Absorptionspr\u00e4paraten verwendet werden und kann in Kombination mit therapeutischem Ultraschall und Iontophorese eingesetzt werden.<\/h4>\n<h4>5. Isopropylmyristat kann als Hauptbestandteil der \u00d6lphase in Wasser-\u00d6l-Gel-Emulsionen mit verl\u00e4ngerter Wirkstofffreisetzung verwendet werden.<\/h4>\n<p>&nbsp;<\/p>\n<h2><strong>Isopropylmyristat <\/strong><strong>Verpackung und Versand<\/strong><\/h2>\n<h4>175kg\/Kunststoff-Fass<strong><br \/>\n<\/strong><\/h4>\n<p>&nbsp;<\/p>\n<h2><strong>Isopropylmyristat <\/strong><strong>Lagerung<\/strong><strong><br \/>\n<\/strong><\/h2>\n<h4>Isopropylmyristat ist nicht leicht zu oxidieren und zu hydrolysieren und nicht leicht ranzig zu werden. Es sollte in einem geschlossenen Beh\u00e4lter an einem dunklen, k\u00fchlen und trockenen Ort aufbewahrt werden.<\/h4>\n<h2>Bitte beachten Sie<\/h2>\n<h4>Wenn Isopropylmyristat mit Gummi in Ber\u00fchrung kommt, quillt der Gummi auf, l\u00f6st sich teilweise auf und seine Viskosit\u00e4t nimmt ab; wenn es mit Kunststoffen (wie Nylon und Polyethylen) in Ber\u00fchrung kommt, quellen diese Materialien auf. Isopropylmyristat und Paraffinwachs sind kontraindiziert und bilden ein k\u00f6rniges Gemisch; sie sind nicht mit starken Oxidationsmitteln kompatibel.<\/h4>\n<p>&nbsp;<\/p>\n<h2>Produkte der gleichen Serie<\/h2>\n<table style=\"border-collapse: collapse; width: 318.02pt;\" border=\"0\" width=\"424\" cellspacing=\"0\" cellpadding=\"0\">\n<tbody>\n<tr style=\"height: 13.50pt;\">\n<td class=\"et2\" style=\"height: 13.50pt; width: 87.00pt;\" width=\"116\" height=\"18\">Produktname<\/td>\n<td class=\"et2\" style=\"width: 129.75pt;\" width=\"173\">Chemische Bezeichnung<\/td>\n<td class=\"et2\" style=\"width: 101.25pt;\" width=\"135\">CAS-Nummer<\/td>\n<\/tr>\n<tr style=\"height: 13.50pt;\">\n<td class=\"et2\" style=\"height: 13.50pt;\" height=\"18\">IPP<\/td>\n<td class=\"et2\"><a href=\"https:\/\/longchangchemical.com\/de\/product\/isopropyl-palmitate-cas-142-91-6\/\"><span style=\"color: #00ccff;\">Isopropylpalmitat<\/span><\/a><\/td>\n<td class=\"et2\">CAS 142-91-6<\/td>\n<\/tr>\n<tr style=\"height: 13.50pt;\">\n<td class=\"et2\" style=\"height: 13.50pt;\" height=\"18\">IPL<\/td>\n<td class=\"et2\"><a href=\"https:\/\/longchangchemical.com\/de\/product\/isopropyl-laurate-cas-10233-13-3\/\"><span style=\"color: #00ccff;\">Isopropyl-Laurat<\/span><\/a><\/td>\n<td class=\"et2\">CAS 10233-13-3<\/td>\n<\/tr>\n<tr style=\"height: 13.50pt;\">\n<td class=\"et2\" style=\"height: 13.50pt;\" height=\"18\">2-EHP<\/td>\n<td class=\"et2\"><a href=\"https:\/\/longchangchemical.com\/de\/product\/isooctyl-palmitate-cas-1341-38-4\/\"><span style=\"color: #00ccff;\">Isooctylpalmitat<\/span><\/a><\/td>\n<td class=\"et2\">CAS 1341-38-4<\/td>\n<\/tr>\n<tr style=\"height: 13.50pt;\">\n<td class=\"et2\" style=\"height: 13.50pt;\" height=\"18\">IPM<\/td>\n<td class=\"et2\"><a href=\"https:\/\/longchangchemical.com\/de\/product\/isopropyl-myristate-cas-110-27-0\/\"><span style=\"color: #00ccff;\">Isopropylmyristat<\/span><\/a><\/td>\n<td class=\"et2\">CAS-NR. 110-27-0<\/td>\n<\/tr>\n<\/tbody>\n<\/table>\n<h2><\/h2>\n<h2><strong><b>Kontaktieren Sie uns jetzt!<\/b><\/strong><\/h2>\n<h4><strong><b>Wenn Sie COA, MSDS oder TDS ben\u00f6tigen, geben Sie bitte Ihre Kontaktinformationen in das untenstehende Formular ein. Wir werden uns in der Regel innerhalb von 24 Stunden mit Ihnen in Verbindung setzen. Sie k\u00f6nnen mir auch eine E-Mail schicken <span style=\"color: #0000ff;\"><a style=\"color: #0000ff;\" href=\"mailto:info@longchangchemical.com\">info@longchangchemical.com<\/a><\/span> w\u00e4hrend der Gesch\u00e4ftszeiten ( 8:30 bis 18:00 Uhr UTC+8 Mo.~Sa. ) oder nutzen Sie den Live-Chat auf der Website, um eine schnelle Antwort zu erhalten.<\/b><\/strong><\/h4>","protected":false},"excerpt":{"rendered":"<h4>Chemische Bezeichnung: Isopropylmyristat<\/h4>\n<h4>CAS-Nr.: 110-27-0<\/h4>\n<h4>Molekulare Formel: C17H34O2<\/h4>\n<h4>Chemische Struktur:<img decoding=\"async\" title=\"bild.png\" src=\"https:\/\/www.longchangchemical.com\/wp-content\/uploads\/product-details\/20200617305486.png\" alt=\"bild.png\" \/><\/h4>\n<h4>Molekulargewicht: 270,45<\/h4>\n<h4>\u00c4u\u00dferes Erscheinungsbild: Farblose oder gelbliche \u00f6lige Fl\u00fcssigkeit.<\/h4>\n<h4>Assay: 98%<\/h4>","protected":false},"featured_media":3398,"comment_status":"open","ping_status":"closed","template":"","meta":[],"product_brand":[],"product_cat":[103],"product_tag":[],"class_list":{"0":"post-3397","1":"product","2":"type-product","3":"status-publish","4":"has-post-thumbnail","6":"product_cat-cosmetic-additives","8":"first","9":"instock","10":"shipping-taxable","11":"product-type-simple"},"yoast_head":"<!-- This site is optimized with the Yoast SEO plugin v25.3.1 - https:\/\/yoast.com\/wordpress\/plugins\/seo\/ -->\n<title>China Isopropyl myristate CAS 110-27-0 manufacturer and supplier - Longchang Chemical<\/title>\n<meta name=\"description\" content=\"Longchang Chemical is a leading manufacturer and supplier of Isopropyl myristate CAS 110-27-0 in China. Buy Isopropyl myristate CAS 110-27-0 in china. We can provide the best Isopropyl myristate price.\" \/>\n<meta name=\"robots\" content=\"index, follow, max-snippet:-1, max-image-preview:large, max-video-preview:-1\" \/>\n<link rel=\"canonical\" href=\"https:\/\/longchangchemical.com\/de\/product\/isopropyl-myristate-cas-110-27-0\/\" \/>\n<meta property=\"og:locale\" content=\"de_DE\" \/>\n<meta property=\"og:type\" content=\"article\" \/>\n<meta property=\"og:title\" content=\"China Isopropyl myristate CAS 110-27-0 manufacturer and supplier - Longchang Chemical\" \/>\n<meta property=\"og:description\" content=\"Longchang Chemical is a leading manufacturer and supplier of Isopropyl myristate CAS 110-27-0 in China. Buy Isopropyl myristate CAS 110-27-0 in china. We can provide the best Isopropyl myristate price.\" \/>\n<meta property=\"og:url\" content=\"https:\/\/longchangchemical.com\/de\/product\/isopropyl-myristate-cas-110-27-0\/\" \/>\n<meta property=\"og:site_name\" content=\"Longchang Chemical\" \/>\n<meta property=\"article:modified_time\" content=\"2025-12-23T03:49:46+00:00\" \/>\n<meta property=\"og:image\" content=\"https:\/\/longchangchemical.com\/wp-content\/uploads\/2020\/11\/Isopropyl-myristate-Appearance.jpg\" \/>\n\t<meta property=\"og:image:width\" content=\"600\" \/>\n\t<meta property=\"og:image:height\" content=\"800\" \/>\n\t<meta property=\"og:image:type\" content=\"image\/jpeg\" \/>\n<meta name=\"twitter:card\" content=\"summary_large_image\" \/>\n<script type=\"application\/ld+json\" class=\"yoast-schema-graph\">{\"@context\":\"https:\/\/schema.org\",\"@graph\":[{\"@type\":\"WebPage\",\"@id\":\"https:\/\/longchangchemical.com\/product\/isopropyl-myristate-cas-110-27-0\/\",\"url\":\"https:\/\/longchangchemical.com\/product\/isopropyl-myristate-cas-110-27-0\/\",\"name\":\"China Isopropyl myristate CAS 110-27-0 manufacturer and supplier - Longchang Chemical\",\"isPartOf\":{\"@id\":\"https:\/\/longchangchemical.com\/#website\"},\"primaryImageOfPage\":{\"@id\":\"https:\/\/longchangchemical.com\/product\/isopropyl-myristate-cas-110-27-0\/#primaryimage\"},\"image\":{\"@id\":\"https:\/\/longchangchemical.com\/product\/isopropyl-myristate-cas-110-27-0\/#primaryimage\"},\"thumbnailUrl\":\"https:\/\/longchangchemical.com\/wp-content\/uploads\/2020\/11\/Isopropyl-myristate-Appearance.jpg\",\"datePublished\":\"2020-11-05T10:49:55+00:00\",\"dateModified\":\"2025-12-23T03:49:46+00:00\",\"description\":\"Longchang Chemical is a leading manufacturer and supplier of Isopropyl myristate CAS 110-27-0 in China. Buy Isopropyl myristate CAS 110-27-0 in china. We can provide the best Isopropyl myristate price.\",\"breadcrumb\":{\"@id\":\"https:\/\/longchangchemical.com\/product\/isopropyl-myristate-cas-110-27-0\/#breadcrumb\"},\"inLanguage\":\"de\",\"potentialAction\":[{\"@type\":\"ReadAction\",\"target\":[\"https:\/\/longchangchemical.com\/product\/isopropyl-myristate-cas-110-27-0\/\"]}]},{\"@type\":\"ImageObject\",\"inLanguage\":\"de\",\"@id\":\"https:\/\/longchangchemical.com\/product\/isopropyl-myristate-cas-110-27-0\/#primaryimage\",\"url\":\"https:\/\/longchangchemical.com\/wp-content\/uploads\/2020\/11\/Isopropyl-myristate-Appearance.jpg\",\"contentUrl\":\"https:\/\/longchangchemical.com\/wp-content\/uploads\/2020\/11\/Isopropyl-myristate-Appearance.jpg\",\"width\":600,\"height\":800,\"caption\":\"Isopropyl myristate Appearance\"},{\"@type\":\"BreadcrumbList\",\"@id\":\"https:\/\/longchangchemical.com\/product\/isopropyl-myristate-cas-110-27-0\/#breadcrumb\",\"itemListElement\":[{\"@type\":\"ListItem\",\"position\":1,\"name\":\"Home\",\"item\":\"https:\/\/longchangchemical.com\/\"},{\"@type\":\"ListItem\",\"position\":2,\"name\":\"Products Longchang\",\"item\":\"https:\/\/longchangchemical.com\/product\/\"},{\"@type\":\"ListItem\",\"position\":3,\"name\":\"IPM \/ Isopropyl myristate CAS 110-27-0\"}]},{\"@type\":\"WebSite\",\"@id\":\"https:\/\/longchangchemical.com\/#website\",\"url\":\"https:\/\/longchangchemical.com\/\",\"name\":\"Longchang Chemical\",\"description\":\"China chemical manufacturer \uff06 supplier\",\"publisher\":{\"@id\":\"https:\/\/longchangchemical.com\/#organization\"},\"potentialAction\":[{\"@type\":\"SearchAction\",\"target\":{\"@type\":\"EntryPoint\",\"urlTemplate\":\"https:\/\/longchangchemical.com\/?s={search_term_string}\"},\"query-input\":{\"@type\":\"PropertyValueSpecification\",\"valueRequired\":true,\"valueName\":\"search_term_string\"}}],\"inLanguage\":\"de\"},{\"@type\":\"Organization\",\"@id\":\"https:\/\/longchangchemical.com\/#organization\",\"name\":\"Longchang Chemical\",\"url\":\"https:\/\/longchangchemical.com\/\",\"logo\":{\"@type\":\"ImageObject\",\"inLanguage\":\"de\",\"@id\":\"https:\/\/longchangchemical.com\/#\/schema\/logo\/image\/\",\"url\":\"https:\/\/longchangchemical.com\/wp-content\/uploads\/2020\/08\/cropped-longchang-logo.png\",\"contentUrl\":\"https:\/\/longchangchemical.com\/wp-content\/uploads\/2020\/08\/cropped-longchang-logo.png\",\"width\":512,\"height\":512,\"caption\":\"Longchang Chemical\"},\"image\":{\"@id\":\"https:\/\/longchangchemical.com\/#\/schema\/logo\/image\/\"}}]}<\/script>\n<!-- \/ Yoast SEO plugin. -->","yoast_head_json":{"title":"China Isopropylmyristat CAS 110-27-0 Hersteller und Lieferant - Longchang Chemical","description":"Longchang Chemical ist ein f\u00fchrender Hersteller und Lieferant von Isopropylmyristat CAS 110-27-0 in China. Kaufen Sie Isopropylmyristat CAS 110-27-0 in china. Wir k\u00f6nnen die besten Isopropylmyristat Preis bieten.","robots":{"index":"index","follow":"follow","max-snippet":"max-snippet:-1","max-image-preview":"max-image-preview:large","max-video-preview":"max-video-preview:-1"},"canonical":"https:\/\/longchangchemical.com\/de\/product\/isopropyl-myristate-cas-110-27-0\/","og_locale":"de_DE","og_type":"article","og_title":"China Isopropyl myristate CAS 110-27-0 manufacturer and supplier - Longchang Chemical","og_description":"Longchang Chemical is a leading manufacturer and supplier of Isopropyl myristate CAS 110-27-0 in China. Buy Isopropyl myristate CAS 110-27-0 in china. We can provide the best Isopropyl myristate price.","og_url":"https:\/\/longchangchemical.com\/de\/product\/isopropyl-myristate-cas-110-27-0\/","og_site_name":"Longchang Chemical","article_modified_time":"2025-12-23T03:49:46+00:00","og_image":[{"width":600,"height":800,"url":"https:\/\/longchangchemical.com\/wp-content\/uploads\/2020\/11\/Isopropyl-myristate-Appearance.jpg","type":"image\/jpeg"}],"twitter_card":"summary_large_image","schema":{"@context":"https:\/\/schema.org","@graph":[{"@type":"WebPage","@id":"https:\/\/longchangchemical.com\/product\/isopropyl-myristate-cas-110-27-0\/","url":"https:\/\/longchangchemical.com\/product\/isopropyl-myristate-cas-110-27-0\/","name":"China Isopropylmyristat CAS 110-27-0 Hersteller und Lieferant - Longchang Chemical","isPartOf":{"@id":"https:\/\/longchangchemical.com\/#website"},"primaryImageOfPage":{"@id":"https:\/\/longchangchemical.com\/product\/isopropyl-myristate-cas-110-27-0\/#primaryimage"},"image":{"@id":"https:\/\/longchangchemical.com\/product\/isopropyl-myristate-cas-110-27-0\/#primaryimage"},"thumbnailUrl":"https:\/\/longchangchemical.com\/wp-content\/uploads\/2020\/11\/Isopropyl-myristate-Appearance.jpg","datePublished":"2020-11-05T10:49:55+00:00","dateModified":"2025-12-23T03:49:46+00:00","description":"Longchang Chemical ist ein f\u00fchrender Hersteller und Lieferant von Isopropylmyristat CAS 110-27-0 in China. Kaufen Sie Isopropylmyristat CAS 110-27-0 in china. Wir k\u00f6nnen die besten Isopropylmyristat Preis bieten.","breadcrumb":{"@id":"https:\/\/longchangchemical.com\/product\/isopropyl-myristate-cas-110-27-0\/#breadcrumb"},"inLanguage":"de","potentialAction":[{"@type":"ReadAction","target":["https:\/\/longchangchemical.com\/product\/isopropyl-myristate-cas-110-27-0\/"]}]},{"@type":"ImageObject","inLanguage":"de","@id":"https:\/\/longchangchemical.com\/product\/isopropyl-myristate-cas-110-27-0\/#primaryimage","url":"https:\/\/longchangchemical.com\/wp-content\/uploads\/2020\/11\/Isopropyl-myristate-Appearance.jpg","contentUrl":"https:\/\/longchangchemical.com\/wp-content\/uploads\/2020\/11\/Isopropyl-myristate-Appearance.jpg","width":600,"height":800,"caption":"Isopropyl myristate Appearance"},{"@type":"BreadcrumbList","@id":"https:\/\/longchangchemical.com\/product\/isopropyl-myristate-cas-110-27-0\/#breadcrumb","itemListElement":[{"@type":"ListItem","position":1,"name":"Home","item":"https:\/\/longchangchemical.com\/"},{"@type":"ListItem","position":2,"name":"Products Longchang","item":"https:\/\/longchangchemical.com\/product\/"},{"@type":"ListItem","position":3,"name":"IPM \/ Isopropyl myristate CAS 110-27-0"}]},{"@type":"WebSite","@id":"https:\/\/longchangchemical.com\/#website","url":"https:\/\/longchangchemical.com\/","name":"Longchang Chemical","description":"China Hersteller von Chemikalien \uff06 Lieferant","publisher":{"@id":"https:\/\/longchangchemical.com\/#organization"},"potentialAction":[{"@type":"SearchAction","target":{"@type":"EntryPoint","urlTemplate":"https:\/\/longchangchemical.com\/?s={search_term_string}"},"query-input":{"@type":"PropertyValueSpecification","valueRequired":true,"valueName":"search_term_string"}}],"inLanguage":"de"},{"@type":"Organization","@id":"https:\/\/longchangchemical.com\/#organization","name":"Longchang Chemical","url":"https:\/\/longchangchemical.com\/","logo":{"@type":"ImageObject","inLanguage":"de","@id":"https:\/\/longchangchemical.com\/#\/schema\/logo\/image\/","url":"https:\/\/longchangchemical.com\/wp-content\/uploads\/2020\/08\/cropped-longchang-logo.png","contentUrl":"https:\/\/longchangchemical.com\/wp-content\/uploads\/2020\/08\/cropped-longchang-logo.png","width":512,"height":512,"caption":"Longchang Chemical"},"image":{"@id":"https:\/\/longchangchemical.com\/#\/schema\/logo\/image\/"}}]}},"_links":{"self":[{"href":"https:\/\/longchangchemical.com\/de\/wp-json\/wp\/v2\/product\/3397","targetHints":{"allow":["GET"]}}],"collection":[{"href":"https:\/\/longchangchemical.com\/de\/wp-json\/wp\/v2\/product"}],"about":[{"href":"https:\/\/longchangchemical.com\/de\/wp-json\/wp\/v2\/types\/product"}],"replies":[{"embeddable":true,"href":"https:\/\/longchangchemical.com\/de\/wp-json\/wp\/v2\/comments?post=3397"}],"wp:featuredmedia":[{"embeddable":true,"href":"https:\/\/longchangchemical.com\/de\/wp-json\/wp\/v2\/media\/3398"}],"wp:attachment":[{"href":"https:\/\/longchangchemical.com\/de\/wp-json\/wp\/v2\/media?parent=3397"}],"wp:term":[{"taxonomy":"product_brand","embeddable":true,"href":"https:\/\/longchangchemical.com\/de\/wp-json\/wp\/v2\/product_brand?post=3397"},{"taxonomy":"product_cat","embeddable":true,"href":"https:\/\/longchangchemical.com\/de\/wp-json\/wp\/v2\/product_cat?post=3397"},{"taxonomy":"product_tag","embeddable":true,"href":"https:\/\/longchangchemical.com\/de\/wp-json\/wp\/v2\/product_tag?post=3397"}],"curies":[{"name":"wp","href":"https:\/\/api.w.org\/{rel}","templated":true}]}}