{"id":3394,"date":"2020-11-04T01:59:19","date_gmt":"2020-11-04T01:59:19","guid":{"rendered":"https:\/\/longchangchemical.com\/?post_type=product&#038;p=3394"},"modified":"2025-12-23T03:46:32","modified_gmt":"2025-12-23T03:46:32","slug":"isopropyl-palmitate-cas-142-91-6","status":"publish","type":"product","link":"https:\/\/longchangchemical.com\/de\/product\/isopropyl-palmitate-cas-142-91-6\/","title":{"rendered":"IPP \/ Isopropylpalmitat CAS 142-91-6"},"content":{"rendered":"<h2><strong><b>COA von <\/b><\/strong><strong><b>Isopropylpalmitat <\/b><\/strong><\/h2>\n<table>\n<tbody>\n<tr>\n<td>\n<h4>Artikel<\/h4>\n<\/td>\n<td>\n<h4>Spezifikationen<\/h4>\n<\/td>\n<\/tr>\n<tr>\n<td>\n<h4>Erscheinungsbild<\/h4>\n<\/td>\n<td>\n<h4>Farblose oder gelbliche \u00f6lige Fl\u00fcssigkeit.<\/h4>\n<\/td>\n<\/tr>\n<tr>\n<td>\n<h4>Estergehalt<\/h4>\n<\/td>\n<td>\n<h4>98%Min<\/h4>\n<\/td>\n<\/tr>\n<tr>\n<td>\n<h4>S\u00e4urewert<\/h4>\n<\/td>\n<td>\n<h4>0,5%Max<\/h4>\n<\/td>\n<\/tr>\n<tr>\n<td>\n<h4>Schmelzpunkt<\/h4>\n<\/td>\n<td>\n<h4>16\u2103Max<\/h4>\n<\/td>\n<\/tr>\n<\/tbody>\n<\/table>\n<p>&nbsp;<\/p>\n<h2><strong><b>Was ist Isopropylpalmitat?<\/b><\/strong><\/h2>\n<h4>Isopropylpalmitat ist eine Verbindung aus Isopropylalkohol und Palmitins\u00e4ure, die h\u00e4ufig in k\u00fcnstlichen Feuchthaltemitteln verwendet wird. Der Palmanteil dieser Formel enth\u00e4lt die wichtigsten Fetts\u00e4uren. Es handelt sich um eine Substanz, die aus Vitamin A und Antioxidantien besteht. Diese Formel dringt leicht in die Haut ein.<\/h4>\n<p>&nbsp;<\/p>\n<h2><strong><b>Isopropylpalmitat Verwendung<\/b><\/strong><\/h2>\n<h4>1. Isopropylpalmitat wird in der pharmazeutischen und kosmetischen Industrie h\u00e4ufig als Zusatzstoff verwendet.<\/h4>\n<h4>2. Isopropylpalmitat hat eine stabile Leistung und ist nicht geeignet f\u00fcr die Oxidation zu produzieren eigenartigen Geruch. Es ist ein ausgezeichneter Hautfeuchthaltemittel in der Hautpflege und Kosmetik, die die Haut weich und glatt ohne fettiges Gef\u00fchl machen kann. Es hat eine gute Hautdurchl\u00e4ssigkeit und kann als gutes L\u00f6sungsmittel f\u00fcr das Pigment in Mascara verwendet werden. Es wird h\u00e4ufig in Hautcreme, Haar\u00f6l, Lidschatten, Lippenstift, Wimperntusche und anderen Formulierungen verwendet.<\/h4>\n<p>&nbsp;<\/p>\n<h2><strong><b>Isopropylpalmitat in Kosmetika<\/b><\/strong><\/h2>\n<h4>1. Es wird als antistatischer und l\u00f6sungsmittelhaltiger Bestandteil verwendet. Produkte wie Feuchtigkeitscremes, Lippenbalsam, Sonnenschutzmittel, Antitranspirant, Deodorant und Foundation enthalten alle Isopropylpalmitat.<\/h4>\n<h4>2. Beim Auftragen von Make-up sollten Produkte, die Isopropylpalmitat enthalten, auf die Haut aufgetragen werden, damit sie sich gleichm\u00e4\u00dfig verteilen und eine Weile auf der Hautoberfl\u00e4che verbleiben, bevor sie eingezogen werden. Daher kann es helfen, Trockenheit zu beseitigen und die Haut weich und elastisch zu machen.<\/h4>\n<h4>3. Ein weiterer Vorteil dieses Inhaltsstoffs ist, dass er hilft, Poren zu verkleinern und Falten zu reduzieren. Dar\u00fcber hinaus kann er Ekzemen und Dermatitis vorbeugen.<\/h4>\n<h4>4. Isopropylpalmitat kann Nagelpilz beseitigen, indem es Feuchtigkeit spendet und die Erholung der erkrankten Haut f\u00f6rdert.<\/h4>\n<p>&nbsp;<\/p>\n<h2><strong><b>Isopropylpalmitat in der Haarpflege<\/b><\/strong><\/h2>\n<h4>Haar\u00f6le, die Isopropylpalmitat enthalten, werden h\u00e4ufig zur Beseitigung von Schuppen und L\u00e4usen sowie zur Verringerung von Kahlheit verwendet. Wenn man diesen Inhaltsstoff dem Shampoo hinzuf\u00fcgt, kann das Haar weicher und gl\u00e4nzender werden. Daher ist es gut f\u00fcr krauses und trockenes Haar.<\/h4>\n<p>&nbsp;<\/p>\n<h2><strong><b>Isopropylpalmitat Verpackung<\/b><\/strong><\/h2>\n<h4>175kg\/Kunststoff-Fass<\/h4>\n<p>&nbsp;<\/p>\n<h2><strong><b>Isopropylpalmitat Lagerung<\/b><\/strong><\/h2>\n<h4>An einem k\u00fchlen, trockenen und gut bel\u00fcfteten Ort gelagert<\/h4>\n<h4>Beh\u00e4lter dicht geschlossen halten<\/h4>\n<p>&nbsp;<\/p>\n<h2>Produkte der gleichen Serie<\/h2>\n<table style=\"border-collapse: collapse; width: 318.02pt;\" border=\"0\" width=\"424\" cellspacing=\"0\" cellpadding=\"0\">\n<tbody>\n<tr style=\"height: 13.50pt;\">\n<td class=\"et2\" style=\"height: 13.50pt; width: 87.00pt;\" width=\"116\" height=\"18\">Produktname<\/td>\n<td class=\"et2\" style=\"width: 129.75pt;\" width=\"173\">Chemische Bezeichnung<\/td>\n<td class=\"et2\" style=\"width: 101.25pt;\" width=\"135\">CAS-Nummer<\/td>\n<\/tr>\n<tr style=\"height: 13.50pt;\">\n<td class=\"et2\" style=\"height: 13.50pt;\" height=\"18\">IPP<\/td>\n<td class=\"et2\"><a href=\"https:\/\/longchangchemical.com\/de\/product\/isopropyl-palmitate-cas-142-91-6\/\"><span style=\"color: #00ccff;\">Isopropylpalmitat<\/span><\/a><\/td>\n<td class=\"et2\">CAS 142-91-6<\/td>\n<\/tr>\n<tr style=\"height: 13.50pt;\">\n<td class=\"et2\" style=\"height: 13.50pt;\" height=\"18\">IPL<\/td>\n<td class=\"et2\"><a href=\"https:\/\/longchangchemical.com\/de\/product\/isopropyl-laurate-cas-10233-13-3\/\"><span style=\"color: #00ccff;\">Isopropyl-Laurat<\/span><\/a><\/td>\n<td class=\"et2\">CAS 10233-13-3<\/td>\n<\/tr>\n<tr style=\"height: 13.50pt;\">\n<td class=\"et2\" style=\"height: 13.50pt;\" height=\"18\">2-EHP<\/td>\n<td class=\"et2\"><a href=\"https:\/\/longchangchemical.com\/de\/product\/isooctyl-palmitate-cas-1341-38-4\/\"><span style=\"color: #00ccff;\">Isooctylpalmitat<\/span><\/a><\/td>\n<td class=\"et2\">CAS 1341-38-4<\/td>\n<\/tr>\n<tr style=\"height: 13.50pt;\">\n<td class=\"et2\" style=\"height: 13.50pt;\" height=\"18\">IPM<\/td>\n<td class=\"et2\"><a href=\"https:\/\/longchangchemical.com\/de\/product\/isopropyl-myristate-cas-110-27-0\/\"><span style=\"color: #00ccff;\">Isopropylmyristat<\/span><\/a><\/td>\n<td class=\"et2\">CAS-NR. 110-27-0<\/td>\n<\/tr>\n<\/tbody>\n<\/table>\n<h2><\/h2>\n<h2><strong><b>Kontaktieren Sie uns jetzt!<\/b><\/strong><\/h2>\n<h4><strong><b>Wenn Sie COA, MSDS oder TDS ben\u00f6tigen, geben Sie bitte Ihre Kontaktinformationen in das untenstehende Formular ein. Wir werden uns in der Regel innerhalb von 24 Stunden mit Ihnen in Verbindung setzen. Sie k\u00f6nnen mir auch eine E-Mail schicken <span style=\"color: #0000ff;\"><a style=\"color: #0000ff;\" href=\"mailto:info@longchangchemical.com\">info@longchangchemical.com<\/a><\/span> w\u00e4hrend der Gesch\u00e4ftszeiten ( 8:30 bis 18:00 Uhr UTC+8 Mo.~Sa. ) oder nutzen Sie den Live-Chat auf der Website, um eine schnelle Antwort zu erhalten.<\/b><\/strong><\/h4>\n<p>&nbsp;<\/p>","protected":false},"excerpt":{"rendered":"<h1>Isopropylpalmitat CAS 142-91-6<\/h1>\n<h4>Chemische Bezeichnung: Isopropylpalmitat;<\/h4>\n<h4>Andere Bezeichnung: Palmitins\u00e4ureisopropylester; Isopropylhexadecanoat<\/h4>\n<h4>CAS-Nr.: 142-91-6<\/h4>\n<h4>Molekulare Formel: C19H38O2<\/h4>\n<h4>Isopropylpalmitat Struktur:<\/h4>\n<p><img decoding=\"async\" class=\"size-medium wp-image-3395\" src=\"https:\/\/longchangchemical.com\/wp-content\/uploads\/2020\/11\/Isopropyl-Palmitate-Structure-300x45.png\" alt=\"Isopropylpalmitat Struktur\" width=\"300\" height=\"45\" srcset=\"https:\/\/longchangchemical.com\/wp-content\/uploads\/2020\/11\/Isopropyl-Palmitate-Structure-300x45.png 300w, https:\/\/longchangchemical.com\/wp-content\/uploads\/2020\/11\/Isopropyl-Palmitate-Structure.png 384w\" sizes=\"(max-width: 300px) 100vw, 300px\" \/><\/p>\n<h4>Molekulargewicht: 298,5<\/h4>\n<h4>\u00c4u\u00dferes Erscheinungsbild: Farblose oder gelbliche \u00f6lige Fl\u00fcssigkeit.<\/h4>\n<h4>Assay:98%<\/h4>","protected":false},"featured_media":3396,"comment_status":"open","ping_status":"closed","template":"","meta":[],"product_brand":[],"product_cat":[103],"product_tag":[],"class_list":{"0":"post-3394","1":"product","2":"type-product","3":"status-publish","4":"has-post-thumbnail","6":"product_cat-cosmetic-additives","8":"first","9":"instock","10":"shipping-taxable","11":"product-type-simple"},"yoast_head":"<!-- This site is optimized with the Yoast SEO plugin v25.3.1 - https:\/\/yoast.com\/wordpress\/plugins\/seo\/ -->\n<title>China Isopropyl palmitate CAS 142-91-6 manufacturer and supplier - Longchang Chemical<\/title>\n<meta name=\"description\" content=\"Longchang Chemical is a leading manufacturer and supplier of Isopropyl palmitate CAS 142-91-6 in China. Buy Isopropyl palmitate CAS 142-91-6 in china. We can provide the best Isopropyl palmitate price. Other Names: palmitic acid isopropyl ester; Isopropyl hexadecanoate\" \/>\n<meta name=\"robots\" content=\"index, follow, max-snippet:-1, max-image-preview:large, max-video-preview:-1\" \/>\n<link rel=\"canonical\" href=\"https:\/\/longchangchemical.com\/de\/product\/isopropyl-palmitate-cas-142-91-6\/\" \/>\n<meta property=\"og:locale\" content=\"de_DE\" \/>\n<meta property=\"og:type\" content=\"article\" \/>\n<meta property=\"og:title\" content=\"China Isopropyl palmitate CAS 142-91-6 manufacturer and supplier - Longchang Chemical\" \/>\n<meta property=\"og:description\" content=\"Longchang Chemical is a leading manufacturer and supplier of Isopropyl palmitate CAS 142-91-6 in China. Buy Isopropyl palmitate CAS 142-91-6 in china. We can provide the best Isopropyl palmitate price. Other Names: palmitic acid isopropyl ester; Isopropyl hexadecanoate\" \/>\n<meta property=\"og:url\" content=\"https:\/\/longchangchemical.com\/de\/product\/isopropyl-palmitate-cas-142-91-6\/\" \/>\n<meta property=\"og:site_name\" content=\"Longchang Chemical\" \/>\n<meta property=\"article:modified_time\" content=\"2025-12-23T03:46:32+00:00\" \/>\n<meta property=\"og:image\" content=\"https:\/\/longchangchemical.com\/wp-content\/uploads\/2020\/11\/Isopropyl-Palmitate-Appearance.jpg\" \/>\n\t<meta property=\"og:image:width\" content=\"600\" \/>\n\t<meta property=\"og:image:height\" content=\"800\" \/>\n\t<meta property=\"og:image:type\" content=\"image\/jpeg\" \/>\n<meta name=\"twitter:card\" content=\"summary_large_image\" \/>\n<script type=\"application\/ld+json\" class=\"yoast-schema-graph\">{\"@context\":\"https:\/\/schema.org\",\"@graph\":[{\"@type\":\"WebPage\",\"@id\":\"https:\/\/longchangchemical.com\/product\/isopropyl-palmitate-cas-142-91-6\/\",\"url\":\"https:\/\/longchangchemical.com\/product\/isopropyl-palmitate-cas-142-91-6\/\",\"name\":\"China Isopropyl palmitate CAS 142-91-6 manufacturer and supplier - Longchang Chemical\",\"isPartOf\":{\"@id\":\"https:\/\/longchangchemical.com\/#website\"},\"primaryImageOfPage\":{\"@id\":\"https:\/\/longchangchemical.com\/product\/isopropyl-palmitate-cas-142-91-6\/#primaryimage\"},\"image\":{\"@id\":\"https:\/\/longchangchemical.com\/product\/isopropyl-palmitate-cas-142-91-6\/#primaryimage\"},\"thumbnailUrl\":\"https:\/\/longchangchemical.com\/wp-content\/uploads\/2020\/11\/Isopropyl-Palmitate-Appearance.jpg\",\"datePublished\":\"2020-11-04T01:59:19+00:00\",\"dateModified\":\"2025-12-23T03:46:32+00:00\",\"description\":\"Longchang Chemical is a leading manufacturer and supplier of Isopropyl palmitate CAS 142-91-6 in China. Buy Isopropyl palmitate CAS 142-91-6 in china. We can provide the best Isopropyl palmitate price. Other Names: palmitic acid isopropyl ester; Isopropyl hexadecanoate\",\"breadcrumb\":{\"@id\":\"https:\/\/longchangchemical.com\/product\/isopropyl-palmitate-cas-142-91-6\/#breadcrumb\"},\"inLanguage\":\"de\",\"potentialAction\":[{\"@type\":\"ReadAction\",\"target\":[\"https:\/\/longchangchemical.com\/product\/isopropyl-palmitate-cas-142-91-6\/\"]}]},{\"@type\":\"ImageObject\",\"inLanguage\":\"de\",\"@id\":\"https:\/\/longchangchemical.com\/product\/isopropyl-palmitate-cas-142-91-6\/#primaryimage\",\"url\":\"https:\/\/longchangchemical.com\/wp-content\/uploads\/2020\/11\/Isopropyl-Palmitate-Appearance.jpg\",\"contentUrl\":\"https:\/\/longchangchemical.com\/wp-content\/uploads\/2020\/11\/Isopropyl-Palmitate-Appearance.jpg\",\"width\":600,\"height\":800,\"caption\":\"Isopropyl Palmitate Appearance\"},{\"@type\":\"BreadcrumbList\",\"@id\":\"https:\/\/longchangchemical.com\/product\/isopropyl-palmitate-cas-142-91-6\/#breadcrumb\",\"itemListElement\":[{\"@type\":\"ListItem\",\"position\":1,\"name\":\"Home\",\"item\":\"https:\/\/longchangchemical.com\/\"},{\"@type\":\"ListItem\",\"position\":2,\"name\":\"Products Longchang\",\"item\":\"https:\/\/longchangchemical.com\/product\/\"},{\"@type\":\"ListItem\",\"position\":3,\"name\":\"IPP \/ Isopropyl palmitate CAS 142-91-6\"}]},{\"@type\":\"WebSite\",\"@id\":\"https:\/\/longchangchemical.com\/#website\",\"url\":\"https:\/\/longchangchemical.com\/\",\"name\":\"Longchang Chemical\",\"description\":\"China chemical manufacturer \uff06 supplier\",\"publisher\":{\"@id\":\"https:\/\/longchangchemical.com\/#organization\"},\"potentialAction\":[{\"@type\":\"SearchAction\",\"target\":{\"@type\":\"EntryPoint\",\"urlTemplate\":\"https:\/\/longchangchemical.com\/?s={search_term_string}\"},\"query-input\":{\"@type\":\"PropertyValueSpecification\",\"valueRequired\":true,\"valueName\":\"search_term_string\"}}],\"inLanguage\":\"de\"},{\"@type\":\"Organization\",\"@id\":\"https:\/\/longchangchemical.com\/#organization\",\"name\":\"Longchang Chemical\",\"url\":\"https:\/\/longchangchemical.com\/\",\"logo\":{\"@type\":\"ImageObject\",\"inLanguage\":\"de\",\"@id\":\"https:\/\/longchangchemical.com\/#\/schema\/logo\/image\/\",\"url\":\"https:\/\/longchangchemical.com\/wp-content\/uploads\/2020\/08\/cropped-longchang-logo.png\",\"contentUrl\":\"https:\/\/longchangchemical.com\/wp-content\/uploads\/2020\/08\/cropped-longchang-logo.png\",\"width\":512,\"height\":512,\"caption\":\"Longchang Chemical\"},\"image\":{\"@id\":\"https:\/\/longchangchemical.com\/#\/schema\/logo\/image\/\"}}]}<\/script>\n<!-- \/ Yoast SEO plugin. -->","yoast_head_json":{"title":"China Isopropylpalmitat CAS 142-91-6 Hersteller und Lieferant - Longchang Chemical","description":"Longchang Chemical ist ein f\u00fchrender Hersteller und Lieferant von Isopropylpalmitat CAS 142-91-6 in China. Kaufen Sie Isopropylpalmitat CAS 142-91-6 in China. Wir k\u00f6nnen die besten Isopropylpalmitat Preis bieten. Andere Namen: Palmitins\u00e4ure Isopropylester; Isopropyl Hexadecanoat","robots":{"index":"index","follow":"follow","max-snippet":"max-snippet:-1","max-image-preview":"max-image-preview:large","max-video-preview":"max-video-preview:-1"},"canonical":"https:\/\/longchangchemical.com\/de\/product\/isopropyl-palmitate-cas-142-91-6\/","og_locale":"de_DE","og_type":"article","og_title":"China Isopropyl palmitate CAS 142-91-6 manufacturer and supplier - Longchang Chemical","og_description":"Longchang Chemical is a leading manufacturer and supplier of Isopropyl palmitate CAS 142-91-6 in China. Buy Isopropyl palmitate CAS 142-91-6 in china. We can provide the best Isopropyl palmitate price. Other Names: palmitic acid isopropyl ester; Isopropyl hexadecanoate","og_url":"https:\/\/longchangchemical.com\/de\/product\/isopropyl-palmitate-cas-142-91-6\/","og_site_name":"Longchang Chemical","article_modified_time":"2025-12-23T03:46:32+00:00","og_image":[{"width":600,"height":800,"url":"https:\/\/longchangchemical.com\/wp-content\/uploads\/2020\/11\/Isopropyl-Palmitate-Appearance.jpg","type":"image\/jpeg"}],"twitter_card":"summary_large_image","schema":{"@context":"https:\/\/schema.org","@graph":[{"@type":"WebPage","@id":"https:\/\/longchangchemical.com\/product\/isopropyl-palmitate-cas-142-91-6\/","url":"https:\/\/longchangchemical.com\/product\/isopropyl-palmitate-cas-142-91-6\/","name":"China Isopropylpalmitat CAS 142-91-6 Hersteller und Lieferant - Longchang Chemical","isPartOf":{"@id":"https:\/\/longchangchemical.com\/#website"},"primaryImageOfPage":{"@id":"https:\/\/longchangchemical.com\/product\/isopropyl-palmitate-cas-142-91-6\/#primaryimage"},"image":{"@id":"https:\/\/longchangchemical.com\/product\/isopropyl-palmitate-cas-142-91-6\/#primaryimage"},"thumbnailUrl":"https:\/\/longchangchemical.com\/wp-content\/uploads\/2020\/11\/Isopropyl-Palmitate-Appearance.jpg","datePublished":"2020-11-04T01:59:19+00:00","dateModified":"2025-12-23T03:46:32+00:00","description":"Longchang Chemical ist ein f\u00fchrender Hersteller und Lieferant von Isopropylpalmitat CAS 142-91-6 in China. Kaufen Sie Isopropylpalmitat CAS 142-91-6 in China. Wir k\u00f6nnen die besten Isopropylpalmitat Preis bieten. Andere Namen: Palmitins\u00e4ure Isopropylester; Isopropyl Hexadecanoat","breadcrumb":{"@id":"https:\/\/longchangchemical.com\/product\/isopropyl-palmitate-cas-142-91-6\/#breadcrumb"},"inLanguage":"de","potentialAction":[{"@type":"ReadAction","target":["https:\/\/longchangchemical.com\/product\/isopropyl-palmitate-cas-142-91-6\/"]}]},{"@type":"ImageObject","inLanguage":"de","@id":"https:\/\/longchangchemical.com\/product\/isopropyl-palmitate-cas-142-91-6\/#primaryimage","url":"https:\/\/longchangchemical.com\/wp-content\/uploads\/2020\/11\/Isopropyl-Palmitate-Appearance.jpg","contentUrl":"https:\/\/longchangchemical.com\/wp-content\/uploads\/2020\/11\/Isopropyl-Palmitate-Appearance.jpg","width":600,"height":800,"caption":"Isopropyl Palmitate Appearance"},{"@type":"BreadcrumbList","@id":"https:\/\/longchangchemical.com\/product\/isopropyl-palmitate-cas-142-91-6\/#breadcrumb","itemListElement":[{"@type":"ListItem","position":1,"name":"Home","item":"https:\/\/longchangchemical.com\/"},{"@type":"ListItem","position":2,"name":"Products Longchang","item":"https:\/\/longchangchemical.com\/product\/"},{"@type":"ListItem","position":3,"name":"IPP \/ Isopropyl palmitate CAS 142-91-6"}]},{"@type":"WebSite","@id":"https:\/\/longchangchemical.com\/#website","url":"https:\/\/longchangchemical.com\/","name":"Longchang Chemical","description":"China Hersteller von Chemikalien \uff06 Lieferant","publisher":{"@id":"https:\/\/longchangchemical.com\/#organization"},"potentialAction":[{"@type":"SearchAction","target":{"@type":"EntryPoint","urlTemplate":"https:\/\/longchangchemical.com\/?s={search_term_string}"},"query-input":{"@type":"PropertyValueSpecification","valueRequired":true,"valueName":"search_term_string"}}],"inLanguage":"de"},{"@type":"Organization","@id":"https:\/\/longchangchemical.com\/#organization","name":"Longchang Chemical","url":"https:\/\/longchangchemical.com\/","logo":{"@type":"ImageObject","inLanguage":"de","@id":"https:\/\/longchangchemical.com\/#\/schema\/logo\/image\/","url":"https:\/\/longchangchemical.com\/wp-content\/uploads\/2020\/08\/cropped-longchang-logo.png","contentUrl":"https:\/\/longchangchemical.com\/wp-content\/uploads\/2020\/08\/cropped-longchang-logo.png","width":512,"height":512,"caption":"Longchang Chemical"},"image":{"@id":"https:\/\/longchangchemical.com\/#\/schema\/logo\/image\/"}}]}},"_links":{"self":[{"href":"https:\/\/longchangchemical.com\/de\/wp-json\/wp\/v2\/product\/3394","targetHints":{"allow":["GET"]}}],"collection":[{"href":"https:\/\/longchangchemical.com\/de\/wp-json\/wp\/v2\/product"}],"about":[{"href":"https:\/\/longchangchemical.com\/de\/wp-json\/wp\/v2\/types\/product"}],"replies":[{"embeddable":true,"href":"https:\/\/longchangchemical.com\/de\/wp-json\/wp\/v2\/comments?post=3394"}],"wp:featuredmedia":[{"embeddable":true,"href":"https:\/\/longchangchemical.com\/de\/wp-json\/wp\/v2\/media\/3396"}],"wp:attachment":[{"href":"https:\/\/longchangchemical.com\/de\/wp-json\/wp\/v2\/media?parent=3394"}],"wp:term":[{"taxonomy":"product_brand","embeddable":true,"href":"https:\/\/longchangchemical.com\/de\/wp-json\/wp\/v2\/product_brand?post=3394"},{"taxonomy":"product_cat","embeddable":true,"href":"https:\/\/longchangchemical.com\/de\/wp-json\/wp\/v2\/product_cat?post=3394"},{"taxonomy":"product_tag","embeddable":true,"href":"https:\/\/longchangchemical.com\/de\/wp-json\/wp\/v2\/product_tag?post=3394"}],"curies":[{"name":"wp","href":"https:\/\/api.w.org\/{rel}","templated":true}]}}