{"id":3384,"date":"2020-10-24T06:34:00","date_gmt":"2020-10-24T06:34:00","guid":{"rendered":"https:\/\/longchangchemical.com\/?post_type=product&#038;p=3384"},"modified":"2025-12-23T03:34:58","modified_gmt":"2025-12-23T03:34:58","slug":"allantoin-cas-97-59-6","status":"publish","type":"product","link":"https:\/\/longchangchemical.com\/de\/product\/allantoin-cas-97-59-6\/","title":{"rendered":"Allantoin cas 97-59-6"},"content":{"rendered":"<h2><strong>Allantoin Typische Eigenschaften<\/strong><\/h2>\n<table class=\"table-1\">\n<tbody>\n<tr>\n<td>\n<h4>Artikel<\/h4>\n<\/td>\n<td>\n<h4>Spezifikationen<\/h4>\n<\/td>\n<\/tr>\n<tr>\n<td>\n<h4>Erscheinungsbild<\/h4>\n<\/td>\n<td>\n<h4>Wei\u00dfes kristallines Pulver<\/h4>\n<\/td>\n<\/tr>\n<tr>\n<td>\n<h4>Reinheit<\/h4>\n<\/td>\n<td>\n<h4>98.5%-101%<\/h4>\n<\/td>\n<\/tr>\n<tr>\n<td>\n<h4>Schmelzpunkt<\/h4>\n<\/td>\n<td>\n<h4>225,0\u2103min<\/h4>\n<\/td>\n<\/tr>\n<tr>\n<td>\n<h4>DH(0,5% Wasserl\u00f6sung)<\/h4>\n<\/td>\n<td>\n<h4>4.0-6.5<\/h4>\n<\/td>\n<\/tr>\n<tr>\n<td>\n<h4>Trocknung bei Verlust<\/h4>\n<\/td>\n<td>\n<h4>0,5max<\/h4>\n<\/td>\n<\/tr>\n<\/tbody>\n<\/table>\n<h2><strong>Anwendung von Allantoin<\/strong><\/h2>\n<h3><strong>1. Anwendung im medizinischen Bereich<\/strong><\/h3>\n<h4>Allantoin ist ein Harnstoffhydantoin, und die pathologische Beobachtung der Wirkung von Harnstoff auf die Haut zeigt, dass die wichtigsten Ver\u00e4nderungen die Degeneration der Hornschicht, regionale Keratinschwellungen und -verdickungen, \u00d6deme und Risse in den epidermalen Stachelzellen und leichte dermale Kollagenfasern sind. Der Grad der Degeneration deutet darauf hin, dass das Stratum corneum aufgel\u00f6st und denaturiert wird und die Hautfeuchtigkeit zunimmt. Die Wasseraufnahmef\u00e4higkeit des epidermalen Stratum corneum beruht haupts\u00e4chlich auf der elektronendichten Zementmatrix ohne Keratin, die die Keratinozyten miteinander verbindet, und das Keratin selbst hat nur geringe Auswirkungen auf die gesamte Feuchtigkeit der Haut.<\/h4>\n<h4>Allantoin spendet der Haut Feuchtigkeit, weil es die Hydratationskapazit\u00e4t der Bindungsmatrix erh\u00f6hen und f\u00f6rdern kann. Es kann auch auf Keratin einwirken, um dessen F\u00e4higkeit, Wasser zu binden, zu erh\u00f6hen, wodurch die Haut glatt, feucht und flexibel wird. In der Papierschicht-Analysemethode zur Untersuchung von Allantoin und Aluminiumhydroxyallantoins\u00e4urechlorid in vitro Experimenten wurde festgestellt, dass sie das normale und pathologische Stratum corneum entspannen, leicht l\u00f6sliches Nicht-Keratin-Wasser und mehr freie Aminos\u00e4uren freisetzen k\u00f6nnen. Der Harnstoffanteil von Allantoin hat auch eine antimykotische und antibakterielle Wirkung. In der Literatur wird berichtet, dass 2%, 5% und 10% des Harnstoffs gipsartige Ringelflechte und Epidermophyton flocculent in der R\u00f6hre hemmen k\u00f6nnen; experimentelle Beobachtungen der flachen Scheibenmethode zeigen, dass 10%-60% des Harnstoffs das Wachstum von Staphylococcus aureus, E. coli und Pseudomonas aeruginosa hemmen k\u00f6nnen. Der Hydantoinanteil von Allantoin \u00e4hnelt dem Barbiturat (Barbiturits\u00e4ure) und hat analgetische, an\u00e4sthetische und reizlindernde Wirkungen. Da es die Haut beruhigen kann, indem es Reizstoffe neutralisiert und entgiftet, wird ihm eine reizlindernde und narkotische Wirkung zugeschrieben. Allantoin ist auch ein Derivat der Harns\u00e4ure. Experimente und klinische Studien haben gezeigt, dass es keratolytisch, hydratisierend, bet\u00e4ubend, schmerzlindernd, reizlindernd, das Epithelwachstum f\u00f6rdernd, entz\u00fcndungshemmend und antibakteriell wirkt. Im Jahr 1937 setzte Kaplan Allantoin zur Behandlung chronischer chirurgischer Geschw\u00fcre ein und stellte fest, dass es erhebliche Auswirkungen auf nekrotisches Gewebe hat und das Wachstum von Granulationsgewebe und die Wundheilung f\u00f6rdert. 1962 setzten Cahen und seine Kollegen erstmals Allantoin-Hydroxyaluminiumsalz zur Behandlung von Magengeschw\u00fcren bei Versuchstieren ein und erzielten signifikante Wirkungen. Sp\u00e4ter gab es viele Berichte \u00fcber zufriedenstellende klinische Wirkungen in Europa und Amerika, insbesondere in Japan. Im Jahr 1976 hatten die in meinem Land neu entwickelten Allantoin-Tabletten eine gute heilende Wirkung bei Magen- und Zw\u00f6lffingerdarmgeschw\u00fcren.<\/h4>\n<h4>Derzeit ist Allantoin in der klinischen Dermatologie als topisches Pr\u00e4parat weit verbreitet und bietet neue Behandlungsm\u00f6glichkeiten f\u00fcr rissige H\u00e4nde und F\u00fc\u00dfe, Ichthyose, Schuppenflechte, verschiedene keratotische Hautkrankheiten, die Erweiterung und Reinigung von Wunden und Magengeschw\u00fcren. Wirksame Wege. Wenn 2%-Allantoin zur Behandlung von Keratosis follicularis, Palmoplantarkeratoderma und exfoliativer Keratolyse verwendet wird, ist seine heilende Wirkung besser als 30%-Harnstoff. Unter Verwendung von 1%-Allantoin-Creme und 6101-Creme (einfache Creme) als Kontrolle wurden 46 F\u00e4lle von Ichthyose und keratotischen Hauterkrankungen behandelt, und es wurde festgestellt, dass 1%-Allantoin-Creme signifikant besser war als 6101-Creme, w\u00e4hrend 0,1%-Vitamin-Ameisens\u00e4ure-Creme oder -Salbe bei Ichthyose nicht wirksam ist. Einem japanischen Patentbericht zufolge wird Allantoin als wichtiger Bestandteil bei der Behandlung von Diabetes, Leberzirrhose und Krebs eingesetzt und kann auch zur Behandlung von Osteomyelitis verwendet werden.<\/h4>\n<h3><strong>2. Anwendung in der chemischen Leichtindustrie<\/strong><\/h3>\n<h4>Allantoin ist ein ungiftiger, geruchloser und nicht reizender wei\u00dfer Kristall. Es ist ein hochwertiger Kosmetikrohstoff. Es kann direkt als Zusatzstoff f\u00fcr hochwertige Kosmetika und andere chemische Zusatzstoffe des t\u00e4glichen Bedarfs (wie Zahnpasta, Shampoo, Seife usw.) verwendet werden. Es wirkt feuchtigkeitsspendend, gewebesch\u00fctzend, hydrophil, wasserabsorbierend und verhindert Wasserverluste. Dar\u00fcber hinaus hat es eine sch\u00fctzende Wirkung auf das Haar, so dass das Haar nicht spaltet und weiter w\u00e4chst. Es kann die Haut und die Lippen weich, elastisch und gl\u00e4nzend machen und ist im Ausland weit verbreitet. Da Allantoin selbst eine amphotere Verbindung ist, kann es sich mit einer Vielzahl von Stoffen zu Metallsalzen und Additionsverbindungen verbinden, und die von ihm gebildeten chemischen Kombinationsadditionsprodukte zerst\u00f6ren die urspr\u00fcnglichen Funktionen der einzelnen Komponenten nicht. Zum Beispiel wird Allantoin mit 5% Para-Aminobenzoes\u00e4ure (PABA) kombiniert. Da PABA selbst mit dem Stratum corneum synthetisiert werden kann, wird seine Wirkung durch Baden und Schwitzen nicht geschw\u00e4cht. Wenn es mit Methylketon gemischt wird, kann es auch PABA reduzieren. Es hat die Funktion, erythemwirksame ultraviolette Strahlen mit einer Wellenl\u00e4nge von 2800\uff5e3200 im Sonnenlicht zu absorbieren und zu filtern. Es ist eines der sch\u00fctzendsten und am h\u00e4ufigsten verwendeten Sonnenschutzmittel gegen Sonnenbrand im ultravioletten Bereich. Er hat eine gute vorbeugende Wirkung. Die Wirkung von Hautkrebs, der durch ultraviolette Strahlen verursacht wird.<\/h4>\n<h4>Allantoin-Derivate k\u00f6nnen in verschiedenen Lotionen, Pulvern, w\u00e4ssrigen L\u00f6sungen und Tinkturen formuliert werden, die sehr beliebt sind. Zum Beispiel Alpolygal-Staubpulver, das entgiftend, hautgl\u00e4ttend, entz\u00fcndungshemmend und antibakteriell wirkt. Das Shampoo kann Reizungen entgegenwirken, die Schuppenbildung der Kopfhaut verringern und das Haar weich machen. Ein weiteres Beispiel ist Alcloxa, aluminiumchlorierte Hydroxyallantoins\u00e4ure, die zu einer 0,2%- bis 0,5%-Tinktur verarbeitet werden kann, die als adstringierendes Parf\u00fcm, Rasierwasser, Deodorant, Reinigungslotion usw. formuliert werden kann. Es gibt keine Berichte \u00fcber Hautreizungen, Lichtempfindlichkeit, allergische Reaktionen und andere Nebenwirkungen von Allantoin und seinen Derivaten bei in- und ausl\u00e4ndischen Anwendungen, und es ist sicher f\u00fcr die \u00e4u\u00dfere Anwendung. Als wichtiger Bestandteil von Sch\u00f6nheitskosmetika findet es immer mehr Beachtung und hat weitreichende Perspektiven.<\/h4>\n<h3><strong>3. Anwendung in der Landwirtschaft<\/strong><\/h3>\n<h4>Allantoin ist ein Pflanzenwachstumsregulator, der die Produktion von Weizen, Orangen, Reis, Gem\u00fcse und Sojabohnen steigern kann und eine festigende und reifende Wirkung hat. Gleichzeitig ist es die Grundlage f\u00fcr die Entwicklung verschiedener Mehrn\u00e4hrstoffd\u00fcnger, Mikrod\u00fcnger, Langzeitd\u00fcnger und eines wichtigen Rohstoffs f\u00fcr Seltenerdd\u00fcnger. Nach den einschl\u00e4gigen Informationen werden Sojabohnen w\u00e4hrend des Wachstumsprozesses in vegetatives und reproduktives Wachstum unterteilt. Beim so genannten vegetativen Wachstum wird Stickstoff aus gew\u00f6hnlichen Stickstoffd\u00fcngern aufgenommen, um das Wachstum von St\u00e4ngeln und Bl\u00e4ttern zu f\u00f6rdern; beim so genannten reproduktiven Wachstum wird der Stickstoff in der Luft durch das Stickstofffixierungssystem der Kn\u00f6llchen reduziert und den Pflanzen in Form von gew\u00f6hnlichem Stickstoff zugef\u00fchrt, um Bl\u00fcte und H\u00fclse zu f\u00f6rdern und einen hohen Ertrag zu erzielen. Wenn jedoch zu viel reduzierter Stickstoff vorhanden ist, produziert die Sojabohne eine organische Stickstoffverbindung namens Allantoin, um den reduzierten Stickstoff effektiv zu speichern.<\/h4>\n<h4>Allantoin wird in der Zeit der \u00fcppigen St\u00e4ngel und Bl\u00e4tter kaum genutzt, sondern gelangt in die Sojabohnenschoten, die dringend viel Stickstoff ben\u00f6tigen, und wird dort abgebaut und zur effektiven Bildung des Proteins in den Sojabohnensamen verwendet. Obwohl Allantoin eine entscheidende Rolle bei der Steigerung der Sojabohnenproduktion spielt, ist sein Gehalt in den Pflanzen sehr gering. Es ist unm\u00f6glich, die Konzentration von Allantoin, das von der Pflanze selbst produziert wird, k\u00fcnstlich zu kontrollieren. Daher wird sie w\u00e4hrend der Bl\u00fctezeit der Sojabohnen erreicht. Das Bespr\u00fchen von Allantoin w\u00e4hrend der Reifezeit deckt den Bedarf des reproduktiven Wachstums der Sojabohnen und spielt die Rolle des reproduktiven Auxins, so dass das Ziel der Steigerung der Sojabohnenproduktion erreicht wird. Wenn es gelingt, die Produktion zu steigern, wird es eine ansehnliche Zahl sein, die f\u00fcr die industrielle und landwirtschaftliche Produktion, das Leben der Menschen und den Au\u00dfenhandel von gro\u00dfer Bedeutung ist.<\/h4>\n<h2><strong>AllantoinVerpackung und Versand<\/strong><\/h2>\n<h4>25kg\/Fass<\/h4>\n<h2><strong>Lagerung von Allantoin<\/strong><\/h2>\n<h4>Niedrige Temperatur, trocken, direkte Sonneneinstrahlung vermeiden.<\/h4>\n<h2><strong>Kontaktieren Sie uns jetzt!<\/strong><\/h2>\n<h4>Wir akzeptieren kundenspezifische Dienstleistungen, wir werden Sie in der Regel innerhalb von 24 Stunden kontaktieren. Sie k\u00f6nnen auch eine E-Mail an info@longchangchemical.com w\u00e4hrend der Arbeitszeiten (8:30 bis 18:00 Uhr UTC+8 Mo.~Sa.) senden oder den Live-Chat der Website nutzen, um eine schnelle Antwort zu erhalten.<\/h4>","protected":false},"excerpt":{"rendered":"<h1><strong>Allantoin CAS 97-59-6<\/strong><\/h1>\n<h4>Chemische Bezeichnung: Allantoin<\/h4>\n<h4>CAS-Nr.: 97-59-6<\/h4>\n<h4>Molekulare Formel: C4H6N4O3<\/h4>\n<h4>Chemische Struktur:<img decoding=\"async\" title=\"bild.png\" src=\"https:\/\/www.longchangchemical.com\/wp-content\/uploads\/product-details\/20200617233976.png\" alt=\"bild.png\" \/><\/h4>\n<h4>Molekulargewicht:158.12<\/h4>\n<h4>Erscheinungsbild: Wei\u00dfes kristallines Pulver<\/h4>\n<h4>Assay\uff1a98.5%-101%<\/h4>","protected":false},"featured_media":3385,"comment_status":"open","ping_status":"closed","template":"","meta":[],"product_brand":[],"product_cat":[103],"product_tag":[],"class_list":{"0":"post-3384","1":"product","2":"type-product","3":"status-publish","4":"has-post-thumbnail","6":"product_cat-cosmetic-additives","8":"first","9":"instock","10":"shipping-taxable","11":"product-type-simple"},"yoast_head":"<!-- This site is optimized with the Yoast SEO plugin v25.3.1 - https:\/\/yoast.com\/wordpress\/plugins\/seo\/ -->\n<title>China Allantoin cas 97-59-6 manufacturer and supplier - Longchang Chemical<\/title>\n<meta name=\"description\" content=\"Longchang Chemical is a leading manufacturer and supplier of Allantoin cas 97-59-6 in China. Buy Allantoin cas 97-59-6 in china. We can provide the best Allantoin price.\" \/>\n<meta name=\"robots\" content=\"index, follow, max-snippet:-1, max-image-preview:large, max-video-preview:-1\" \/>\n<link rel=\"canonical\" href=\"https:\/\/longchangchemical.com\/de\/product\/allantoin-cas-97-59-6\/\" \/>\n<meta property=\"og:locale\" content=\"de_DE\" \/>\n<meta property=\"og:type\" content=\"article\" \/>\n<meta property=\"og:title\" content=\"China Allantoin cas 97-59-6 manufacturer and supplier - Longchang Chemical\" \/>\n<meta property=\"og:description\" content=\"Longchang Chemical is a leading manufacturer and supplier of Allantoin cas 97-59-6 in China. Buy Allantoin cas 97-59-6 in china. We can provide the best Allantoin price.\" \/>\n<meta property=\"og:url\" content=\"https:\/\/longchangchemical.com\/de\/product\/allantoin-cas-97-59-6\/\" \/>\n<meta property=\"og:site_name\" content=\"Longchang Chemical\" \/>\n<meta property=\"article:modified_time\" content=\"2025-12-23T03:34:58+00:00\" \/>\n<meta property=\"og:image\" content=\"https:\/\/longchangchemical.com\/wp-content\/uploads\/2020\/10\/Appearnce.jpg\" \/>\n\t<meta property=\"og:image:width\" content=\"600\" \/>\n\t<meta property=\"og:image:height\" content=\"800\" \/>\n\t<meta property=\"og:image:type\" content=\"image\/jpeg\" \/>\n<meta name=\"twitter:card\" content=\"summary_large_image\" \/>\n<script type=\"application\/ld+json\" class=\"yoast-schema-graph\">{\"@context\":\"https:\/\/schema.org\",\"@graph\":[{\"@type\":\"WebPage\",\"@id\":\"https:\/\/longchangchemical.com\/product\/allantoin-cas-97-59-6\/\",\"url\":\"https:\/\/longchangchemical.com\/product\/allantoin-cas-97-59-6\/\",\"name\":\"China Allantoin cas 97-59-6 manufacturer and supplier - Longchang Chemical\",\"isPartOf\":{\"@id\":\"https:\/\/longchangchemical.com\/#website\"},\"primaryImageOfPage\":{\"@id\":\"https:\/\/longchangchemical.com\/product\/allantoin-cas-97-59-6\/#primaryimage\"},\"image\":{\"@id\":\"https:\/\/longchangchemical.com\/product\/allantoin-cas-97-59-6\/#primaryimage\"},\"thumbnailUrl\":\"https:\/\/longchangchemical.com\/wp-content\/uploads\/2020\/10\/Appearnce.jpg\",\"datePublished\":\"2020-10-24T06:34:00+00:00\",\"dateModified\":\"2025-12-23T03:34:58+00:00\",\"description\":\"Longchang Chemical is a leading manufacturer and supplier of Allantoin cas 97-59-6 in China. Buy Allantoin cas 97-59-6 in china. We can provide the best Allantoin price.\",\"breadcrumb\":{\"@id\":\"https:\/\/longchangchemical.com\/product\/allantoin-cas-97-59-6\/#breadcrumb\"},\"inLanguage\":\"de\",\"potentialAction\":[{\"@type\":\"ReadAction\",\"target\":[\"https:\/\/longchangchemical.com\/product\/allantoin-cas-97-59-6\/\"]}]},{\"@type\":\"ImageObject\",\"inLanguage\":\"de\",\"@id\":\"https:\/\/longchangchemical.com\/product\/allantoin-cas-97-59-6\/#primaryimage\",\"url\":\"https:\/\/longchangchemical.com\/wp-content\/uploads\/2020\/10\/Appearnce.jpg\",\"contentUrl\":\"https:\/\/longchangchemical.com\/wp-content\/uploads\/2020\/10\/Appearnce.jpg\",\"width\":600,\"height\":800,\"caption\":\"Allantoin Appearance\"},{\"@type\":\"BreadcrumbList\",\"@id\":\"https:\/\/longchangchemical.com\/product\/allantoin-cas-97-59-6\/#breadcrumb\",\"itemListElement\":[{\"@type\":\"ListItem\",\"position\":1,\"name\":\"Home\",\"item\":\"https:\/\/longchangchemical.com\/\"},{\"@type\":\"ListItem\",\"position\":2,\"name\":\"Products Longchang\",\"item\":\"https:\/\/longchangchemical.com\/product\/\"},{\"@type\":\"ListItem\",\"position\":3,\"name\":\"Allantoin cas 97-59-6\"}]},{\"@type\":\"WebSite\",\"@id\":\"https:\/\/longchangchemical.com\/#website\",\"url\":\"https:\/\/longchangchemical.com\/\",\"name\":\"Longchang Chemical\",\"description\":\"China chemical manufacturer \uff06 supplier\",\"publisher\":{\"@id\":\"https:\/\/longchangchemical.com\/#organization\"},\"potentialAction\":[{\"@type\":\"SearchAction\",\"target\":{\"@type\":\"EntryPoint\",\"urlTemplate\":\"https:\/\/longchangchemical.com\/?s={search_term_string}\"},\"query-input\":{\"@type\":\"PropertyValueSpecification\",\"valueRequired\":true,\"valueName\":\"search_term_string\"}}],\"inLanguage\":\"de\"},{\"@type\":\"Organization\",\"@id\":\"https:\/\/longchangchemical.com\/#organization\",\"name\":\"Longchang Chemical\",\"url\":\"https:\/\/longchangchemical.com\/\",\"logo\":{\"@type\":\"ImageObject\",\"inLanguage\":\"de\",\"@id\":\"https:\/\/longchangchemical.com\/#\/schema\/logo\/image\/\",\"url\":\"https:\/\/longchangchemical.com\/wp-content\/uploads\/2020\/08\/cropped-longchang-logo.png\",\"contentUrl\":\"https:\/\/longchangchemical.com\/wp-content\/uploads\/2020\/08\/cropped-longchang-logo.png\",\"width\":512,\"height\":512,\"caption\":\"Longchang Chemical\"},\"image\":{\"@id\":\"https:\/\/longchangchemical.com\/#\/schema\/logo\/image\/\"}}]}<\/script>\n<!-- \/ Yoast SEO plugin. -->","yoast_head_json":{"title":"China Allantoin cas 97-59-6 Hersteller und Lieferant - Longchang Chemical","description":"Longchang Chemical ist ein f\u00fchrender Hersteller und Lieferant von Allantoin cas 97-59-6 in China. Kaufen Allantoin cas 97-59-6 in China. Wir k\u00f6nnen die besten Allantoin Preis bieten.","robots":{"index":"index","follow":"follow","max-snippet":"max-snippet:-1","max-image-preview":"max-image-preview:large","max-video-preview":"max-video-preview:-1"},"canonical":"https:\/\/longchangchemical.com\/de\/product\/allantoin-cas-97-59-6\/","og_locale":"de_DE","og_type":"article","og_title":"China Allantoin cas 97-59-6 manufacturer and supplier - Longchang Chemical","og_description":"Longchang Chemical is a leading manufacturer and supplier of Allantoin cas 97-59-6 in China. Buy Allantoin cas 97-59-6 in china. We can provide the best Allantoin price.","og_url":"https:\/\/longchangchemical.com\/de\/product\/allantoin-cas-97-59-6\/","og_site_name":"Longchang Chemical","article_modified_time":"2025-12-23T03:34:58+00:00","og_image":[{"width":600,"height":800,"url":"https:\/\/longchangchemical.com\/wp-content\/uploads\/2020\/10\/Appearnce.jpg","type":"image\/jpeg"}],"twitter_card":"summary_large_image","schema":{"@context":"https:\/\/schema.org","@graph":[{"@type":"WebPage","@id":"https:\/\/longchangchemical.com\/product\/allantoin-cas-97-59-6\/","url":"https:\/\/longchangchemical.com\/product\/allantoin-cas-97-59-6\/","name":"China Allantoin cas 97-59-6 Hersteller und Lieferant - Longchang Chemical","isPartOf":{"@id":"https:\/\/longchangchemical.com\/#website"},"primaryImageOfPage":{"@id":"https:\/\/longchangchemical.com\/product\/allantoin-cas-97-59-6\/#primaryimage"},"image":{"@id":"https:\/\/longchangchemical.com\/product\/allantoin-cas-97-59-6\/#primaryimage"},"thumbnailUrl":"https:\/\/longchangchemical.com\/wp-content\/uploads\/2020\/10\/Appearnce.jpg","datePublished":"2020-10-24T06:34:00+00:00","dateModified":"2025-12-23T03:34:58+00:00","description":"Longchang Chemical ist ein f\u00fchrender Hersteller und Lieferant von Allantoin cas 97-59-6 in China. Kaufen Allantoin cas 97-59-6 in China. Wir k\u00f6nnen die besten Allantoin Preis bieten.","breadcrumb":{"@id":"https:\/\/longchangchemical.com\/product\/allantoin-cas-97-59-6\/#breadcrumb"},"inLanguage":"de","potentialAction":[{"@type":"ReadAction","target":["https:\/\/longchangchemical.com\/product\/allantoin-cas-97-59-6\/"]}]},{"@type":"ImageObject","inLanguage":"de","@id":"https:\/\/longchangchemical.com\/product\/allantoin-cas-97-59-6\/#primaryimage","url":"https:\/\/longchangchemical.com\/wp-content\/uploads\/2020\/10\/Appearnce.jpg","contentUrl":"https:\/\/longchangchemical.com\/wp-content\/uploads\/2020\/10\/Appearnce.jpg","width":600,"height":800,"caption":"Allantoin Appearance"},{"@type":"BreadcrumbList","@id":"https:\/\/longchangchemical.com\/product\/allantoin-cas-97-59-6\/#breadcrumb","itemListElement":[{"@type":"ListItem","position":1,"name":"Home","item":"https:\/\/longchangchemical.com\/"},{"@type":"ListItem","position":2,"name":"Products Longchang","item":"https:\/\/longchangchemical.com\/product\/"},{"@type":"ListItem","position":3,"name":"Allantoin cas 97-59-6"}]},{"@type":"WebSite","@id":"https:\/\/longchangchemical.com\/#website","url":"https:\/\/longchangchemical.com\/","name":"Longchang Chemical","description":"China Hersteller von Chemikalien \uff06 Lieferant","publisher":{"@id":"https:\/\/longchangchemical.com\/#organization"},"potentialAction":[{"@type":"SearchAction","target":{"@type":"EntryPoint","urlTemplate":"https:\/\/longchangchemical.com\/?s={search_term_string}"},"query-input":{"@type":"PropertyValueSpecification","valueRequired":true,"valueName":"search_term_string"}}],"inLanguage":"de"},{"@type":"Organization","@id":"https:\/\/longchangchemical.com\/#organization","name":"Longchang Chemical","url":"https:\/\/longchangchemical.com\/","logo":{"@type":"ImageObject","inLanguage":"de","@id":"https:\/\/longchangchemical.com\/#\/schema\/logo\/image\/","url":"https:\/\/longchangchemical.com\/wp-content\/uploads\/2020\/08\/cropped-longchang-logo.png","contentUrl":"https:\/\/longchangchemical.com\/wp-content\/uploads\/2020\/08\/cropped-longchang-logo.png","width":512,"height":512,"caption":"Longchang Chemical"},"image":{"@id":"https:\/\/longchangchemical.com\/#\/schema\/logo\/image\/"}}]}},"_links":{"self":[{"href":"https:\/\/longchangchemical.com\/de\/wp-json\/wp\/v2\/product\/3384","targetHints":{"allow":["GET"]}}],"collection":[{"href":"https:\/\/longchangchemical.com\/de\/wp-json\/wp\/v2\/product"}],"about":[{"href":"https:\/\/longchangchemical.com\/de\/wp-json\/wp\/v2\/types\/product"}],"replies":[{"embeddable":true,"href":"https:\/\/longchangchemical.com\/de\/wp-json\/wp\/v2\/comments?post=3384"}],"wp:featuredmedia":[{"embeddable":true,"href":"https:\/\/longchangchemical.com\/de\/wp-json\/wp\/v2\/media\/3385"}],"wp:attachment":[{"href":"https:\/\/longchangchemical.com\/de\/wp-json\/wp\/v2\/media?parent=3384"}],"wp:term":[{"taxonomy":"product_brand","embeddable":true,"href":"https:\/\/longchangchemical.com\/de\/wp-json\/wp\/v2\/product_brand?post=3384"},{"taxonomy":"product_cat","embeddable":true,"href":"https:\/\/longchangchemical.com\/de\/wp-json\/wp\/v2\/product_cat?post=3384"},{"taxonomy":"product_tag","embeddable":true,"href":"https:\/\/longchangchemical.com\/de\/wp-json\/wp\/v2\/product_tag?post=3384"}],"curies":[{"name":"wp","href":"https:\/\/api.w.org\/{rel}","templated":true}]}}