{"id":3372,"date":"2020-10-21T07:36:33","date_gmt":"2020-10-21T07:36:33","guid":{"rendered":"https:\/\/longchangchemical.com\/?post_type=product&#038;p=3372"},"modified":"2025-04-01T05:53:53","modified_gmt":"2025-04-01T05:53:53","slug":"uv-light-stabilizer-783-tinuvin-783","status":"publish","type":"product","link":"https:\/\/longchangchemical.com\/de\/product\/uv-light-stabilizer-783-tinuvin-783\/","title":{"rendered":"CHLUMILS\u00ae UV-783 \/ HALS 783 \/ UV-Licht-Stabilisator 783 \/ Tinuvin 783"},"content":{"rendered":"<h2><strong>Tinuvin 783 (Lichtstabilisator 783) Typische Eigenschaften<\/strong><\/h2>\n<table class=\"table-1\">\n<tbody>\n<tr>\n<td width=\"233\">\n<h4><strong><b>Artikel<\/b><\/strong><\/h4>\n<\/td>\n<td width=\"276\">\n<h4><strong><b>Spezifikationen<\/b><\/strong><\/h4>\n<\/td>\n<\/tr>\n<tr>\n<td width=\"233\">\n<h4>Erscheinungsbild<\/h4>\n<\/td>\n<td width=\"276\">\n<h4>Wei\u00dfer oder hellgelber Feststoff<\/h4>\n<\/td>\n<\/tr>\n<tr>\n<td width=\"233\">\n<h4>Lichtdurchl\u00e4ssigkeit<\/h4>\n<\/td>\n<td width=\"276\">\n<h4>\u226590% \uff08425nm\uff09 \u226591.5% \uff08450nm\uff09 \u226593% \uff08500nm\uff09<\/h4>\n<\/td>\n<\/tr>\n<tr>\n<td width=\"233\">\n<h4>Chroma(Apah)<\/h4>\n<\/td>\n<td width=\"276\">\n<h4>\u2264120<\/h4>\n<\/td>\n<\/tr>\n<tr>\n<td width=\"233\">\n<h4>Schmelzpunkt<\/h4>\n<\/td>\n<td width=\"276\">\n<h4>50-130oC<\/h4>\n<\/td>\n<\/tr>\n<tr>\n<td width=\"233\">\n<h4>Fl\u00fcchtige Stoffe<\/h4>\n<\/td>\n<td width=\"276\">\n<h4>\u22640,5%<\/h4>\n<\/td>\n<\/tr>\n<tr>\n<td width=\"233\">\n<h4>Esche<\/h4>\n<\/td>\n<td width=\"276\">\n<h4>\u22640.1%<\/h4>\n<\/td>\n<\/tr>\n<\/tbody>\n<\/table>\n<h2><\/h2>\n<h2>Was ist Tinuvin 783 (UV-Licht-Stabilisator 783)?<\/h2>\n<h4>Lichtstabilisator 783 ist eine Art hochmolekulare Verbindung aus gehindertem Amin<br \/>\nLichtstabilisator, der sich durch eine hervorragende Lichtstabilit\u00e4t und eine lange Lebensdauer auszeichnet.<br \/>\nthermische Langzeitstabilit\u00e4t, geringe Verfl\u00fcchtigung und Extraktionsbest\u00e4ndigkeit und hat gute<br \/>\nKompatibilit\u00e4t mit den meisten Polymeren.<\/h4>\n<p>&nbsp;<\/p>\n<h2><strong>Tinuvin 783 (UV-Licht-Stabilisator 783) Typische Anwendung<\/strong><\/h2>\n<h4>1. UV-LICHTSTABILISATOR 783 Anwendungsbereiche sind Polyolefin (PP, PE), Polyurethan, Polyformaldehyd, Polyamid und Polyester sowie Polyester mit Elastomeren. Es kann auch in technischen Kunststoffen wie ABS verwendet werden. Bei Verwendung in landwirtschaftlichen Foliensystemen mit niedriger Konzentration (LDPE oder LLDPE) bietet es hervorragende Kosten-\/Leistungsvorteile.<\/h4>\n<h4>2. Es ist auch das Produkt der Wahl f\u00fcr dicke Abschnitte, wenn eine Zulassung f\u00fcr den indirekten Kontakt mit Lebensmitteln erforderlich ist.<\/h4>\n<h4>3. <a href=\"https:\/\/longchangchemical.com\/de\/product\/sinolistab-uv-783\/\" rel=\"nofollow\">UV 783<\/a> Konzentrationen liegen zwischen 0,1 % und 1,5 %, je nach Substrat, Verarbeitungsbedingungen und Anwendung.<\/h4>\n<p>&nbsp;<\/p>\n<h2><strong>Tinuvin 783 (UV-Licht-Stabilisator 783) Verpackung und Versand<\/strong><\/h2>\n<h4>Verpackung: 25 kg Karton mit Plastikt\u00fcte oder nach Kundenwunsch.<\/h4>\n<p>&nbsp;<\/p>\n<h2><strong>Tinuvin 783 (UV-Licht-Stabilisator 783) Lagerung<\/strong><\/h2>\n<h4>Lagerung: Beh\u00e4lter dicht verschlossen an einem trockenen und gut bel\u00fcfteten Ort aufbewahren.<\/h4>\n<p>&nbsp;<\/p>\n<h2><strong>Tinuvin 783 (UV-Licht-Stabilisator 783) Sicherheit<\/strong><\/h2>\n<h4>Es wird empfohlen, eine geeignete Schutzausr\u00fcstung zu verwenden. \u00dcberm\u00e4\u00dfige Exposition gegen\u00fcber dem<br \/>\nProdukt sollte vermieden werden. Nach der Handhabung gr\u00fcndlich waschen. Alle Sicherheitsinformationen sind im Sicherheitsdatenblatt enthalten.<\/h4>\n<p>&nbsp;<\/p>\n<h2><strong>Produkte der gleichen Serie<\/strong><\/h2>\n<table width=\"546\">\n<tbody>\n<tr>\n<td width=\"399\">\n<h4><a href=\"https:\/\/longchangchemical.com\/de\/product\/hals-119-light-stabilizer-119-chimassorb-119\/\"><span style=\"color: #0000ff;\">HALS 119 \/ LICHTSTABILISATOR 119 \/ CHIMASSORB 119<\/span><\/a><\/h4>\n<\/td>\n<td width=\"147\">\n<h4>106990-43-6<\/h4>\n<\/td>\n<\/tr>\n<tr>\n<td>\n<h4><a href=\"https:\/\/longchangchemical.com\/de\/product\/light-stabilizer-123-tinuvin-123-cas-129757-67-1\/\"><span style=\"color: #0000ff;\">HALS 123 \/ LICHTSTABILISATOR 123 \/ TINUVIN 123<\/span><\/a><\/h4>\n<\/td>\n<td>\n<h4>129757-67-1<\/h4>\n<\/td>\n<\/tr>\n<tr>\n<td>\n<h4><a href=\"https:\/\/longchangchemical.com\/de\/product\/light-stabilizer-622-tinuvin-622-cas-65447-77-0\/\"><span style=\"color: #0000ff;\">HALS 622 \/ LICHTSTABILISATOR 622 \/ TINUVIN 622<\/span><\/a><\/h4>\n<\/td>\n<td>\n<h4><span style=\"color: #000000;\">65447-77-0<\/span><\/h4>\n<\/td>\n<\/tr>\n<tr>\n<td>\n<h4><a href=\"https:\/\/longchangchemical.com\/de\/product\/light-stabilizer-770-tinuvin-770-cas-52829-07-9\/\"><span style=\"color: #0000ff;\">HALS 770 \/ LICHTSTABILISATOR 770 \/ TINUVIN 770<\/span><\/a><\/h4>\n<\/td>\n<td>\n<h4>52829-07-9<\/h4>\n<\/td>\n<\/tr>\n<tr>\n<td>\n<h4><a href=\"https:\/\/longchangchemical.com\/de\/product\/uv-light-stabilizer-783-tinuvin-783\/\"><span style=\"color: #0000ff;\">HALS 783 \/ UV LICHTSTABILISATOR 783 \/ TINUVIN 783<\/span><\/a><\/h4>\n<\/td>\n<td><\/td>\n<\/tr>\n<tr>\n<td>\n<h4><a href=\"https:\/\/longchangchemical.com\/de\/product\/light-stabilizer-791-tinuvin-791\/\"><span style=\"color: #0000ff;\">HALS 791 \/ LICHTSTABILISATOR 791 \/ TINUVIN 791<\/span><\/a><\/h4>\n<\/td>\n<td><\/td>\n<\/tr>\n<tr>\n<td>\n<h4><a href=\"https:\/\/longchangchemical.com\/de\/product\/light-stabilizer-944-cas-70624-18-9\/\"><span style=\"color: #0000ff;\">HALS 944 LICHTSTABILISATOR-944 CHIMASORB 944<\/span><\/a><\/h4>\n<\/td>\n<td>\n<h4>70624-18-9 \/ 71878-19-8<\/h4>\n<\/td>\n<\/tr>\n<\/tbody>\n<\/table>\n<h2><\/h2>\n<h2><strong><b>Kontaktieren Sie uns jetzt!<\/b><\/strong><\/h2>\n<h4><strong><b>Wenn Sie COA, MSDS oder TDS ben\u00f6tigen, geben Sie bitte Ihre Kontaktinformationen in das untenstehende Formular ein. Wir werden uns in der Regel innerhalb von 24 Stunden mit Ihnen in Verbindung setzen. Sie k\u00f6nnen mir auch eine E-Mail schicken <span style=\"color: #0000ff;\"><a style=\"color: #0000ff;\" href=\"mailto:info@longchangchemical.com\">info@longchangchemical.com<\/a><\/span> w\u00e4hrend der Gesch\u00e4ftszeiten ( 8:30 bis 18:00 Uhr UTC+8 Mo.~Sa. ) oder nutzen Sie den Live-Chat auf der Website, um eine schnelle Antwort zu erhalten.<\/b><\/strong><\/h4>","protected":false},"excerpt":{"rendered":"<h4>Chemische Bezeichnung: Tinuvin 783<\/h4>\n<h4>Andere Namen: UV-Lichtstabilisator 783 (Verbundlichtstabilisator)<\/h4>\n<h4>CAS-Nr.: 70624-18-9 \uff08944\uff09 + 70198-29-7 \uff08622\uff09<\/h4>\n<h4>\u00c4u\u00dferes Erscheinungsbild: Wei\u00dfe oder hellgelbe Partikel<\/h4>\n<h4>Verpackung: 25 kg Karton mit Plastikt\u00fcte oder nach Kundenwunsch.<\/h4>\n<h4>Muster: verf\u00fcgbar<\/h4>","protected":false},"featured_media":3373,"comment_status":"open","ping_status":"closed","template":"","meta":[],"product_brand":[],"product_cat":[104],"product_tag":[],"class_list":{"0":"post-3372","1":"product","2":"type-product","3":"status-publish","4":"has-post-thumbnail","6":"product_cat-light-stabilizer","8":"first","9":"instock","10":"shipping-taxable","11":"product-type-simple"},"yoast_head":"<!-- This site is optimized with the Yoast SEO plugin v25.3.1 - https:\/\/yoast.com\/wordpress\/plugins\/seo\/ -->\n<title>China HALS 783 \/ UV Light Stabilizer 783 \/ Tinuvin 783 manufacturer and supplier - Longchang Chemical<\/title>\n<meta name=\"description\" content=\"Longchang Chemical is a leading supplier and manufacturer of HALS 783 \/ UV Light Stabilizer 783 \/ Tinuvin 783 in China. Buy UV Light Stabilizer 783 \/ Tinuvin 783 in china. We can provide the best Tinuvin 783 price. UV-783.\" \/>\n<meta name=\"robots\" content=\"index, follow, max-snippet:-1, max-image-preview:large, max-video-preview:-1\" \/>\n<link rel=\"canonical\" href=\"https:\/\/longchangchemical.com\/de\/product\/uv-light-stabilizer-783-tinuvin-783\/\" \/>\n<meta property=\"og:locale\" content=\"de_DE\" \/>\n<meta property=\"og:type\" content=\"article\" \/>\n<meta property=\"og:title\" content=\"China HALS 783 \/ UV Light Stabilizer 783 \/ Tinuvin 783 manufacturer and supplier - Longchang Chemical\" \/>\n<meta property=\"og:description\" content=\"Longchang Chemical is a leading supplier and manufacturer of HALS 783 \/ UV Light Stabilizer 783 \/ Tinuvin 783 in China. Buy UV Light Stabilizer 783 \/ Tinuvin 783 in china. We can provide the best Tinuvin 783 price. UV-783.\" \/>\n<meta property=\"og:url\" content=\"https:\/\/longchangchemical.com\/de\/product\/uv-light-stabilizer-783-tinuvin-783\/\" \/>\n<meta property=\"og:site_name\" content=\"Longchang Chemical\" \/>\n<meta property=\"article:modified_time\" content=\"2025-04-01T05:53:53+00:00\" \/>\n<meta property=\"og:image\" content=\"https:\/\/longchangchemical.com\/wp-content\/uploads\/2020\/10\/Tinuvin-783-UV-Light-stabilizer-783-appearance-2.jpg\" \/>\n\t<meta property=\"og:image:width\" content=\"600\" \/>\n\t<meta property=\"og:image:height\" content=\"800\" \/>\n\t<meta property=\"og:image:type\" content=\"image\/jpeg\" \/>\n<meta name=\"twitter:card\" content=\"summary_large_image\" \/>\n<script type=\"application\/ld+json\" class=\"yoast-schema-graph\">{\"@context\":\"https:\/\/schema.org\",\"@graph\":[{\"@type\":\"WebPage\",\"@id\":\"https:\/\/longchangchemical.com\/product\/uv-light-stabilizer-783-tinuvin-783\/\",\"url\":\"https:\/\/longchangchemical.com\/product\/uv-light-stabilizer-783-tinuvin-783\/\",\"name\":\"China HALS 783 \/ UV Light Stabilizer 783 \/ Tinuvin 783 manufacturer and supplier - Longchang Chemical\",\"isPartOf\":{\"@id\":\"https:\/\/longchangchemical.com\/#website\"},\"primaryImageOfPage\":{\"@id\":\"https:\/\/longchangchemical.com\/product\/uv-light-stabilizer-783-tinuvin-783\/#primaryimage\"},\"image\":{\"@id\":\"https:\/\/longchangchemical.com\/product\/uv-light-stabilizer-783-tinuvin-783\/#primaryimage\"},\"thumbnailUrl\":\"https:\/\/longchangchemical.com\/wp-content\/uploads\/2020\/10\/Tinuvin-783-UV-Light-stabilizer-783-appearance-2.jpg\",\"datePublished\":\"2020-10-21T07:36:33+00:00\",\"dateModified\":\"2025-04-01T05:53:53+00:00\",\"description\":\"Longchang Chemical is a leading supplier and manufacturer of HALS 783 \/ UV Light Stabilizer 783 \/ Tinuvin 783 in China. Buy UV Light Stabilizer 783 \/ Tinuvin 783 in china. We can provide the best Tinuvin 783 price. UV-783.\",\"breadcrumb\":{\"@id\":\"https:\/\/longchangchemical.com\/product\/uv-light-stabilizer-783-tinuvin-783\/#breadcrumb\"},\"inLanguage\":\"de\",\"potentialAction\":[{\"@type\":\"ReadAction\",\"target\":[\"https:\/\/longchangchemical.com\/product\/uv-light-stabilizer-783-tinuvin-783\/\"]}]},{\"@type\":\"ImageObject\",\"inLanguage\":\"de\",\"@id\":\"https:\/\/longchangchemical.com\/product\/uv-light-stabilizer-783-tinuvin-783\/#primaryimage\",\"url\":\"https:\/\/longchangchemical.com\/wp-content\/uploads\/2020\/10\/Tinuvin-783-UV-Light-stabilizer-783-appearance-2.jpg\",\"contentUrl\":\"https:\/\/longchangchemical.com\/wp-content\/uploads\/2020\/10\/Tinuvin-783-UV-Light-stabilizer-783-appearance-2.jpg\",\"width\":600,\"height\":800,\"caption\":\"Tinuvin 783 (UV Light stabilizer 783) appearance (2)\"},{\"@type\":\"BreadcrumbList\",\"@id\":\"https:\/\/longchangchemical.com\/product\/uv-light-stabilizer-783-tinuvin-783\/#breadcrumb\",\"itemListElement\":[{\"@type\":\"ListItem\",\"position\":1,\"name\":\"Home\",\"item\":\"https:\/\/longchangchemical.com\/\"},{\"@type\":\"ListItem\",\"position\":2,\"name\":\"Products Longchang\",\"item\":\"https:\/\/longchangchemical.com\/product\/\"},{\"@type\":\"ListItem\",\"position\":3,\"name\":\"CHLUMILS\u00ae UV-783 \/ HALS 783 \/ UV Light Stabilizer 783 \/ Tinuvin 783\"}]},{\"@type\":\"WebSite\",\"@id\":\"https:\/\/longchangchemical.com\/#website\",\"url\":\"https:\/\/longchangchemical.com\/\",\"name\":\"Longchang Chemical\",\"description\":\"China chemical manufacturer \uff06 supplier\",\"publisher\":{\"@id\":\"https:\/\/longchangchemical.com\/#organization\"},\"potentialAction\":[{\"@type\":\"SearchAction\",\"target\":{\"@type\":\"EntryPoint\",\"urlTemplate\":\"https:\/\/longchangchemical.com\/?s={search_term_string}\"},\"query-input\":{\"@type\":\"PropertyValueSpecification\",\"valueRequired\":true,\"valueName\":\"search_term_string\"}}],\"inLanguage\":\"de\"},{\"@type\":\"Organization\",\"@id\":\"https:\/\/longchangchemical.com\/#organization\",\"name\":\"Longchang Chemical\",\"url\":\"https:\/\/longchangchemical.com\/\",\"logo\":{\"@type\":\"ImageObject\",\"inLanguage\":\"de\",\"@id\":\"https:\/\/longchangchemical.com\/#\/schema\/logo\/image\/\",\"url\":\"https:\/\/longchangchemical.com\/wp-content\/uploads\/2020\/08\/cropped-longchang-logo.png\",\"contentUrl\":\"https:\/\/longchangchemical.com\/wp-content\/uploads\/2020\/08\/cropped-longchang-logo.png\",\"width\":512,\"height\":512,\"caption\":\"Longchang Chemical\"},\"image\":{\"@id\":\"https:\/\/longchangchemical.com\/#\/schema\/logo\/image\/\"}}]}<\/script>\n<!-- \/ Yoast SEO plugin. -->","yoast_head_json":{"title":"China HALS 783 \/ UV-Licht-Stabilisator 783 \/ Tinuvin 783 Hersteller und Lieferant - Longchang Chemical","description":"Longchang Chemical ist ein f\u00fchrender Lieferant und Hersteller von HALS 783 \/ UV-Lichtstabilisator 783 \/ Tinuvin 783 in China. Kaufen Sie UV-Licht-Stabilisator 783 \/ Tinuvin 783 in China. Wir k\u00f6nnen die besten Tinuvin 783 Preis bieten. UV-783.","robots":{"index":"index","follow":"follow","max-snippet":"max-snippet:-1","max-image-preview":"max-image-preview:large","max-video-preview":"max-video-preview:-1"},"canonical":"https:\/\/longchangchemical.com\/de\/product\/uv-light-stabilizer-783-tinuvin-783\/","og_locale":"de_DE","og_type":"article","og_title":"China HALS 783 \/ UV Light Stabilizer 783 \/ Tinuvin 783 manufacturer and supplier - Longchang Chemical","og_description":"Longchang Chemical is a leading supplier and manufacturer of HALS 783 \/ UV Light Stabilizer 783 \/ Tinuvin 783 in China. Buy UV Light Stabilizer 783 \/ Tinuvin 783 in china. We can provide the best Tinuvin 783 price. UV-783.","og_url":"https:\/\/longchangchemical.com\/de\/product\/uv-light-stabilizer-783-tinuvin-783\/","og_site_name":"Longchang Chemical","article_modified_time":"2025-04-01T05:53:53+00:00","og_image":[{"width":600,"height":800,"url":"https:\/\/longchangchemical.com\/wp-content\/uploads\/2020\/10\/Tinuvin-783-UV-Light-stabilizer-783-appearance-2.jpg","type":"image\/jpeg"}],"twitter_card":"summary_large_image","schema":{"@context":"https:\/\/schema.org","@graph":[{"@type":"WebPage","@id":"https:\/\/longchangchemical.com\/product\/uv-light-stabilizer-783-tinuvin-783\/","url":"https:\/\/longchangchemical.com\/product\/uv-light-stabilizer-783-tinuvin-783\/","name":"China HALS 783 \/ UV-Licht-Stabilisator 783 \/ Tinuvin 783 Hersteller und Lieferant - Longchang Chemical","isPartOf":{"@id":"https:\/\/longchangchemical.com\/#website"},"primaryImageOfPage":{"@id":"https:\/\/longchangchemical.com\/product\/uv-light-stabilizer-783-tinuvin-783\/#primaryimage"},"image":{"@id":"https:\/\/longchangchemical.com\/product\/uv-light-stabilizer-783-tinuvin-783\/#primaryimage"},"thumbnailUrl":"https:\/\/longchangchemical.com\/wp-content\/uploads\/2020\/10\/Tinuvin-783-UV-Light-stabilizer-783-appearance-2.jpg","datePublished":"2020-10-21T07:36:33+00:00","dateModified":"2025-04-01T05:53:53+00:00","description":"Longchang Chemical ist ein f\u00fchrender Lieferant und Hersteller von HALS 783 \/ UV-Lichtstabilisator 783 \/ Tinuvin 783 in China. Kaufen Sie UV-Licht-Stabilisator 783 \/ Tinuvin 783 in China. Wir k\u00f6nnen die besten Tinuvin 783 Preis bieten. UV-783.","breadcrumb":{"@id":"https:\/\/longchangchemical.com\/product\/uv-light-stabilizer-783-tinuvin-783\/#breadcrumb"},"inLanguage":"de","potentialAction":[{"@type":"ReadAction","target":["https:\/\/longchangchemical.com\/product\/uv-light-stabilizer-783-tinuvin-783\/"]}]},{"@type":"ImageObject","inLanguage":"de","@id":"https:\/\/longchangchemical.com\/product\/uv-light-stabilizer-783-tinuvin-783\/#primaryimage","url":"https:\/\/longchangchemical.com\/wp-content\/uploads\/2020\/10\/Tinuvin-783-UV-Light-stabilizer-783-appearance-2.jpg","contentUrl":"https:\/\/longchangchemical.com\/wp-content\/uploads\/2020\/10\/Tinuvin-783-UV-Light-stabilizer-783-appearance-2.jpg","width":600,"height":800,"caption":"Tinuvin 783 (UV Light stabilizer 783) appearance (2)"},{"@type":"BreadcrumbList","@id":"https:\/\/longchangchemical.com\/product\/uv-light-stabilizer-783-tinuvin-783\/#breadcrumb","itemListElement":[{"@type":"ListItem","position":1,"name":"Home","item":"https:\/\/longchangchemical.com\/"},{"@type":"ListItem","position":2,"name":"Products Longchang","item":"https:\/\/longchangchemical.com\/product\/"},{"@type":"ListItem","position":3,"name":"CHLUMILS\u00ae UV-783 \/ HALS 783 \/ UV Light Stabilizer 783 \/ Tinuvin 783"}]},{"@type":"WebSite","@id":"https:\/\/longchangchemical.com\/#website","url":"https:\/\/longchangchemical.com\/","name":"Longchang Chemical","description":"China Hersteller von Chemikalien \uff06 Lieferant","publisher":{"@id":"https:\/\/longchangchemical.com\/#organization"},"potentialAction":[{"@type":"SearchAction","target":{"@type":"EntryPoint","urlTemplate":"https:\/\/longchangchemical.com\/?s={search_term_string}"},"query-input":{"@type":"PropertyValueSpecification","valueRequired":true,"valueName":"search_term_string"}}],"inLanguage":"de"},{"@type":"Organization","@id":"https:\/\/longchangchemical.com\/#organization","name":"Longchang Chemical","url":"https:\/\/longchangchemical.com\/","logo":{"@type":"ImageObject","inLanguage":"de","@id":"https:\/\/longchangchemical.com\/#\/schema\/logo\/image\/","url":"https:\/\/longchangchemical.com\/wp-content\/uploads\/2020\/08\/cropped-longchang-logo.png","contentUrl":"https:\/\/longchangchemical.com\/wp-content\/uploads\/2020\/08\/cropped-longchang-logo.png","width":512,"height":512,"caption":"Longchang Chemical"},"image":{"@id":"https:\/\/longchangchemical.com\/#\/schema\/logo\/image\/"}}]}},"_links":{"self":[{"href":"https:\/\/longchangchemical.com\/de\/wp-json\/wp\/v2\/product\/3372","targetHints":{"allow":["GET"]}}],"collection":[{"href":"https:\/\/longchangchemical.com\/de\/wp-json\/wp\/v2\/product"}],"about":[{"href":"https:\/\/longchangchemical.com\/de\/wp-json\/wp\/v2\/types\/product"}],"replies":[{"embeddable":true,"href":"https:\/\/longchangchemical.com\/de\/wp-json\/wp\/v2\/comments?post=3372"}],"wp:featuredmedia":[{"embeddable":true,"href":"https:\/\/longchangchemical.com\/de\/wp-json\/wp\/v2\/media\/3373"}],"wp:attachment":[{"href":"https:\/\/longchangchemical.com\/de\/wp-json\/wp\/v2\/media?parent=3372"}],"wp:term":[{"taxonomy":"product_brand","embeddable":true,"href":"https:\/\/longchangchemical.com\/de\/wp-json\/wp\/v2\/product_brand?post=3372"},{"taxonomy":"product_cat","embeddable":true,"href":"https:\/\/longchangchemical.com\/de\/wp-json\/wp\/v2\/product_cat?post=3372"},{"taxonomy":"product_tag","embeddable":true,"href":"https:\/\/longchangchemical.com\/de\/wp-json\/wp\/v2\/product_tag?post=3372"}],"curies":[{"name":"wp","href":"https:\/\/api.w.org\/{rel}","templated":true}]}}