{"id":3369,"date":"2020-10-14T07:42:41","date_gmt":"2020-10-14T07:42:41","guid":{"rendered":"https:\/\/longchangchemical.com\/?post_type=product&#038;p=3369"},"modified":"2026-05-08T02:59:26","modified_gmt":"2026-05-08T02:59:26","slug":"light-stabilizer-123-tinuvin-123-cas-129757-67-1","status":"publish","type":"product","link":"https:\/\/longchangchemical.com\/de\/product\/light-stabilizer-123-tinuvin-123-cas-129757-67-1\/","title":{"rendered":"CHLUMILS\u00ae UV-123 \/ HALS 123 \/ Lichtschutzmittel 123 \/ Tinuvin 123 CAS 129757-67-1"},"content":{"rendered":"<h2><strong>UV-123 \/ Lichtstabilisator 123 \/ Tinuvin 123<\/strong><\/h2>\n<p>&nbsp;<\/p>\n<table class=\"table-1\" cellspacing=\"0\">\n<tbody>\n<tr>\n<td>\n<h4>Artikel<\/h4>\n<\/td>\n<td>\n<h4>Index<\/h4>\n<\/td>\n<\/tr>\n<tr>\n<td>\n<h4>Erscheinungsbild<\/h4>\n<\/td>\n<td>\n<h4>Blassgelbe Fl\u00fcssigkeit<\/h4>\n<\/td>\n<\/tr>\n<tr>\n<td>\n<h4>Siedepunkt<\/h4>\n<\/td>\n<td>\n<h4>499,8\u00b0C bei 760 mmHg<\/h4>\n<\/td>\n<\/tr>\n<tr>\n<td>\n<h4>Flammpunkt<\/h4>\n<\/td>\n<td>\n<h4>256\u00b0C<\/h4>\n<\/td>\n<\/tr>\n<tr>\n<td>\n<h4>Dampfdruck<\/h4>\n<\/td>\n<td>\n<h4>4.03E-10mmHg bei 25\u00b0C<\/h4>\n<\/td>\n<\/tr>\n<\/tbody>\n<\/table>\n<h2><\/h2>\n<h2><strong>Was ist Lichtstabilisator 123 (Tinuvin 123)?<\/strong><\/h2>\n<h4>Lichtstabilisator 123 ist ein hochwirksamer Radikalf\u00e4nger, der zur Familie der gehinderten Amin-Lichtstabilisatoren (HALS) geh\u00f6rt und auf einer Aminoether-Funktionalit\u00e4t basiert.<\/h4>\n<h2><strong>Lichtstabilisator 123 (Tinuvin 123) Verwendung<\/strong><\/h2>\n<h4>1. Lichtstabilisator 123 (Tinuvin 123) ist ein fl\u00fcssiges HALS mit niedriger Basizit\u00e4t und hervorragender Lichtstabilit\u00e4t in Anwendungen wie Beschichtungen, Druckfarben und Polyurethanlacken.<\/h4>\n<h4>2. Es verhindert bei pigmentierten Lacken das Ausblasen, Abbl\u00e4ttern oder Kreiden der Oberfl\u00e4che und eignet sich besonders f\u00fcr hochfeste, s\u00e4urehaltige Automobil- und Industrielacke mit hohem Wirkungsgrad.<\/h4>\n<h4>3. Obwohl es nicht wasserl\u00f6slich ist, l\u00e4sst es sich in seiner fl\u00fcssigen Form auch leicht in Wasser emulgieren. Es hat auch eine starke synergistische Wirkung, wenn es mit einem UV-Absorber verwendet wird.<\/h4>\n<h4>Dieses Produkt kann UV-123; UV 123; Tinuvin 123; THASORB UV-123; SUNSORB LS-123; Omnistab LS 123; Omnistab 123; Milestab 123; Eversorb 95; Chiguard 101 ersetzen.<\/h4>\n<p>&nbsp;<\/p>\n<h2><strong>Lichtstabilisator 123 (Tinuvin 123) Verpackung und Versand<\/strong><\/h2>\n<h4>Verpackung: 25kg oder 200L\/Fass.<\/h4>\n<h4>Lieferung: innerhalb von 5-7 Arbeitstagen.<\/h4>\n<h4><\/h4>\n<h2><strong>Lichtstabilisator 123 (Tinuvin 123) Lagerung<\/strong><\/h2>\n<h4>An einem k\u00fchlen, trockenen Ort ohne direkte Sonneneinstrahlung aufbewahren.<\/h4>\n<p>&nbsp;<\/p>\n<h2><strong>Produkte der gleichen Serie<\/strong><\/h2>\n<table width=\"546\">\n<tbody>\n<tr>\n<td width=\"399\">\n<h4><a href=\"https:\/\/longchangchemical.com\/de\/product\/hals-119-light-stabilizer-119-chimassorb-119\/\"><span style=\"color: #0000ff;\">HALS 119 \/ LICHTSTABILISATOR 119 \/ CHIMASSORB 119<\/span><\/a><\/h4>\n<\/td>\n<td width=\"147\">\n<h4>106990-43-6<\/h4>\n<\/td>\n<\/tr>\n<tr>\n<td>\n<h4>HALS 123 \/ LICHTSTABILISATOR 123 \/ TINUVIN 123<\/h4>\n<\/td>\n<td>\n<h4>129757-67-1<\/h4>\n<\/td>\n<\/tr>\n<tr>\n<td>\n<h4><a href=\"https:\/\/longchangchemical.com\/de\/product\/light-stabilizer-622-tinuvin-622-cas-65447-77-0\/\"><span style=\"color: #0000ff;\">HALS 622 \/ LICHTSTABILISATOR 622 \/ TINUVIN 622<\/span><\/a><\/h4>\n<\/td>\n<td>\n<h4><span style=\"color: #000000;\">65447-77-0<\/span><\/h4>\n<\/td>\n<\/tr>\n<tr>\n<td>\n<h4><a href=\"https:\/\/longchangchemical.com\/de\/product\/light-stabilizer-770-tinuvin-770-cas-52829-07-9\/\"><span style=\"color: #0000ff;\">HALS 770 \/ LICHTSTABILISATOR 770 \/ TINUVIN 770<\/span><\/a><\/h4>\n<\/td>\n<td>\n<h4>52829-07-9<\/h4>\n<\/td>\n<\/tr>\n<tr>\n<td>\n<h4><a href=\"https:\/\/longchangchemical.com\/de\/product\/uv-light-stabilizer-783-tinuvin-783\/\"><span style=\"color: #0000ff;\">HALS 783 \/ UV LICHTSTABILISATOR 783 \/ TINUVIN 783<\/span><\/a><\/h4>\n<\/td>\n<td><\/td>\n<\/tr>\n<tr>\n<td>\n<h4><a href=\"https:\/\/longchangchemical.com\/de\/product\/light-stabilizer-791-tinuvin-791\/\"><span style=\"color: #0000ff;\">HALS 791 \/ LICHTSTABILISATOR 791 \/ TINUVIN 791<\/span><\/a><\/h4>\n<\/td>\n<td><\/td>\n<\/tr>\n<tr>\n<td>\n<h4><a href=\"https:\/\/longchangchemical.com\/de\/product\/light-stabilizer-944-cas-70624-18-9\/\"><span style=\"color: #0000ff;\">HALS 944 LICHTSTABILISATOR-944 CHIMASORB 944<\/span><\/a><\/h4>\n<\/td>\n<td>\n<h4>70624-18-9 \/ 71878-19-8<\/h4>\n<\/td>\n<\/tr>\n<\/tbody>\n<\/table>\n<h2><strong><b>Kontaktieren Sie uns jetzt!<\/b><\/strong><\/h2>\n<h4><strong><b>Wenn Sie COA, MSDS oder TDS ben\u00f6tigen, geben Sie bitte Ihre Kontaktinformationen in das untenstehende Formular ein. Wir werden uns in der Regel innerhalb von 24 Stunden mit Ihnen in Verbindung setzen. <\/b><\/strong> Sie k\u00f6nnen mir auch eine E-Mail schicken <a href=\"\/de\/info@longchangchemical.com\/\"><span style=\"color: #0000ff;\"><strong>info@longchangchemical<\/strong><\/span>.com<\/a> w\u00e4hrend der Gesch\u00e4ftszeiten ( 8:30 bis 18:00 Uhr UTC+8 Mo.~Sa. ) oder nutzen Sie den Live-Chat auf der Website, um eine schnelle Antwort zu erhalten.<\/h4>","protected":false},"excerpt":{"rendered":"<h4>Chemische Bezeichnung:Bis-(1-Octyloxy-2,2,6,6-tetramethyl-4-piperidinyl) sebacat<\/h4>\n<h4>Produktbezeichnung: Lichtstabilisator 123; HALS HS-112<\/h4>\n<h4>Handelsnamen: UV-123; UV 123; Tinuvin 123; THASORB UV-123; SUNSORB LS-123; Omnistab LS 123; Omnistab 123; Milestab 123; Eversorb 95; Chiguard 101<\/h4>\n<h4>CAS-Nr.: 129757-67-1<\/h4>\n<h4>Molekulare Formel: C40H80N2O6<\/h4>\n<h4>Molekulargewicht: 737,15<\/h4>\n<h4>Molekulare Struktur:<img decoding=\"async\" title=\"TINUVIN 123 Struktur\" src=\"https:\/\/www.longchangchemical.com\/wp-content\/uploads\/product-details\/20200612005835.png\" alt=\"TINUVIN 123 Struktur\" width=\"273\" height=\"192\" border=\"0\" vspace=\"0\" \/><\/h4>","protected":false},"featured_media":3370,"comment_status":"open","ping_status":"closed","template":"","meta":[],"product_brand":[],"product_cat":[104],"product_tag":[],"class_list":{"0":"post-3369","1":"product","2":"type-product","3":"status-publish","4":"has-post-thumbnail","6":"product_cat-light-stabilizer","8":"first","9":"instock","10":"shipping-taxable","11":"product-type-simple"},"yoast_head":"<!-- This site is optimized with the Yoast SEO plugin v25.3.1 - https:\/\/yoast.com\/wordpress\/plugins\/seo\/ -->\n<title>China HALS 123 \/ Light stabilizer 123 \/ Tinuvin 123 CAS 129757-67-1 manufacturer - Longchang Chemical<\/title>\n<meta name=\"description\" content=\"Longchang Chemical is a leading supplier and manufacturer of HALS 123 \/ Light stabilizer 123 \/ Tinuvin 123 CAS 129757-67-1 in China. Buy Light stabilizer 123 \/ Tinuvin 123 in china. We can provide the best Tinuvin 123 price. This product can replace UV-123; UV 123; Tinuvin 123; THASORB UV-123; SUNSORB LS-123; Omnistab LS 123; Omnistab 123; Milestab 123; Eversorb 95; Chiguard 101.\" \/>\n<meta name=\"robots\" content=\"index, follow, max-snippet:-1, max-image-preview:large, max-video-preview:-1\" \/>\n<link rel=\"canonical\" href=\"https:\/\/longchangchemical.com\/de\/product\/light-stabilizer-123-tinuvin-123-cas-129757-67-1\/\" \/>\n<meta property=\"og:locale\" content=\"de_DE\" \/>\n<meta property=\"og:type\" content=\"article\" \/>\n<meta property=\"og:title\" content=\"China HALS 123 \/ Light stabilizer 123 \/ Tinuvin 123 CAS 129757-67-1 manufacturer - Longchang Chemical\" \/>\n<meta property=\"og:description\" content=\"Longchang Chemical is a leading supplier and manufacturer of HALS 123 \/ Light stabilizer 123 \/ Tinuvin 123 CAS 129757-67-1 in China. Buy Light stabilizer 123 \/ Tinuvin 123 in china. We can provide the best Tinuvin 123 price. This product can replace UV-123; UV 123; Tinuvin 123; THASORB UV-123; SUNSORB LS-123; Omnistab LS 123; Omnistab 123; Milestab 123; Eversorb 95; Chiguard 101.\" \/>\n<meta property=\"og:url\" content=\"https:\/\/longchangchemical.com\/de\/product\/light-stabilizer-123-tinuvin-123-cas-129757-67-1\/\" \/>\n<meta property=\"og:site_name\" content=\"Longchang Chemical\" \/>\n<meta property=\"article:modified_time\" content=\"2026-05-08T02:59:26+00:00\" \/>\n<meta property=\"og:image\" content=\"https:\/\/longchangchemical.com\/wp-content\/uploads\/2020\/10\/Light-Stabilizer-123-appearance.jpg\" \/>\n\t<meta property=\"og:image:width\" content=\"600\" \/>\n\t<meta property=\"og:image:height\" content=\"800\" \/>\n\t<meta property=\"og:image:type\" content=\"image\/jpeg\" \/>\n<meta name=\"twitter:card\" content=\"summary_large_image\" \/>\n<script type=\"application\/ld+json\" class=\"yoast-schema-graph\">{\"@context\":\"https:\/\/schema.org\",\"@graph\":[{\"@type\":\"WebPage\",\"@id\":\"https:\/\/longchangchemical.com\/product\/light-stabilizer-123-tinuvin-123-cas-129757-67-1\/\",\"url\":\"https:\/\/longchangchemical.com\/product\/light-stabilizer-123-tinuvin-123-cas-129757-67-1\/\",\"name\":\"China HALS 123 \/ Light stabilizer 123 \/ Tinuvin 123 CAS 129757-67-1 manufacturer - Longchang Chemical\",\"isPartOf\":{\"@id\":\"https:\/\/longchangchemical.com\/#website\"},\"primaryImageOfPage\":{\"@id\":\"https:\/\/longchangchemical.com\/product\/light-stabilizer-123-tinuvin-123-cas-129757-67-1\/#primaryimage\"},\"image\":{\"@id\":\"https:\/\/longchangchemical.com\/product\/light-stabilizer-123-tinuvin-123-cas-129757-67-1\/#primaryimage\"},\"thumbnailUrl\":\"https:\/\/longchangchemical.com\/wp-content\/uploads\/2020\/10\/Light-Stabilizer-123-appearance.jpg\",\"datePublished\":\"2020-10-14T07:42:41+00:00\",\"dateModified\":\"2026-05-08T02:59:26+00:00\",\"description\":\"Longchang Chemical is a leading supplier and manufacturer of HALS 123 \/ Light stabilizer 123 \/ Tinuvin 123 CAS 129757-67-1 in China. Buy Light stabilizer 123 \/ Tinuvin 123 in china. We can provide the best Tinuvin 123 price. This product can replace UV-123; UV 123; Tinuvin 123; THASORB UV-123; SUNSORB LS-123; Omnistab LS 123; Omnistab 123; Milestab 123; Eversorb 95; Chiguard 101.\",\"breadcrumb\":{\"@id\":\"https:\/\/longchangchemical.com\/product\/light-stabilizer-123-tinuvin-123-cas-129757-67-1\/#breadcrumb\"},\"inLanguage\":\"de\",\"potentialAction\":[{\"@type\":\"ReadAction\",\"target\":[\"https:\/\/longchangchemical.com\/product\/light-stabilizer-123-tinuvin-123-cas-129757-67-1\/\"]}]},{\"@type\":\"ImageObject\",\"inLanguage\":\"de\",\"@id\":\"https:\/\/longchangchemical.com\/product\/light-stabilizer-123-tinuvin-123-cas-129757-67-1\/#primaryimage\",\"url\":\"https:\/\/longchangchemical.com\/wp-content\/uploads\/2020\/10\/Light-Stabilizer-123-appearance.jpg\",\"contentUrl\":\"https:\/\/longchangchemical.com\/wp-content\/uploads\/2020\/10\/Light-Stabilizer-123-appearance.jpg\",\"width\":600,\"height\":800,\"caption\":\"Light Stabilizer 123 appearance\"},{\"@type\":\"BreadcrumbList\",\"@id\":\"https:\/\/longchangchemical.com\/product\/light-stabilizer-123-tinuvin-123-cas-129757-67-1\/#breadcrumb\",\"itemListElement\":[{\"@type\":\"ListItem\",\"position\":1,\"name\":\"Home\",\"item\":\"https:\/\/longchangchemical.com\/\"},{\"@type\":\"ListItem\",\"position\":2,\"name\":\"Products Longchang\",\"item\":\"https:\/\/longchangchemical.com\/product\/\"},{\"@type\":\"ListItem\",\"position\":3,\"name\":\"CHLUMILS\u00ae UV-123 \/ HALS 123 \/ Light Stabilizer 123 \/ Tinuvin 123 CAS 129757-67-1\"}]},{\"@type\":\"WebSite\",\"@id\":\"https:\/\/longchangchemical.com\/#website\",\"url\":\"https:\/\/longchangchemical.com\/\",\"name\":\"Longchang Chemical\",\"description\":\"China chemical manufacturer \uff06 supplier\",\"publisher\":{\"@id\":\"https:\/\/longchangchemical.com\/#organization\"},\"potentialAction\":[{\"@type\":\"SearchAction\",\"target\":{\"@type\":\"EntryPoint\",\"urlTemplate\":\"https:\/\/longchangchemical.com\/?s={search_term_string}\"},\"query-input\":{\"@type\":\"PropertyValueSpecification\",\"valueRequired\":true,\"valueName\":\"search_term_string\"}}],\"inLanguage\":\"de\"},{\"@type\":\"Organization\",\"@id\":\"https:\/\/longchangchemical.com\/#organization\",\"name\":\"Longchang Chemical\",\"url\":\"https:\/\/longchangchemical.com\/\",\"logo\":{\"@type\":\"ImageObject\",\"inLanguage\":\"de\",\"@id\":\"https:\/\/longchangchemical.com\/#\/schema\/logo\/image\/\",\"url\":\"https:\/\/longchangchemical.com\/wp-content\/uploads\/2020\/08\/cropped-longchang-logo.png\",\"contentUrl\":\"https:\/\/longchangchemical.com\/wp-content\/uploads\/2020\/08\/cropped-longchang-logo.png\",\"width\":512,\"height\":512,\"caption\":\"Longchang Chemical\"},\"image\":{\"@id\":\"https:\/\/longchangchemical.com\/#\/schema\/logo\/image\/\"}}]}<\/script>\n<!-- \/ Yoast SEO plugin. -->","yoast_head_json":{"title":"China HALS 123 \/ Lichtstabilisator 123 \/ Tinuvin 123 CAS 129757-67-1 Hersteller - Longchang Chemical","description":"Longchang Chemical ist ein f\u00fchrender Lieferant und Hersteller von HALS 123 \/ Lichtstabilisator 123 \/ Tinuvin 123 CAS 129757-67-1 in China. Kaufen Sie Lichtstabilisator 123 \/ Tinuvin 123 in China. Wir k\u00f6nnen die besten Tinuvin 123 Preis bieten. Dieses Produkt kann UV-123; UV 123; Tinuvin 123; THASORB UV-123; SUNSORB LS-123; Omnistab LS 123; Omnistab 123; Milestab 123; Eversorb 95; Chiguard 101 ersetzen.","robots":{"index":"index","follow":"follow","max-snippet":"max-snippet:-1","max-image-preview":"max-image-preview:large","max-video-preview":"max-video-preview:-1"},"canonical":"https:\/\/longchangchemical.com\/de\/product\/light-stabilizer-123-tinuvin-123-cas-129757-67-1\/","og_locale":"de_DE","og_type":"article","og_title":"China HALS 123 \/ Light stabilizer 123 \/ Tinuvin 123 CAS 129757-67-1 manufacturer - Longchang Chemical","og_description":"Longchang Chemical is a leading supplier and manufacturer of HALS 123 \/ Light stabilizer 123 \/ Tinuvin 123 CAS 129757-67-1 in China. Buy Light stabilizer 123 \/ Tinuvin 123 in china. We can provide the best Tinuvin 123 price. This product can replace UV-123; UV 123; Tinuvin 123; THASORB UV-123; SUNSORB LS-123; Omnistab LS 123; Omnistab 123; Milestab 123; Eversorb 95; Chiguard 101.","og_url":"https:\/\/longchangchemical.com\/de\/product\/light-stabilizer-123-tinuvin-123-cas-129757-67-1\/","og_site_name":"Longchang Chemical","article_modified_time":"2026-05-08T02:59:26+00:00","og_image":[{"width":600,"height":800,"url":"https:\/\/longchangchemical.com\/wp-content\/uploads\/2020\/10\/Light-Stabilizer-123-appearance.jpg","type":"image\/jpeg"}],"twitter_card":"summary_large_image","schema":{"@context":"https:\/\/schema.org","@graph":[{"@type":"WebPage","@id":"https:\/\/longchangchemical.com\/product\/light-stabilizer-123-tinuvin-123-cas-129757-67-1\/","url":"https:\/\/longchangchemical.com\/product\/light-stabilizer-123-tinuvin-123-cas-129757-67-1\/","name":"China HALS 123 \/ Lichtstabilisator 123 \/ Tinuvin 123 CAS 129757-67-1 Hersteller - Longchang Chemical","isPartOf":{"@id":"https:\/\/longchangchemical.com\/#website"},"primaryImageOfPage":{"@id":"https:\/\/longchangchemical.com\/product\/light-stabilizer-123-tinuvin-123-cas-129757-67-1\/#primaryimage"},"image":{"@id":"https:\/\/longchangchemical.com\/product\/light-stabilizer-123-tinuvin-123-cas-129757-67-1\/#primaryimage"},"thumbnailUrl":"https:\/\/longchangchemical.com\/wp-content\/uploads\/2020\/10\/Light-Stabilizer-123-appearance.jpg","datePublished":"2020-10-14T07:42:41+00:00","dateModified":"2026-05-08T02:59:26+00:00","description":"Longchang Chemical ist ein f\u00fchrender Lieferant und Hersteller von HALS 123 \/ Lichtstabilisator 123 \/ Tinuvin 123 CAS 129757-67-1 in China. Kaufen Sie Lichtstabilisator 123 \/ Tinuvin 123 in China. Wir k\u00f6nnen die besten Tinuvin 123 Preis bieten. Dieses Produkt kann UV-123; UV 123; Tinuvin 123; THASORB UV-123; SUNSORB LS-123; Omnistab LS 123; Omnistab 123; Milestab 123; Eversorb 95; Chiguard 101 ersetzen.","breadcrumb":{"@id":"https:\/\/longchangchemical.com\/product\/light-stabilizer-123-tinuvin-123-cas-129757-67-1\/#breadcrumb"},"inLanguage":"de","potentialAction":[{"@type":"ReadAction","target":["https:\/\/longchangchemical.com\/product\/light-stabilizer-123-tinuvin-123-cas-129757-67-1\/"]}]},{"@type":"ImageObject","inLanguage":"de","@id":"https:\/\/longchangchemical.com\/product\/light-stabilizer-123-tinuvin-123-cas-129757-67-1\/#primaryimage","url":"https:\/\/longchangchemical.com\/wp-content\/uploads\/2020\/10\/Light-Stabilizer-123-appearance.jpg","contentUrl":"https:\/\/longchangchemical.com\/wp-content\/uploads\/2020\/10\/Light-Stabilizer-123-appearance.jpg","width":600,"height":800,"caption":"Light Stabilizer 123 appearance"},{"@type":"BreadcrumbList","@id":"https:\/\/longchangchemical.com\/product\/light-stabilizer-123-tinuvin-123-cas-129757-67-1\/#breadcrumb","itemListElement":[{"@type":"ListItem","position":1,"name":"Home","item":"https:\/\/longchangchemical.com\/"},{"@type":"ListItem","position":2,"name":"Products Longchang","item":"https:\/\/longchangchemical.com\/product\/"},{"@type":"ListItem","position":3,"name":"CHLUMILS\u00ae UV-123 \/ HALS 123 \/ Light Stabilizer 123 \/ Tinuvin 123 CAS 129757-67-1"}]},{"@type":"WebSite","@id":"https:\/\/longchangchemical.com\/#website","url":"https:\/\/longchangchemical.com\/","name":"Longchang Chemical","description":"China Hersteller von Chemikalien \uff06 Lieferant","publisher":{"@id":"https:\/\/longchangchemical.com\/#organization"},"potentialAction":[{"@type":"SearchAction","target":{"@type":"EntryPoint","urlTemplate":"https:\/\/longchangchemical.com\/?s={search_term_string}"},"query-input":{"@type":"PropertyValueSpecification","valueRequired":true,"valueName":"search_term_string"}}],"inLanguage":"de"},{"@type":"Organization","@id":"https:\/\/longchangchemical.com\/#organization","name":"Longchang Chemical","url":"https:\/\/longchangchemical.com\/","logo":{"@type":"ImageObject","inLanguage":"de","@id":"https:\/\/longchangchemical.com\/#\/schema\/logo\/image\/","url":"https:\/\/longchangchemical.com\/wp-content\/uploads\/2020\/08\/cropped-longchang-logo.png","contentUrl":"https:\/\/longchangchemical.com\/wp-content\/uploads\/2020\/08\/cropped-longchang-logo.png","width":512,"height":512,"caption":"Longchang Chemical"},"image":{"@id":"https:\/\/longchangchemical.com\/#\/schema\/logo\/image\/"}}]}},"_links":{"self":[{"href":"https:\/\/longchangchemical.com\/de\/wp-json\/wp\/v2\/product\/3369","targetHints":{"allow":["GET"]}}],"collection":[{"href":"https:\/\/longchangchemical.com\/de\/wp-json\/wp\/v2\/product"}],"about":[{"href":"https:\/\/longchangchemical.com\/de\/wp-json\/wp\/v2\/types\/product"}],"replies":[{"embeddable":true,"href":"https:\/\/longchangchemical.com\/de\/wp-json\/wp\/v2\/comments?post=3369"}],"wp:featuredmedia":[{"embeddable":true,"href":"https:\/\/longchangchemical.com\/de\/wp-json\/wp\/v2\/media\/3370"}],"wp:attachment":[{"href":"https:\/\/longchangchemical.com\/de\/wp-json\/wp\/v2\/media?parent=3369"}],"wp:term":[{"taxonomy":"product_brand","embeddable":true,"href":"https:\/\/longchangchemical.com\/de\/wp-json\/wp\/v2\/product_brand?post=3369"},{"taxonomy":"product_cat","embeddable":true,"href":"https:\/\/longchangchemical.com\/de\/wp-json\/wp\/v2\/product_cat?post=3369"},{"taxonomy":"product_tag","embeddable":true,"href":"https:\/\/longchangchemical.com\/de\/wp-json\/wp\/v2\/product_tag?post=3369"}],"curies":[{"name":"wp","href":"https:\/\/api.w.org\/{rel}","templated":true}]}}