{"id":3298,"date":"2020-09-29T07:14:49","date_gmt":"2020-09-29T07:14:49","guid":{"rendered":"https:\/\/longchangchemical.com\/?post_type=product&#038;p=3298"},"modified":"2025-04-01T05:54:02","modified_gmt":"2025-04-01T05:54:02","slug":"light-stabilizer-770-tinuvin-770-cas-52829-07-9","status":"publish","type":"product","link":"https:\/\/longchangchemical.com\/de\/product\/light-stabilizer-770-tinuvin-770-cas-52829-07-9\/","title":{"rendered":"CHLUMILS\u00ae UV-770 \/ HALS 770 \/ Lichtschutzmittel 770 \/ Tinuvin 770 CAS 52829-07-9"},"content":{"rendered":"<h1><strong><b>UV-770 \/ Tinuvin 770 CAS 52829-07-9<\/b><\/strong><\/h1>\n<table>\n<tbody>\n<tr>\n<td>\n<h4>Artikel<\/h4>\n<\/td>\n<td>\n<h4>Index<\/h4>\n<\/td>\n<\/tr>\n<tr>\n<td>\n<h4>Erscheinungsbild<\/h4>\n<\/td>\n<td>\n<h4>leicht gelbes kristallines Pulver<\/h4>\n<\/td>\n<\/tr>\n<tr>\n<td rowspan=\"2\">\n<h4>Durchl\u00e4ssigkeit<\/h4>\n<\/td>\n<td>\n<h4>425nm \u226598%<\/h4>\n<\/td>\n<\/tr>\n<tr>\n<td>\n<h4>500nm \u226599%<\/h4>\n<\/td>\n<\/tr>\n<tr>\n<td>\n<h4>Fl\u00fcchtige Stoffe<\/h4>\n<\/td>\n<td>\n<h4>\u22640,5%<\/h4>\n<\/td>\n<\/tr>\n<tr>\n<td>\n<h4>Esche<\/h4>\n<\/td>\n<td>\n<h4>\u22640.1%<\/h4>\n<\/td>\n<\/tr>\n<tr>\n<td>\n<h4>Schmelzpunkt<\/h4>\n<\/td>\n<td>\n<h4>80 \u00b0 C - 85 \u00b0 C<\/h4>\n<\/td>\n<\/tr>\n<\/tbody>\n<\/table>\n<h2><strong><b>Tinuvin 770<\/b><\/strong><strong><b>\u00a0<\/b><\/strong><strong><b>Verwendung<\/b><\/strong><\/h2>\n<h4>1. Tinuvin 770 ist ein hochwirksamer Radikalf\u00e4nger, der organische Polymere vor dem Abbau durch ultraviolette Strahlung sch\u00fctzt.<\/h4>\n<h4>2. Tinuvin 770 wird in einer Vielzahl von Anwendungen eingesetzt, darunter Polypropylen, Polystyrol, Polyurethane, SAN, ASA, Polyamide und Polyacetale, Polyethylen hoher Dichte, Polyurethan, Polystyrol, ABS-Harz usw.<\/h4>\n<h4>3. Durch seine hohe Wirksamkeit als Lichtstabilisator eignet sich Tinuvin 770 sowohl f\u00fcr Anwendungen im Dickschichtbereich als auch f\u00fcr Folien, unabh\u00e4ngig von der Dicke der Artikel. In Kombination mit anderen HALS-Produkten zeigt der Lichtstabilisator 770 starke Synergieeffekte.<\/h4>\n<h4>4. Tinuvin 770 Lichtstabilisierungseffekt ist besser als der \u00fcblicherweise verwendete Lichtstabilisator. Wenn es in Kombination mit einem Antioxidans verwendet wird, kann es die Hitzebest\u00e4ndigkeit verbessern, und der Synergieeffekt mit dem Ultraviolettlichtabsorber kann die Lichtstabilisierungswirkung weiter verbessern.<\/h4>\n<h4>Die Menge des zugesetzten Lichtstabilisators Tinuvin 770:<br \/>\nDie Zugabemenge liegt zwischen 0,1% und 0,5%, und die spezifische Zugabemenge wird anhand von Anwendungstests des Kunden bestimmt.<\/h4>\n<h2><strong><b>Tinuvin 770<\/b><\/strong><strong><b>\u00a0<\/b><\/strong><strong><b>Verpackung und Versand<\/b><\/strong><\/h2>\n<h4>Verpackung: 25kg Fass.<\/h4>\n<h4>Lieferung: innerhalb von 5-7 Arbeitstagen.<\/h4>\n<h2><strong><b>Tinuvin 770<\/b><\/strong><strong><b>\u00a0<\/b><\/strong><strong><b>Lagerung<\/b><\/strong><\/h2>\n<h4>An einem k\u00fchlen, trockenen Ort ohne direkte Sonneneinstrahlung aufbewahren.<\/h4>\n<h2><strong>Produkte der gleichen Serie<\/strong><\/h2>\n<table width=\"546\">\n<tbody>\n<tr>\n<td width=\"399\">\n<h4><a href=\"https:\/\/longchangchemical.com\/de\/product\/hals-119-light-stabilizer-119-chimassorb-119\/\"><span style=\"color: #0000ff;\">HALS 119 \/ LICHTSTABILISATOR 119 \/ CHIMASSORB 119<\/span><\/a><\/h4>\n<\/td>\n<td width=\"147\">\n<h4>106990-43-6<\/h4>\n<\/td>\n<\/tr>\n<tr>\n<td>\n<h4><span style=\"color: #0000ff;\"><a style=\"color: #0000ff;\" href=\"https:\/\/longchangchemical.com\/de\/product\/light-stabilizer-123-tinuvin-123-cas-129757-67-1\/\">HALS 123 \/ LICHTSTABILISATOR 123 \/ TINUVIN 123<\/a><\/span><\/h4>\n<\/td>\n<td>\n<h4>129757-67-1<\/h4>\n<\/td>\n<\/tr>\n<tr>\n<td>\n<h4><a href=\"https:\/\/longchangchemical.com\/de\/product\/light-stabilizer-622-tinuvin-622-cas-65447-77-0\/\"><span style=\"color: #0000ff;\">HALS 622 \/ LICHTSTABILISATOR 622 \/ TINUVIN 622<\/span><\/a><\/h4>\n<\/td>\n<td>\n<h4><span style=\"color: #000000;\">65447-77-0<\/span><\/h4>\n<\/td>\n<\/tr>\n<tr>\n<td>\n<h4><span style=\"color: #000000;\">HALS 770 \/ LICHTSTABILISATOR 770 \/ TINUVIN 770<\/span><\/h4>\n<\/td>\n<td>\n<h4>52829-07-9<\/h4>\n<\/td>\n<\/tr>\n<tr>\n<td>\n<h4><a href=\"https:\/\/longchangchemical.com\/de\/product\/uv-light-stabilizer-783-tinuvin-783\/\"><span style=\"color: #0000ff;\">HALS 783 \/ UV LICHTSTABILISATOR 783 \/ TINUVIN 783<\/span><\/a><\/h4>\n<\/td>\n<td><\/td>\n<\/tr>\n<tr>\n<td>\n<h4><a href=\"https:\/\/longchangchemical.com\/de\/product\/light-stabilizer-791-tinuvin-791\/\"><span style=\"color: #0000ff;\">HALS 791 \/ LICHTSTABILISATOR 791 \/ TINUVIN 791<\/span><\/a><\/h4>\n<\/td>\n<td><\/td>\n<\/tr>\n<tr>\n<td>\n<h4><a href=\"https:\/\/longchangchemical.com\/de\/product\/light-stabilizer-944-cas-70624-18-9\/\"><span style=\"color: #0000ff;\">HALS 944 LICHTSTABILISATOR-944 CHIMASORB 944<\/span><\/a><\/h4>\n<\/td>\n<td>\n<h4>70624-18-9 \/ 71878-19-8<\/h4>\n<\/td>\n<\/tr>\n<\/tbody>\n<\/table>\n<h2><strong><b>Kontaktieren Sie uns jetzt!<\/b><\/strong><\/h2>\n<h4><strong><b>Wenn Sie COA, MSDS oder TDS ben\u00f6tigen, geben Sie bitte Ihre Kontaktinformationen in das untenstehende Formular ein. Wir werden uns in der Regel innerhalb von 24 Stunden mit Ihnen in Verbindung setzen.<\/b><\/strong> Sie k\u00f6nnen mir auch eine E-Mail schicken <a href=\"mailto:info@longchangchemical.com\"><span style=\"color: #0000ff;\">info@longchangchemical.com<\/span><\/a> w\u00e4hrend der Gesch\u00e4ftszeiten ( 8:30 bis 18:00 Uhr UTC+8 Mo.~Sa. ) oder nutzen Sie den Live-Chat auf der Website, um eine schnelle Antwort zu erhalten.<\/h4>","protected":false},"excerpt":{"rendered":"<p><strong><b>Lichtstabilisator 770 quick Details<\/b><\/strong><\/p>\n<p>Chemische Bezeichnung: Bis (2,2,6,6-Tetramethyl-4-Piperidinyl) sebacat<\/p>\n<p>\u00c4quivalent: Tinuvin 770 (Ciba), Uvinul 4077 H (BASF), Lowilite 77 (Great Lakes), usw.<\/p>\n<p>Andere Bezeichnung: Lichtstabilisator 770<\/p>\n<p>CAS-Nr.:52829-07-9<\/p>\n<p>Molekulare Formel: C28H52N2O4<\/p>\n<p>Molekulargewicht: 480,73<\/p>\n<p>Lichtstabilisator 770 Struktur:<\/p>","protected":false},"featured_media":3299,"comment_status":"open","ping_status":"closed","template":"","meta":[],"product_brand":[],"product_cat":[104],"product_tag":[],"class_list":{"0":"post-3298","1":"product","2":"type-product","3":"status-publish","4":"has-post-thumbnail","6":"product_cat-light-stabilizer","8":"first","9":"instock","10":"shipping-taxable","11":"product-type-simple"},"yoast_head":"<!-- This site is optimized with the Yoast SEO plugin v25.3.1 - https:\/\/yoast.com\/wordpress\/plugins\/seo\/ -->\n<title>China HALS 770 \/ Light stabilizer 770 \/ Tinuvin 770 manufacturer - Longchang Chemical<\/title>\n<meta name=\"description\" content=\"China top HALS 770 \/ Light stabilizer 770 \/ Tinuvin 770 manufacturers and CAS 52829-07-9 suppliers. Longchang chemical can provide the best Tinuvin 770 price.\" \/>\n<meta name=\"robots\" content=\"index, follow, max-snippet:-1, max-image-preview:large, max-video-preview:-1\" \/>\n<link rel=\"canonical\" href=\"https:\/\/longchangchemical.com\/de\/product\/light-stabilizer-770-tinuvin-770-cas-52829-07-9\/\" \/>\n<meta property=\"og:locale\" content=\"de_DE\" \/>\n<meta property=\"og:type\" content=\"article\" \/>\n<meta property=\"og:title\" content=\"China HALS 770 \/ Light stabilizer 770 \/ Tinuvin 770 manufacturer - Longchang Chemical\" \/>\n<meta property=\"og:description\" content=\"China top HALS 770 \/ Light stabilizer 770 \/ Tinuvin 770 manufacturers and CAS 52829-07-9 suppliers. Longchang chemical can provide the best Tinuvin 770 price.\" \/>\n<meta property=\"og:url\" content=\"https:\/\/longchangchemical.com\/de\/product\/light-stabilizer-770-tinuvin-770-cas-52829-07-9\/\" \/>\n<meta property=\"og:site_name\" content=\"Longchang Chemical\" \/>\n<meta property=\"article:modified_time\" content=\"2025-04-01T05:54:02+00:00\" \/>\n<meta property=\"og:image\" content=\"https:\/\/longchangchemical.com\/wp-content\/uploads\/2020\/09\/Tinuvin-770-appearance.jpg\" \/>\n\t<meta property=\"og:image:width\" content=\"600\" \/>\n\t<meta property=\"og:image:height\" content=\"800\" \/>\n\t<meta property=\"og:image:type\" content=\"image\/jpeg\" \/>\n<meta name=\"twitter:card\" content=\"summary_large_image\" \/>\n<script type=\"application\/ld+json\" class=\"yoast-schema-graph\">{\"@context\":\"https:\/\/schema.org\",\"@graph\":[{\"@type\":\"WebPage\",\"@id\":\"https:\/\/longchangchemical.com\/product\/light-stabilizer-770-tinuvin-770-cas-52829-07-9\/\",\"url\":\"https:\/\/longchangchemical.com\/product\/light-stabilizer-770-tinuvin-770-cas-52829-07-9\/\",\"name\":\"China HALS 770 \/ Light stabilizer 770 \/ Tinuvin 770 manufacturer - Longchang Chemical\",\"isPartOf\":{\"@id\":\"https:\/\/longchangchemical.com\/#website\"},\"primaryImageOfPage\":{\"@id\":\"https:\/\/longchangchemical.com\/product\/light-stabilizer-770-tinuvin-770-cas-52829-07-9\/#primaryimage\"},\"image\":{\"@id\":\"https:\/\/longchangchemical.com\/product\/light-stabilizer-770-tinuvin-770-cas-52829-07-9\/#primaryimage\"},\"thumbnailUrl\":\"https:\/\/longchangchemical.com\/wp-content\/uploads\/2020\/09\/Tinuvin-770-appearance.jpg\",\"datePublished\":\"2020-09-29T07:14:49+00:00\",\"dateModified\":\"2025-04-01T05:54:02+00:00\",\"description\":\"China top HALS 770 \/ Light stabilizer 770 \/ Tinuvin 770 manufacturers and CAS 52829-07-9 suppliers. Longchang chemical can provide the best Tinuvin 770 price.\",\"breadcrumb\":{\"@id\":\"https:\/\/longchangchemical.com\/product\/light-stabilizer-770-tinuvin-770-cas-52829-07-9\/#breadcrumb\"},\"inLanguage\":\"de\",\"potentialAction\":[{\"@type\":\"ReadAction\",\"target\":[\"https:\/\/longchangchemical.com\/product\/light-stabilizer-770-tinuvin-770-cas-52829-07-9\/\"]}]},{\"@type\":\"ImageObject\",\"inLanguage\":\"de\",\"@id\":\"https:\/\/longchangchemical.com\/product\/light-stabilizer-770-tinuvin-770-cas-52829-07-9\/#primaryimage\",\"url\":\"https:\/\/longchangchemical.com\/wp-content\/uploads\/2020\/09\/Tinuvin-770-appearance.jpg\",\"contentUrl\":\"https:\/\/longchangchemical.com\/wp-content\/uploads\/2020\/09\/Tinuvin-770-appearance.jpg\",\"width\":600,\"height\":800,\"caption\":\"Tinuvin 770 appearance\"},{\"@type\":\"BreadcrumbList\",\"@id\":\"https:\/\/longchangchemical.com\/product\/light-stabilizer-770-tinuvin-770-cas-52829-07-9\/#breadcrumb\",\"itemListElement\":[{\"@type\":\"ListItem\",\"position\":1,\"name\":\"Home\",\"item\":\"https:\/\/longchangchemical.com\/\"},{\"@type\":\"ListItem\",\"position\":2,\"name\":\"Products Longchang\",\"item\":\"https:\/\/longchangchemical.com\/product\/\"},{\"@type\":\"ListItem\",\"position\":3,\"name\":\"CHLUMILS\u00ae UV-770 \/ HALS 770 \/ Light stabilizer 770 \/ Tinuvin 770 CAS 52829-07-9\"}]},{\"@type\":\"WebSite\",\"@id\":\"https:\/\/longchangchemical.com\/#website\",\"url\":\"https:\/\/longchangchemical.com\/\",\"name\":\"Longchang Chemical\",\"description\":\"China chemical manufacturer \uff06 supplier\",\"publisher\":{\"@id\":\"https:\/\/longchangchemical.com\/#organization\"},\"potentialAction\":[{\"@type\":\"SearchAction\",\"target\":{\"@type\":\"EntryPoint\",\"urlTemplate\":\"https:\/\/longchangchemical.com\/?s={search_term_string}\"},\"query-input\":{\"@type\":\"PropertyValueSpecification\",\"valueRequired\":true,\"valueName\":\"search_term_string\"}}],\"inLanguage\":\"de\"},{\"@type\":\"Organization\",\"@id\":\"https:\/\/longchangchemical.com\/#organization\",\"name\":\"Longchang Chemical\",\"url\":\"https:\/\/longchangchemical.com\/\",\"logo\":{\"@type\":\"ImageObject\",\"inLanguage\":\"de\",\"@id\":\"https:\/\/longchangchemical.com\/#\/schema\/logo\/image\/\",\"url\":\"https:\/\/longchangchemical.com\/wp-content\/uploads\/2020\/08\/cropped-longchang-logo.png\",\"contentUrl\":\"https:\/\/longchangchemical.com\/wp-content\/uploads\/2020\/08\/cropped-longchang-logo.png\",\"width\":512,\"height\":512,\"caption\":\"Longchang Chemical\"},\"image\":{\"@id\":\"https:\/\/longchangchemical.com\/#\/schema\/logo\/image\/\"}}]}<\/script>\n<!-- \/ Yoast SEO plugin. -->","yoast_head_json":{"title":"China HALS 770 \/ Lichtstabilisator 770 \/ Tinuvin 770 Hersteller - Longchang Chemical","description":"China top HALS 770 \/ Lichtstabilisator 770 \/ Tinuvin 770 Hersteller und CAS 52829-07-9 Lieferanten. Longchang chemische kann die beste Tinuvin 770 Preis bieten.","robots":{"index":"index","follow":"follow","max-snippet":"max-snippet:-1","max-image-preview":"max-image-preview:large","max-video-preview":"max-video-preview:-1"},"canonical":"https:\/\/longchangchemical.com\/de\/product\/light-stabilizer-770-tinuvin-770-cas-52829-07-9\/","og_locale":"de_DE","og_type":"article","og_title":"China HALS 770 \/ Light stabilizer 770 \/ Tinuvin 770 manufacturer - Longchang Chemical","og_description":"China top HALS 770 \/ Light stabilizer 770 \/ Tinuvin 770 manufacturers and CAS 52829-07-9 suppliers. Longchang chemical can provide the best Tinuvin 770 price.","og_url":"https:\/\/longchangchemical.com\/de\/product\/light-stabilizer-770-tinuvin-770-cas-52829-07-9\/","og_site_name":"Longchang Chemical","article_modified_time":"2025-04-01T05:54:02+00:00","og_image":[{"width":600,"height":800,"url":"https:\/\/longchangchemical.com\/wp-content\/uploads\/2020\/09\/Tinuvin-770-appearance.jpg","type":"image\/jpeg"}],"twitter_card":"summary_large_image","schema":{"@context":"https:\/\/schema.org","@graph":[{"@type":"WebPage","@id":"https:\/\/longchangchemical.com\/product\/light-stabilizer-770-tinuvin-770-cas-52829-07-9\/","url":"https:\/\/longchangchemical.com\/product\/light-stabilizer-770-tinuvin-770-cas-52829-07-9\/","name":"China HALS 770 \/ Lichtstabilisator 770 \/ Tinuvin 770 Hersteller - Longchang Chemical","isPartOf":{"@id":"https:\/\/longchangchemical.com\/#website"},"primaryImageOfPage":{"@id":"https:\/\/longchangchemical.com\/product\/light-stabilizer-770-tinuvin-770-cas-52829-07-9\/#primaryimage"},"image":{"@id":"https:\/\/longchangchemical.com\/product\/light-stabilizer-770-tinuvin-770-cas-52829-07-9\/#primaryimage"},"thumbnailUrl":"https:\/\/longchangchemical.com\/wp-content\/uploads\/2020\/09\/Tinuvin-770-appearance.jpg","datePublished":"2020-09-29T07:14:49+00:00","dateModified":"2025-04-01T05:54:02+00:00","description":"China top HALS 770 \/ Lichtstabilisator 770 \/ Tinuvin 770 Hersteller und CAS 52829-07-9 Lieferanten. Longchang chemische kann die beste Tinuvin 770 Preis bieten.","breadcrumb":{"@id":"https:\/\/longchangchemical.com\/product\/light-stabilizer-770-tinuvin-770-cas-52829-07-9\/#breadcrumb"},"inLanguage":"de","potentialAction":[{"@type":"ReadAction","target":["https:\/\/longchangchemical.com\/product\/light-stabilizer-770-tinuvin-770-cas-52829-07-9\/"]}]},{"@type":"ImageObject","inLanguage":"de","@id":"https:\/\/longchangchemical.com\/product\/light-stabilizer-770-tinuvin-770-cas-52829-07-9\/#primaryimage","url":"https:\/\/longchangchemical.com\/wp-content\/uploads\/2020\/09\/Tinuvin-770-appearance.jpg","contentUrl":"https:\/\/longchangchemical.com\/wp-content\/uploads\/2020\/09\/Tinuvin-770-appearance.jpg","width":600,"height":800,"caption":"Tinuvin 770 appearance"},{"@type":"BreadcrumbList","@id":"https:\/\/longchangchemical.com\/product\/light-stabilizer-770-tinuvin-770-cas-52829-07-9\/#breadcrumb","itemListElement":[{"@type":"ListItem","position":1,"name":"Home","item":"https:\/\/longchangchemical.com\/"},{"@type":"ListItem","position":2,"name":"Products Longchang","item":"https:\/\/longchangchemical.com\/product\/"},{"@type":"ListItem","position":3,"name":"CHLUMILS\u00ae UV-770 \/ HALS 770 \/ Light stabilizer 770 \/ Tinuvin 770 CAS 52829-07-9"}]},{"@type":"WebSite","@id":"https:\/\/longchangchemical.com\/#website","url":"https:\/\/longchangchemical.com\/","name":"Longchang Chemical","description":"China Hersteller von Chemikalien \uff06 Lieferant","publisher":{"@id":"https:\/\/longchangchemical.com\/#organization"},"potentialAction":[{"@type":"SearchAction","target":{"@type":"EntryPoint","urlTemplate":"https:\/\/longchangchemical.com\/?s={search_term_string}"},"query-input":{"@type":"PropertyValueSpecification","valueRequired":true,"valueName":"search_term_string"}}],"inLanguage":"de"},{"@type":"Organization","@id":"https:\/\/longchangchemical.com\/#organization","name":"Longchang Chemical","url":"https:\/\/longchangchemical.com\/","logo":{"@type":"ImageObject","inLanguage":"de","@id":"https:\/\/longchangchemical.com\/#\/schema\/logo\/image\/","url":"https:\/\/longchangchemical.com\/wp-content\/uploads\/2020\/08\/cropped-longchang-logo.png","contentUrl":"https:\/\/longchangchemical.com\/wp-content\/uploads\/2020\/08\/cropped-longchang-logo.png","width":512,"height":512,"caption":"Longchang Chemical"},"image":{"@id":"https:\/\/longchangchemical.com\/#\/schema\/logo\/image\/"}}]}},"_links":{"self":[{"href":"https:\/\/longchangchemical.com\/de\/wp-json\/wp\/v2\/product\/3298","targetHints":{"allow":["GET"]}}],"collection":[{"href":"https:\/\/longchangchemical.com\/de\/wp-json\/wp\/v2\/product"}],"about":[{"href":"https:\/\/longchangchemical.com\/de\/wp-json\/wp\/v2\/types\/product"}],"replies":[{"embeddable":true,"href":"https:\/\/longchangchemical.com\/de\/wp-json\/wp\/v2\/comments?post=3298"}],"wp:featuredmedia":[{"embeddable":true,"href":"https:\/\/longchangchemical.com\/de\/wp-json\/wp\/v2\/media\/3299"}],"wp:attachment":[{"href":"https:\/\/longchangchemical.com\/de\/wp-json\/wp\/v2\/media?parent=3298"}],"wp:term":[{"taxonomy":"product_brand","embeddable":true,"href":"https:\/\/longchangchemical.com\/de\/wp-json\/wp\/v2\/product_brand?post=3298"},{"taxonomy":"product_cat","embeddable":true,"href":"https:\/\/longchangchemical.com\/de\/wp-json\/wp\/v2\/product_cat?post=3298"},{"taxonomy":"product_tag","embeddable":true,"href":"https:\/\/longchangchemical.com\/de\/wp-json\/wp\/v2\/product_tag?post=3298"}],"curies":[{"name":"wp","href":"https:\/\/api.w.org\/{rel}","templated":true}]}}