{"id":3295,"date":"2020-09-29T03:49:26","date_gmt":"2020-09-29T03:49:26","guid":{"rendered":"https:\/\/longchangchemical.com\/?post_type=product&#038;p=3295"},"modified":"2025-12-30T09:03:08","modified_gmt":"2025-12-30T09:03:08","slug":"light-stabilizer-622-tinuvin-622-cas-65447-77-0","status":"publish","type":"product","link":"https:\/\/longchangchemical.com\/de\/product\/light-stabilizer-622-tinuvin-622-cas-65447-77-0\/","title":{"rendered":"CHLUMILS\u00ae UV-622 \/ HALS 622 \/ Lichtschutzmittel 622 \/ Tinuvin 622 CAS 65447-77-0"},"content":{"rendered":"<h1><strong>HALS 622 \/ Lichtstabilisator 622 \/ Tinuvin 622 CAS 65447-77-0<\/strong><\/h1>\n<table>\n<tbody>\n<tr>\n<td>\n<h4><strong><b>Artikel<\/b><\/strong><\/h4>\n<\/td>\n<td>\n<h4><strong><b>Standard<\/b><\/strong><\/h4>\n<\/td>\n<\/tr>\n<tr>\n<td>\n<h4>Erscheinungsbild<\/h4>\n<\/td>\n<td>\n<h4>Wei\u00dfes grobes Pulver oder gelbliches Granulat<\/h4>\n<\/td>\n<\/tr>\n<tr>\n<td>\n<h4>Fl\u00fcchtige Stoffe<\/h4>\n<\/td>\n<td>\n<h4>\u22640,5%<\/h4>\n<\/td>\n<\/tr>\n<tr>\n<td>\n<h4>Lichtdurchl\u00e4ssigkeit 425nm<\/h4>\n<\/td>\n<td>\n<h4>\u226597%<\/h4>\n<\/td>\n<\/tr>\n<tr>\n<td>\n<h4>Lichtdurchl\u00e4ssigkeit 450nm<\/h4>\n<\/td>\n<td>\n<h4>\u226598%(10g\/100ml Methylbenzol)<\/h4>\n<\/td>\n<\/tr>\n<tr>\n<td>\n<h4>Lichtdurchl\u00e4ssigkeit 500nm<\/h4>\n<\/td>\n<td>\n<h4>\u226599%<\/h4>\n<\/td>\n<\/tr>\n<tr>\n<td>\n<h4>Esche<\/h4>\n<\/td>\n<td>\n<h4>\u22640,05%<\/h4>\n<\/td>\n<\/tr>\n<tr>\n<td>\n<h4>Erweichungsbereich<\/h4>\n<\/td>\n<td>\n<h4>50-70 \u2103<\/h4>\n<\/td>\n<\/tr>\n<\/tbody>\n<\/table>\n<h2><\/h2>\n<h2><strong><b>Tinuvin 622<\/b><\/strong><strong><b>\u00a0<\/b><\/strong><strong><b>Verwendung<\/b><\/strong><\/h2>\n<h4>1. Lichtstabilisator 622 geh\u00f6rt zur neuesten Generation von polymeren gehinderten Amin-Lichtstabilisatoren, die eine ausgezeichnete Hei\u00dfverarbeitungsstabilit\u00e4t aufweisen. Hervorragende Kompatibilit\u00e4t mit Harz, zufriedenstellende Wasserbest\u00e4ndigkeit und extrem geringe Fl\u00fcchtigkeit und Migration.<\/h4>\n<h4>2. Der Lichtstabilisator 622 kann auf PE.PP angewendet werden. Polystyrol, ABS, Polyurethan und Polyamid usw. angewendet werden. Optimale Effekte werden erzielt, wenn er mit Antioxidantien und UV-Absorbern verwendet wird.<\/h4>\n<h4>3. Der Lichtstabilisator 622 ist einer der Lichtstabilisatoren, die von der FDA f\u00fcr die Verwendung in Lebensmittelverpackungen zugelassen sind. Referenzdosierung in PE-Landwirtschaftsfolie: 0,3-0,6%.<\/h4>\n<h4>4. Polymerisiertes HALS mit hohem Molekulargewicht, geringer Fl\u00fcchtigkeit, geringer Zersetzung, kaum extrahierbar (durch Wasser) oder auswaschbar (durch Gas) und guter W\u00e4rmestabilit\u00e4t.<\/h4>\n<p><strong><b>\u00a0<\/b><\/strong><\/p>\n<h2><strong><b>Tinuvin 622<\/b><\/strong><strong><b>\u00a0<\/b><\/strong><strong><b>Verpackung und Versand<\/b><\/strong><\/h2>\n<h4>Verpackung: 25kg\/Karton; 20Kartons\/Palette; 20kg-Karton (innen mit Plastikt\u00fcte).<\/h4>\n<p>&nbsp;<\/p>\n<h2><strong><b>Tinuvin 622<\/b><\/strong><strong><b>\u00a0<\/b><\/strong><strong><b>Lagerung<\/b><\/strong><\/h2>\n<h4>An einem trockenen Ort unter 30\u2103 lagern, um Feuchtigkeit und Licht zu vermeiden.<\/h4>\n<p>&nbsp;<\/p>\n<h2><strong>Produkte der gleichen Serie<\/strong><\/h2>\n<table width=\"546\">\n<tbody>\n<tr>\n<td width=\"399\">\n<h4><a href=\"https:\/\/longchangchemical.com\/de\/product\/hals-119-light-stabilizer-119-chimassorb-119\/\"><span style=\"color: #0000ff;\">HALS 119 \/ LICHTSTABILISATOR 119 \/ CHIMASSORB 119<\/span><\/a><\/h4>\n<\/td>\n<td width=\"147\">\n<h4>106990-43-6<\/h4>\n<\/td>\n<\/tr>\n<tr>\n<td>\n<h4><a href=\"https:\/\/longchangchemical.com\/de\/product\/light-stabilizer-123-tinuvin-123-cas-129757-67-1\/\"><span style=\"color: #0000ff;\">HALS 123 \/ LICHTSTABILISATOR 123 \/ TINUVIN 123<\/span><\/a><\/h4>\n<\/td>\n<td>\n<h4>129757-67-1<\/h4>\n<\/td>\n<\/tr>\n<tr>\n<td>\n<h4><a href=\"https:\/\/longchangchemical.com\/de\/product\/light-stabilizer-622-tinuvin-622-cas-65447-77-0\/\"><span style=\"color: #0000ff;\">HALS 622 \/ LICHTSTABILISATOR 622 \/ TINUVIN 622<\/span><\/a><\/h4>\n<\/td>\n<td>\n<h4><span style=\"color: #000000;\">65447-77-0<\/span><\/h4>\n<\/td>\n<\/tr>\n<tr>\n<td>\n<h4><a href=\"https:\/\/longchangchemical.com\/de\/product\/light-stabilizer-770-tinuvin-770-cas-52829-07-9\/\"><span style=\"color: #0000ff;\">HALS 770 \/ LICHTSTABILISATOR 770 \/ TINUVIN 770<\/span><\/a><\/h4>\n<\/td>\n<td>\n<h4>52829-07-9<\/h4>\n<\/td>\n<\/tr>\n<tr>\n<td>\n<h4><a href=\"https:\/\/longchangchemical.com\/de\/product\/uv-light-stabilizer-783-tinuvin-783\/\"><span style=\"color: #0000ff;\">HALS 783 \/ UV LICHTSTABILISATOR 783 \/ TINUVIN 783<\/span><\/a><\/h4>\n<\/td>\n<td><\/td>\n<\/tr>\n<tr>\n<td>\n<h4><a href=\"https:\/\/longchangchemical.com\/de\/product\/light-stabilizer-791-tinuvin-791\/\"><span style=\"color: #0000ff;\">HALS 791 \/ LICHTSTABILISATOR 791 \/ TINUVIN 791<\/span><\/a><\/h4>\n<\/td>\n<td><\/td>\n<\/tr>\n<tr>\n<td>\n<h4><a href=\"https:\/\/longchangchemical.com\/de\/product\/light-stabilizer-944-cas-70624-18-9\/\"><span style=\"color: #0000ff;\">HALS 944 LICHTSTABILISATOR-944 CHIMASORB 944<\/span><\/a><\/h4>\n<\/td>\n<td>\n<h4>70624-18-9 \/ 71878-19-8<\/h4>\n<\/td>\n<\/tr>\n<\/tbody>\n<\/table>\n<p>&nbsp;<\/p>\n<p>&nbsp;<\/p>\n<h2><strong><b>Kontaktieren Sie uns jetzt!<\/b><\/strong><\/h2>\n<h4><strong><b>Wenn Sie COA, MSDS oder TDS ben\u00f6tigen, geben Sie bitte Ihre Kontaktinformationen in das untenstehende Formular ein. Wir werden uns in der Regel innerhalb von 24 Stunden mit Ihnen in Verbindung setzen. <\/b><\/strong> Sie k\u00f6nnen mir auch eine E-Mail schicken <span style=\"color: #0000ff;\"><strong><a style=\"color: #0000ff;\" href=\"mailto:info@longchangchemical\">info@longchangchemical<\/a><\/strong><\/span>.com w\u00e4hrend der Gesch\u00e4ftszeiten (8:30 bis 18:00 Uhr UTC+8 Mo.~Sa.) oder nutzen Sie den Live-Chat auf der Website, um eine schnelle Antwort zu erhalten.<\/h4>","protected":false},"excerpt":{"rendered":"<h4>Chemische Bezeichnung: Poly-(N-Beta-hydroxyethyl-2,2,6,6-tetramethyl-4-hydroxy-piperidylsuccinat)<\/h4>\n<h4>Produktbezeichnung: Lichtstabilisator 622<\/h4>\n<h4>Handelsname: Tinuvin 622 (Ciba), Uvinul 5062 H (BASF), Lowilite 62 (Great Lakes), usw.<\/h4>\n<h4>CAS-Nr.:65447-77-0<\/h4>\n<h4>Molekulare Formel: C7H15NO<\/h4>\n<h4>Molekulargewicht: &gt; 2500<\/h4>\n<h4>Tinuvin 622 Struktur: <img decoding=\"async\" class=\"size-medium wp-image-3296\" src=\"https:\/\/longchangchemical.com\/wp-content\/uploads\/2020\/09\/Tinuvin-622-Structure-300x90.png\" alt=\"Tinuvin 622 Struktur\" width=\"300\" height=\"90\" srcset=\"https:\/\/longchangchemical.com\/wp-content\/uploads\/2020\/09\/Tinuvin-622-Structure-300x90.png 300w, https:\/\/longchangchemical.com\/wp-content\/uploads\/2020\/09\/Tinuvin-622-Structure.png 325w\" sizes=\"(max-width: 300px) 100vw, 300px\" \/><\/h4>\n<h4>Erscheinungsbild: Wei\u00dfes grobes Pulver oder gelbliches Granulat<\/h4>\n<h4><strong><b>Wenn Sie COA, MSDS oder TDS ben\u00f6tigen, geben Sie bitte Ihre Kontaktinformationen in das untenstehende Formular ein. Wir werden uns in der Regel innerhalb von 24 Stunden mit Ihnen in Verbindung setzen. <\/b><\/strong> Sie k\u00f6nnen mir auch eine E-Mail schicken <a href=\"mailto:info@longchangchemical.com\"><span style=\"color: #0000ff;\"><strong>info@longchangchemical<\/strong><\/span>.com<\/a> w\u00e4hrend der Gesch\u00e4ftszeiten ( 8:30 bis 18:00 Uhr UTC+8 Mo.~Sa. ) oder nutzen Sie den Live-Chat auf der Website, um eine schnelle Antwort zu erhalten.<\/h4>","protected":false},"featured_media":3297,"comment_status":"open","ping_status":"closed","template":"","meta":[],"product_brand":[],"product_cat":[104],"product_tag":[],"class_list":{"0":"post-3295","1":"product","2":"type-product","3":"status-publish","4":"has-post-thumbnail","6":"product_cat-light-stabilizer","8":"first","9":"instock","10":"shipping-taxable","11":"product-type-simple"},"yoast_head":"<!-- This site is optimized with the Yoast SEO plugin v25.3.1 - https:\/\/yoast.com\/wordpress\/plugins\/seo\/ -->\n<title>China Light Stabilizer 622 \/ Tinuvin 622 CAS 65447-77-0 manufacturer - Longchang Chemical<\/title>\n<meta name=\"description\" content=\"China top Light Stabilizer 622 \/ Tinuvin 622 manufacturers and CAS 65447-77-0 suppliers. Longchang chemical can provide the best Tinuvin 622 price.\" \/>\n<meta name=\"robots\" content=\"index, follow, max-snippet:-1, max-image-preview:large, max-video-preview:-1\" \/>\n<link rel=\"canonical\" href=\"https:\/\/longchangchemical.com\/de\/product\/light-stabilizer-622-tinuvin-622-cas-65447-77-0\/\" \/>\n<meta property=\"og:locale\" content=\"de_DE\" \/>\n<meta property=\"og:type\" content=\"article\" \/>\n<meta property=\"og:title\" content=\"China Light Stabilizer 622 \/ Tinuvin 622 CAS 65447-77-0 manufacturer - Longchang Chemical\" \/>\n<meta property=\"og:description\" content=\"China top Light Stabilizer 622 \/ Tinuvin 622 manufacturers and CAS 65447-77-0 suppliers. Longchang chemical can provide the best Tinuvin 622 price.\" \/>\n<meta property=\"og:url\" content=\"https:\/\/longchangchemical.com\/de\/product\/light-stabilizer-622-tinuvin-622-cas-65447-77-0\/\" \/>\n<meta property=\"og:site_name\" content=\"Longchang Chemical\" \/>\n<meta property=\"article:modified_time\" content=\"2025-12-30T09:03:08+00:00\" \/>\n<meta property=\"og:image\" content=\"https:\/\/longchangchemical.com\/wp-content\/uploads\/2020\/09\/HALS-622-Light-Stabilizer-622-Tinuvin-622-appearance.jpg\" \/>\n\t<meta property=\"og:image:width\" content=\"600\" \/>\n\t<meta property=\"og:image:height\" content=\"800\" \/>\n\t<meta property=\"og:image:type\" content=\"image\/jpeg\" \/>\n<meta name=\"twitter:card\" content=\"summary_large_image\" \/>\n<script type=\"application\/ld+json\" class=\"yoast-schema-graph\">{\"@context\":\"https:\/\/schema.org\",\"@graph\":[{\"@type\":\"WebPage\",\"@id\":\"https:\/\/longchangchemical.com\/product\/light-stabilizer-622-tinuvin-622-cas-65447-77-0\/\",\"url\":\"https:\/\/longchangchemical.com\/product\/light-stabilizer-622-tinuvin-622-cas-65447-77-0\/\",\"name\":\"China Light Stabilizer 622 \/ Tinuvin 622 CAS 65447-77-0 manufacturer - Longchang Chemical\",\"isPartOf\":{\"@id\":\"https:\/\/longchangchemical.com\/#website\"},\"primaryImageOfPage\":{\"@id\":\"https:\/\/longchangchemical.com\/product\/light-stabilizer-622-tinuvin-622-cas-65447-77-0\/#primaryimage\"},\"image\":{\"@id\":\"https:\/\/longchangchemical.com\/product\/light-stabilizer-622-tinuvin-622-cas-65447-77-0\/#primaryimage\"},\"thumbnailUrl\":\"https:\/\/longchangchemical.com\/wp-content\/uploads\/2020\/09\/HALS-622-Light-Stabilizer-622-Tinuvin-622-appearance.jpg\",\"datePublished\":\"2020-09-29T03:49:26+00:00\",\"dateModified\":\"2025-12-30T09:03:08+00:00\",\"description\":\"China top Light Stabilizer 622 \/ Tinuvin 622 manufacturers and CAS 65447-77-0 suppliers. Longchang chemical can provide the best Tinuvin 622 price.\",\"breadcrumb\":{\"@id\":\"https:\/\/longchangchemical.com\/product\/light-stabilizer-622-tinuvin-622-cas-65447-77-0\/#breadcrumb\"},\"inLanguage\":\"de\",\"potentialAction\":[{\"@type\":\"ReadAction\",\"target\":[\"https:\/\/longchangchemical.com\/product\/light-stabilizer-622-tinuvin-622-cas-65447-77-0\/\"]}]},{\"@type\":\"ImageObject\",\"inLanguage\":\"de\",\"@id\":\"https:\/\/longchangchemical.com\/product\/light-stabilizer-622-tinuvin-622-cas-65447-77-0\/#primaryimage\",\"url\":\"https:\/\/longchangchemical.com\/wp-content\/uploads\/2020\/09\/HALS-622-Light-Stabilizer-622-Tinuvin-622-appearance.jpg\",\"contentUrl\":\"https:\/\/longchangchemical.com\/wp-content\/uploads\/2020\/09\/HALS-622-Light-Stabilizer-622-Tinuvin-622-appearance.jpg\",\"width\":600,\"height\":800,\"caption\":\"HALS 622 Light Stabilizer 622 Tinuvin 622 appearance\"},{\"@type\":\"BreadcrumbList\",\"@id\":\"https:\/\/longchangchemical.com\/product\/light-stabilizer-622-tinuvin-622-cas-65447-77-0\/#breadcrumb\",\"itemListElement\":[{\"@type\":\"ListItem\",\"position\":1,\"name\":\"Home\",\"item\":\"https:\/\/longchangchemical.com\/\"},{\"@type\":\"ListItem\",\"position\":2,\"name\":\"Products Longchang\",\"item\":\"https:\/\/longchangchemical.com\/product\/\"},{\"@type\":\"ListItem\",\"position\":3,\"name\":\"CHLUMILS\u00ae UV-622 \/ HALS 622 \/ Light Stabilizer 622 \/ Tinuvin 622 CAS 65447-77-0\"}]},{\"@type\":\"WebSite\",\"@id\":\"https:\/\/longchangchemical.com\/#website\",\"url\":\"https:\/\/longchangchemical.com\/\",\"name\":\"Longchang Chemical\",\"description\":\"China chemical manufacturer \uff06 supplier\",\"publisher\":{\"@id\":\"https:\/\/longchangchemical.com\/#organization\"},\"potentialAction\":[{\"@type\":\"SearchAction\",\"target\":{\"@type\":\"EntryPoint\",\"urlTemplate\":\"https:\/\/longchangchemical.com\/?s={search_term_string}\"},\"query-input\":{\"@type\":\"PropertyValueSpecification\",\"valueRequired\":true,\"valueName\":\"search_term_string\"}}],\"inLanguage\":\"de\"},{\"@type\":\"Organization\",\"@id\":\"https:\/\/longchangchemical.com\/#organization\",\"name\":\"Longchang Chemical\",\"url\":\"https:\/\/longchangchemical.com\/\",\"logo\":{\"@type\":\"ImageObject\",\"inLanguage\":\"de\",\"@id\":\"https:\/\/longchangchemical.com\/#\/schema\/logo\/image\/\",\"url\":\"https:\/\/longchangchemical.com\/wp-content\/uploads\/2020\/08\/cropped-longchang-logo.png\",\"contentUrl\":\"https:\/\/longchangchemical.com\/wp-content\/uploads\/2020\/08\/cropped-longchang-logo.png\",\"width\":512,\"height\":512,\"caption\":\"Longchang Chemical\"},\"image\":{\"@id\":\"https:\/\/longchangchemical.com\/#\/schema\/logo\/image\/\"}}]}<\/script>\n<!-- \/ Yoast SEO plugin. -->","yoast_head_json":{"title":"China Lichtstabilisator 622 \/ Tinuvin 622 CAS 65447-77-0 Hersteller - Longchang Chemical","description":"China top Licht Stabilisator 622 \/ Tinuvin 622 Hersteller und CAS 65447-77-0 Lieferanten. Longchang chemische kann die beste Tinuvin 622 Preis bieten.","robots":{"index":"index","follow":"follow","max-snippet":"max-snippet:-1","max-image-preview":"max-image-preview:large","max-video-preview":"max-video-preview:-1"},"canonical":"https:\/\/longchangchemical.com\/de\/product\/light-stabilizer-622-tinuvin-622-cas-65447-77-0\/","og_locale":"de_DE","og_type":"article","og_title":"China Light Stabilizer 622 \/ Tinuvin 622 CAS 65447-77-0 manufacturer - Longchang Chemical","og_description":"China top Light Stabilizer 622 \/ Tinuvin 622 manufacturers and CAS 65447-77-0 suppliers. Longchang chemical can provide the best Tinuvin 622 price.","og_url":"https:\/\/longchangchemical.com\/de\/product\/light-stabilizer-622-tinuvin-622-cas-65447-77-0\/","og_site_name":"Longchang Chemical","article_modified_time":"2025-12-30T09:03:08+00:00","og_image":[{"width":600,"height":800,"url":"https:\/\/longchangchemical.com\/wp-content\/uploads\/2020\/09\/HALS-622-Light-Stabilizer-622-Tinuvin-622-appearance.jpg","type":"image\/jpeg"}],"twitter_card":"summary_large_image","schema":{"@context":"https:\/\/schema.org","@graph":[{"@type":"WebPage","@id":"https:\/\/longchangchemical.com\/product\/light-stabilizer-622-tinuvin-622-cas-65447-77-0\/","url":"https:\/\/longchangchemical.com\/product\/light-stabilizer-622-tinuvin-622-cas-65447-77-0\/","name":"China Lichtstabilisator 622 \/ Tinuvin 622 CAS 65447-77-0 Hersteller - Longchang Chemical","isPartOf":{"@id":"https:\/\/longchangchemical.com\/#website"},"primaryImageOfPage":{"@id":"https:\/\/longchangchemical.com\/product\/light-stabilizer-622-tinuvin-622-cas-65447-77-0\/#primaryimage"},"image":{"@id":"https:\/\/longchangchemical.com\/product\/light-stabilizer-622-tinuvin-622-cas-65447-77-0\/#primaryimage"},"thumbnailUrl":"https:\/\/longchangchemical.com\/wp-content\/uploads\/2020\/09\/HALS-622-Light-Stabilizer-622-Tinuvin-622-appearance.jpg","datePublished":"2020-09-29T03:49:26+00:00","dateModified":"2025-12-30T09:03:08+00:00","description":"China top Licht Stabilisator 622 \/ Tinuvin 622 Hersteller und CAS 65447-77-0 Lieferanten. Longchang chemische kann die beste Tinuvin 622 Preis bieten.","breadcrumb":{"@id":"https:\/\/longchangchemical.com\/product\/light-stabilizer-622-tinuvin-622-cas-65447-77-0\/#breadcrumb"},"inLanguage":"de","potentialAction":[{"@type":"ReadAction","target":["https:\/\/longchangchemical.com\/product\/light-stabilizer-622-tinuvin-622-cas-65447-77-0\/"]}]},{"@type":"ImageObject","inLanguage":"de","@id":"https:\/\/longchangchemical.com\/product\/light-stabilizer-622-tinuvin-622-cas-65447-77-0\/#primaryimage","url":"https:\/\/longchangchemical.com\/wp-content\/uploads\/2020\/09\/HALS-622-Light-Stabilizer-622-Tinuvin-622-appearance.jpg","contentUrl":"https:\/\/longchangchemical.com\/wp-content\/uploads\/2020\/09\/HALS-622-Light-Stabilizer-622-Tinuvin-622-appearance.jpg","width":600,"height":800,"caption":"HALS 622 Light Stabilizer 622 Tinuvin 622 appearance"},{"@type":"BreadcrumbList","@id":"https:\/\/longchangchemical.com\/product\/light-stabilizer-622-tinuvin-622-cas-65447-77-0\/#breadcrumb","itemListElement":[{"@type":"ListItem","position":1,"name":"Home","item":"https:\/\/longchangchemical.com\/"},{"@type":"ListItem","position":2,"name":"Products Longchang","item":"https:\/\/longchangchemical.com\/product\/"},{"@type":"ListItem","position":3,"name":"CHLUMILS\u00ae UV-622 \/ HALS 622 \/ Light Stabilizer 622 \/ Tinuvin 622 CAS 65447-77-0"}]},{"@type":"WebSite","@id":"https:\/\/longchangchemical.com\/#website","url":"https:\/\/longchangchemical.com\/","name":"Longchang Chemical","description":"China Hersteller von Chemikalien \uff06 Lieferant","publisher":{"@id":"https:\/\/longchangchemical.com\/#organization"},"potentialAction":[{"@type":"SearchAction","target":{"@type":"EntryPoint","urlTemplate":"https:\/\/longchangchemical.com\/?s={search_term_string}"},"query-input":{"@type":"PropertyValueSpecification","valueRequired":true,"valueName":"search_term_string"}}],"inLanguage":"de"},{"@type":"Organization","@id":"https:\/\/longchangchemical.com\/#organization","name":"Longchang Chemical","url":"https:\/\/longchangchemical.com\/","logo":{"@type":"ImageObject","inLanguage":"de","@id":"https:\/\/longchangchemical.com\/#\/schema\/logo\/image\/","url":"https:\/\/longchangchemical.com\/wp-content\/uploads\/2020\/08\/cropped-longchang-logo.png","contentUrl":"https:\/\/longchangchemical.com\/wp-content\/uploads\/2020\/08\/cropped-longchang-logo.png","width":512,"height":512,"caption":"Longchang Chemical"},"image":{"@id":"https:\/\/longchangchemical.com\/#\/schema\/logo\/image\/"}}]}},"_links":{"self":[{"href":"https:\/\/longchangchemical.com\/de\/wp-json\/wp\/v2\/product\/3295","targetHints":{"allow":["GET"]}}],"collection":[{"href":"https:\/\/longchangchemical.com\/de\/wp-json\/wp\/v2\/product"}],"about":[{"href":"https:\/\/longchangchemical.com\/de\/wp-json\/wp\/v2\/types\/product"}],"replies":[{"embeddable":true,"href":"https:\/\/longchangchemical.com\/de\/wp-json\/wp\/v2\/comments?post=3295"}],"wp:featuredmedia":[{"embeddable":true,"href":"https:\/\/longchangchemical.com\/de\/wp-json\/wp\/v2\/media\/3297"}],"wp:attachment":[{"href":"https:\/\/longchangchemical.com\/de\/wp-json\/wp\/v2\/media?parent=3295"}],"wp:term":[{"taxonomy":"product_brand","embeddable":true,"href":"https:\/\/longchangchemical.com\/de\/wp-json\/wp\/v2\/product_brand?post=3295"},{"taxonomy":"product_cat","embeddable":true,"href":"https:\/\/longchangchemical.com\/de\/wp-json\/wp\/v2\/product_cat?post=3295"},{"taxonomy":"product_tag","embeddable":true,"href":"https:\/\/longchangchemical.com\/de\/wp-json\/wp\/v2\/product_tag?post=3295"}],"curies":[{"name":"wp","href":"https:\/\/api.w.org\/{rel}","templated":true}]}}