{"id":3285,"date":"2020-09-25T06:40:12","date_gmt":"2020-09-25T06:40:12","guid":{"rendered":"https:\/\/longchangchemical.com\/?post_type=product&#038;p=3285"},"modified":"2025-12-16T08:46:46","modified_gmt":"2025-12-16T08:46:46","slug":"cellulase-cas-9012-54-8","status":"publish","type":"product","link":"https:\/\/longchangchemical.com\/de\/product\/cellulase-cas-9012-54-8\/","title":{"rendered":"Longzyme\u00ae Cellulase CAS 9012-54-8"},"content":{"rendered":"<h1>Longzyme\u00ae Cellulase CAS 9012-54-8<\/h1>\n<p><strong><b>\u00a0<\/b><\/strong><\/p>\n<table>\n<tbody>\n<tr>\n<td colspan=\"2\" width=\"432\">\n<h4>ITEMS<\/h4>\n<\/td>\n<td width=\"159\">\n<h4>INDEX<\/h4>\n<\/td>\n<\/tr>\n<tr>\n<td colspan=\"2\" width=\"432\">\n<h4>Partikelgr\u00f6\u00dfe (%&lt;40 mesh)<\/h4>\n<\/td>\n<td width=\"159\">\n<h4>\u226580<\/h4>\n<\/td>\n<\/tr>\n<tr>\n<td colspan=\"2\" width=\"432\">\n<h4>Verlust beim Trocknen\/(%)<\/h4>\n<\/td>\n<td width=\"159\">\n<h4>\u22648.0<\/h4>\n<\/td>\n<\/tr>\n<tr>\n<td colspan=\"2\" width=\"432\">\n<h4>Blei\/(mg\/kg)<\/h4>\n<\/td>\n<td width=\"159\">\n<h4>\u22645.0<\/h4>\n<\/td>\n<\/tr>\n<tr>\n<td colspan=\"2\" width=\"432\">\n<h4>Arsen\/(mg\/kg)<\/h4>\n<\/td>\n<td width=\"159\">\n<h4>\u22643.0<\/h4>\n<\/td>\n<\/tr>\n<tr>\n<td colspan=\"2\" width=\"432\">\n<h4>Gesamtkeimzahl\/(KBE\/g)<\/h4>\n<\/td>\n<td width=\"159\">\n<h4>\u226450000<\/h4>\n<\/td>\n<\/tr>\n<tr>\n<td colspan=\"2\" width=\"432\">\n<h4>Coliforme Bakterien\/(KBE\/g)<\/h4>\n<\/td>\n<td width=\"159\">\n<h4>\u226430<\/h4>\n<\/td>\n<\/tr>\n<tr>\n<td rowspan=\"2\" width=\"244\">\n<h4>Escherichia coli<\/h4>\n<\/td>\n<td width=\"188\">\n<h4>(KBE\/g)<\/h4>\n<\/td>\n<td width=\"159\">\n<h4>&lt;10<\/h4>\n<\/td>\n<\/tr>\n<tr>\n<td width=\"188\">\n<h4>(MPN\/g)<\/h4>\n<\/td>\n<td width=\"159\">\n<h4>\u22643.0<\/h4>\n<\/td>\n<\/tr>\n<tr>\n<td colspan=\"2\" width=\"432\">\n<h4>Salmonellen\/(25g)<\/h4>\n<\/td>\n<td width=\"159\">\n<h4>Nicht erkannt<\/h4>\n<\/td>\n<\/tr>\n<\/tbody>\n<\/table>\n<p><strong><b>\u00a0<\/b><\/strong><\/p>\n<h2><strong><b>Was ich<\/b><\/strong><strong><b>s <\/b><\/strong><strong><b>Cellulase<\/b><\/strong><strong><b>?<\/b><\/strong><\/h2>\n<h4>Bei der Cellulase handelt es sich um einen ertragreichen Stamm, der durch Mutagenese von Trichoderma Reesi selektiert, veredelt und durch Fl\u00fcssigfermentation mit Tiefenbel\u00fcftung extrahiert wurde. Das Produkt findet breite Anwendung in der Futtermittel-, Textil-, Kraftstoffethanol-, Alkohol-, chinesische Medizin-Extraktion, Lebensmittel-, Saftverarbeitung und anderen Industrien.<\/h4>\n<h2><strong><b>Das Prinzip der Cellulase<\/b><\/strong><\/h2>\n<h4>Cellulase bezieht sich auf eine Gruppe von Enzymen, die synergetisch auf die \u03b2-1,4-Glucosidbindungen von Cellulose einwirken k\u00f6nnen, um Cellulose in kurze Fasern, Cellobiose und Glucose abzubauen. Dazu geh\u00f6ren die Endo-\u03b2-Glucanase (EG), die die \u03b2-1,4-Glykosidbindung in Cellulosemolek\u00fclen nach Belieben durchtrennen kann; die \u03b2-1,4-Glykosidbindung vom nicht-reduzierenden Ende aus durchtrennen kann, um die exo-\u03b2-Cellobiose-Glucanase (CBH) zu bilden; die \u03b2-Glucosidase (BG), die Cellobiose zu Glucose abbaut.<\/h4>\n<h2><strong><b>Produktmerkmale von Cellulase<\/b><\/strong><\/h2>\n<h4>1. Temperaturbereich: Der effektive Temperaturbereich ist 30-75\u2103, und der optimale Temperaturbereich ist 55-60\u2103.<br \/>\n2. pH-Bereich: effektiver pH-Bereich 4,3-6,0, optimaler pH-Bereich 4,5-5,0.<br \/>\n3. Die Wirkung von Metallionen und nichtionischen Tensiden auf die Enzymaktivit\u00e4t: Na+, Cu \"Cd\\Mn, Zn\u00b2 haben eine aktivierende Wirkung auf die Cellulase; Fe\" und Fe\" haben eine deutlich hemmende Wirkung auf die Cellulaseaktivit\u00e4t; ionische Tenside (Triethanolamin, AEO-3, NP(TX)-10, JFC, Penetrant Fast T, Ping Ping 0 usw.) f\u00f6rdern die Diffusion und Penetration von Enzymmolek\u00fclen und erh\u00f6hen die Enzymaktivit\u00e4t.<\/h4>\n<h2><strong><b>Produkteigenschaften von Cellulase<\/b><\/strong><\/h2>\n<h4>1. Produktspezifikationen: fl\u00fcssiges Enzym ist braune Fl\u00fcssigkeit, 100.000 und 200.000 u\/mL; festes Enzym ist cremefarbenes Pulver 40.000, 100.000, 200.000 u\/g; feste Enzymaktivit\u00e4t in Lebensmittelqualit\u00e4t ist 40.000 u\/g.<\/h4>\n<h4>2. Fl\u00fcssiges Enzym pH-Wert (25\u00b0C): 4,0-7,0, Sch\u00fcttdichte: \u22641,25g\/ml; Feinheit des festen Enzyms (0,4mm Standardsiebdurchgang): 280%.<\/h4>\n<h4>3. Definition der Enzymaktivit\u00e4t (CMCA): Ig festes Enzym (oder 1mL fl\u00fcssiges Enzym), hydrolysiert Natrium-Methylcellulose-Substrat bei 50\u2103 und pH4,8 f\u00fcr 1h, um reduzierenden Zucker zu produzieren, der 1mg Glukose entspricht, ist eine Enzymaktivit\u00e4tseinheit, ausgedr\u00fcckt in u\/g (oder u\/mL).<br \/>\nProduktnorm: Umsetzung der chinesischen Norm f\u00fcr die Leichtindustrie QB 2583-2003.<\/h4>\n<h2><strong><b>Verwendung von Cellulase<\/b><\/strong><\/h2>\n<h4>1. Unter den Futtermittelenzymen kann Cellulase die Verdaulichkeit von Futtermitteln erh\u00f6hen, die Gewichtszunahme, die Milchproduktion und die Eierproduktion von Gefl\u00fcgel und Vieh erheblich steigern und die Krankheitsresistenz und Anpassungsf\u00e4higkeit an die Umwelt verbessern. Die empfohlene Dosierung betr\u00e4gt 0,03-0,1 kg\/t Rohmaterial (berechnet in 100.000 Einheiten).<\/h4>\n<h4>2. In der Textilindustrie wird dieses Enzym f\u00fcr die Veredelung von Seiden-\/Leinengewirken verwendet, das die Oberfl\u00e4chenbehaarung hydrolysieren kann, um die Stoffreizung zu beseitigen, ohne die Seide zu besch\u00e4digen; es eignet sich auch f\u00fcr helle Farbe, schnelles Ausbl\u00fchen und R\u00fcckf\u00e4rbeanforderungen Der niedrige Denim-Stoff verleiht dem Stoff gute Weichheit und Drapierung, permanente Anti-Pilling- und Anti-Pilling-Wirkung. Die empfohlene Zugabemenge als Ausgangspunkt f\u00fcr das kleine Experiment (in 100.000 Einheiten): 0,5-2,0% (owf), pH 4,5-5,5, Temperatur 45-55\u00b0C, Badverh\u00e4ltnis 1:10-25, Behandlungsdauer 30-60 Minuten.<\/h4>\n<h4>3. Bei der Herstellung von Lik\u00f6r oder Maniokalkohol durch Feststoffg\u00e4rung kann das Enzym Zellulose in Zucker umwandeln, die Freisetzung von Zellinhalt f\u00f6rdern und die Weinproduktion beschleunigen. Die empfohlene Menge (die Enzymaktivit\u00e4t betr\u00e4gt 100.000 Einheiten) liegt bei 0,15-0,25 kg\/t Rohmaterial. Zugabe w\u00e4hrend der G\u00e4rung oder Verzuckerung.<\/h4>\n<h4>4. Bei der Extraktion von Wirkstoffen der traditionellen chinesischen Medizin kann das Enzym die dichte Struktur der Zellwand zerst\u00f6ren, die Aufl\u00f6sung der Wirkstoffe beschleunigen und die Extraktionsrate der Wirkstoffe verbessern. Die empfohlene Zugabemenge betr\u00e4gt 0,05-0,2 kg\/t Rohmaterial (die Enzymaktivit\u00e4t wird in 100.000 Einheiten berechnet), pH-Wert 4,5-5,5, Temperatur 40-50\u00b0C, Einweichzeit 60-120 Minuten. Um beste Ergebnisse zu erzielen, wird empfohlen, es zusammen mit Pektinase zu verwenden.<\/h4>\n<h4>5. Cellulase kann die Saftausbeute von Fruchts\u00e4ften erh\u00f6hen, Pflanzengewebe wie aufgequollene Fr\u00fcchte und Gem\u00fcse aufweichen und das Sch\u00e4len von Sojabohnen f\u00f6rdern, so dass es auch in den oben genannten Branchen eingesetzt werden kann. Als Ausgangspunkt f\u00fcr den kleinen Versuch wird eine Zugabemenge von 0,05-0,4 l\/t Fruchtfleisch empfohlen (die Enzymaktivit\u00e4t betr\u00e4gt 100.000 Einheiten), die unter geeigneten Temperatur- und pH-Bedingungen f\u00fcr 1-5 Stunden aufrechterhalten wird.<\/h4>\n<h4><strong><b>Dosierung<\/b><\/strong>Die empfohlene Dosierung betr\u00e4gt 0,1-3 kg \/t DS. Die Dosierung muss auf der Grundlage der jeweiligen Anwendung, der Rohstoffspezifikationen, der Produkterwartungen und der Verarbeitungsparameter optimiert werden. Es ist besser, den Test mit der geeigneten Menge zu beginnen.<\/h4>\n<h2><strong><b>Cellulase-Paket<\/b><\/strong><\/h2>\n<h4><strong><b>Paket\uff1a<\/b><\/strong>\u00a025kg\/Kanister.<\/h4>\n<h4><strong><b>Lagerung<\/b><\/strong>\uff1a Versiegelt an einem trockenen und k\u00fchlen Ort aufbewahren und direkte Sonneneinstrahlung vermeiden.<\/h4>\n<h4><strong><b>Haltbarkeitsdauer<\/b><\/strong>: 12 Monate an einem trockenen und k\u00fchlen Ort.<\/h4>\n<p>&nbsp;<\/p>\n<h2><strong><b>Achtung!<\/b><\/strong><\/h2>\n<h4>Enzympr\u00e4parate sind Proteine, die eine Sensibilisierung ausl\u00f6sen und bei empfindlichen Personen allergische Symptome hervorrufen k\u00f6nnen; l\u00e4ngerer Kontakt kann zu leichten Reizungen der Haut, der Augen oder der Nasenschleimhaut f\u00fchren. Jeder direkte Kontakt mit dem menschlichen K\u00f6rper sollte vermieden werden, und wenn eine Reizung oder allergische Reaktion der Haut oder der Augen auftritt, suchen Sie bitte einen Arzt auf.<\/h4>\n<h4>Bei diesem Produkt handelt es sich um eine biologisch aktive Substanz. Hohe Temperaturen, starke S\u00e4uren und starke Laugen f\u00fchren zur Inaktivierung der Enzyme. Daher sollten fl\u00fcssige Enzyme w\u00e4hrend des Transports und der Lagerung vor Sonnenlicht und feste Enzyme vor Sonnenlicht und Regen gesch\u00fctzt werden. Das Lager sollte sauber, k\u00fchl und trocken gehalten werden.<\/h4>\n<h2><strong><b>Kontaktieren Sie uns jetzt!<\/b><\/strong><\/h2>\n<h4><strong><b>Wenn Sie einen Preis ben\u00f6tigen, tragen Sie bitte Ihre Kontaktdaten in das unten stehende Formular ein. Wir werden uns in der Regel innerhalb von 24 Stunden mit Ihnen in Verbindung setzen. Sie k\u00f6nnen mir auch mailen\u00a0<span style=\"color: #00ccff;\"><a style=\"color: #00ccff;\" href=\"mailto:info@longchangchemical.com\">info@longchangchemical.com<\/a><\/span>\u00a0w\u00e4hrend der Gesch\u00e4ftszeiten ( 8:30 bis 18:00 Uhr UTC+8 Mo.~Sa. ) oder nutzen Sie den Live-Chat auf der Website, um eine schnelle Antwort zu erhalten.<\/b><\/strong><\/h4>\n<table style=\"border-collapse: collapse; width: 326.27pt;\" border=\"0\" width=\"435\" cellspacing=\"0\" cellpadding=\"0\">\n<tbody>\n<tr style=\"height: 13.50pt;\">\n<td class=\"et2\" style=\"height: 13.50pt; width: 164.25pt;\" width=\"219\" height=\"18\"><a href=\"https:\/\/longchangchemical.com\/de\/product\/compound-glucoamylase-cas-9032-08-0\/\"><span style=\"color: #00ccff;\">Verbindung Glucoamylase<\/span><\/a><\/td>\n<td class=\"et2\" style=\"width: 162.00pt;\" width=\"216\">9032-08-0<\/td>\n<\/tr>\n<tr style=\"height: 13.50pt;\">\n<td class=\"et2\" style=\"height: 13.50pt;\" height=\"18\"><a href=\"https:\/\/longchangchemical.com\/de\/product\/pullulanase-cas-9075-68-7\/\"><span style=\"color: #00ccff;\">Pullulanase<\/span><\/a><\/td>\n<td class=\"et2\">9075-68-7<\/td>\n<\/tr>\n<tr style=\"height: 13.50pt;\">\n<td class=\"et2\" style=\"height: 13.50pt;\" height=\"18\"><a href=\"https:\/\/longchangchemical.com\/de\/product\/xylanase-cas-37278-89-0\/\"><span style=\"color: #00ccff;\">Xylanase<\/span><\/a><\/td>\n<td class=\"et2\">37278-89-0<\/td>\n<\/tr>\n<tr style=\"height: 13.50pt;\">\n<td class=\"et2\" style=\"height: 13.50pt;\" height=\"18\"><a href=\"https:\/\/longchangchemical.com\/de\/product\/cellulase-cas-9012-54-8\/\"><span style=\"color: #00ccff;\">Cellulase<\/span><\/a><\/td>\n<td class=\"et2\">9012-54-8<\/td>\n<\/tr>\n<tr style=\"height: 13.50pt;\">\n<td class=\"et2\" style=\"height: 13.50pt;\" height=\"18\"><a href=\"https:\/\/longchangchemical.com\/de\/product\/naringinase-cas-9068-31-9\/\"><span style=\"color: #00ccff;\">Naringinase<\/span><\/a><\/td>\n<td class=\"et2\">9068-31-9<\/td>\n<\/tr>\n<tr style=\"height: 13.50pt;\">\n<td class=\"et2\" style=\"height: 13.50pt;\" height=\"18\"><a href=\"https:\/\/longchangchemical.com\/de\/product\/beta-amylase-cas-9000-91-3\/\"><span style=\"color: #00ccff;\">\u03b2-Amylase<\/span><\/a><\/td>\n<td class=\"et2\">9000-91-3<\/td>\n<\/tr>\n<tr style=\"height: 13.50pt;\">\n<td class=\"et2\" style=\"height: 13.50pt;\" height=\"18\"><a href=\"https:\/\/longchangchemical.com\/de\/product\/glucose-oxidase-cas-9001-37-0\/\"><span style=\"color: #00ccff;\">Glukose-Oxidase<\/span><\/a><\/td>\n<td class=\"et2\">9001-37-0<\/td>\n<\/tr>\n<tr style=\"height: 13.50pt;\">\n<td class=\"et2\" style=\"height: 13.50pt;\" height=\"18\">alpha-Amylase<\/td>\n<td class=\"et2\">9000-90-2<\/td>\n<\/tr>\n<tr style=\"height: 13.50pt;\">\n<td class=\"et2\" style=\"height: 13.50pt;\" height=\"18\"><a href=\"https:\/\/longchangchemical.com\/de\/product\/longzyme-acid-pectinase-cas-9032-75-1\/\"><span style=\"color: #00ccff;\">Pektinase<\/span><\/a><\/td>\n<td class=\"et2\">9032-75-1<\/td>\n<\/tr>\n<tr style=\"height: 13.50pt;\">\n<td class=\"et2\" style=\"height: 13.50pt;\" height=\"18\">Peroxidase<\/td>\n<td class=\"et2\">9003-99-0<\/td>\n<\/tr>\n<tr style=\"height: 13.50pt;\">\n<td class=\"et2\" style=\"height: 13.50pt;\" height=\"18\"><a href=\"https:\/\/longchangchemical.com\/de\/product\/lipase-cas-9001-62-1\/\"><span style=\"color: #00ccff;\">Lipase<\/span><\/a><\/td>\n<td class=\"et2\">9001-62-1<\/td>\n<\/tr>\n<tr style=\"height: 13.50pt;\">\n<td class=\"et2\" style=\"height: 13.50pt;\" height=\"18\"><a href=\"https:\/\/longchangchemical.com\/de\/product\/catalase-cas-9001-05-2\/\"><span style=\"color: #00ccff;\">Katalase<\/span><\/a><\/td>\n<td class=\"et4\">9001-05-2<\/td>\n<\/tr>\n<tr style=\"height: 13.50pt;\">\n<td class=\"et2\" style=\"height: 13.50pt;\" height=\"18\"><a href=\"https:\/\/longchangchemical.com\/de\/product\/tannase-cas-9025-71-2\/\"><span style=\"color: #00ccff;\">TANNASE<\/span><\/a><\/td>\n<td class=\"et2\">9025-71-2<\/td>\n<\/tr>\n<tr style=\"height: 13.50pt;\">\n<td class=\"et2\" style=\"height: 13.50pt;\" height=\"18\"><a href=\"https:\/\/longchangchemical.com\/de\/product\/elastase-cas-39445-21-1\/\"><span style=\"color: #00ccff;\">Elastase<\/span><\/a><\/td>\n<td class=\"et2\">39445-21-1<\/td>\n<\/tr>\n<tr style=\"height: 13.50pt;\">\n<td class=\"et2\" style=\"height: 13.50pt;\" height=\"18\"><a href=\"https:\/\/longchangchemical.com\/de\/product\/urease-cas-9002-13-5\/\"><span style=\"color: #00ccff;\">Urease<\/span><\/a><\/td>\n<td class=\"et2\">9002-13-5<\/td>\n<\/tr>\n<tr style=\"height: 13.50pt;\">\n<td class=\"et2\" style=\"height: 13.50pt;\" height=\"18\"><a href=\"https:\/\/longchangchemical.com\/de\/product\/dextranase-cas-9025-70-1\/\"><span style=\"color: #00ccff;\">DEXTRANASE<\/span><\/a><\/td>\n<td class=\"et2\">9025-70-1<\/td>\n<\/tr>\n<tr style=\"height: 13.50pt;\">\n<td class=\"et2\" style=\"height: 13.5pt; text-align: left;\" height=\"18\"><a href=\"https:\/\/longchangchemical.com\/de\/product\/l-lactic-dehydrogenase-cas-9001-60-9\/\"><span style=\"color: #00ccff;\">L-Milch-Dehydrogenase<\/span><\/a><\/td>\n<td class=\"et2\">9001-60-9<\/td>\n<\/tr>\n<tr style=\"height: 13.50pt;\">\n<td class=\"et2\" style=\"height: 13.50pt;\" height=\"18\"><a href=\"https:\/\/longchangchemical.com\/de\/product\/dehydrogenase-malate-cas-9001-64-3\/\"><span style=\"color: #00ccff;\">Dehydrogenase Malat<\/span><\/a><\/td>\n<td class=\"et2\">9001-64-3<\/td>\n<\/tr>\n<tr style=\"height: 13.50pt;\">\n<td class=\"et2\" style=\"height: 13.50pt;\" height=\"18\"><a href=\"https:\/\/longchangchemical.com\/de\/product\/cholesterol-oxidase-cas-9028-76-6\/\"><span style=\"color: #00ccff;\">Cholesterin-Oxidase<\/span><\/a><\/td>\n<td class=\"et2\">9028-76-6<\/td>\n<\/tr>\n<\/tbody>\n<\/table>","protected":false},"excerpt":{"rendered":"<h2><strong><b>Cellulase Schnelle Details<\/b><\/strong><\/h2>\n<p>Produktname: Cellulase<\/p>\n<p>CAS-Nr.: 9012-54-8<\/p>\n<p>\u00c4u\u00dferes Erscheinungsbild: Hellgelbes bis braungelbes festes Pulver<\/p>\n<p>Enzymaktivit\u00e4t: 50000 Oder andere Werte anpassen<\/p>","protected":false},"featured_media":3286,"comment_status":"open","ping_status":"closed","template":"","meta":[],"product_brand":[],"product_cat":[172],"product_tag":[],"class_list":{"0":"post-3285","1":"product","2":"type-product","3":"status-publish","4":"has-post-thumbnail","6":"product_cat-longzyme-enzyme","8":"first","9":"instock","10":"shipping-taxable","11":"product-type-simple"},"yoast_head":"<!-- This site is optimized with the Yoast SEO plugin v25.3.1 - https:\/\/yoast.com\/wordpress\/plugins\/seo\/ -->\n<title>China cellulase cas 9012-54-8 manufacturer - Longchang chemical<\/title>\n<meta name=\"description\" content=\"Longchang chemical is a chinese cellulase cas 9012-54-8 supplier and manufacturer. We can provide the best cellulase price. Buy cellulase from china, Longchang chemical is your best choice.\" \/>\n<meta name=\"robots\" content=\"index, follow, max-snippet:-1, max-image-preview:large, max-video-preview:-1\" \/>\n<link rel=\"canonical\" href=\"https:\/\/longchangchemical.com\/de\/product\/cellulase-cas-9012-54-8\/\" \/>\n<meta property=\"og:locale\" content=\"de_DE\" \/>\n<meta property=\"og:type\" content=\"article\" \/>\n<meta property=\"og:title\" content=\"China cellulase cas 9012-54-8 manufacturer - Longchang chemical\" \/>\n<meta property=\"og:description\" content=\"Longchang chemical is a chinese cellulase cas 9012-54-8 supplier and manufacturer. We can provide the best cellulase price. Buy cellulase from china, Longchang chemical is your best choice.\" \/>\n<meta property=\"og:url\" content=\"https:\/\/longchangchemical.com\/de\/product\/cellulase-cas-9012-54-8\/\" \/>\n<meta property=\"og:site_name\" content=\"Longchang Chemical\" \/>\n<meta property=\"article:modified_time\" content=\"2025-12-16T08:46:46+00:00\" \/>\n<meta property=\"og:image\" content=\"https:\/\/longchangchemical.com\/wp-content\/uploads\/2020\/09\/appearance-1.jpg\" \/>\n\t<meta property=\"og:image:width\" content=\"600\" \/>\n\t<meta property=\"og:image:height\" content=\"800\" \/>\n\t<meta property=\"og:image:type\" content=\"image\/jpeg\" \/>\n<meta name=\"twitter:card\" content=\"summary_large_image\" \/>\n<script type=\"application\/ld+json\" class=\"yoast-schema-graph\">{\"@context\":\"https:\/\/schema.org\",\"@graph\":[{\"@type\":\"WebPage\",\"@id\":\"https:\/\/longchangchemical.com\/product\/cellulase-cas-9012-54-8\/\",\"url\":\"https:\/\/longchangchemical.com\/product\/cellulase-cas-9012-54-8\/\",\"name\":\"China cellulase cas 9012-54-8 manufacturer - Longchang chemical\",\"isPartOf\":{\"@id\":\"https:\/\/longchangchemical.com\/#website\"},\"primaryImageOfPage\":{\"@id\":\"https:\/\/longchangchemical.com\/product\/cellulase-cas-9012-54-8\/#primaryimage\"},\"image\":{\"@id\":\"https:\/\/longchangchemical.com\/product\/cellulase-cas-9012-54-8\/#primaryimage\"},\"thumbnailUrl\":\"https:\/\/longchangchemical.com\/wp-content\/uploads\/2020\/09\/appearance-1.jpg\",\"datePublished\":\"2020-09-25T06:40:12+00:00\",\"dateModified\":\"2025-12-16T08:46:46+00:00\",\"description\":\"Longchang chemical is a chinese cellulase cas 9012-54-8 supplier and manufacturer. We can provide the best cellulase price. Buy cellulase from china, Longchang chemical is your best choice.\",\"breadcrumb\":{\"@id\":\"https:\/\/longchangchemical.com\/product\/cellulase-cas-9012-54-8\/#breadcrumb\"},\"inLanguage\":\"de\",\"potentialAction\":[{\"@type\":\"ReadAction\",\"target\":[\"https:\/\/longchangchemical.com\/product\/cellulase-cas-9012-54-8\/\"]}]},{\"@type\":\"ImageObject\",\"inLanguage\":\"de\",\"@id\":\"https:\/\/longchangchemical.com\/product\/cellulase-cas-9012-54-8\/#primaryimage\",\"url\":\"https:\/\/longchangchemical.com\/wp-content\/uploads\/2020\/09\/appearance-1.jpg\",\"contentUrl\":\"https:\/\/longchangchemical.com\/wp-content\/uploads\/2020\/09\/appearance-1.jpg\",\"width\":600,\"height\":800,\"caption\":\"Cellulase appearance\"},{\"@type\":\"BreadcrumbList\",\"@id\":\"https:\/\/longchangchemical.com\/product\/cellulase-cas-9012-54-8\/#breadcrumb\",\"itemListElement\":[{\"@type\":\"ListItem\",\"position\":1,\"name\":\"Home\",\"item\":\"https:\/\/longchangchemical.com\/\"},{\"@type\":\"ListItem\",\"position\":2,\"name\":\"Products Longchang\",\"item\":\"https:\/\/longchangchemical.com\/product\/\"},{\"@type\":\"ListItem\",\"position\":3,\"name\":\"Longzyme\u00ae Cellulase CAS 9012-54-8\"}]},{\"@type\":\"WebSite\",\"@id\":\"https:\/\/longchangchemical.com\/#website\",\"url\":\"https:\/\/longchangchemical.com\/\",\"name\":\"Longchang Chemical\",\"description\":\"China chemical manufacturer \uff06 supplier\",\"publisher\":{\"@id\":\"https:\/\/longchangchemical.com\/#organization\"},\"potentialAction\":[{\"@type\":\"SearchAction\",\"target\":{\"@type\":\"EntryPoint\",\"urlTemplate\":\"https:\/\/longchangchemical.com\/?s={search_term_string}\"},\"query-input\":{\"@type\":\"PropertyValueSpecification\",\"valueRequired\":true,\"valueName\":\"search_term_string\"}}],\"inLanguage\":\"de\"},{\"@type\":\"Organization\",\"@id\":\"https:\/\/longchangchemical.com\/#organization\",\"name\":\"Longchang Chemical\",\"url\":\"https:\/\/longchangchemical.com\/\",\"logo\":{\"@type\":\"ImageObject\",\"inLanguage\":\"de\",\"@id\":\"https:\/\/longchangchemical.com\/#\/schema\/logo\/image\/\",\"url\":\"https:\/\/longchangchemical.com\/wp-content\/uploads\/2020\/08\/cropped-longchang-logo.png\",\"contentUrl\":\"https:\/\/longchangchemical.com\/wp-content\/uploads\/2020\/08\/cropped-longchang-logo.png\",\"width\":512,\"height\":512,\"caption\":\"Longchang Chemical\"},\"image\":{\"@id\":\"https:\/\/longchangchemical.com\/#\/schema\/logo\/image\/\"}}]}<\/script>\n<!-- \/ Yoast SEO plugin. -->","yoast_head_json":{"title":"China Cellulase cas 9012-54-8 Hersteller - Longchang chemical","description":"Longchang Chemical ist ein chinesischer Cellulase cas 9012-54-8 Lieferant und Hersteller. Wir k\u00f6nnen die beste Cellulase Preis bieten. Kaufen Cellulase aus China, Longchang chemische ist Ihre beste Wahl.","robots":{"index":"index","follow":"follow","max-snippet":"max-snippet:-1","max-image-preview":"max-image-preview:large","max-video-preview":"max-video-preview:-1"},"canonical":"https:\/\/longchangchemical.com\/de\/product\/cellulase-cas-9012-54-8\/","og_locale":"de_DE","og_type":"article","og_title":"China cellulase cas 9012-54-8 manufacturer - Longchang chemical","og_description":"Longchang chemical is a chinese cellulase cas 9012-54-8 supplier and manufacturer. We can provide the best cellulase price. Buy cellulase from china, Longchang chemical is your best choice.","og_url":"https:\/\/longchangchemical.com\/de\/product\/cellulase-cas-9012-54-8\/","og_site_name":"Longchang Chemical","article_modified_time":"2025-12-16T08:46:46+00:00","og_image":[{"width":600,"height":800,"url":"https:\/\/longchangchemical.com\/wp-content\/uploads\/2020\/09\/appearance-1.jpg","type":"image\/jpeg"}],"twitter_card":"summary_large_image","schema":{"@context":"https:\/\/schema.org","@graph":[{"@type":"WebPage","@id":"https:\/\/longchangchemical.com\/product\/cellulase-cas-9012-54-8\/","url":"https:\/\/longchangchemical.com\/product\/cellulase-cas-9012-54-8\/","name":"China Cellulase cas 9012-54-8 Hersteller - Longchang chemical","isPartOf":{"@id":"https:\/\/longchangchemical.com\/#website"},"primaryImageOfPage":{"@id":"https:\/\/longchangchemical.com\/product\/cellulase-cas-9012-54-8\/#primaryimage"},"image":{"@id":"https:\/\/longchangchemical.com\/product\/cellulase-cas-9012-54-8\/#primaryimage"},"thumbnailUrl":"https:\/\/longchangchemical.com\/wp-content\/uploads\/2020\/09\/appearance-1.jpg","datePublished":"2020-09-25T06:40:12+00:00","dateModified":"2025-12-16T08:46:46+00:00","description":"Longchang Chemical ist ein chinesischer Cellulase cas 9012-54-8 Lieferant und Hersteller. Wir k\u00f6nnen die beste Cellulase Preis bieten. Kaufen Cellulase aus China, Longchang chemische ist Ihre beste Wahl.","breadcrumb":{"@id":"https:\/\/longchangchemical.com\/product\/cellulase-cas-9012-54-8\/#breadcrumb"},"inLanguage":"de","potentialAction":[{"@type":"ReadAction","target":["https:\/\/longchangchemical.com\/product\/cellulase-cas-9012-54-8\/"]}]},{"@type":"ImageObject","inLanguage":"de","@id":"https:\/\/longchangchemical.com\/product\/cellulase-cas-9012-54-8\/#primaryimage","url":"https:\/\/longchangchemical.com\/wp-content\/uploads\/2020\/09\/appearance-1.jpg","contentUrl":"https:\/\/longchangchemical.com\/wp-content\/uploads\/2020\/09\/appearance-1.jpg","width":600,"height":800,"caption":"Cellulase appearance"},{"@type":"BreadcrumbList","@id":"https:\/\/longchangchemical.com\/product\/cellulase-cas-9012-54-8\/#breadcrumb","itemListElement":[{"@type":"ListItem","position":1,"name":"Home","item":"https:\/\/longchangchemical.com\/"},{"@type":"ListItem","position":2,"name":"Products Longchang","item":"https:\/\/longchangchemical.com\/product\/"},{"@type":"ListItem","position":3,"name":"Longzyme\u00ae Cellulase CAS 9012-54-8"}]},{"@type":"WebSite","@id":"https:\/\/longchangchemical.com\/#website","url":"https:\/\/longchangchemical.com\/","name":"Longchang Chemical","description":"China Hersteller von Chemikalien \uff06 Lieferant","publisher":{"@id":"https:\/\/longchangchemical.com\/#organization"},"potentialAction":[{"@type":"SearchAction","target":{"@type":"EntryPoint","urlTemplate":"https:\/\/longchangchemical.com\/?s={search_term_string}"},"query-input":{"@type":"PropertyValueSpecification","valueRequired":true,"valueName":"search_term_string"}}],"inLanguage":"de"},{"@type":"Organization","@id":"https:\/\/longchangchemical.com\/#organization","name":"Longchang Chemical","url":"https:\/\/longchangchemical.com\/","logo":{"@type":"ImageObject","inLanguage":"de","@id":"https:\/\/longchangchemical.com\/#\/schema\/logo\/image\/","url":"https:\/\/longchangchemical.com\/wp-content\/uploads\/2020\/08\/cropped-longchang-logo.png","contentUrl":"https:\/\/longchangchemical.com\/wp-content\/uploads\/2020\/08\/cropped-longchang-logo.png","width":512,"height":512,"caption":"Longchang Chemical"},"image":{"@id":"https:\/\/longchangchemical.com\/#\/schema\/logo\/image\/"}}]}},"_links":{"self":[{"href":"https:\/\/longchangchemical.com\/de\/wp-json\/wp\/v2\/product\/3285","targetHints":{"allow":["GET"]}}],"collection":[{"href":"https:\/\/longchangchemical.com\/de\/wp-json\/wp\/v2\/product"}],"about":[{"href":"https:\/\/longchangchemical.com\/de\/wp-json\/wp\/v2\/types\/product"}],"replies":[{"embeddable":true,"href":"https:\/\/longchangchemical.com\/de\/wp-json\/wp\/v2\/comments?post=3285"}],"wp:featuredmedia":[{"embeddable":true,"href":"https:\/\/longchangchemical.com\/de\/wp-json\/wp\/v2\/media\/3286"}],"wp:attachment":[{"href":"https:\/\/longchangchemical.com\/de\/wp-json\/wp\/v2\/media?parent=3285"}],"wp:term":[{"taxonomy":"product_brand","embeddable":true,"href":"https:\/\/longchangchemical.com\/de\/wp-json\/wp\/v2\/product_brand?post=3285"},{"taxonomy":"product_cat","embeddable":true,"href":"https:\/\/longchangchemical.com\/de\/wp-json\/wp\/v2\/product_cat?post=3285"},{"taxonomy":"product_tag","embeddable":true,"href":"https:\/\/longchangchemical.com\/de\/wp-json\/wp\/v2\/product_tag?post=3285"}],"curies":[{"name":"wp","href":"https:\/\/api.w.org\/{rel}","templated":true}]}}