{"id":3267,"date":"2020-09-24T06:04:20","date_gmt":"2020-09-24T06:04:20","guid":{"rendered":"https:\/\/longchangchemical.com\/?post_type=product&#038;p=3267"},"modified":"2025-12-23T03:31:52","modified_gmt":"2025-12-23T03:31:52","slug":"shellac-flakes-cas-9000-59-3","status":"publish","type":"product","link":"https:\/\/longchangchemical.com\/de\/product\/shellac-flakes-cas-9000-59-3\/","title":{"rendered":"Schellackflocken cas 9000-59-3"},"content":{"rendered":"<h2><strong><b>Schellackflocken Typische Eigenschaften<\/b><\/strong><\/h2>\n<table>\n<tbody>\n<tr>\n<td width=\"183\">\n<h4><strong><b>TEST<\/b><\/strong><\/h4>\n<\/td>\n<td width=\"207\">\n<h4><strong><b>S<\/b><\/strong><strong><b>ichtungen<\/b><\/strong><\/h4>\n<\/td>\n<td width=\"217\">\n<h4><strong><b>Test Ergebnisse<\/b><\/strong><\/h4>\n<\/td>\n<\/tr>\n<tr>\n<td width=\"183\">\n<h4>Farbindex<\/h4>\n<\/td>\n<td width=\"207\">\n<h4>\u226418Nummer<\/h4>\n<\/td>\n<td width=\"217\">\n<h4>\u226418Nummer<\/h4>\n<\/td>\n<\/tr>\n<tr>\n<td width=\"183\">\n<h4>In hei\u00dfem Ethanol unl\u00f6sliche Substanz (%)<\/h4>\n<\/td>\n<td width=\"207\">\n<h4>\u22641%<\/h4>\n<\/td>\n<td width=\"217\">\n<h4>0.75%<\/h4>\n<\/td>\n<\/tr>\n<tr>\n<td width=\"183\">\n<h4>W\u00e4rmeh\u00e4rtungszeit(min)<\/h4>\n<\/td>\n<td width=\"207\">\n<h4>\u22653min<\/h4>\n<\/td>\n<td width=\"217\">\n<h4>5.7min<\/h4>\n<\/td>\n<\/tr>\n<tr>\n<td width=\"183\">\n<h4>Erweichungspunkt(\u2103)<\/h4>\n<\/td>\n<td width=\"207\">\n<h4>\u226572\u2103<\/h4>\n<\/td>\n<td width=\"217\">\n<h4>73\u2103<\/h4>\n<\/td>\n<\/tr>\n<tr>\n<td width=\"183\">\n<h4>Feuchte(%)<\/h4>\n<\/td>\n<td width=\"207\">\n<h4>\u22642.0%<\/h4>\n<\/td>\n<td width=\"217\">\n<h4>1.8%<\/h4>\n<\/td>\n<\/tr>\n<tr>\n<td width=\"183\">\n<h4>Wasserl\u00f6slich (%)<\/h4>\n<\/td>\n<td width=\"207\">\n<h4>\u22640,5%<\/h4>\n<\/td>\n<td width=\"217\">\n<h4>0.48%<\/h4>\n<\/td>\n<\/tr>\n<tr>\n<td width=\"183\">\n<h4>Esche(%)<\/h4>\n<\/td>\n<td width=\"207\">\n<h4>\u22640.4%<\/h4>\n<\/td>\n<td width=\"217\">\n<h4>0.36%<\/h4>\n<\/td>\n<\/tr>\n<tr>\n<td width=\"183\">\n<h4>Wachs(%)<\/h4>\n<\/td>\n<td width=\"207\">\n<h4>\u22645.5%<\/h4>\n<\/td>\n<td width=\"217\">\n<h4>5%<\/h4>\n<\/td>\n<\/tr>\n<tr>\n<td width=\"183\">\n<h4><\/h4>\n<\/td>\n<td width=\"207\">\n<h4><\/h4>\n<\/td>\n<td width=\"217\">\n<h4><\/h4>\n<\/td>\n<\/tr>\n<tr>\n<td width=\"183\">\n<h4>S\u00e4ure(mg\/g)<\/h4>\n<\/td>\n<td width=\"207\">\n<h4>\u226473KoHmg\/g<\/h4>\n<\/td>\n<td width=\"217\">\n<h4>73KoHmg\/g<\/h4>\n<\/td>\n<\/tr>\n<tr>\n<td width=\"183\">\n<h4>Kolophonium<\/h4>\n<\/td>\n<td width=\"207\">\n<h4>0<\/h4>\n<\/td>\n<td width=\"217\">\n<h4>0<\/h4>\n<\/td>\n<\/tr>\n<tr>\n<td width=\"183\">\n<h4>Orpiment<\/h4>\n<\/td>\n<td width=\"207\">\n<h4>0<\/h4>\n<\/td>\n<td width=\"217\">\n<h4>0<\/h4>\n<\/td>\n<\/tr>\n<\/tbody>\n<\/table>\n<p><strong><b>\u00a0<\/b><\/strong><\/p>\n<h2><strong><b>Schellackflocken Verwendung<\/b><\/strong><\/h2>\n<p>&nbsp;<\/p>\n<h4>1. Es kann in der Lebensmittel-, Medizin-, Milit\u00e4r-, Elektro-, Tinten-, Leder-, Metallurgie-, Maschinen-, Holz-, Gummi- und anderen Industrien weit verbreitet sein.<\/h4>\n<h4>2. Schellackfarbe hat eine starke Haftung und wird f\u00fcr viele hochwertige Holzartikel und Dekorationen verwendet.<\/h4>\n<h4>3. In der Lebensmittelindustrie wird Schellack auch in Beschichtungen zur Frischhaltung von Fr\u00fcchten verwendet, um helle Filme zu bilden, die Haltbarkeit von Fr\u00fcchten zu verl\u00e4ngern und ihren Handelswert zu erh\u00f6hen. In S\u00fc\u00dfwaren- und Geb\u00e4ckbeschichtungen wird er verwendet, um den Glanz zu erh\u00f6hen, die Wiederaufnahme von Feuchtigkeit zu verhindern und die Innenw\u00e4nde von Metalldosen zu beschmieren, um zu verhindern, dass Lebensmittel mit Metall in Ber\u00fchrung kommen.<\/h4>\n<h4>4. Wird in der Lederindustrie als gl\u00e4nzendes und sch\u00fctzendes Finish verwendet, das sich durch schnelle Trocknung, starke F\u00fcllung und starke Haftung am Leder auszeichnet und es weicher und elastischer macht.<\/h4>\n<h4>5. In der R\u00fcstungsindustrie wird es haupts\u00e4chlich als Verz\u00f6gerer f\u00fcr Beschichtungsmittel, Isoliermaterial und Schie\u00dfpulverdrogen verwendet. Es wird auch f\u00fcr die Herstellung von UV- und strahlungsbest\u00e4ndiger milit\u00e4rischer Ausr\u00fcstung verwendet.<\/h4>\n<h4>6. In der Elektroindustrie wird Schellack auch bei der Herstellung von Isolierpappe, laminierten Glimmerplatten, geerdeten elektrischen Isolatoren, Isolierlacken, Gl\u00fchbirnen, Leuchtstofflampen und L\u00f6tpasten f\u00fcr elektronische R\u00f6hren verwendet.<\/h4>\n<h4>7. Haupts\u00e4chlich als Oberfl\u00e4chenbeschichtung oder F\u00fcllstoff f\u00fcr Gummiprodukte in der Gummiindustrie verwendet. Verbessert Verschlei\u00df, \u00d6l, S\u00e4ure, Wasser und Isolierung. Verlangsamen den Alterungsprozess und verl\u00e4ngern die Lebensdauer.<\/h4>\n<h2><strong>Anwendung von Schellack in Farbstoffen und Beschichtungen<\/strong><\/h2>\n<h3>1) Anwendung von Schellack in Farbstoffen<\/h3>\n<h4>Gegenw\u00e4rtig wird sowohl bei den Textilmaterialien als auch bei der Produktionstechnologie besonderer Wert auf die Sicherheit gelegt. Im Juli 1994 vertrat die deutsche gesetzgebende Versammlung die Auffassung, dass das F\u00e4rben von Textilien mit Azofarbstoffen oder anderen Farbstoffen krebserregende Folgen haben k\u00f6nnte, und auch die indische Regierung verbot die Verwendung von Farbstoffen mit Azogruppen. Bei den meisten der verbotenen Farbstoffe handelt es sich um Direktfarbstoffe, S\u00e4urefarbstoffe, Azofarbstoffe, Dispersionsfarbstoffe und basische Farbstoffe. In diesem Fall sollten stattdessen andere Farbstoffe mit guter Farbe, Echtheit und schadstofffreier Qualit\u00e4t in Betracht gezogen werden. . Schellack hat eine starke Viskosit\u00e4t, enth\u00e4lt Schellacks\u00e4urefarbstoffe, wasserl\u00f6sliche rote Farbstoffe, gelbe Farbstoffe und roten Schellack, die f\u00fcr Textilfarbstoffe verwendet werden k\u00f6nnen. Schellackfarbstoff ist von Natur aus sauer, liegt in Form von Salz vor und l\u00e4sst sich in kaltem Wasser vollst\u00e4ndig aufl\u00f6sen. Die Farbe \u00e4ndert sich in saurer L\u00f6sung von orangerot zu rot, und in einer bestimmten Konzentration von Schwefels\u00e4urel\u00f6sung zeigt er ein sch\u00f6nes Rot; in alkalischer L\u00f6sung \u00e4ndert er sich von r\u00f6tlich zu violett, ist aber sehr instabil und zerf\u00e4llt schnell. Verwenden Sie verschiedene Beizmittel (2% bis 5%) f\u00fcr tierische Fasern wie Seide und Wolle, um gute Wasch- und Lichtechtheit zu erzielen \u00a8.<\/h4>\n<h3>2) Schellack wird als Beschichtungskonservierungsmittel verwendet<\/h3>\n<h4>Die Filmkonservierung ist eine der wichtigsten Konservierungsmethoden f\u00fcr Obst und Gem\u00fcse, die zu den chemischen Konservierungsverfahren geh\u00f6rt. Gegenw\u00e4rtig ist die Filmbehandlung und -konservierung recht weit verbreitet. Schellack ist farblos, geschmacklos und ungiftig und hat gute filmbildende Eigenschaften. Seine filmbildenden Eigenschaften sind gut wasserfest, feuchtigkeitsbest\u00e4ndig, s\u00e4urebest\u00e4ndig und \u00f6lbest\u00e4ndig. Es kann als filmbildendes Konservierungsmittel f\u00fcr Obst, Gem\u00fcse und Samen verwendet werden. Nachdem das Obst mit Schellackfarbe beschichtet wurde, kann es die Verdunstung von Wasser innerhalb eines bestimmten Zeitraums hemmen, es frisch halten, den Verfall reduzieren, das Aussehen verbessern, was f\u00fcr die Lagerung und den Transport f\u00f6rderlich ist und die Lieferfrist verl\u00e4ngert.<\/h4>\n<h3>3) Andere Anwendungen von Schellack in Beschichtungen<\/h3>\n<h4>Schellack kann auch mit Ethanol, Realgar-Harz, n-Pentylacetat, Benzaldehyd und asphalthaltierter s\u00e4urebest\u00e4ndiger Tinte kombiniert werden, um Buchstabenkorrekturfl\u00fcssigkeit herzustellen; Schellack und Schellackpolymere sowie Hydroxys\u00e4ureester, Hydroxys\u00e4ureester, Hydroxyketone, Phosphatester und saure Phosphatester k\u00f6nnen zu Kratzversiegelungen f\u00fcr Glasbeh\u00e4lter verarbeitet werden. Dieses Versiegelungsmittel macht die behandelten Glasflaschen wiederverwendbar. Es kann zusammen mit Farbstoffen, Klebstoffen, Edelkugeln, Tensiden und Netzmitteln verwendet werden. Aus Wirkstoffen usw. kann ein Nagellack mit glatter, gl\u00e4nzender und einheitlicher Oberfl\u00e4che hergestellt werden.<\/h4>\n<h3>3. Schellack in anderen Anwendungen<\/h3>\n<h4>Zus\u00e4tzlich zu den oben genannten Anwendungen wird Schellack mit Turmalin, nat\u00fcrlichem Aluminiumsilikat und nat\u00fcrlichem Mineralpulver als Futtermittelzusatzstoff gemischt; es wird als tempor\u00e4rer Klebstoff f\u00fcr die Verarbeitung von Pr\u00e4zisionsteilen mit Phenol-Epoxidharzanhydrid verwendet; und Benzol Oberfl\u00e4chenleimungsmittel f\u00fcr Tintenstrahldruckpapier mit guten mechanischen Eigenschaften, stabiler Lagerleistung und geringer Schaumbildung aus Ethylen; es kann mit Hydroxylaurylether zur Herstellung von Faserveredelungsmitteln verwendet werden; es kann mit Carnaubawachs usw. hergestellt werden. Isolierte Dr\u00e4hte mit guten Schmiereigenschaften; es kann zur Herstellung von Farben f\u00fcr Anstriche verwendet werden, deren Farbe sich mit dem pH-Wert \u00e4ndert; wenn es mit Cellulosederivaten gemischt wird, kann es als Beschichtungsmaterial zur Herstellung von Harnstoff mit verz\u00f6gerter Freisetzung verwendet werden.<\/h4>\n<h2><strong><b>Schellackflocken Verpackung und Versand<\/b><\/strong><\/h2>\n<h4>20 kg\/Karton<\/h4>\n<h4>50 kg\/Sack.<\/h4>\n<p>&nbsp;<\/p>\n<h2><strong><b>Schellackflocken Lagerung<\/b><\/strong><\/h2>\n<h4>Alterung und Agglomeration sind wichtige Probleme bei der Lagerung von Schellackprodukten. W\u00e4hrend der Langzeitlagerung von Schellackharz wird durch die Polymerisation verschiedener freier Gene die thermische Lebensdauer des Harzprodukts verk\u00fcrzt, der Schmelzpunkt erh\u00f6ht sich, die Farbe vertieft sich, und die in hei\u00dfem Ethanol unl\u00f6slichen Bestandteile nehmen allm\u00e4hlich zu, dies ist die \"Alterung\" von Schellackharz. W\u00e4hrend dieses Prozesses verklumpen die Schellackharze zu harten Klumpen, die schwer zu zerkleinern sind, was als \"Agglomeration\" bezeichnet wird. Die Qualit\u00e4t der gealterten und agglomerierten Harzprodukte nimmt bis zu einem gewissen Grad ab.<\/h4>\n<h4>Die Alterung und Agglomeration von Schellackprodukten h\u00e4ngt mit den Lagerbedingungen zusammen. Wenn Temperatur, Luftfeuchtigkeit oder Katalysatoren vorhanden sind, beschleunigen sie die Alterung und Agglomeration.<\/h4>\n<h4>In Anbetracht der chemischen und physikalischen Eigenschaften des Insektenfilms sollte dieser an einem trockenen, bel\u00fcfteten und k\u00fchlen Ort gelagert werden, wobei Sonne, Regen und die N\u00e4he von Hitze und Feuchtigkeit zu vermeiden sind. Unter diesen Bedingungen kann Schellack drei Jahre lang gelagert werden. Produkte, die l\u00e4nger als drei Jahre gelagert werden, sollten vor ihrer Verwendung erneut \u00fcberpr\u00fcft werden, um sicherzustellen, dass sie den Normen entsprechen.<\/h4>\n<p>&nbsp;<\/p>\n<h2><strong>Kontaktieren Sie uns jetzt!<\/strong><\/h2>\n<h4>Wir akzeptieren kundenspezifische Dienstleistungen, wir werden Sie in der Regel innerhalb von 24 Stunden kontaktieren. Sie k\u00f6nnen auch eine E-Mail an info@longchangchemical.com w\u00e4hrend der Arbeitszeiten (8:30 bis 18:00 Uhr UTC+8 Mo.~Sa.) senden oder den Live-Chat der Website nutzen, um eine schnelle Antwort zu erhalten.<\/h4>","protected":false},"excerpt":{"rendered":"<h1><strong><b>Schellack-Flocken\u00a0<\/b><\/strong><\/h1>\n<p>Chemische Bezeichnung: Schellack<\/p>\n<p>CAS-Nr.:9000-59-3<\/p>\n<p>Molekulare Formel: C15H20O6.C15H30O5<\/p>\n<p>Molekulargewicht: 586.7114<\/p>\n<p>\u00c4u\u00dferes Erscheinungsbild: Braunes bis orangegelbes Granulat oder Flocken, knusprig und hart, leicht transparent, geruchs- und geschmacksneutral<\/p>","protected":false},"featured_media":3268,"comment_status":"open","ping_status":"closed","template":"","meta":[],"product_brand":[],"product_cat":[69],"product_tag":[],"class_list":{"0":"post-3267","1":"product","2":"type-product","3":"status-publish","4":"has-post-thumbnail","6":"product_cat-catalysts-chemical-auxiliary-agents","8":"first","9":"instock","10":"shipping-taxable","11":"product-type-simple"},"yoast_head":"<!-- This site is optimized with the Yoast SEO plugin v25.3.1 - https:\/\/yoast.com\/wordpress\/plugins\/seo\/ -->\n<title>China top shellac flakes cas 9000-59-3 manufacturer - longchang chemical<\/title>\n<meta name=\"description\" content=\"Longchang chemical is china top shellac flakes cas 9000-59-3 manufacturer and shellac flakes cas 9000-59-3 supplier. Since shellac is derived from natural products, it can form a film, can be polymerized, and has good water vapor barrier properties, making it widely used in many fields.\" \/>\n<meta name=\"robots\" content=\"index, follow, max-snippet:-1, max-image-preview:large, max-video-preview:-1\" \/>\n<link rel=\"canonical\" href=\"https:\/\/longchangchemical.com\/de\/product\/shellac-flakes-cas-9000-59-3\/\" \/>\n<meta property=\"og:locale\" content=\"de_DE\" \/>\n<meta property=\"og:type\" content=\"article\" \/>\n<meta property=\"og:title\" content=\"China top shellac flakes cas 9000-59-3 manufacturer - longchang chemical\" \/>\n<meta property=\"og:description\" content=\"Longchang chemical is china top shellac flakes cas 9000-59-3 manufacturer and shellac flakes cas 9000-59-3 supplier. Since shellac is derived from natural products, it can form a film, can be polymerized, and has good water vapor barrier properties, making it widely used in many fields.\" \/>\n<meta property=\"og:url\" content=\"https:\/\/longchangchemical.com\/de\/product\/shellac-flakes-cas-9000-59-3\/\" \/>\n<meta property=\"og:site_name\" content=\"Longchang Chemical\" \/>\n<meta property=\"article:modified_time\" content=\"2025-12-23T03:31:52+00:00\" \/>\n<meta property=\"og:image\" content=\"https:\/\/longchangchemical.com\/wp-content\/uploads\/2020\/09\/appearance.jpg\" \/>\n\t<meta property=\"og:image:width\" content=\"600\" \/>\n\t<meta property=\"og:image:height\" content=\"800\" \/>\n\t<meta property=\"og:image:type\" content=\"image\/jpeg\" \/>\n<meta name=\"twitter:card\" content=\"summary_large_image\" \/>\n<script type=\"application\/ld+json\" class=\"yoast-schema-graph\">{\"@context\":\"https:\/\/schema.org\",\"@graph\":[{\"@type\":\"WebPage\",\"@id\":\"https:\/\/longchangchemical.com\/product\/shellac-flakes-cas-9000-59-3\/\",\"url\":\"https:\/\/longchangchemical.com\/product\/shellac-flakes-cas-9000-59-3\/\",\"name\":\"China top shellac flakes cas 9000-59-3 manufacturer - longchang chemical\",\"isPartOf\":{\"@id\":\"https:\/\/longchangchemical.com\/#website\"},\"primaryImageOfPage\":{\"@id\":\"https:\/\/longchangchemical.com\/product\/shellac-flakes-cas-9000-59-3\/#primaryimage\"},\"image\":{\"@id\":\"https:\/\/longchangchemical.com\/product\/shellac-flakes-cas-9000-59-3\/#primaryimage\"},\"thumbnailUrl\":\"https:\/\/longchangchemical.com\/wp-content\/uploads\/2020\/09\/appearance.jpg\",\"datePublished\":\"2020-09-24T06:04:20+00:00\",\"dateModified\":\"2025-12-23T03:31:52+00:00\",\"description\":\"Longchang chemical is china top shellac flakes cas 9000-59-3 manufacturer and shellac flakes cas 9000-59-3 supplier. Since shellac is derived from natural products, it can form a film, can be polymerized, and has good water vapor barrier properties, making it widely used in many fields.\",\"breadcrumb\":{\"@id\":\"https:\/\/longchangchemical.com\/product\/shellac-flakes-cas-9000-59-3\/#breadcrumb\"},\"inLanguage\":\"de\",\"potentialAction\":[{\"@type\":\"ReadAction\",\"target\":[\"https:\/\/longchangchemical.com\/product\/shellac-flakes-cas-9000-59-3\/\"]}]},{\"@type\":\"ImageObject\",\"inLanguage\":\"de\",\"@id\":\"https:\/\/longchangchemical.com\/product\/shellac-flakes-cas-9000-59-3\/#primaryimage\",\"url\":\"https:\/\/longchangchemical.com\/wp-content\/uploads\/2020\/09\/appearance.jpg\",\"contentUrl\":\"https:\/\/longchangchemical.com\/wp-content\/uploads\/2020\/09\/appearance.jpg\",\"width\":600,\"height\":800,\"caption\":\"Shellac Flakes appearance\"},{\"@type\":\"BreadcrumbList\",\"@id\":\"https:\/\/longchangchemical.com\/product\/shellac-flakes-cas-9000-59-3\/#breadcrumb\",\"itemListElement\":[{\"@type\":\"ListItem\",\"position\":1,\"name\":\"Home\",\"item\":\"https:\/\/longchangchemical.com\/\"},{\"@type\":\"ListItem\",\"position\":2,\"name\":\"Products Longchang\",\"item\":\"https:\/\/longchangchemical.com\/product\/\"},{\"@type\":\"ListItem\",\"position\":3,\"name\":\"shellac flakes cas 9000-59-3\"}]},{\"@type\":\"WebSite\",\"@id\":\"https:\/\/longchangchemical.com\/#website\",\"url\":\"https:\/\/longchangchemical.com\/\",\"name\":\"Longchang Chemical\",\"description\":\"China chemical manufacturer \uff06 supplier\",\"publisher\":{\"@id\":\"https:\/\/longchangchemical.com\/#organization\"},\"potentialAction\":[{\"@type\":\"SearchAction\",\"target\":{\"@type\":\"EntryPoint\",\"urlTemplate\":\"https:\/\/longchangchemical.com\/?s={search_term_string}\"},\"query-input\":{\"@type\":\"PropertyValueSpecification\",\"valueRequired\":true,\"valueName\":\"search_term_string\"}}],\"inLanguage\":\"de\"},{\"@type\":\"Organization\",\"@id\":\"https:\/\/longchangchemical.com\/#organization\",\"name\":\"Longchang Chemical\",\"url\":\"https:\/\/longchangchemical.com\/\",\"logo\":{\"@type\":\"ImageObject\",\"inLanguage\":\"de\",\"@id\":\"https:\/\/longchangchemical.com\/#\/schema\/logo\/image\/\",\"url\":\"https:\/\/longchangchemical.com\/wp-content\/uploads\/2020\/08\/cropped-longchang-logo.png\",\"contentUrl\":\"https:\/\/longchangchemical.com\/wp-content\/uploads\/2020\/08\/cropped-longchang-logo.png\",\"width\":512,\"height\":512,\"caption\":\"Longchang Chemical\"},\"image\":{\"@id\":\"https:\/\/longchangchemical.com\/#\/schema\/logo\/image\/\"}}]}<\/script>\n<!-- \/ Yoast SEO plugin. -->","yoast_head_json":{"title":"China top Schellackflocken cas 9000-59-3 Hersteller - longchang chemical","description":"Longchang Chemical ist China Top Schellack Flocken Cas 9000-59-3 Hersteller und Schellack Flocken Cas 9000-59-3 Lieferanten. Da Schellack aus nat\u00fcrlichen Produkten gewonnen wird, kann es einen Film bilden, kann polymerisiert werden und hat gute Wasserdampfbarriere-Eigenschaften, so dass es weit verbreitet in vielen Bereichen verwendet wird.","robots":{"index":"index","follow":"follow","max-snippet":"max-snippet:-1","max-image-preview":"max-image-preview:large","max-video-preview":"max-video-preview:-1"},"canonical":"https:\/\/longchangchemical.com\/de\/product\/shellac-flakes-cas-9000-59-3\/","og_locale":"de_DE","og_type":"article","og_title":"China top shellac flakes cas 9000-59-3 manufacturer - longchang chemical","og_description":"Longchang chemical is china top shellac flakes cas 9000-59-3 manufacturer and shellac flakes cas 9000-59-3 supplier. Since shellac is derived from natural products, it can form a film, can be polymerized, and has good water vapor barrier properties, making it widely used in many fields.","og_url":"https:\/\/longchangchemical.com\/de\/product\/shellac-flakes-cas-9000-59-3\/","og_site_name":"Longchang Chemical","article_modified_time":"2025-12-23T03:31:52+00:00","og_image":[{"width":600,"height":800,"url":"https:\/\/longchangchemical.com\/wp-content\/uploads\/2020\/09\/appearance.jpg","type":"image\/jpeg"}],"twitter_card":"summary_large_image","schema":{"@context":"https:\/\/schema.org","@graph":[{"@type":"WebPage","@id":"https:\/\/longchangchemical.com\/product\/shellac-flakes-cas-9000-59-3\/","url":"https:\/\/longchangchemical.com\/product\/shellac-flakes-cas-9000-59-3\/","name":"China top Schellackflocken cas 9000-59-3 Hersteller - longchang chemical","isPartOf":{"@id":"https:\/\/longchangchemical.com\/#website"},"primaryImageOfPage":{"@id":"https:\/\/longchangchemical.com\/product\/shellac-flakes-cas-9000-59-3\/#primaryimage"},"image":{"@id":"https:\/\/longchangchemical.com\/product\/shellac-flakes-cas-9000-59-3\/#primaryimage"},"thumbnailUrl":"https:\/\/longchangchemical.com\/wp-content\/uploads\/2020\/09\/appearance.jpg","datePublished":"2020-09-24T06:04:20+00:00","dateModified":"2025-12-23T03:31:52+00:00","description":"Longchang Chemical ist China Top Schellack Flocken Cas 9000-59-3 Hersteller und Schellack Flocken Cas 9000-59-3 Lieferanten. Da Schellack aus nat\u00fcrlichen Produkten gewonnen wird, kann es einen Film bilden, kann polymerisiert werden und hat gute Wasserdampfbarriere-Eigenschaften, so dass es weit verbreitet in vielen Bereichen verwendet wird.","breadcrumb":{"@id":"https:\/\/longchangchemical.com\/product\/shellac-flakes-cas-9000-59-3\/#breadcrumb"},"inLanguage":"de","potentialAction":[{"@type":"ReadAction","target":["https:\/\/longchangchemical.com\/product\/shellac-flakes-cas-9000-59-3\/"]}]},{"@type":"ImageObject","inLanguage":"de","@id":"https:\/\/longchangchemical.com\/product\/shellac-flakes-cas-9000-59-3\/#primaryimage","url":"https:\/\/longchangchemical.com\/wp-content\/uploads\/2020\/09\/appearance.jpg","contentUrl":"https:\/\/longchangchemical.com\/wp-content\/uploads\/2020\/09\/appearance.jpg","width":600,"height":800,"caption":"Shellac Flakes appearance"},{"@type":"BreadcrumbList","@id":"https:\/\/longchangchemical.com\/product\/shellac-flakes-cas-9000-59-3\/#breadcrumb","itemListElement":[{"@type":"ListItem","position":1,"name":"Home","item":"https:\/\/longchangchemical.com\/"},{"@type":"ListItem","position":2,"name":"Products Longchang","item":"https:\/\/longchangchemical.com\/product\/"},{"@type":"ListItem","position":3,"name":"shellac flakes cas 9000-59-3"}]},{"@type":"WebSite","@id":"https:\/\/longchangchemical.com\/#website","url":"https:\/\/longchangchemical.com\/","name":"Longchang Chemical","description":"China Hersteller von Chemikalien \uff06 Lieferant","publisher":{"@id":"https:\/\/longchangchemical.com\/#organization"},"potentialAction":[{"@type":"SearchAction","target":{"@type":"EntryPoint","urlTemplate":"https:\/\/longchangchemical.com\/?s={search_term_string}"},"query-input":{"@type":"PropertyValueSpecification","valueRequired":true,"valueName":"search_term_string"}}],"inLanguage":"de"},{"@type":"Organization","@id":"https:\/\/longchangchemical.com\/#organization","name":"Longchang Chemical","url":"https:\/\/longchangchemical.com\/","logo":{"@type":"ImageObject","inLanguage":"de","@id":"https:\/\/longchangchemical.com\/#\/schema\/logo\/image\/","url":"https:\/\/longchangchemical.com\/wp-content\/uploads\/2020\/08\/cropped-longchang-logo.png","contentUrl":"https:\/\/longchangchemical.com\/wp-content\/uploads\/2020\/08\/cropped-longchang-logo.png","width":512,"height":512,"caption":"Longchang Chemical"},"image":{"@id":"https:\/\/longchangchemical.com\/#\/schema\/logo\/image\/"}}]}},"_links":{"self":[{"href":"https:\/\/longchangchemical.com\/de\/wp-json\/wp\/v2\/product\/3267","targetHints":{"allow":["GET"]}}],"collection":[{"href":"https:\/\/longchangchemical.com\/de\/wp-json\/wp\/v2\/product"}],"about":[{"href":"https:\/\/longchangchemical.com\/de\/wp-json\/wp\/v2\/types\/product"}],"replies":[{"embeddable":true,"href":"https:\/\/longchangchemical.com\/de\/wp-json\/wp\/v2\/comments?post=3267"}],"wp:featuredmedia":[{"embeddable":true,"href":"https:\/\/longchangchemical.com\/de\/wp-json\/wp\/v2\/media\/3268"}],"wp:attachment":[{"href":"https:\/\/longchangchemical.com\/de\/wp-json\/wp\/v2\/media?parent=3267"}],"wp:term":[{"taxonomy":"product_brand","embeddable":true,"href":"https:\/\/longchangchemical.com\/de\/wp-json\/wp\/v2\/product_brand?post=3267"},{"taxonomy":"product_cat","embeddable":true,"href":"https:\/\/longchangchemical.com\/de\/wp-json\/wp\/v2\/product_cat?post=3267"},{"taxonomy":"product_tag","embeddable":true,"href":"https:\/\/longchangchemical.com\/de\/wp-json\/wp\/v2\/product_tag?post=3267"}],"curies":[{"name":"wp","href":"https:\/\/api.w.org\/{rel}","templated":true}]}}