{"id":3264,"date":"2020-09-24T02:25:30","date_gmt":"2020-09-24T02:25:30","guid":{"rendered":"https:\/\/longchangchemical.com\/?post_type=product&#038;p=3264"},"modified":"2025-04-01T05:54:11","modified_gmt":"2025-04-01T05:54:11","slug":"light-stabilizer-944-cas-70624-18-9","status":"publish","type":"product","link":"https:\/\/longchangchemical.com\/de\/product\/light-stabilizer-944-cas-70624-18-9\/","title":{"rendered":"CHLUMILS\u00ae UV-944 \/ HALS 944 Lichtschutzmittel-944 Chimasorb 944 CAS 70624-18-9 \/ 71878-19-8"},"content":{"rendered":"<h2><strong><b>Lichtstabilisator-944 Typische Eigenschaften<\/b><\/strong><\/h2>\n<table>\n<tbody>\n<tr>\n<td>Artikel<\/td>\n<td colspan=\"2\">Spezifikationen<\/td>\n<\/tr>\n<tr>\n<td>Erscheinungsbild<\/td>\n<td colspan=\"2\">Wei\u00dfes Pulver oder hellgelbes Granulat<\/td>\n<\/tr>\n<tr>\n<td>Schmelzpunkt,\u2103<\/td>\n<td colspan=\"2\">110-130<\/td>\n<\/tr>\n<tr>\n<td>Esche<\/td>\n<td colspan=\"2\">\u22640.1%<\/td>\n<\/tr>\n<tr>\n<td>Fl\u00fcchtige Stoffe<\/td>\n<td colspan=\"2\">\u22641,0%<\/td>\n<\/tr>\n<tr>\n<td>Durchl\u00e4ssigkeit<\/td>\n<td colspan=\"2\">425 nm\u226593% 450 nm\u226595%<\/td>\n<\/tr>\n<tr>\n<td rowspan=\"5\">L\u00f6slichkeit<\/td>\n<td>Wasser<\/td>\n<td>&lt;0.01<\/td>\n<\/tr>\n<tr>\n<td>Ethylacetat<\/td>\n<td>&gt;50<\/td>\n<\/tr>\n<tr>\n<td>Hexan<\/td>\n<td>41<\/td>\n<\/tr>\n<tr>\n<td>Methanol<\/td>\n<td>3<\/td>\n<\/tr>\n<tr>\n<td>Aceton<\/td>\n<td>&gt;50<\/td>\n<\/tr>\n<\/tbody>\n<\/table>\n<h2><\/h2>\n<h2><strong><b>Was ist Lichtstabilisator-944?<\/b><\/strong><\/h2>\n<h4>UV-944 ist ein hochmolekularer gehinderter Amin-Lichtstabilisator mit ausgezeichneter Vertr\u00e4glichkeit, Extraktionsbest\u00e4ndigkeit und geringer Fl\u00fcchtigkeit. Merkmale des Lichtstabilisators 944 sind ein hochmolekularer gehinderter Amin-Lichtstabilisator, ausgezeichnete Kompatibilit\u00e4t, gute Extraktionsbest\u00e4ndigkeit und geringe Fl\u00fcchtigkeit.<\/h4>\n<p>&nbsp;<\/p>\n<h2><strong><b>Lichtstabilisator-944 Verwendung<\/b><\/strong><\/h2>\n<h4>1.HALS 944 wird unter anderem f\u00fcr Polyolefine (PP, PE), Olefin-Copolymere wie EVA sowie f\u00fcr Mischungen von Polypropylen mit Elastomeren verwendet. Es verleiht d\u00fcnnen Artikeln, insbesondere Fasern und Folien, eine ausgezeichnete Lichtbest\u00e4ndigkeit. In dicken Querschnitten ist es speziell f\u00fcr Polyethylenartikel geeignet.<\/h4>\n<h4>2. HALS 944 Wird in Polyoxymethylen (POM), Polyamid (PA), Polyurethan (PU), Weich- und Hart-PVC und PVC-Mischungen verwendet.<\/h4>\n<h4>3. HALS 944 Verwendet f\u00fcr Styrol-Elastomere und Klebstoffe<\/h4>\n<h4>4. Schwefel oder Halogen kann die Wirkung von UV-944 beeintr\u00e4chtigen.<\/h4>\n<h4>5. Die Konzentrationen liegen zwischen 0,1 % und 2,0 %, je nach Substrat, Verarbeitungsbedingungen und Anwendung.<\/h4>\n<p>&nbsp;<\/p>\n<h2><strong><b>Lichtstabilisator-944 Verpackung und Versand<\/b><\/strong><\/h2>\n<h4>Verpackung: 25kg\/Trommel<\/h4>\n<h4>Lieferung: Auf dem Seeweg oder per Luftfracht<\/h4>\n<p>&nbsp;<\/p>\n<h2><strong><b>Lichtstabilisator-944 Lagerung<\/b><\/strong><\/h2>\n<h4>An einem k\u00fchlen, trockenen und lichtgesch\u00fctzten Ort aufbewahren.<\/h4>\n<h4><\/h4>\n<h2><strong><b>Kontaktieren Sie uns jetzt!<\/b><\/strong><\/h2>\n<h4><strong><b>Wenn Sie COA, MSDS oder TDS ben\u00f6tigen, geben Sie bitte Ihre Kontaktinformationen in das untenstehende Formular ein. Wir werden uns in der Regel innerhalb von 24 Stunden mit Ihnen in Verbindung setzen. Sie k\u00f6nnen mir auch eine E-Mail schicken <span style=\"color: #0000ff;\"><a style=\"color: #0000ff;\" href=\"mailto:info@longchangchemical.com\">info@longchangchemical.com<\/a><\/span> w\u00e4hrend der Gesch\u00e4ftszeiten ( 8:30 bis 18:00 Uhr UTC+8 Mo.~Sa. ) oder nutzen Sie den Live-Chat auf der Website, um eine schnelle Antwort zu erhalten.<\/b><\/strong><\/h4>","protected":false},"excerpt":{"rendered":"<h2><strong><b>Lichtstabilisator-944 Details<\/b><\/strong><\/h2>\n<p>Chemische Bezeichnung: Lichtstabilisator-944<\/p>\n<p>Anderer Name: HALS 944; Chimasorb 944<\/p>\n<p>CAS-Nr.: 70624-18-9; 71878-19-8<\/p>\n<p>Molekulare Formel: C35H69Cl3N8<\/p>\n<p>Molekulargewicht:708,3<\/p>\n<p>Lichtstabilisator-944 Struktur:<\/p>\n<p><img decoding=\"async\" class=\"size-full wp-image-3265\" src=\"https:\/\/longchangchemical.com\/wp-content\/uploads\/2020\/09\/Light-Stabilizer-944-Structure.png\" alt=\"Lichtstabilisator-944 Struktur\" width=\"221\" height=\"170\" \/><\/p>\n<p>\u00c4u\u00dferes Erscheinungsbild: Wei\u00dfes Pulver oder hellgelbes Granulat<\/p>","protected":false},"featured_media":3266,"comment_status":"open","ping_status":"closed","template":"","meta":[],"product_brand":[],"product_cat":[104],"product_tag":[],"class_list":{"0":"post-3264","1":"product","2":"type-product","3":"status-publish","4":"has-post-thumbnail","6":"product_cat-light-stabilizer","8":"first","9":"instock","10":"shipping-taxable","11":"product-type-simple"},"yoast_head":"<!-- This site is optimized with the Yoast SEO plugin v25.3.1 - https:\/\/yoast.com\/wordpress\/plugins\/seo\/ -->\n<title>China Light Stabilizer-944 Chimasorb 944 CAS 70624-18-9 \/ 71878-19-8 manufacturer - longchang chemical<\/title>\n<meta name=\"description\" content=\"China top Light Stabilizer-944 manufacturers and CAS 70624-18-9 suppliers. Buy Chimasorb 944 in china. Longchang chemical can provide the best Light Stabilizer-944 price. other name: HALS 944; Tinuvin 944\" \/>\n<meta name=\"robots\" content=\"index, follow, max-snippet:-1, max-image-preview:large, max-video-preview:-1\" \/>\n<link rel=\"canonical\" href=\"https:\/\/longchangchemical.com\/de\/product\/light-stabilizer-944-cas-70624-18-9\/\" \/>\n<meta property=\"og:locale\" content=\"de_DE\" \/>\n<meta property=\"og:type\" content=\"article\" \/>\n<meta property=\"og:title\" content=\"China Light Stabilizer-944 Chimasorb 944 CAS 70624-18-9 \/ 71878-19-8 manufacturer - longchang chemical\" \/>\n<meta property=\"og:description\" content=\"China top Light Stabilizer-944 manufacturers and CAS 70624-18-9 suppliers. Buy Chimasorb 944 in china. Longchang chemical can provide the best Light Stabilizer-944 price. other name: HALS 944; Tinuvin 944\" \/>\n<meta property=\"og:url\" content=\"https:\/\/longchangchemical.com\/de\/product\/light-stabilizer-944-cas-70624-18-9\/\" \/>\n<meta property=\"og:site_name\" content=\"Longchang Chemical\" \/>\n<meta property=\"article:modified_time\" content=\"2025-04-01T05:54:11+00:00\" \/>\n<meta property=\"og:image\" content=\"https:\/\/longchangchemical.com\/wp-content\/uploads\/2020\/09\/Light-Stabilizer-944-appearance.jpg\" \/>\n\t<meta property=\"og:image:width\" content=\"600\" \/>\n\t<meta property=\"og:image:height\" content=\"800\" \/>\n\t<meta property=\"og:image:type\" content=\"image\/jpeg\" \/>\n<meta name=\"twitter:card\" content=\"summary_large_image\" \/>\n<script type=\"application\/ld+json\" class=\"yoast-schema-graph\">{\"@context\":\"https:\/\/schema.org\",\"@graph\":[{\"@type\":\"WebPage\",\"@id\":\"https:\/\/longchangchemical.com\/product\/light-stabilizer-944-cas-70624-18-9\/\",\"url\":\"https:\/\/longchangchemical.com\/product\/light-stabilizer-944-cas-70624-18-9\/\",\"name\":\"China Light Stabilizer-944 Chimasorb 944 CAS 70624-18-9 \/ 71878-19-8 manufacturer - longchang chemical\",\"isPartOf\":{\"@id\":\"https:\/\/longchangchemical.com\/#website\"},\"primaryImageOfPage\":{\"@id\":\"https:\/\/longchangchemical.com\/product\/light-stabilizer-944-cas-70624-18-9\/#primaryimage\"},\"image\":{\"@id\":\"https:\/\/longchangchemical.com\/product\/light-stabilizer-944-cas-70624-18-9\/#primaryimage\"},\"thumbnailUrl\":\"https:\/\/longchangchemical.com\/wp-content\/uploads\/2020\/09\/Light-Stabilizer-944-appearance.jpg\",\"datePublished\":\"2020-09-24T02:25:30+00:00\",\"dateModified\":\"2025-04-01T05:54:11+00:00\",\"description\":\"China top Light Stabilizer-944 manufacturers and CAS 70624-18-9 suppliers. Buy Chimasorb 944 in china. Longchang chemical can provide the best Light Stabilizer-944 price. other name: HALS 944; Tinuvin 944\",\"breadcrumb\":{\"@id\":\"https:\/\/longchangchemical.com\/product\/light-stabilizer-944-cas-70624-18-9\/#breadcrumb\"},\"inLanguage\":\"de\",\"potentialAction\":[{\"@type\":\"ReadAction\",\"target\":[\"https:\/\/longchangchemical.com\/product\/light-stabilizer-944-cas-70624-18-9\/\"]}]},{\"@type\":\"ImageObject\",\"inLanguage\":\"de\",\"@id\":\"https:\/\/longchangchemical.com\/product\/light-stabilizer-944-cas-70624-18-9\/#primaryimage\",\"url\":\"https:\/\/longchangchemical.com\/wp-content\/uploads\/2020\/09\/Light-Stabilizer-944-appearance.jpg\",\"contentUrl\":\"https:\/\/longchangchemical.com\/wp-content\/uploads\/2020\/09\/Light-Stabilizer-944-appearance.jpg\",\"width\":600,\"height\":800,\"caption\":\"Light-Stabilizer-944-appearance\"},{\"@type\":\"BreadcrumbList\",\"@id\":\"https:\/\/longchangchemical.com\/product\/light-stabilizer-944-cas-70624-18-9\/#breadcrumb\",\"itemListElement\":[{\"@type\":\"ListItem\",\"position\":1,\"name\":\"Home\",\"item\":\"https:\/\/longchangchemical.com\/\"},{\"@type\":\"ListItem\",\"position\":2,\"name\":\"Products Longchang\",\"item\":\"https:\/\/longchangchemical.com\/product\/\"},{\"@type\":\"ListItem\",\"position\":3,\"name\":\"CHLUMILS\u00ae UV-944 \/ HALS 944 Light Stabilizer-944 Chimasorb 944 CAS 70624-18-9 \/ 71878-19-8\"}]},{\"@type\":\"WebSite\",\"@id\":\"https:\/\/longchangchemical.com\/#website\",\"url\":\"https:\/\/longchangchemical.com\/\",\"name\":\"Longchang Chemical\",\"description\":\"China chemical manufacturer \uff06 supplier\",\"publisher\":{\"@id\":\"https:\/\/longchangchemical.com\/#organization\"},\"potentialAction\":[{\"@type\":\"SearchAction\",\"target\":{\"@type\":\"EntryPoint\",\"urlTemplate\":\"https:\/\/longchangchemical.com\/?s={search_term_string}\"},\"query-input\":{\"@type\":\"PropertyValueSpecification\",\"valueRequired\":true,\"valueName\":\"search_term_string\"}}],\"inLanguage\":\"de\"},{\"@type\":\"Organization\",\"@id\":\"https:\/\/longchangchemical.com\/#organization\",\"name\":\"Longchang Chemical\",\"url\":\"https:\/\/longchangchemical.com\/\",\"logo\":{\"@type\":\"ImageObject\",\"inLanguage\":\"de\",\"@id\":\"https:\/\/longchangchemical.com\/#\/schema\/logo\/image\/\",\"url\":\"https:\/\/longchangchemical.com\/wp-content\/uploads\/2020\/08\/cropped-longchang-logo.png\",\"contentUrl\":\"https:\/\/longchangchemical.com\/wp-content\/uploads\/2020\/08\/cropped-longchang-logo.png\",\"width\":512,\"height\":512,\"caption\":\"Longchang Chemical\"},\"image\":{\"@id\":\"https:\/\/longchangchemical.com\/#\/schema\/logo\/image\/\"}}]}<\/script>\n<!-- \/ Yoast SEO plugin. -->","yoast_head_json":{"title":"China Lichtstabilisator-944 Chimasorb 944 CAS 70624-18-9 \/ 71878-19-8 Hersteller - longchang chemical","description":"China top Lichtstabilisator-944 Hersteller und CAS 70624-18-9 Lieferanten. Kaufen Chimasorb 944 in china. Longchang chemische k\u00f6nnen die besten Lichtstabilisator-944 Preis bieten. anderer Name: HALS 944; Tinuvin 944","robots":{"index":"index","follow":"follow","max-snippet":"max-snippet:-1","max-image-preview":"max-image-preview:large","max-video-preview":"max-video-preview:-1"},"canonical":"https:\/\/longchangchemical.com\/de\/product\/light-stabilizer-944-cas-70624-18-9\/","og_locale":"de_DE","og_type":"article","og_title":"China Light Stabilizer-944 Chimasorb 944 CAS 70624-18-9 \/ 71878-19-8 manufacturer - longchang chemical","og_description":"China top Light Stabilizer-944 manufacturers and CAS 70624-18-9 suppliers. Buy Chimasorb 944 in china. Longchang chemical can provide the best Light Stabilizer-944 price. other name: HALS 944; Tinuvin 944","og_url":"https:\/\/longchangchemical.com\/de\/product\/light-stabilizer-944-cas-70624-18-9\/","og_site_name":"Longchang Chemical","article_modified_time":"2025-04-01T05:54:11+00:00","og_image":[{"width":600,"height":800,"url":"https:\/\/longchangchemical.com\/wp-content\/uploads\/2020\/09\/Light-Stabilizer-944-appearance.jpg","type":"image\/jpeg"}],"twitter_card":"summary_large_image","schema":{"@context":"https:\/\/schema.org","@graph":[{"@type":"WebPage","@id":"https:\/\/longchangchemical.com\/product\/light-stabilizer-944-cas-70624-18-9\/","url":"https:\/\/longchangchemical.com\/product\/light-stabilizer-944-cas-70624-18-9\/","name":"China Lichtstabilisator-944 Chimasorb 944 CAS 70624-18-9 \/ 71878-19-8 Hersteller - longchang chemical","isPartOf":{"@id":"https:\/\/longchangchemical.com\/#website"},"primaryImageOfPage":{"@id":"https:\/\/longchangchemical.com\/product\/light-stabilizer-944-cas-70624-18-9\/#primaryimage"},"image":{"@id":"https:\/\/longchangchemical.com\/product\/light-stabilizer-944-cas-70624-18-9\/#primaryimage"},"thumbnailUrl":"https:\/\/longchangchemical.com\/wp-content\/uploads\/2020\/09\/Light-Stabilizer-944-appearance.jpg","datePublished":"2020-09-24T02:25:30+00:00","dateModified":"2025-04-01T05:54:11+00:00","description":"China top Lichtstabilisator-944 Hersteller und CAS 70624-18-9 Lieferanten. Kaufen Chimasorb 944 in china. Longchang chemische k\u00f6nnen die besten Lichtstabilisator-944 Preis bieten. anderer Name: HALS 944; Tinuvin 944","breadcrumb":{"@id":"https:\/\/longchangchemical.com\/product\/light-stabilizer-944-cas-70624-18-9\/#breadcrumb"},"inLanguage":"de","potentialAction":[{"@type":"ReadAction","target":["https:\/\/longchangchemical.com\/product\/light-stabilizer-944-cas-70624-18-9\/"]}]},{"@type":"ImageObject","inLanguage":"de","@id":"https:\/\/longchangchemical.com\/product\/light-stabilizer-944-cas-70624-18-9\/#primaryimage","url":"https:\/\/longchangchemical.com\/wp-content\/uploads\/2020\/09\/Light-Stabilizer-944-appearance.jpg","contentUrl":"https:\/\/longchangchemical.com\/wp-content\/uploads\/2020\/09\/Light-Stabilizer-944-appearance.jpg","width":600,"height":800,"caption":"Light-Stabilizer-944-appearance"},{"@type":"BreadcrumbList","@id":"https:\/\/longchangchemical.com\/product\/light-stabilizer-944-cas-70624-18-9\/#breadcrumb","itemListElement":[{"@type":"ListItem","position":1,"name":"Home","item":"https:\/\/longchangchemical.com\/"},{"@type":"ListItem","position":2,"name":"Products Longchang","item":"https:\/\/longchangchemical.com\/product\/"},{"@type":"ListItem","position":3,"name":"CHLUMILS\u00ae UV-944 \/ HALS 944 Light Stabilizer-944 Chimasorb 944 CAS 70624-18-9 \/ 71878-19-8"}]},{"@type":"WebSite","@id":"https:\/\/longchangchemical.com\/#website","url":"https:\/\/longchangchemical.com\/","name":"Longchang Chemical","description":"China Hersteller von Chemikalien \uff06 Lieferant","publisher":{"@id":"https:\/\/longchangchemical.com\/#organization"},"potentialAction":[{"@type":"SearchAction","target":{"@type":"EntryPoint","urlTemplate":"https:\/\/longchangchemical.com\/?s={search_term_string}"},"query-input":{"@type":"PropertyValueSpecification","valueRequired":true,"valueName":"search_term_string"}}],"inLanguage":"de"},{"@type":"Organization","@id":"https:\/\/longchangchemical.com\/#organization","name":"Longchang Chemical","url":"https:\/\/longchangchemical.com\/","logo":{"@type":"ImageObject","inLanguage":"de","@id":"https:\/\/longchangchemical.com\/#\/schema\/logo\/image\/","url":"https:\/\/longchangchemical.com\/wp-content\/uploads\/2020\/08\/cropped-longchang-logo.png","contentUrl":"https:\/\/longchangchemical.com\/wp-content\/uploads\/2020\/08\/cropped-longchang-logo.png","width":512,"height":512,"caption":"Longchang Chemical"},"image":{"@id":"https:\/\/longchangchemical.com\/#\/schema\/logo\/image\/"}}]}},"_links":{"self":[{"href":"https:\/\/longchangchemical.com\/de\/wp-json\/wp\/v2\/product\/3264","targetHints":{"allow":["GET"]}}],"collection":[{"href":"https:\/\/longchangchemical.com\/de\/wp-json\/wp\/v2\/product"}],"about":[{"href":"https:\/\/longchangchemical.com\/de\/wp-json\/wp\/v2\/types\/product"}],"replies":[{"embeddable":true,"href":"https:\/\/longchangchemical.com\/de\/wp-json\/wp\/v2\/comments?post=3264"}],"wp:featuredmedia":[{"embeddable":true,"href":"https:\/\/longchangchemical.com\/de\/wp-json\/wp\/v2\/media\/3266"}],"wp:attachment":[{"href":"https:\/\/longchangchemical.com\/de\/wp-json\/wp\/v2\/media?parent=3264"}],"wp:term":[{"taxonomy":"product_brand","embeddable":true,"href":"https:\/\/longchangchemical.com\/de\/wp-json\/wp\/v2\/product_brand?post=3264"},{"taxonomy":"product_cat","embeddable":true,"href":"https:\/\/longchangchemical.com\/de\/wp-json\/wp\/v2\/product_cat?post=3264"},{"taxonomy":"product_tag","embeddable":true,"href":"https:\/\/longchangchemical.com\/de\/wp-json\/wp\/v2\/product_tag?post=3264"}],"curies":[{"name":"wp","href":"https:\/\/api.w.org\/{rel}","templated":true}]}}