{"id":3245,"date":"2020-09-17T01:37:23","date_gmt":"2020-09-17T01:37:23","guid":{"rendered":"https:\/\/longchangchemical.com\/?post_type=product&#038;p=3245"},"modified":"2025-04-01T07:41:55","modified_gmt":"2025-04-01T07:41:55","slug":"fluorescent-brightener-378-cas-40470-68-6","status":"publish","type":"product","link":"https:\/\/longchangchemical.com\/de\/product\/fluorescent-brightener-378-cas-40470-68-6\/","title":{"rendered":"CHLUMIPHOR\u00ae FP-127 \/ fluoreszierender Aufheller 378 CAS 40470-68-6"},"content":{"rendered":"<p>&nbsp;<\/p>\n<h2><strong><b>fluoreszierende Aufheller 378 <\/b><\/strong><strong><b>TypischeEigenschaften<\/b><\/strong><\/h2>\n<table>\n<tbody>\n<tr>\n<td>Artikel<\/td>\n<td>Spezifikationen<\/td>\n<\/tr>\n<tr>\n<td>Erscheinungsbild<\/td>\n<td>blassgelbes Pulver<\/td>\n<\/tr>\n<tr>\n<td>Wasser<\/td>\n<td>\u22640,5%<\/td>\n<\/tr>\n<tr>\n<td>Esche<\/td>\n<td>\u22640,5%<\/td>\n<\/tr>\n<tr>\n<td>Schmelzpunkt<\/td>\n<td>219-221\u2103<\/td>\n<\/tr>\n<tr>\n<td>Assay<\/td>\n<td>\u226599%<\/td>\n<\/tr>\n<\/tbody>\n<\/table>\n<h2><strong><b>fluoreszierende Aufheller 378 <\/b><\/strong><strong><b>Verwendung<\/b><\/strong><\/h2>\n<ol>\n<li>Zur Aufhellung von PVC- und Polystyrolprodukten und anderen Thermoplasten<\/li>\n<li>Wird f\u00fcr Kunstleder, das Aufhellen von Kunstleder und Druckfarbenbeschichtungen verwendet.<\/li>\n<\/ol>\n<h2><strong><b>Eigenschaften von <\/b><\/strong><strong><b>fluoreszierende Aufheller 378<\/b><\/strong><\/h2>\n<p>Der optische Aufheller FP-127 ist unl\u00f6slich in Wasser, aber l\u00f6slich in \u00fcblichen organischen L\u00f6sungsmitteln, mit einer maximalen Absorptionswellenl\u00e4nge von 368 nm und einer maximalen Emissionswellenl\u00e4nge von 436 nm. Er ist sehr s\u00e4ure- und alkalibest\u00e4ndig, hat einen hohen Wei\u00dfgrad und erzeugt bei geringer Dosierung eine sehr gute Aufhellungswirkung. Der Aufheller FP-127 hat eine gute Kompatibilit\u00e4t mit Kunststoffen, eine hohe Temperaturbest\u00e4ndigkeit und eine ausgezeichnete Wetterbest\u00e4ndigkeit.<\/p>\n<h2><strong><b>Anwendungen von <\/b><\/strong><strong><b>fluoreszierende Aufheller 378<\/b><\/strong><\/h2>\n<p>Der optische Aufheller FP-127 hat eine gute aufhellende Wirkung auf alle Arten von Kunststoffen und Kunststoffprodukten, insbesondere auf PVC, Polypropylen und andere Kunststoffprodukte. Er ist ideal f\u00fcr die Aufhellung und den Aufhellungseffekt von Kunstlederprodukten und kann auch f\u00fcr die Aufhellung und den Aufhellungseffekt von anderen thermoplastischen Kunststoffen, Beschichtungen, Druckfarben, synthetischen Fasern usw. verwendet werden. Der Aufheller FP-127 hat die Vorteile einer langfristigen Lagerung ohne Vergilben und Verblassen. Das \u00e4hnliche Produkt ist uvitex FP.<\/p>\n<p>&nbsp;<\/p>\n<h2><strong><b>fluoreszierende Aufheller 378 <\/b><\/strong><strong><b>Paket<\/b><\/strong><\/h2>\n<p>25kg\/Fasertrommel<\/p>\n<h2><strong><b>fluoreszierende Aufheller 378 <\/b><\/strong><strong><b>Lagerung<\/b><\/strong><\/h2>\n<p>Gelagert in einem k\u00fchlen, trockenen und bel\u00fcfteten Lagerhaus<\/p>\n<h2><\/h2>\n<h2><strong><b>Kontaktieren Sie uns jetzt!<\/b><\/strong><\/h2>\n<h4><strong><b>Wenn Sie COA, MSDS oder TDS ben\u00f6tigen, geben Sie bitte Ihre Kontaktinformationen in das untenstehende Formular ein. Wir werden uns in der Regel innerhalb von 24 Stunden mit Ihnen in Verbindung setzen. Sie k\u00f6nnen mir auch eine E-Mail schicken <span style=\"color: #0000ff;\"><a style=\"color: #0000ff;\" href=\"mailto:info@longchangchemical.com\">info@longchangchemical.com<\/a><\/span> w\u00e4hrend der Gesch\u00e4ftszeiten ( 8:30 bis 18:00 Uhr UTC+8 Mo.~Sa. ) oder nutzen Sie den Live-Chat auf der Website, um eine schnelle Antwort zu erhalten.<\/b><\/strong><\/h4>","protected":false},"excerpt":{"rendered":"<h2><strong><b>fluoreszierende Aufheller 378 <\/b><\/strong><strong><b>Schnelle Details<\/b><\/strong><\/h2>\n<p>Produktname: 4,4\u2032-Bis(2-Methoxystyryl)biphenyl \/ Fluoreszierender Aufheller CBS-127\/ fluoreszierender Aufheller 378<\/p>\n<p>CAS-Nr.: 40470-68-6<\/p>\n<p>Molekulare Formel: C30H26O2<\/p>\n<p>Molekulargewicht: 418.53<\/p>\n<p>fluoreszierender Aufheller 378 Struktur:<\/p>\n<p><img decoding=\"async\" class=\"size-full wp-image-3246\" src=\"https:\/\/longchangchemical.com\/wp-content\/uploads\/2020\/09\/fluorescent-Brightener-378-Structure.png\" alt=\"fluoreszierender Aufheller 378 Struktur\" width=\"256\" height=\"141\" \/><\/p>\n<p>Aussehen: blassgelbes Pulver<\/p>\n<p>Reinheit: 99%<\/p>","protected":false},"featured_media":3247,"comment_status":"open","ping_status":"closed","template":"","meta":[],"product_brand":[],"product_cat":[140],"product_tag":[],"class_list":{"0":"post-3245","1":"product","2":"type-product","3":"status-publish","4":"has-post-thumbnail","6":"product_cat-chlumiphor-fluorescent-brightener","8":"first","9":"instock","10":"shipping-taxable","11":"product-type-simple"},"yoast_head":"<!-- This site is optimized with the Yoast SEO plugin v25.3.1 - https:\/\/yoast.com\/wordpress\/plugins\/seo\/ -->\n<title>China fluorescent Brightener 378 manufacturer and supplier - Longchang chemical<\/title>\n<meta name=\"description\" content=\"Longchang chemical is a China fluorescent Brightener 378 CAS 40470-68-6 manufacturer and supplier, we can provide the best fluorescent Brightener 378 price. Other Name: 4,4\u2032-Bis(2-Methoxystyryl)biphenyl \/ Fluorescent Brightener CBS-127\" \/>\n<meta name=\"robots\" content=\"index, follow, max-snippet:-1, max-image-preview:large, max-video-preview:-1\" \/>\n<link rel=\"canonical\" href=\"https:\/\/longchangchemical.com\/de\/product\/fluorescent-brightener-378-cas-40470-68-6\/\" \/>\n<meta property=\"og:locale\" content=\"de_DE\" \/>\n<meta property=\"og:type\" content=\"article\" \/>\n<meta property=\"og:title\" content=\"China fluorescent Brightener 378 manufacturer and supplier - Longchang chemical\" \/>\n<meta property=\"og:description\" content=\"Longchang chemical is a China fluorescent Brightener 378 CAS 40470-68-6 manufacturer and supplier, we can provide the best fluorescent Brightener 378 price. Other Name: 4,4\u2032-Bis(2-Methoxystyryl)biphenyl \/ Fluorescent Brightener CBS-127\" \/>\n<meta property=\"og:url\" content=\"https:\/\/longchangchemical.com\/de\/product\/fluorescent-brightener-378-cas-40470-68-6\/\" \/>\n<meta property=\"og:site_name\" content=\"Longchang Chemical\" \/>\n<meta property=\"article:modified_time\" content=\"2025-04-01T07:41:55+00:00\" \/>\n<meta property=\"og:image\" content=\"https:\/\/longchangchemical.com\/wp-content\/uploads\/2020\/09\/fluorescent-Brightener-378-Appearance.jpg\" \/>\n\t<meta property=\"og:image:width\" content=\"600\" \/>\n\t<meta property=\"og:image:height\" content=\"800\" \/>\n\t<meta property=\"og:image:type\" content=\"image\/jpeg\" \/>\n<meta name=\"twitter:card\" content=\"summary_large_image\" \/>\n<script type=\"application\/ld+json\" class=\"yoast-schema-graph\">{\"@context\":\"https:\/\/schema.org\",\"@graph\":[{\"@type\":\"WebPage\",\"@id\":\"https:\/\/longchangchemical.com\/product\/fluorescent-brightener-378-cas-40470-68-6\/\",\"url\":\"https:\/\/longchangchemical.com\/product\/fluorescent-brightener-378-cas-40470-68-6\/\",\"name\":\"China fluorescent Brightener 378 manufacturer and supplier - Longchang chemical\",\"isPartOf\":{\"@id\":\"https:\/\/longchangchemical.com\/#website\"},\"primaryImageOfPage\":{\"@id\":\"https:\/\/longchangchemical.com\/product\/fluorescent-brightener-378-cas-40470-68-6\/#primaryimage\"},\"image\":{\"@id\":\"https:\/\/longchangchemical.com\/product\/fluorescent-brightener-378-cas-40470-68-6\/#primaryimage\"},\"thumbnailUrl\":\"https:\/\/longchangchemical.com\/wp-content\/uploads\/2020\/09\/fluorescent-Brightener-378-Appearance.jpg\",\"datePublished\":\"2020-09-17T01:37:23+00:00\",\"dateModified\":\"2025-04-01T07:41:55+00:00\",\"description\":\"Longchang chemical is a China fluorescent Brightener 378 CAS 40470-68-6 manufacturer and supplier, we can provide the best fluorescent Brightener 378 price. Other Name: 4,4\u2032-Bis(2-Methoxystyryl)biphenyl \/ Fluorescent Brightener CBS-127\",\"breadcrumb\":{\"@id\":\"https:\/\/longchangchemical.com\/product\/fluorescent-brightener-378-cas-40470-68-6\/#breadcrumb\"},\"inLanguage\":\"de\",\"potentialAction\":[{\"@type\":\"ReadAction\",\"target\":[\"https:\/\/longchangchemical.com\/product\/fluorescent-brightener-378-cas-40470-68-6\/\"]}]},{\"@type\":\"ImageObject\",\"inLanguage\":\"de\",\"@id\":\"https:\/\/longchangchemical.com\/product\/fluorescent-brightener-378-cas-40470-68-6\/#primaryimage\",\"url\":\"https:\/\/longchangchemical.com\/wp-content\/uploads\/2020\/09\/fluorescent-Brightener-378-Appearance.jpg\",\"contentUrl\":\"https:\/\/longchangchemical.com\/wp-content\/uploads\/2020\/09\/fluorescent-Brightener-378-Appearance.jpg\",\"width\":600,\"height\":800,\"caption\":\"fluorescent Brightener 378 Appearance\"},{\"@type\":\"BreadcrumbList\",\"@id\":\"https:\/\/longchangchemical.com\/product\/fluorescent-brightener-378-cas-40470-68-6\/#breadcrumb\",\"itemListElement\":[{\"@type\":\"ListItem\",\"position\":1,\"name\":\"Home\",\"item\":\"https:\/\/longchangchemical.com\/\"},{\"@type\":\"ListItem\",\"position\":2,\"name\":\"Products Longchang\",\"item\":\"https:\/\/longchangchemical.com\/product\/\"},{\"@type\":\"ListItem\",\"position\":3,\"name\":\"CHLUMIPHOR\u00ae FP-127 \/ fluorescent Brightener 378 CAS 40470-68-6\"}]},{\"@type\":\"WebSite\",\"@id\":\"https:\/\/longchangchemical.com\/#website\",\"url\":\"https:\/\/longchangchemical.com\/\",\"name\":\"Longchang Chemical\",\"description\":\"China chemical manufacturer \uff06 supplier\",\"publisher\":{\"@id\":\"https:\/\/longchangchemical.com\/#organization\"},\"potentialAction\":[{\"@type\":\"SearchAction\",\"target\":{\"@type\":\"EntryPoint\",\"urlTemplate\":\"https:\/\/longchangchemical.com\/?s={search_term_string}\"},\"query-input\":{\"@type\":\"PropertyValueSpecification\",\"valueRequired\":true,\"valueName\":\"search_term_string\"}}],\"inLanguage\":\"de\"},{\"@type\":\"Organization\",\"@id\":\"https:\/\/longchangchemical.com\/#organization\",\"name\":\"Longchang Chemical\",\"url\":\"https:\/\/longchangchemical.com\/\",\"logo\":{\"@type\":\"ImageObject\",\"inLanguage\":\"de\",\"@id\":\"https:\/\/longchangchemical.com\/#\/schema\/logo\/image\/\",\"url\":\"https:\/\/longchangchemical.com\/wp-content\/uploads\/2020\/08\/cropped-longchang-logo.png\",\"contentUrl\":\"https:\/\/longchangchemical.com\/wp-content\/uploads\/2020\/08\/cropped-longchang-logo.png\",\"width\":512,\"height\":512,\"caption\":\"Longchang Chemical\"},\"image\":{\"@id\":\"https:\/\/longchangchemical.com\/#\/schema\/logo\/image\/\"}}]}<\/script>\n<!-- \/ Yoast SEO plugin. -->","yoast_head_json":{"title":"China fluoreszierende Aufheller 378 Hersteller und Lieferant - Longchang chemical","description":"Longchang Chemical ist ein China fluoreszierenden Aufheller 378 CAS 40470-68-6 Hersteller und Lieferant, k\u00f6nnen wir die besten fluoreszierenden Aufheller 378 Preis bieten. Anderer Name: 4,4\u2032-Bis(2-Methoxystyryl)biphenyl \/ Fluoreszierender Aufheller CBS-127","robots":{"index":"index","follow":"follow","max-snippet":"max-snippet:-1","max-image-preview":"max-image-preview:large","max-video-preview":"max-video-preview:-1"},"canonical":"https:\/\/longchangchemical.com\/de\/product\/fluorescent-brightener-378-cas-40470-68-6\/","og_locale":"de_DE","og_type":"article","og_title":"China fluorescent Brightener 378 manufacturer and supplier - Longchang chemical","og_description":"Longchang chemical is a China fluorescent Brightener 378 CAS 40470-68-6 manufacturer and supplier, we can provide the best fluorescent Brightener 378 price. Other Name: 4,4\u2032-Bis(2-Methoxystyryl)biphenyl \/ Fluorescent Brightener CBS-127","og_url":"https:\/\/longchangchemical.com\/de\/product\/fluorescent-brightener-378-cas-40470-68-6\/","og_site_name":"Longchang Chemical","article_modified_time":"2025-04-01T07:41:55+00:00","og_image":[{"width":600,"height":800,"url":"https:\/\/longchangchemical.com\/wp-content\/uploads\/2020\/09\/fluorescent-Brightener-378-Appearance.jpg","type":"image\/jpeg"}],"twitter_card":"summary_large_image","schema":{"@context":"https:\/\/schema.org","@graph":[{"@type":"WebPage","@id":"https:\/\/longchangchemical.com\/product\/fluorescent-brightener-378-cas-40470-68-6\/","url":"https:\/\/longchangchemical.com\/product\/fluorescent-brightener-378-cas-40470-68-6\/","name":"China fluoreszierende Aufheller 378 Hersteller und Lieferant - Longchang chemical","isPartOf":{"@id":"https:\/\/longchangchemical.com\/#website"},"primaryImageOfPage":{"@id":"https:\/\/longchangchemical.com\/product\/fluorescent-brightener-378-cas-40470-68-6\/#primaryimage"},"image":{"@id":"https:\/\/longchangchemical.com\/product\/fluorescent-brightener-378-cas-40470-68-6\/#primaryimage"},"thumbnailUrl":"https:\/\/longchangchemical.com\/wp-content\/uploads\/2020\/09\/fluorescent-Brightener-378-Appearance.jpg","datePublished":"2020-09-17T01:37:23+00:00","dateModified":"2025-04-01T07:41:55+00:00","description":"Longchang Chemical ist ein China fluoreszierenden Aufheller 378 CAS 40470-68-6 Hersteller und Lieferant, k\u00f6nnen wir die besten fluoreszierenden Aufheller 378 Preis bieten. Anderer Name: 4,4\u2032-Bis(2-Methoxystyryl)biphenyl \/ Fluoreszierender Aufheller CBS-127","breadcrumb":{"@id":"https:\/\/longchangchemical.com\/product\/fluorescent-brightener-378-cas-40470-68-6\/#breadcrumb"},"inLanguage":"de","potentialAction":[{"@type":"ReadAction","target":["https:\/\/longchangchemical.com\/product\/fluorescent-brightener-378-cas-40470-68-6\/"]}]},{"@type":"ImageObject","inLanguage":"de","@id":"https:\/\/longchangchemical.com\/product\/fluorescent-brightener-378-cas-40470-68-6\/#primaryimage","url":"https:\/\/longchangchemical.com\/wp-content\/uploads\/2020\/09\/fluorescent-Brightener-378-Appearance.jpg","contentUrl":"https:\/\/longchangchemical.com\/wp-content\/uploads\/2020\/09\/fluorescent-Brightener-378-Appearance.jpg","width":600,"height":800,"caption":"fluorescent Brightener 378 Appearance"},{"@type":"BreadcrumbList","@id":"https:\/\/longchangchemical.com\/product\/fluorescent-brightener-378-cas-40470-68-6\/#breadcrumb","itemListElement":[{"@type":"ListItem","position":1,"name":"Home","item":"https:\/\/longchangchemical.com\/"},{"@type":"ListItem","position":2,"name":"Products Longchang","item":"https:\/\/longchangchemical.com\/product\/"},{"@type":"ListItem","position":3,"name":"CHLUMIPHOR\u00ae FP-127 \/ fluorescent Brightener 378 CAS 40470-68-6"}]},{"@type":"WebSite","@id":"https:\/\/longchangchemical.com\/#website","url":"https:\/\/longchangchemical.com\/","name":"Longchang Chemical","description":"China Hersteller von Chemikalien \uff06 Lieferant","publisher":{"@id":"https:\/\/longchangchemical.com\/#organization"},"potentialAction":[{"@type":"SearchAction","target":{"@type":"EntryPoint","urlTemplate":"https:\/\/longchangchemical.com\/?s={search_term_string}"},"query-input":{"@type":"PropertyValueSpecification","valueRequired":true,"valueName":"search_term_string"}}],"inLanguage":"de"},{"@type":"Organization","@id":"https:\/\/longchangchemical.com\/#organization","name":"Longchang Chemical","url":"https:\/\/longchangchemical.com\/","logo":{"@type":"ImageObject","inLanguage":"de","@id":"https:\/\/longchangchemical.com\/#\/schema\/logo\/image\/","url":"https:\/\/longchangchemical.com\/wp-content\/uploads\/2020\/08\/cropped-longchang-logo.png","contentUrl":"https:\/\/longchangchemical.com\/wp-content\/uploads\/2020\/08\/cropped-longchang-logo.png","width":512,"height":512,"caption":"Longchang Chemical"},"image":{"@id":"https:\/\/longchangchemical.com\/#\/schema\/logo\/image\/"}}]}},"_links":{"self":[{"href":"https:\/\/longchangchemical.com\/de\/wp-json\/wp\/v2\/product\/3245","targetHints":{"allow":["GET"]}}],"collection":[{"href":"https:\/\/longchangchemical.com\/de\/wp-json\/wp\/v2\/product"}],"about":[{"href":"https:\/\/longchangchemical.com\/de\/wp-json\/wp\/v2\/types\/product"}],"replies":[{"embeddable":true,"href":"https:\/\/longchangchemical.com\/de\/wp-json\/wp\/v2\/comments?post=3245"}],"wp:featuredmedia":[{"embeddable":true,"href":"https:\/\/longchangchemical.com\/de\/wp-json\/wp\/v2\/media\/3247"}],"wp:attachment":[{"href":"https:\/\/longchangchemical.com\/de\/wp-json\/wp\/v2\/media?parent=3245"}],"wp:term":[{"taxonomy":"product_brand","embeddable":true,"href":"https:\/\/longchangchemical.com\/de\/wp-json\/wp\/v2\/product_brand?post=3245"},{"taxonomy":"product_cat","embeddable":true,"href":"https:\/\/longchangchemical.com\/de\/wp-json\/wp\/v2\/product_cat?post=3245"},{"taxonomy":"product_tag","embeddable":true,"href":"https:\/\/longchangchemical.com\/de\/wp-json\/wp\/v2\/product_tag?post=3245"}],"curies":[{"name":"wp","href":"https:\/\/api.w.org\/{rel}","templated":true}]}}