{"id":3115,"date":"2020-09-09T03:23:30","date_gmt":"2020-09-09T03:23:30","guid":{"rendered":"https:\/\/longchangchemical.com\/?post_type=product&#038;p=3115"},"modified":"2025-04-01T07:42:00","modified_gmt":"2025-04-01T07:42:00","slug":"optical-brightener-er-%e2%85%b1-cas-13001-38-2","status":"publish","type":"product","link":"https:\/\/longchangchemical.com\/de\/product\/optical-brightener-er-%e2%85%b1-cas-13001-38-2\/","title":{"rendered":"CHLUMIPHOR\u00ae ER-\u2161 \/ Optischer Aufheller ER-\u2161 CAS 13001-38-2"},"content":{"rendered":"<p>&nbsp;<\/p>\n<h2><strong><b>Eigenschaften des optischen Aufhellers ER-\u2161<\/b><\/strong><\/h2>\n<p>Der optische Aufheller ER-\u2161 hat eine starke Fluoreszenz, einen hohen Wei\u00dfgrad und eine gute thermische Stabilit\u00e4t. Es zersetzt sich nicht bei einer hohen Temperatur. Aufheller ER-\u2161 ist auch andere Eigenschaften, wie schnelle Adsorptionsgeschwindigkeit, niedrige Farbtemperatur. gute Ebenheit, gute Tieftemperatur Farbe F\u00e4higkeit, etc. Optische Aufheller ER-\u2161 k\u00f6nnen unterschiedliche Anforderungen an Farbe und Licht erf\u00fcllen und sind relativ stabil f\u00fcr Reduktionsmittel, Oxidationsmittel, Hypochloritverbindungen.<\/p>\n<h2>Im Vergleich zu Brightener ER-\u2160 hat es die folgenden St\u00e4rken:<\/h2>\n<ul>\n<li>Schnellere Adsorptionsrate<\/li>\n<li>Niedrigere Lumineszenztemperatur<\/li>\n<li>Besseres Wei\u00dfheitsverm\u00f6gen<\/li>\n<\/ul>\n<h2><strong><b>Anwendungen des optischen Aufhellers ER-\u2161<\/b><\/strong><\/h2>\n<p>Optischer Aufheller ER-\u2161 eignet sich zur Aufhellung von Polyester und dessen Mischgeweben sowie Acetatfasern. Er ist nicht nur f\u00fcr das Ausziehf\u00e4rben, sondern auch f\u00fcr das Pad-Dyeing-Verfahren geeignet. Aufheller ER-\u2161 eignet sich auch f\u00fcr die Aufhellung von Chemiefaserkunststoffen.<\/p>\n<h2><strong><b>Verpackung und Lagerung<\/b><\/strong><\/h2>\n<p>Optischer Aufheller ER-\u2161 wird zu 25 kg pro Fasertrommel verpackt, die mit einer Plastikt\u00fcte ausgekleidet ist, und an einem k\u00fchlen und trockenen Ort ohne direkte Sonneneinstrahlung gelagert. Die Lagerf\u00e4higkeit betr\u00e4gt 2 Jahre.<\/p>\n<p>&nbsp;<\/p>\n<h2><strong><b>Kontaktieren Sie uns jetzt!<\/b><\/strong><\/h2>\n<h4><strong><b>Wenn Sie COA, MSDS oder TDS ben\u00f6tigen, geben Sie bitte Ihre Kontaktinformationen in das untenstehende Formular ein. Wir werden uns in der Regel innerhalb von 24 Stunden mit Ihnen in Verbindung setzen. Sie k\u00f6nnen mir auch eine E-Mail schicken <span style=\"color: #0000ff;\"><a style=\"color: #0000ff;\" href=\"mailto:info@longchangchemical.com\">info@longchangchemical.com<\/a><\/span> w\u00e4hrend der Gesch\u00e4ftszeiten ( 8:30 bis 18:00 Uhr UTC+8 Mo.~Sa. ) oder nutzen Sie den Live-Chat auf der Website, um eine schnelle Antwort zu erhalten.<\/b><\/strong><\/h4>","protected":false},"excerpt":{"rendered":"<h2><strong><b>Technische Daten des optischen Aufhellers ER-\u2161<\/b><\/strong><\/h2>\n<p>\u00c4u\u00dferes Erscheinungsbild: Gelbliches Pulver<\/p>\n<p>Farbton: Fluoreszierend wei\u00df bis blau<\/p>\n<p>Reinheit: \u226599%<\/p>\n<p>Feuchte: \u22640,5 %<\/p>\n<p>Schmelzpunkt: 184-186\u2103<\/p>\n<p>Ionenart: nicht-ionisch<\/p>\n<p>Optischer Aufheller ER-\u2161 Struktur:<img decoding=\"async\" class=\"alignnone size-medium wp-image-3116\" src=\"https:\/\/longchangchemical.com\/wp-content\/uploads\/2020\/09\/Optical-Brightener-ER-\u2161-Structure-300x124.gif\" alt=\"\" width=\"300\" height=\"124\" \/><\/p>","protected":false},"featured_media":3117,"comment_status":"open","ping_status":"closed","template":"","meta":[],"product_brand":[],"product_cat":[140],"product_tag":[],"class_list":{"0":"post-3115","1":"product","2":"type-product","3":"status-publish","4":"has-post-thumbnail","6":"product_cat-chlumiphor-fluorescent-brightener","8":"first","9":"instock","10":"shipping-taxable","11":"product-type-simple"},"yoast_head":"<!-- This site is optimized with the Yoast SEO plugin v25.3.1 - https:\/\/yoast.com\/wordpress\/plugins\/seo\/ -->\n<title>China Optical Brightener ER-\u2161 manufacturer and supplier - Longchang chemical<\/title>\n<meta name=\"description\" content=\"Longchang chemical produce and supply Brightener ER-\u2161 cas 13001-38-2, with the best Brightener ER-\u2161 price,\" \/>\n<meta name=\"robots\" content=\"index, follow, max-snippet:-1, max-image-preview:large, max-video-preview:-1\" \/>\n<link rel=\"canonical\" href=\"https:\/\/longchangchemical.com\/de\/product\/optical-brightener-er-\u2171-cas-13001-38-2\/\" \/>\n<meta property=\"og:locale\" content=\"de_DE\" \/>\n<meta property=\"og:type\" content=\"article\" \/>\n<meta property=\"og:title\" content=\"China Optical Brightener ER-\u2161 manufacturer and supplier - Longchang chemical\" \/>\n<meta property=\"og:description\" content=\"Longchang chemical produce and supply Brightener ER-\u2161 cas 13001-38-2, with the best Brightener ER-\u2161 price,\" \/>\n<meta property=\"og:url\" content=\"https:\/\/longchangchemical.com\/de\/product\/optical-brightener-er-\u2171-cas-13001-38-2\/\" \/>\n<meta property=\"og:site_name\" content=\"Longchang Chemical\" \/>\n<meta property=\"article:modified_time\" content=\"2025-04-01T07:42:00+00:00\" \/>\n<meta property=\"og:image\" content=\"https:\/\/longchangchemical.com\/wp-content\/uploads\/2020\/09\/Optical-Brightener-ER-\u2161-appearance.jpg\" \/>\n\t<meta property=\"og:image:width\" content=\"900\" \/>\n\t<meta property=\"og:image:height\" content=\"1200\" \/>\n\t<meta property=\"og:image:type\" content=\"image\/jpeg\" \/>\n<meta name=\"twitter:card\" content=\"summary_large_image\" \/>\n<script type=\"application\/ld+json\" class=\"yoast-schema-graph\">{\"@context\":\"https:\/\/schema.org\",\"@graph\":[{\"@type\":\"WebPage\",\"@id\":\"https:\/\/longchangchemical.com\/product\/optical-brightener-er-%e2%85%b1-cas-13001-38-2\/\",\"url\":\"https:\/\/longchangchemical.com\/product\/optical-brightener-er-%e2%85%b1-cas-13001-38-2\/\",\"name\":\"China Optical Brightener ER-\u2161 manufacturer and supplier - Longchang chemical\",\"isPartOf\":{\"@id\":\"https:\/\/longchangchemical.com\/#website\"},\"primaryImageOfPage\":{\"@id\":\"https:\/\/longchangchemical.com\/product\/optical-brightener-er-%e2%85%b1-cas-13001-38-2\/#primaryimage\"},\"image\":{\"@id\":\"https:\/\/longchangchemical.com\/product\/optical-brightener-er-%e2%85%b1-cas-13001-38-2\/#primaryimage\"},\"thumbnailUrl\":\"https:\/\/longchangchemical.com\/wp-content\/uploads\/2020\/09\/Optical-Brightener-ER-\u2161-appearance.jpg\",\"datePublished\":\"2020-09-09T03:23:30+00:00\",\"dateModified\":\"2025-04-01T07:42:00+00:00\",\"description\":\"Longchang chemical produce and supply Brightener ER-\u2161 cas 13001-38-2, with the best Brightener ER-\u2161 price,\",\"breadcrumb\":{\"@id\":\"https:\/\/longchangchemical.com\/product\/optical-brightener-er-%e2%85%b1-cas-13001-38-2\/#breadcrumb\"},\"inLanguage\":\"de\",\"potentialAction\":[{\"@type\":\"ReadAction\",\"target\":[\"https:\/\/longchangchemical.com\/product\/optical-brightener-er-%e2%85%b1-cas-13001-38-2\/\"]}]},{\"@type\":\"ImageObject\",\"inLanguage\":\"de\",\"@id\":\"https:\/\/longchangchemical.com\/product\/optical-brightener-er-%e2%85%b1-cas-13001-38-2\/#primaryimage\",\"url\":\"https:\/\/longchangchemical.com\/wp-content\/uploads\/2020\/09\/Optical-Brightener-ER-\u2161-appearance.jpg\",\"contentUrl\":\"https:\/\/longchangchemical.com\/wp-content\/uploads\/2020\/09\/Optical-Brightener-ER-\u2161-appearance.jpg\",\"width\":900,\"height\":1200,\"caption\":\"Optical Brightener ER-\u2161 appearance\"},{\"@type\":\"BreadcrumbList\",\"@id\":\"https:\/\/longchangchemical.com\/product\/optical-brightener-er-%e2%85%b1-cas-13001-38-2\/#breadcrumb\",\"itemListElement\":[{\"@type\":\"ListItem\",\"position\":1,\"name\":\"Home\",\"item\":\"https:\/\/longchangchemical.com\/\"},{\"@type\":\"ListItem\",\"position\":2,\"name\":\"Products Longchang\",\"item\":\"https:\/\/longchangchemical.com\/product\/\"},{\"@type\":\"ListItem\",\"position\":3,\"name\":\"CHLUMIPHOR\u00ae ER-\u2161 \/ Optical Brightener ER-\u2161 CAS 13001-38-2\"}]},{\"@type\":\"WebSite\",\"@id\":\"https:\/\/longchangchemical.com\/#website\",\"url\":\"https:\/\/longchangchemical.com\/\",\"name\":\"Longchang Chemical\",\"description\":\"China chemical manufacturer \uff06 supplier\",\"publisher\":{\"@id\":\"https:\/\/longchangchemical.com\/#organization\"},\"potentialAction\":[{\"@type\":\"SearchAction\",\"target\":{\"@type\":\"EntryPoint\",\"urlTemplate\":\"https:\/\/longchangchemical.com\/?s={search_term_string}\"},\"query-input\":{\"@type\":\"PropertyValueSpecification\",\"valueRequired\":true,\"valueName\":\"search_term_string\"}}],\"inLanguage\":\"de\"},{\"@type\":\"Organization\",\"@id\":\"https:\/\/longchangchemical.com\/#organization\",\"name\":\"Longchang Chemical\",\"url\":\"https:\/\/longchangchemical.com\/\",\"logo\":{\"@type\":\"ImageObject\",\"inLanguage\":\"de\",\"@id\":\"https:\/\/longchangchemical.com\/#\/schema\/logo\/image\/\",\"url\":\"https:\/\/longchangchemical.com\/wp-content\/uploads\/2020\/08\/cropped-longchang-logo.png\",\"contentUrl\":\"https:\/\/longchangchemical.com\/wp-content\/uploads\/2020\/08\/cropped-longchang-logo.png\",\"width\":512,\"height\":512,\"caption\":\"Longchang Chemical\"},\"image\":{\"@id\":\"https:\/\/longchangchemical.com\/#\/schema\/logo\/image\/\"}}]}<\/script>\n<!-- \/ Yoast SEO plugin. -->","yoast_head_json":{"title":"China Optischer Aufheller ER-\u2161 Hersteller und Lieferant - Longchang chemical","description":"Longchang chemische produzieren und liefern Aufheller ER-\u2161 cas 13001-38-2, mit den besten Aufheller ER-\u2161 Preis,","robots":{"index":"index","follow":"follow","max-snippet":"max-snippet:-1","max-image-preview":"max-image-preview:large","max-video-preview":"max-video-preview:-1"},"canonical":"https:\/\/longchangchemical.com\/de\/product\/optical-brightener-er-\u2171-cas-13001-38-2\/","og_locale":"de_DE","og_type":"article","og_title":"China Optical Brightener ER-\u2161 manufacturer and supplier - Longchang chemical","og_description":"Longchang chemical produce and supply Brightener ER-\u2161 cas 13001-38-2, with the best Brightener ER-\u2161 price,","og_url":"https:\/\/longchangchemical.com\/de\/product\/optical-brightener-er-\u2171-cas-13001-38-2\/","og_site_name":"Longchang Chemical","article_modified_time":"2025-04-01T07:42:00+00:00","og_image":[{"width":900,"height":1200,"url":"https:\/\/longchangchemical.com\/wp-content\/uploads\/2020\/09\/Optical-Brightener-ER-\u2161-appearance.jpg","type":"image\/jpeg"}],"twitter_card":"summary_large_image","schema":{"@context":"https:\/\/schema.org","@graph":[{"@type":"WebPage","@id":"https:\/\/longchangchemical.com\/product\/optical-brightener-er-%e2%85%b1-cas-13001-38-2\/","url":"https:\/\/longchangchemical.com\/product\/optical-brightener-er-%e2%85%b1-cas-13001-38-2\/","name":"China Optischer Aufheller ER-\u2161 Hersteller und Lieferant - Longchang chemical","isPartOf":{"@id":"https:\/\/longchangchemical.com\/#website"},"primaryImageOfPage":{"@id":"https:\/\/longchangchemical.com\/product\/optical-brightener-er-%e2%85%b1-cas-13001-38-2\/#primaryimage"},"image":{"@id":"https:\/\/longchangchemical.com\/product\/optical-brightener-er-%e2%85%b1-cas-13001-38-2\/#primaryimage"},"thumbnailUrl":"https:\/\/longchangchemical.com\/wp-content\/uploads\/2020\/09\/Optical-Brightener-ER-\u2161-appearance.jpg","datePublished":"2020-09-09T03:23:30+00:00","dateModified":"2025-04-01T07:42:00+00:00","description":"Longchang chemische produzieren und liefern Aufheller ER-\u2161 cas 13001-38-2, mit den besten Aufheller ER-\u2161 Preis,","breadcrumb":{"@id":"https:\/\/longchangchemical.com\/product\/optical-brightener-er-%e2%85%b1-cas-13001-38-2\/#breadcrumb"},"inLanguage":"de","potentialAction":[{"@type":"ReadAction","target":["https:\/\/longchangchemical.com\/product\/optical-brightener-er-%e2%85%b1-cas-13001-38-2\/"]}]},{"@type":"ImageObject","inLanguage":"de","@id":"https:\/\/longchangchemical.com\/product\/optical-brightener-er-%e2%85%b1-cas-13001-38-2\/#primaryimage","url":"https:\/\/longchangchemical.com\/wp-content\/uploads\/2020\/09\/Optical-Brightener-ER-\u2161-appearance.jpg","contentUrl":"https:\/\/longchangchemical.com\/wp-content\/uploads\/2020\/09\/Optical-Brightener-ER-\u2161-appearance.jpg","width":900,"height":1200,"caption":"Optical Brightener ER-\u2161 appearance"},{"@type":"BreadcrumbList","@id":"https:\/\/longchangchemical.com\/product\/optical-brightener-er-%e2%85%b1-cas-13001-38-2\/#breadcrumb","itemListElement":[{"@type":"ListItem","position":1,"name":"Home","item":"https:\/\/longchangchemical.com\/"},{"@type":"ListItem","position":2,"name":"Products Longchang","item":"https:\/\/longchangchemical.com\/product\/"},{"@type":"ListItem","position":3,"name":"CHLUMIPHOR\u00ae ER-\u2161 \/ Optical Brightener ER-\u2161 CAS 13001-38-2"}]},{"@type":"WebSite","@id":"https:\/\/longchangchemical.com\/#website","url":"https:\/\/longchangchemical.com\/","name":"Longchang Chemical","description":"China Hersteller von Chemikalien \uff06 Lieferant","publisher":{"@id":"https:\/\/longchangchemical.com\/#organization"},"potentialAction":[{"@type":"SearchAction","target":{"@type":"EntryPoint","urlTemplate":"https:\/\/longchangchemical.com\/?s={search_term_string}"},"query-input":{"@type":"PropertyValueSpecification","valueRequired":true,"valueName":"search_term_string"}}],"inLanguage":"de"},{"@type":"Organization","@id":"https:\/\/longchangchemical.com\/#organization","name":"Longchang Chemical","url":"https:\/\/longchangchemical.com\/","logo":{"@type":"ImageObject","inLanguage":"de","@id":"https:\/\/longchangchemical.com\/#\/schema\/logo\/image\/","url":"https:\/\/longchangchemical.com\/wp-content\/uploads\/2020\/08\/cropped-longchang-logo.png","contentUrl":"https:\/\/longchangchemical.com\/wp-content\/uploads\/2020\/08\/cropped-longchang-logo.png","width":512,"height":512,"caption":"Longchang Chemical"},"image":{"@id":"https:\/\/longchangchemical.com\/#\/schema\/logo\/image\/"}}]}},"_links":{"self":[{"href":"https:\/\/longchangchemical.com\/de\/wp-json\/wp\/v2\/product\/3115","targetHints":{"allow":["GET"]}}],"collection":[{"href":"https:\/\/longchangchemical.com\/de\/wp-json\/wp\/v2\/product"}],"about":[{"href":"https:\/\/longchangchemical.com\/de\/wp-json\/wp\/v2\/types\/product"}],"replies":[{"embeddable":true,"href":"https:\/\/longchangchemical.com\/de\/wp-json\/wp\/v2\/comments?post=3115"}],"wp:featuredmedia":[{"embeddable":true,"href":"https:\/\/longchangchemical.com\/de\/wp-json\/wp\/v2\/media\/3117"}],"wp:attachment":[{"href":"https:\/\/longchangchemical.com\/de\/wp-json\/wp\/v2\/media?parent=3115"}],"wp:term":[{"taxonomy":"product_brand","embeddable":true,"href":"https:\/\/longchangchemical.com\/de\/wp-json\/wp\/v2\/product_brand?post=3115"},{"taxonomy":"product_cat","embeddable":true,"href":"https:\/\/longchangchemical.com\/de\/wp-json\/wp\/v2\/product_cat?post=3115"},{"taxonomy":"product_tag","embeddable":true,"href":"https:\/\/longchangchemical.com\/de\/wp-json\/wp\/v2\/product_tag?post=3115"}],"curies":[{"name":"wp","href":"https:\/\/api.w.org\/{rel}","templated":true}]}}